{"id":1431,"date":"2024-10-14T12:26:03","date_gmt":"2024-10-14T15:26:03","guid":{"rendered":"https:\/\/www.ufpb.br\/efopli2\/?page_id=1431"},"modified":"2024-11-21T12:05:58","modified_gmt":"2024-11-21T15:05:58","slug":"english-immersion-experience-braz-tesol-paraiba-chapter-2016","status":"publish","type":"page","link":"https:\/\/www.ufpb.br\/efopli\/english-immersion-experience-braz-tesol-paraiba-chapter-2016\/","title":{"rendered":"English Immersion Experience: BRAZ-TESOL Para\u00edba Chapter (2016)"},"content":{"rendered":"<p style=\"text-align: center\"><img loading=\"lazy\" decoding=\"async\" class=\"alignnone size-full wp-image-1429\" src=\"http:\/\/www.ufpb.br\/efopli2\/wp-content\/uploads\/sites\/122\/sites\/206\/2024\/10\/2016-BRAZ-TESOL.jpg\" alt=\"\" width=\"1982\" height=\"551\" srcset=\"https:\/\/www.ufpb.br\/efopli\/wp-content\/uploads\/sites\/122\/sites\/206\/2024\/10\/2016-BRAZ-TESOL.jpg 1982w, https:\/\/www.ufpb.br\/efopli\/wp-content\/uploads\/sites\/122\/sites\/206\/2024\/10\/2016-BRAZ-TESOL-300x83.jpg 300w, https:\/\/www.ufpb.br\/efopli\/wp-content\/uploads\/sites\/122\/sites\/206\/2024\/10\/2016-BRAZ-TESOL-1024x285.jpg 1024w, https:\/\/www.ufpb.br\/efopli\/wp-content\/uploads\/sites\/122\/sites\/206\/2024\/10\/2016-BRAZ-TESOL-768x214.jpg 768w, https:\/\/www.ufpb.br\/efopli\/wp-content\/uploads\/sites\/122\/sites\/206\/2024\/10\/2016-BRAZ-TESOL-1536x427.jpg 1536w\" sizes=\"auto, (max-width: 1982px) 100vw, 1982px\" \/><\/p>\n<p>O <em>English Immersion Experience<\/em> foi realizado no dia 2 de julho de 2016 na UFPB, reunindo, aproximadamente, 140 professores de ingl\u00eas de todo o Estado da Para\u00edba no CCHLA para uma programa\u00e7\u00e3o com palestra e oficinas de desenvolvimento profissional.<\/p>\n<p>O evento contou com a participa\u00e7\u00e3o de professores de escolas regulares p\u00fablicas e privadas e de escolas de idiomas, al\u00e9m de parceria com institui\u00e7\u00f5es de ensino superior como a UFCG e IFPB. O evento teve o objetivo de inaugurar a Associa\u00e7\u00e3o de Professores de Ingl\u00eas da Para\u00edba, BRAZ-TESOL Para\u00edba Chapter.<\/p>\n<p>A inaugura\u00e7\u00e3o da associa\u00e7\u00e3o se configura como mais uma a\u00e7\u00e3o para o fortalecimento do di\u00e1logo entre profissionais da \u00e1rea de l\u00edngua inglesa de v\u00e1rios contextos de ensino que atuam na Para\u00edba.<\/p>\n<p>Para mais informa\u00e7\u00f5es, acesse a\u00a0<a class=\"external-link\" title=\"\" href=\"https:\/\/www.facebook.com\/braztesol\/\" target=\"_blank\" rel=\"noopener\">P\u00e1gina do Facebook do BRAZ-TESOL<\/a><\/p>\n<p>Acesse nosso <a href=\"https:\/\/flickr.com\/photos\/efopli\/albums\/72157690834233895\" target=\"_blank\" rel=\"noopener\">Flickr<\/a> para conferir o \u00e1lbum de fotos do evento<\/p>\n","protected":false},"excerpt":{"rendered":"<p>O English Immersion Experience foi realizado no dia 2 de julho de 2016 na UFPB, reunindo, aproximadamente, 140 professores de ingl\u00eas de todo o Estado da Para\u00edba no CCHLA para uma programa\u00e7\u00e3o com palestra e oficinas de desenvolvimento profissional. O evento contou com a participa\u00e7\u00e3o de professores de escolas regulares p\u00fablicas e privadas e de [&hellip;]<\/p>\n","protected":false},"author":146,"featured_media":0,"parent":0,"menu_order":0,"comment_status":"closed","ping_status":"closed","template":"","meta":{"footnotes":""},"class_list":["post-1431","page","type-page","status-publish","hentry"],"_links":{"self":[{"href":"https:\/\/www.ufpb.br\/efopli\/wp-json\/wp\/v2\/pages\/1431","targetHints":{"allow":["GET"]}}],"collection":[{"href":"https:\/\/www.ufpb.br\/efopli\/wp-json\/wp\/v2\/pages"}],"about":[{"href":"https:\/\/www.ufpb.br\/efopli\/wp-json\/wp\/v2\/types\/page"}],"author":[{"embeddable":true,"href":"https:\/\/www.ufpb.br\/efopli\/wp-json\/wp\/v2\/users\/146"}],"replies":[{"embeddable":true,"href":"https:\/\/www.ufpb.br\/efopli\/wp-json\/wp\/v2\/comments?post=1431"}],"version-history":[{"count":1,"href":"https:\/\/www.ufpb.br\/efopli\/wp-json\/wp\/v2\/pages\/1431\/revisions"}],"predecessor-version":[{"id":1432,"href":"https:\/\/www.ufpb.br\/efopli\/wp-json\/wp\/v2\/pages\/1431\/revisions\/1432"}],"wp:attachment":[{"href":"https:\/\/www.ufpb.br\/efopli\/wp-json\/wp\/v2\/media?parent=1431"}],"curies":[{"name":"wp","href":"https:\/\/api.w.org\/{rel}","templated":true}]}}