{"id":1513,"date":"2024-10-21T16:46:49","date_gmt":"2024-10-21T19:46:49","guid":{"rendered":"https:\/\/www.ufpb.br\/efopli2\/?page_id=1513"},"modified":"2024-10-29T16:32:19","modified_gmt":"2024-10-29T19:32:19","slug":"poster-session-3","status":"publish","type":"page","link":"https:\/\/www.ufpb.br\/efopli\/poster-session-3\/","title":{"rendered":"Poster Session IV EPPI"},"content":{"rendered":"<p><img loading=\"lazy\" decoding=\"async\" class=\"size-full wp-image-1470 aligncenter\" src=\"http:\/\/www.ufpb.br\/efopli2\/wp-content\/uploads\/sites\/122\/sites\/206\/2024\/10\/poster-session.png\" alt=\"\" width=\"282\" height=\"138\" \/><\/p>\n<p>&nbsp;<\/p>\n\n\n<div class=\"wp-block-media-text is-stacked-on-mobile\"><figure class=\"wp-block-media-text__media\"><img loading=\"lazy\" decoding=\"async\" width=\"303\" height=\"215\" src=\"https:\/\/www.ufpb.br\/efopli2\/wp-content\/uploads\/sites\/122\/sites\/206\/2024\/10\/c93e04_e86a383acf4c4fa3abcc50fdb55c32c1mv2-1.jpg\" alt=\"\" class=\"wp-image-1516 size-full\" srcset=\"https:\/\/www.ufpb.br\/efopli\/wp-content\/uploads\/sites\/122\/sites\/206\/2024\/10\/c93e04_e86a383acf4c4fa3abcc50fdb55c32c1mv2-1.jpg 303w, https:\/\/www.ufpb.br\/efopli\/wp-content\/uploads\/sites\/122\/sites\/206\/2024\/10\/c93e04_e86a383acf4c4fa3abcc50fdb55c32c1mv2-1-300x213.jpg 300w\" sizes=\"auto, (max-width: 303px) 100vw, 303px\" \/><\/figure><div class=\"wp-block-media-text__content\">\n<p>Aos apresentadores de p\u00f4steres:<\/p>\n\n\n\n<p>&#8211;&nbsp;Hor\u00e1rio de afixa\u00e7\u00e3o: 8:00 \u00e0s 8:20;<\/p>\n\n\n\n<p>&#8211; Hor\u00e1rio de apresenta\u00e7\u00e3o: 10:00 &#8211; 11:00;<\/p>\n\n\n\n<p>&#8211;&nbsp;Dimens\u00e3o sugerida para o p\u00f4ster120cm x 80cm (modelo abaixo);<\/p>\n\n\n\n<p>&#8211; Confira mais detalhes no email enviado com sua carta de aceite.<\/p>\n<\/div><\/div>\n\n\n\n<p class=\"has-text-align-center has-medium-font-size\"><strong><a href=\"https:\/\/drive.google.com\/file\/d\/1UulovueYbOJtSMxkMvjUdcyuC-tB5kmK\/view\">Lista de P\u00f4steres e Apresentadores<\/a><\/strong><\/p>\n\n\n\n<p><\/p>\n","protected":false},"excerpt":{"rendered":"<p>&nbsp; Aos apresentadores de p\u00f4steres: &#8211;&nbsp;Hor\u00e1rio de afixa\u00e7\u00e3o: 8:00 \u00e0s 8:20; &#8211; Hor\u00e1rio de apresenta\u00e7\u00e3o: 10:00 &#8211; 11:00; &#8211;&nbsp;Dimens\u00e3o sugerida para o p\u00f4ster120cm x 80cm (modelo abaixo); &#8211; Confira mais detalhes no email enviado com sua carta de aceite. Lista de P\u00f4steres e Apresentadores<\/p>\n","protected":false},"author":147,"featured_media":0,"parent":0,"menu_order":0,"comment_status":"closed","ping_status":"closed","template":"","meta":{"footnotes":""},"class_list":["post-1513","page","type-page","status-publish","hentry"],"_links":{"self":[{"href":"https:\/\/www.ufpb.br\/efopli\/wp-json\/wp\/v2\/pages\/1513","targetHints":{"allow":["GET"]}}],"collection":[{"href":"https:\/\/www.ufpb.br\/efopli\/wp-json\/wp\/v2\/pages"}],"about":[{"href":"https:\/\/www.ufpb.br\/efopli\/wp-json\/wp\/v2\/types\/page"}],"author":[{"embeddable":true,"href":"https:\/\/www.ufpb.br\/efopli\/wp-json\/wp\/v2\/users\/147"}],"replies":[{"embeddable":true,"href":"https:\/\/www.ufpb.br\/efopli\/wp-json\/wp\/v2\/comments?post=1513"}],"version-history":[{"count":4,"href":"https:\/\/www.ufpb.br\/efopli\/wp-json\/wp\/v2\/pages\/1513\/revisions"}],"predecessor-version":[{"id":1735,"href":"https:\/\/www.ufpb.br\/efopli\/wp-json\/wp\/v2\/pages\/1513\/revisions\/1735"}],"wp:attachment":[{"href":"https:\/\/www.ufpb.br\/efopli\/wp-json\/wp\/v2\/media?parent=1513"}],"curies":[{"name":"wp","href":"https:\/\/api.w.org\/{rel}","templated":true}]}}