{"id":1527,"date":"2024-10-22T13:16:00","date_gmt":"2024-10-22T16:16:00","guid":{"rendered":"https:\/\/www.ufpb.br\/efopli2\/?page_id=1527"},"modified":"2024-10-25T12:36:07","modified_gmt":"2024-10-25T15:36:07","slug":"equipe-2","status":"publish","type":"page","link":"https:\/\/www.ufpb.br\/efopli\/equipe-2\/","title":{"rendered":"Equipe EPPI IV"},"content":{"rendered":"<div id=\"comp-j8afbr9qinlineContent\" class=\"style-j8aa6lwsinlineContent\">\n<div id=\"comp-j8afb4vr\" class=\"txtNew\">\n<h1 class=\"font_0\" style=\"text-align: center\">Organizing Committee<\/h1>\n<\/div>\n<\/div>\n<div id=\"comp-j8afcv7o\" class=\"txtNew\">\n<p class=\"font_8\">Mariana P\u00e9rez (UFPB: DLEM\/EFOPLI)<\/p>\n<p class=\"font_8\">Ana Carolina Bastos (UFPB: DMI\/EFOPLI)<\/p>\n<p class=\"font_8\">Rafaela Carla Sousa (UFPB: DLEM\/EFOPLI)<\/p>\n<p class=\"font_8\">Thiago Magno de Carvalho Costa (Dire\u00e7\u00e3o CCHLA)<\/p>\n<p class=\"font_8\">Tyna Jacob Leite (Marista Pio X)<\/p>\n<p class=\"font_8\">Lorena Priscila Dantas de Luna\u00a0(EFOPLI\/UFPB)<\/p>\n<p class=\"font_8\">Bianca L\u00facia Ros\u00e1rio de Oliveira (EFOPLI\/UFPB)<\/p>\n<p class=\"font_8\">Gustavo Ferreira Dias (EFOPLI\/UFPB)<\/p>\n<p class=\"font_8\">Marina Costa Negreiros (EFOPLI\/UFPB)<\/p>\n<p class=\"font_8\">Pedro Ivo Barbosa de Caldas Barros (Tradu\u00e7\u00e3o\/UFPB)<\/p>\n<p class=\"font_8\">Priscilla Thuany Cruz Fernandes\u00a0da Costa (EFOPLI\/UFPB)<\/p>\n<p class=\"font_8\">Ingrid de Figueiredo Hil\u00e1rio (Letras\/UFPB)<\/p>\n<p class=\"font_8\">Ana Flora Ferreira Rocha (Letras\/UFPB)<\/p>\n<h2 class=\"font_8\" style=\"text-align: center\">\u00a0Poster Session Committee<\/h2>\n<\/div>\n<div id=\"comp-j9t56gfl\" class=\"txtNew\">\n<p class=\"font_8\">Ana Ang\u00e9lica de Lucena Taveira Rocha (IFPB)<\/p>\n<p class=\"font_8\">Anderson Alves de Souza (UFPB)<\/p>\n<p class=\"font_8\">Andrea Burity Dialectaquiz (UFPB)<\/p>\n<p class=\"font_8\">Carla Alecsandra de Melo Bonif\u00e1cio (UFPB)<\/p>\n<p class=\"font_8\">Celso Jos\u00e9 de Lima J\u00fanior (UEPB)<\/p>\n<p class=\"font_8\">Christiane Batinga Agra (IFAL)<\/p>\n<p class=\"font_8\">Claudia Caminha\u00a0(UFPB)<\/p>\n<p class=\"font_8\">Danielle de Luna e Silva (UFPB)<\/p>\n<p class=\"font_8\">Edmilson Borborema (UFPB)<\/p>\n<p class=\"font_8\">Elaine Espindola\u00a0(UFPB)<\/p>\n<p class=\"font_8\">Elizabeth Souto Maior\u00a0(UFPB)<\/p>\n<p class=\"font_8\">F\u00e1bio Alexandre Silva Bezerra\u00a0(UFPB)<\/p>\n<p class=\"font_8\">Gerthrudes Hellena Cavalcante de Ara\u00fajo\u00a0(IFPB)<\/p>\n<p class=\"font_8\">Joelton Duarte de Santana (UAB)<\/p>\n<p class=\"font_8\">Juliene Paiva de Ara\u00fajo Osias (UFPB)<\/p>\n<p class=\"font_8\">Karyne Soares Duarte Silveira (UEPB)<\/p>\n<p class=\"font_8\">Le\u00f4nidas Silva Junior (UEPB)<\/p>\n<p class=\"font_8\">Liane Velloso Leit\u00e3o (IFPB)<\/p>\n<p class=\"font_8\">Rosana de Oliveira S\u00e1\u00a0(IFPB)<\/p>\n<p class=\"font_8\">Sergio Ifa (UFAL)<\/p>\n<p class=\"font_8\">Walison Paulino (UFPB)<\/p>\n<p class=\"font_8\">Ana G\u00earda Magalh\u00e3es \u00c1vila Paz Moreira (External Member\/Australia)<\/p>\n<\/div>\n<div id=\"comp-ja9sa1m7\" class=\"style-j8aa6lws\">\n<div id=\"comp-ja9sa1m7inlineContent\" class=\"style-j8aa6lwsinlineContent\">\n<div id=\"comp-ja9sa1pi\" class=\"txtNew\">\n<h1 class=\"font_0\" style=\"text-align: center\">Accessibility Committee<\/h1>\n<\/div>\n<\/div>\n<\/div>\n<p class=\"font_8\">Edneia Alves (UFPB)<\/p>\n<p class=\"font_8\">Cleiton Willian da Concei\u00e7\u00e3o (Letras\/UFPB)<\/p>\n<p class=\"font_8\">Saulo Nascimento Costa (Tradu\u00e7\u00e3o\/UFPB)<\/p>\n<p class=\"font_8\">Pollyanna Stephanie (E.M.E.F. Decis\u00e3o\/Pombal, PB)<\/p>\n<p class=\"font_8\">Tha\u00eds Yumi Horikawa Chaves (Tradu\u00e7\u00e3o\/UFPB)<\/p>\n<p class=\"font_8\">Alberto Holanda Pimentel Neto (Tradu\u00e7\u00e3o\/UFPB)<\/p>\n","protected":false},"excerpt":{"rendered":"<p>Organizing Committee Mariana P\u00e9rez (UFPB: DLEM\/EFOPLI) Ana Carolina Bastos (UFPB: DMI\/EFOPLI) Rafaela Carla Sousa (UFPB: DLEM\/EFOPLI) Thiago Magno de Carvalho Costa (Dire\u00e7\u00e3o CCHLA) Tyna Jacob Leite (Marista Pio X) Lorena Priscila Dantas de Luna\u00a0(EFOPLI\/UFPB) Bianca L\u00facia Ros\u00e1rio de Oliveira (EFOPLI\/UFPB) Gustavo Ferreira Dias (EFOPLI\/UFPB) Marina Costa Negreiros (EFOPLI\/UFPB) Pedro Ivo Barbosa de Caldas Barros (Tradu\u00e7\u00e3o\/UFPB) [&hellip;]<\/p>\n","protected":false},"author":147,"featured_media":0,"parent":0,"menu_order":0,"comment_status":"closed","ping_status":"closed","template":"","meta":{"footnotes":""},"class_list":["post-1527","page","type-page","status-publish","hentry"],"_links":{"self":[{"href":"https:\/\/www.ufpb.br\/efopli\/wp-json\/wp\/v2\/pages\/1527","targetHints":{"allow":["GET"]}}],"collection":[{"href":"https:\/\/www.ufpb.br\/efopli\/wp-json\/wp\/v2\/pages"}],"about":[{"href":"https:\/\/www.ufpb.br\/efopli\/wp-json\/wp\/v2\/types\/page"}],"author":[{"embeddable":true,"href":"https:\/\/www.ufpb.br\/efopli\/wp-json\/wp\/v2\/users\/147"}],"replies":[{"embeddable":true,"href":"https:\/\/www.ufpb.br\/efopli\/wp-json\/wp\/v2\/comments?post=1527"}],"version-history":[{"count":2,"href":"https:\/\/www.ufpb.br\/efopli\/wp-json\/wp\/v2\/pages\/1527\/revisions"}],"predecessor-version":[{"id":1684,"href":"https:\/\/www.ufpb.br\/efopli\/wp-json\/wp\/v2\/pages\/1527\/revisions\/1684"}],"wp:attachment":[{"href":"https:\/\/www.ufpb.br\/efopli\/wp-json\/wp\/v2\/media?parent=1527"}],"curies":[{"name":"wp","href":"https:\/\/api.w.org\/{rel}","templated":true}]}}