{"id":1588,"date":"2024-10-23T19:30:33","date_gmt":"2024-10-23T22:30:33","guid":{"rendered":"https:\/\/www.ufpb.br\/efopli2\/?page_id=1588"},"modified":"2024-11-27T13:13:17","modified_gmt":"2024-11-27T16:13:17","slug":"iii-eppi","status":"publish","type":"page","link":"https:\/\/www.ufpb.br\/efopli\/iii-eppi\/","title":{"rendered":"III EPPI"},"content":{"rendered":"\n<figure class=\"wp-block-image size-full is-resized\"><img loading=\"lazy\" decoding=\"async\" width=\"820\" height=\"231\" src=\"https:\/\/www.ufpb.br\/efopli2\/wp-content\/uploads\/sites\/122\/sites\/206\/2024\/10\/logoeppi3novo.png\" alt=\"\" class=\"wp-image-1591\" style=\"width:740px;height:auto\" srcset=\"https:\/\/www.ufpb.br\/efopli\/wp-content\/uploads\/sites\/122\/sites\/206\/2024\/10\/logoeppi3novo.png 820w, https:\/\/www.ufpb.br\/efopli\/wp-content\/uploads\/sites\/122\/sites\/206\/2024\/10\/logoeppi3novo-300x85.png 300w, https:\/\/www.ufpb.br\/efopli\/wp-content\/uploads\/sites\/122\/sites\/206\/2024\/10\/logoeppi3novo-768x216.png 768w\" sizes=\"auto, (max-width: 820px) 100vw, 820px\" \/><\/figure>\n\n\n\n<p class=\"has-text-align-center\"><\/p>\n\n\n\n<div class=\"wp-block-group is-content-justification-center is-nowrap is-layout-flex wp-container-core-group-is-layout-94bc23d7 wp-block-group-is-layout-flex\">\n<figure class=\"wp-block-image size-large is-resized\"><a href=\"https:\/\/www.ufpb.br\/efopli\/programacao\/\" target=\"_blank\" rel=\"noreferrer noopener\"><img loading=\"lazy\" decoding=\"async\" width=\"1024\" height=\"342\" src=\"https:\/\/www.ufpb.br\/efopli2\/wp-content\/uploads\/sites\/122\/sites\/206\/2024\/10\/Fotos-6-1024x342.png\" alt=\"\" class=\"wp-image-1657\" style=\"width:165px;height:auto\" srcset=\"https:\/\/www.ufpb.br\/efopli\/wp-content\/uploads\/sites\/122\/sites\/206\/2024\/10\/Fotos-6-1024x342.png 1024w, https:\/\/www.ufpb.br\/efopli\/wp-content\/uploads\/sites\/122\/sites\/206\/2024\/10\/Fotos-6-300x100.png 300w, https:\/\/www.ufpb.br\/efopli\/wp-content\/uploads\/sites\/122\/sites\/206\/2024\/10\/Fotos-6-768x256.png 768w, https:\/\/www.ufpb.br\/efopli\/wp-content\/uploads\/sites\/122\/sites\/206\/2024\/10\/Fotos-6-1536x512.png 1536w, https:\/\/www.ufpb.br\/efopli\/wp-content\/uploads\/sites\/122\/sites\/206\/2024\/10\/Fotos-6.png 2000w\" sizes=\"auto, (max-width: 1024px) 100vw, 1024px\" \/><\/a><\/figure>\n\n\n\n<figure class=\"wp-block-image size-large is-resized\"><a href=\"https:\/\/www.ufpb.br\/efopli\/workshops\/\" target=\"_blank\" rel=\"noreferrer noopener\"><img loading=\"lazy\" decoding=\"async\" width=\"1024\" height=\"342\" src=\"https:\/\/www.ufpb.br\/efopli2\/wp-content\/uploads\/sites\/122\/sites\/206\/2024\/10\/Fotos-7-1024x342.png\" alt=\"\" class=\"wp-image-1658\" style=\"width:165px\" srcset=\"https:\/\/www.ufpb.br\/efopli\/wp-content\/uploads\/sites\/122\/sites\/206\/2024\/10\/Fotos-7-1024x342.png 1024w, https:\/\/www.ufpb.br\/efopli\/wp-content\/uploads\/sites\/122\/sites\/206\/2024\/10\/Fotos-7-300x100.png 300w, https:\/\/www.ufpb.br\/efopli\/wp-content\/uploads\/sites\/122\/sites\/206\/2024\/10\/Fotos-7-768x256.png 768w, https:\/\/www.ufpb.br\/efopli\/wp-content\/uploads\/sites\/122\/sites\/206\/2024\/10\/Fotos-7-1536x512.png 1536w, https:\/\/www.ufpb.br\/efopli\/wp-content\/uploads\/sites\/122\/sites\/206\/2024\/10\/Fotos-7.png 2000w\" sizes=\"auto, (max-width: 1024px) 100vw, 1024px\" \/><\/a><\/figure>\n\n\n\n<figure class=\"wp-block-image size-large is-resized\"><a href=\"https:\/\/www.ufpb.br\/efopli\/organizacao\/\" target=\"_blank\" rel=\"noreferrer noopener\"><img loading=\"lazy\" decoding=\"async\" width=\"1024\" height=\"342\" src=\"https:\/\/www.ufpb.br\/efopli2\/wp-content\/uploads\/sites\/122\/sites\/206\/2024\/10\/Fotos-8-1024x342.png\" alt=\"\" class=\"wp-image-1659\" style=\"width:165px\" srcset=\"https:\/\/www.ufpb.br\/efopli\/wp-content\/uploads\/sites\/122\/sites\/206\/2024\/10\/Fotos-8-1024x342.png 1024w, https:\/\/www.ufpb.br\/efopli\/wp-content\/uploads\/sites\/122\/sites\/206\/2024\/10\/Fotos-8-300x100.png 300w, https:\/\/www.ufpb.br\/efopli\/wp-content\/uploads\/sites\/122\/sites\/206\/2024\/10\/Fotos-8-768x256.png 768w, https:\/\/www.ufpb.br\/efopli\/wp-content\/uploads\/sites\/122\/sites\/206\/2024\/10\/Fotos-8-1536x512.png 1536w, https:\/\/www.ufpb.br\/efopli\/wp-content\/uploads\/sites\/122\/sites\/206\/2024\/10\/Fotos-8.png 2000w\" sizes=\"auto, (max-width: 1024px) 100vw, 1024px\" \/><\/a><\/figure>\n\n\n\n<figure class=\"wp-block-image size-large is-resized\"><a href=\"https:\/\/flickr.com\/photos\/efopli\/albums\/72157685641391736\/\" target=\"_blank\" rel=\"noreferrer noopener\"><img loading=\"lazy\" decoding=\"async\" width=\"1024\" height=\"342\" src=\"https:\/\/www.ufpb.br\/efopli2\/wp-content\/uploads\/sites\/122\/sites\/206\/2024\/10\/Fotos-9-1024x342.png\" alt=\"\" class=\"wp-image-1660\" style=\"width:165px\" srcset=\"https:\/\/www.ufpb.br\/efopli\/wp-content\/uploads\/sites\/122\/sites\/206\/2024\/10\/Fotos-9-1024x342.png 1024w, https:\/\/www.ufpb.br\/efopli\/wp-content\/uploads\/sites\/122\/sites\/206\/2024\/10\/Fotos-9-300x100.png 300w, https:\/\/www.ufpb.br\/efopli\/wp-content\/uploads\/sites\/122\/sites\/206\/2024\/10\/Fotos-9-768x256.png 768w, https:\/\/www.ufpb.br\/efopli\/wp-content\/uploads\/sites\/122\/sites\/206\/2024\/10\/Fotos-9-1536x512.png 1536w, https:\/\/www.ufpb.br\/efopli\/wp-content\/uploads\/sites\/122\/sites\/206\/2024\/10\/Fotos-9.png 2000w\" sizes=\"auto, (max-width: 1024px) 100vw, 1024px\" \/><\/a><\/figure>\n<\/div>\n\n\n\n<h2 class=\"wp-block-heading has-text-align-center\">III&nbsp;EPPI &#8211; Encontro Paraibano de Professores de Ingl\u00eas<\/h2>\n\n\n\n<p>A Universidade Federal da Para\u00edba (UFPB) sediou, nos dias 21&nbsp;e 22&nbsp;de outubro&nbsp;de 2016, o&nbsp;<strong>III&nbsp;EPPI: Encontro Paraibano de Professores de Ingl\u00eas.&nbsp;<\/strong><\/p>\n\n\n\n<p>O EPPI \u00e9 uma a\u00e7\u00e3o do programa&nbsp;EFOPLI: Espa\u00e7os para a Forma\u00e7\u00e3o do Professor de L\u00edngua Inglesa (Extens\u00e3o\/UFPB) que tem como objetivo oportunizar um espa\u00e7o para a reflex\u00e3o sobre o ensino de l\u00edngua inglesa &#8211;&nbsp;atrav\u00e9s da troca de experi\u00eancias, socializa\u00e7\u00e3o de pesquisas e pr\u00e1ticas &#8211; de&nbsp;professores de ingl\u00eas que atuam na Para\u00edba em diferentes n\u00edveis de ensino e contextos. Em 2016, contou com a participa\u00e7\u00e3o da rec\u00e9m-criada Associa\u00e7\u00e3o de Professores de Ingl\u00eas da Para\u00edba (Braz-TESOL Para\u00edba Chapter), buscando divulg\u00e1-la entre os professores da Para\u00edba.<\/p>\n\n\n\n<p>Em sua terceira&nbsp;edi\u00e7\u00e3o, o evento incluiu, em sua programa\u00e7\u00e3o,&nbsp;plen\u00e1rias, sess\u00e3o de p\u00f4steres, al\u00e9m da oferta de oficinas. Buscou congregar professores de escolas regulares e de l\u00ednguas, al\u00e9m de docentes de institui\u00e7\u00f5es de ensino superior, fortalecendo o di\u00e1logo entre os profissionais da \u00e1rea no estado da Para\u00edba.<\/p>\n\n\n\n<p>O III EPPI contou com com o apoio de v\u00e1rias institui\u00e7\u00f5es, tais como:&nbsp;o&nbsp;Consulado dos Estados Unidos (Recife) e Embaixada Americana, Disal, editoras Cengage &amp; National Geographic, Pearson, Macmillan e Richmond, Bookline, a Comiss\u00e3o Fulbright Brasil, o Regional English Language Office (S\u00e3o Paulo), Helbling Languages, o Instituto Federal de Educa\u00e7\u00e3o, Ci\u00eancia e Tecnologia da Para\u00edba (IFPB), a Universidade Estadual da Para\u00edba (UEPB), a Universidade Federal da Campina Grande (UFCG),&nbsp;Cambridge English Language Assessment,&nbsp;a Secretaria de Educa\u00e7\u00e3o do Estado da Para\u00edba, o Conselho Brit\u00e2nico, o Centro de L\u00ednguas da Prefeitura de Jo\u00e3o Pessoa (CELEST), a Universidade Federal de Sergipe (UFS), a Universidade Federal de Alagoas (UFAL), o Grupo de Estudos em Letramentos, Intera\u00e7\u00e3o e Trabalho (GELIT\/CNPq\/UFPB),&nbsp;Centro de Ci\u00eancias Humanas, Letras e Artes da UFPB, o Programa de P\u00f3s-Gradua\u00e7\u00e3o em Lingu\u00edstica (PROLING\/UFPB) e BRAZ-Tesol (Association of Teachers of English to Speakers of Other Languages in Brazil).<\/p>\n\n\n<div class=\"wp-block-image\">\n<figure class=\"aligncenter size-full\"><img loading=\"lazy\" decoding=\"async\" width=\"471\" height=\"387\" src=\"https:\/\/www.ufpb.br\/efopli2\/wp-content\/uploads\/sites\/122\/sites\/206\/2024\/10\/c93e04_aace79bd0589466c99286decc4a646f6mv2.jpg\" alt=\"\" class=\"wp-image-1592\" srcset=\"https:\/\/www.ufpb.br\/efopli\/wp-content\/uploads\/sites\/122\/sites\/206\/2024\/10\/c93e04_aace79bd0589466c99286decc4a646f6mv2.jpg 471w, https:\/\/www.ufpb.br\/efopli\/wp-content\/uploads\/sites\/122\/sites\/206\/2024\/10\/c93e04_aace79bd0589466c99286decc4a646f6mv2-300x246.jpg 300w\" sizes=\"auto, (max-width: 471px) 100vw, 471px\" \/><\/figure>\n<\/div>\n\n\n<p class=\"has-text-align-center has-medium-font-size\"><strong>APOIO<\/strong><\/p>\n\n\n\n<figure class=\"wp-block-image size-full\"><img loading=\"lazy\" decoding=\"async\" width=\"675\" height=\"334\" src=\"https:\/\/www.ufpb.br\/efopli2\/wp-content\/uploads\/sites\/122\/sites\/206\/2024\/10\/apoioeppi3b.jpg\" alt=\"\" class=\"wp-image-1593\" srcset=\"https:\/\/www.ufpb.br\/efopli\/wp-content\/uploads\/sites\/122\/sites\/206\/2024\/10\/apoioeppi3b.jpg 675w, https:\/\/www.ufpb.br\/efopli\/wp-content\/uploads\/sites\/122\/sites\/206\/2024\/10\/apoioeppi3b-300x148.jpg 300w\" sizes=\"auto, (max-width: 675px) 100vw, 675px\" \/><\/figure>\n","protected":false},"excerpt":{"rendered":"<p>III&nbsp;EPPI &#8211; Encontro Paraibano de Professores de Ingl\u00eas A Universidade Federal da Para\u00edba (UFPB) sediou, nos dias 21&nbsp;e 22&nbsp;de outubro&nbsp;de 2016, o&nbsp;III&nbsp;EPPI: Encontro Paraibano de Professores de Ingl\u00eas.&nbsp; O EPPI \u00e9 uma a\u00e7\u00e3o do programa&nbsp;EFOPLI: Espa\u00e7os para a Forma\u00e7\u00e3o do Professor de L\u00edngua Inglesa (Extens\u00e3o\/UFPB) que tem como objetivo oportunizar um espa\u00e7o para a reflex\u00e3o [&hellip;]<\/p>\n","protected":false},"author":147,"featured_media":0,"parent":0,"menu_order":0,"comment_status":"closed","ping_status":"closed","template":"","meta":{"footnotes":""},"class_list":["post-1588","page","type-page","status-publish","hentry"],"_links":{"self":[{"href":"https:\/\/www.ufpb.br\/efopli\/wp-json\/wp\/v2\/pages\/1588","targetHints":{"allow":["GET"]}}],"collection":[{"href":"https:\/\/www.ufpb.br\/efopli\/wp-json\/wp\/v2\/pages"}],"about":[{"href":"https:\/\/www.ufpb.br\/efopli\/wp-json\/wp\/v2\/types\/page"}],"author":[{"embeddable":true,"href":"https:\/\/www.ufpb.br\/efopli\/wp-json\/wp\/v2\/users\/147"}],"replies":[{"embeddable":true,"href":"https:\/\/www.ufpb.br\/efopli\/wp-json\/wp\/v2\/comments?post=1588"}],"version-history":[{"count":10,"href":"https:\/\/www.ufpb.br\/efopli\/wp-json\/wp\/v2\/pages\/1588\/revisions"}],"predecessor-version":[{"id":2313,"href":"https:\/\/www.ufpb.br\/efopli\/wp-json\/wp\/v2\/pages\/1588\/revisions\/2313"}],"wp:attachment":[{"href":"https:\/\/www.ufpb.br\/efopli\/wp-json\/wp\/v2\/media?parent=1588"}],"curies":[{"name":"wp","href":"https:\/\/api.w.org\/{rel}","templated":true}]}}