{"id":1608,"date":"2024-10-23T20:22:18","date_gmt":"2024-10-23T23:22:18","guid":{"rendered":"https:\/\/www.ufpb.br\/efopli2\/?page_id=1608"},"modified":"2024-10-29T16:32:47","modified_gmt":"2024-10-29T19:32:47","slug":"organizacao","status":"publish","type":"page","link":"https:\/\/www.ufpb.br\/efopli\/organizacao\/","title":{"rendered":"Organiza\u00e7\u00e3o III EPPI"},"content":{"rendered":"<div id=\"comp-iu7kg3qa\" class=\"txtNew\" data-reactid=\".0.$SITE_ROOT.$desktop_siteRoot.$PAGES_CONTAINER.1.1.$SITE_PAGES.$yljwg_DESKTOP.1.$comp-iu7kg3qa\">\n<h1 class=\"font_0\" style=\"text-align: center\">Comiss\u00e3o Organizadora Geral<\/h1>\n<\/div>\n<div id=\"comp-iu7kgywu\" class=\"txtNew\" data-reactid=\".0.$SITE_ROOT.$desktop_siteRoot.$PAGES_CONTAINER.1.1.$SITE_PAGES.$yljwg_DESKTOP.1.$comp-iu7kgywu\">\n<p class=\"font_8\">Profa. Dra. Mariana P\u00e9rez (DLEM: UFPB\/IsF\/EFOPLI)<br \/>\nProfa. Ms. Ana Carolina Bastos (UFPB: DMI\/ EFOPLI)<br \/>\nProfa. Ms. Rafaela Carla Sousa (UFPB: DLEM\/EFOPLI\/BRAZTESOL PB)<br \/>\nProfa. Dra. Francieli Martiny (UFPB: DLEM)<br \/>\nProfa. Ms. Laura Mizuha (Especialista Embaixada\/ Consulado Americano (Recife)\/EFOPLI)<br \/>\nProf. Ms.Thiago Magno de Carvalho Costa (Dire\u00e7\u00e3o CCHLA\/BRAZTESOL PB)<br \/>\nMarina Costa (UFPB)<br \/>\nJ\u00e9rcica Dutra (Estagi\u00e1ria: Secretariado Bil\u00edngue\/UFPB)<br \/>\nSarah Priscila Filgueira (Estagi\u00e1ria: LEA\/UFPB)<br \/>\nVagner Pereira (Estagi\u00e1rio: LEA\/UFPB)<\/p>\n<\/div>\n<div id=\"comp-iu7ki87h\" class=\"txtNew\" data-reactid=\".0.$SITE_ROOT.$desktop_siteRoot.$PAGES_CONTAINER.1.1.$SITE_PAGES.$yljwg_DESKTOP.1.$comp-iu7ki87h\">\n<h1 class=\"font_0\" style=\"text-align: center\">Comiss\u00e3o Cient\u00edfica<\/h1>\n<\/div>\n<div id=\"comp-iu7kipbk\" class=\"txtNew\" data-reactid=\".0.$SITE_ROOT.$desktop_siteRoot.$PAGES_CONTAINER.1.1.$SITE_PAGES.$yljwg_DESKTOP.1.$comp-iu7kipbk\">\n<p class=\"font_8\">Profa. Ms. Ana Carolina Bastos (UFPB:DMI\/EFOPLI)<br \/>\nProfa. Ana Ang\u00e9lica de Lucena Taveira Rocha (IFPB\/Campus Picu\u00ed)<br \/>\nProf.\u00a0Bruno Maiorquino Silva (UEPB)<br \/>\nProfa. Ms. Elaine Santos (UFS)<br \/>\nProf. Fernando Cabral (UFPB)<br \/>\nProfa. Dra. Helmara Real de Moraes (Embaixada EUA\/RELO)<br \/>\nProfa. Ms. Jailine Farias (UFPB)<br \/>\nProf. Ms. Joelton Duarte (UFPB)<br \/>\nProf. Jonathan Vieira (CELEST\/PMJP)<br \/>\nProfa. Ms. Laura Mizuha (Consulado EUA\/Recife)<br \/>\nProfa. Ms. Liane Velloso Leit\u00e3o (IFPB\/Campus Cajazeiras)<br \/>\nProfa. Ms. Rafaela Carla Sousa (UFPB\/Campus I)<br \/>\nProf. Ms. Ricardo Rios Barreto (UFCG)<br \/>\nProf. Ms. Rodrigo Belfort (UFS)<br \/>\nProf. Dr. S\u00e9rgio Ifa (UFAL<br \/>\nProfa. Ms. Telma Ferreira (UEPB)<br \/>\nThomas Santos (Embaixada EUA\/RELO)<br \/>\nProf. Ms.Thiago Magno de Carvalho Costa (Dire\u00e7\u00e3o CCHLA)<\/p>\n<\/div>\n<div id=\"comp-iujq5y9v\" class=\"txtNew\" data-reactid=\".0.$SITE_ROOT.$desktop_siteRoot.$PAGES_CONTAINER.1.1.$SITE_PAGES.$yljwg_DESKTOP.1.$comp-iujq5y9v\">\n<h1 class=\"font_0\" style=\"text-align: center\">EPPI Monitors<\/h1>\n<\/div>\n<p class=\"font_8\">Ana Beatriz de Albuquerque A. Cordeiro\u00a0(IsF\/CCHLA\/UFPB)<br \/>\nAna Flora Ferreira\u00a0(IsF\/CCHLA\/UFPB)<br \/>\nAna G\u00earda Magalh\u00e3es \u00c1vila Paz Moreira (IsF\/CCHLA\/UFPB)<br \/>\nBianca L\u00facia Ros\u00e1rio De Oliveira (CCHLA\/UFPB)<br \/>\nBryza Th\u00e1bata Duarte Ramos Vieira\u00a0(IsF\/CCHLA\/UFPB)<br \/>\nFrancisco Thiago de Lima R. Santos\u00a0(IsF\/CCHLA\/UFPB)<br \/>\nGustavo Ferreira Dias\u00a0(Estudante Letras-Ingl\u00eas\/DLEM)<br \/>\nIngrid Hil\u00e1rio (IsF\/CCHLA\/UFPB)<br \/>\nJivarlos Pereira Silva da Cruz (CCHLA\/UFPB)<br \/>\nMarcelo Alvarado\u00a0(IsF\/CCHLA\/UFPB)<br \/>\nMarcos Tadeu Pereira Nicomedes (Estudante Letras-Ingl\u00eas\/PIPID\/DLEM)<br \/>\nMatheus T. dos Santos (CCHLA\/UFPB)<br \/>\nPaola Catherine Kogiaridis Ewald\u00a0(IsF\/CCHLA\/UFPB)<br \/>\nPedro Ivo Barbosa de Caldas Barros (Estudante\u00a0Tradu\u00e7\u00e3o\/DMI)<br \/>\nPriscilla Thuany C. F. da Costa (IsF\/CCHLA\/UFPB)<br \/>\nPollyanna Souza Oliveira (CCHLA\/UFPB)<\/p>\n","protected":false},"excerpt":{"rendered":"<p>Comiss\u00e3o Organizadora Geral Profa. Dra. Mariana P\u00e9rez (DLEM: UFPB\/IsF\/EFOPLI) Profa. Ms. Ana Carolina Bastos (UFPB: DMI\/ EFOPLI) Profa. Ms. Rafaela Carla Sousa (UFPB: DLEM\/EFOPLI\/BRAZTESOL PB) Profa. Dra. Francieli Martiny (UFPB: DLEM) Profa. Ms. Laura Mizuha (Especialista Embaixada\/ Consulado Americano (Recife)\/EFOPLI) Prof. Ms.Thiago Magno de Carvalho Costa (Dire\u00e7\u00e3o CCHLA\/BRAZTESOL PB) Marina Costa (UFPB) J\u00e9rcica Dutra (Estagi\u00e1ria: [&hellip;]<\/p>\n","protected":false},"author":147,"featured_media":0,"parent":0,"menu_order":0,"comment_status":"closed","ping_status":"closed","template":"","meta":{"footnotes":""},"class_list":["post-1608","page","type-page","status-publish","hentry"],"_links":{"self":[{"href":"https:\/\/www.ufpb.br\/efopli\/wp-json\/wp\/v2\/pages\/1608","targetHints":{"allow":["GET"]}}],"collection":[{"href":"https:\/\/www.ufpb.br\/efopli\/wp-json\/wp\/v2\/pages"}],"about":[{"href":"https:\/\/www.ufpb.br\/efopli\/wp-json\/wp\/v2\/types\/page"}],"author":[{"embeddable":true,"href":"https:\/\/www.ufpb.br\/efopli\/wp-json\/wp\/v2\/users\/147"}],"replies":[{"embeddable":true,"href":"https:\/\/www.ufpb.br\/efopli\/wp-json\/wp\/v2\/comments?post=1608"}],"version-history":[{"count":3,"href":"https:\/\/www.ufpb.br\/efopli\/wp-json\/wp\/v2\/pages\/1608\/revisions"}],"predecessor-version":[{"id":1738,"href":"https:\/\/www.ufpb.br\/efopli\/wp-json\/wp\/v2\/pages\/1608\/revisions\/1738"}],"wp:attachment":[{"href":"https:\/\/www.ufpb.br\/efopli\/wp-json\/wp\/v2\/media?parent=1608"}],"curies":[{"name":"wp","href":"https:\/\/api.w.org\/{rel}","templated":true}]}}