{"id":1662,"date":"2024-10-25T11:46:40","date_gmt":"2024-10-25T14:46:40","guid":{"rendered":"https:\/\/www.ufpb.br\/efopli2\/?page_id=1662"},"modified":"2024-11-21T11:49:09","modified_gmt":"2024-11-21T14:49:09","slug":"ii-eppi","status":"publish","type":"page","link":"https:\/\/www.ufpb.br\/efopli\/ii-eppi\/","title":{"rendered":"II EPPI"},"content":{"rendered":"\n<figure class=\"wp-block-gallery has-nested-images columns-default is-cropped wp-block-gallery-1 is-layout-flex wp-block-gallery-is-layout-flex\">\n<figure class=\"wp-block-image size-large\"><img decoding=\"async\" data-id=\"1664\" src=\"https:\/\/www.ufpb.br\/efopli2\/wp-content\/uploads\/sites\/122\/sites\/206\/2024\/10\/logoeppi2.png\" alt=\"\" class=\"wp-image-1664\"\/><\/figure>\n<\/figure>\n\n\n\n<div class=\"wp-block-group is-content-justification-center is-nowrap is-layout-flex wp-container-core-group-is-layout-94bc23d7 wp-block-group-is-layout-flex\">\n<figure class=\"wp-block-image size-large is-resized\"><a href=\"https:\/\/www.ufpb.br\/efopli\/programacao-eppi-ii\/\" target=\"_blank\" rel=\"noreferrer noopener\"><img loading=\"lazy\" decoding=\"async\" width=\"1024\" height=\"342\" src=\"https:\/\/www.ufpb.br\/efopli2\/wp-content\/uploads\/sites\/122\/sites\/206\/2024\/10\/Fotos-1024x342.png\" alt=\"\" class=\"wp-image-1666\" style=\"width:165px\" srcset=\"https:\/\/www.ufpb.br\/efopli\/wp-content\/uploads\/sites\/122\/sites\/206\/2024\/10\/Fotos-1024x342.png 1024w, https:\/\/www.ufpb.br\/efopli\/wp-content\/uploads\/sites\/122\/sites\/206\/2024\/10\/Fotos-300x100.png 300w, https:\/\/www.ufpb.br\/efopli\/wp-content\/uploads\/sites\/122\/sites\/206\/2024\/10\/Fotos-768x256.png 768w, https:\/\/www.ufpb.br\/efopli\/wp-content\/uploads\/sites\/122\/sites\/206\/2024\/10\/Fotos-1536x512.png 1536w, https:\/\/www.ufpb.br\/efopli\/wp-content\/uploads\/sites\/122\/sites\/206\/2024\/10\/Fotos.png 2000w\" sizes=\"auto, (max-width: 1024px) 100vw, 1024px\" \/><\/a><\/figure>\n\n\n\n<figure class=\"wp-block-image size-large is-resized\"><a href=\"https:\/\/www.ufpb.br\/efopli\/workshops-eppi-ii\/\" target=\"_blank\" rel=\"noreferrer noopener\"><img loading=\"lazy\" decoding=\"async\" width=\"1024\" height=\"342\" src=\"https:\/\/www.ufpb.br\/efopli2\/wp-content\/uploads\/sites\/122\/sites\/206\/2024\/10\/Fotos-1-1-1024x342.png\" alt=\"\" class=\"wp-image-1667\" style=\"width:165px\" srcset=\"https:\/\/www.ufpb.br\/efopli\/wp-content\/uploads\/sites\/122\/sites\/206\/2024\/10\/Fotos-1-1-1024x342.png 1024w, https:\/\/www.ufpb.br\/efopli\/wp-content\/uploads\/sites\/122\/sites\/206\/2024\/10\/Fotos-1-1-300x100.png 300w, https:\/\/www.ufpb.br\/efopli\/wp-content\/uploads\/sites\/122\/sites\/206\/2024\/10\/Fotos-1-1-768x256.png 768w, https:\/\/www.ufpb.br\/efopli\/wp-content\/uploads\/sites\/122\/sites\/206\/2024\/10\/Fotos-1-1-1536x512.png 1536w, https:\/\/www.ufpb.br\/efopli\/wp-content\/uploads\/sites\/122\/sites\/206\/2024\/10\/Fotos-1-1.png 2000w\" sizes=\"auto, (max-width: 1024px) 100vw, 1024px\" \/><\/a><\/figure>\n\n\n\n<figure class=\"wp-block-image size-large is-resized\"><a href=\"https:\/\/www.ufpb.br\/efopli\/organizacao-eppi-ii\/\" target=\"_blank\" rel=\"noreferrer noopener\"><img loading=\"lazy\" decoding=\"async\" width=\"1024\" height=\"342\" src=\"https:\/\/www.ufpb.br\/efopli2\/wp-content\/uploads\/sites\/122\/sites\/206\/2024\/10\/Fotos-2-1-1024x342.png\" alt=\"\" class=\"wp-image-1668\" style=\"width:165px\" srcset=\"https:\/\/www.ufpb.br\/efopli\/wp-content\/uploads\/sites\/122\/sites\/206\/2024\/10\/Fotos-2-1-1024x342.png 1024w, https:\/\/www.ufpb.br\/efopli\/wp-content\/uploads\/sites\/122\/sites\/206\/2024\/10\/Fotos-2-1-300x100.png 300w, https:\/\/www.ufpb.br\/efopli\/wp-content\/uploads\/sites\/122\/sites\/206\/2024\/10\/Fotos-2-1-768x256.png 768w, https:\/\/www.ufpb.br\/efopli\/wp-content\/uploads\/sites\/122\/sites\/206\/2024\/10\/Fotos-2-1-1536x512.png 1536w, https:\/\/www.ufpb.br\/efopli\/wp-content\/uploads\/sites\/122\/sites\/206\/2024\/10\/Fotos-2-1.png 2000w\" sizes=\"auto, (max-width: 1024px) 100vw, 1024px\" \/><\/a><\/figure>\n\n\n\n<figure class=\"wp-block-image size-large is-resized\"><a href=\"https:\/\/flic.kr\/s\/aHsm4EoBvQ\" target=\"_blank\" rel=\"noreferrer noopener\"><img loading=\"lazy\" decoding=\"async\" width=\"1024\" height=\"342\" src=\"https:\/\/www.ufpb.br\/efopli2\/wp-content\/uploads\/sites\/122\/sites\/206\/2024\/10\/Fotos-3-1-1024x342.png\" alt=\"\" class=\"wp-image-1669\" style=\"width:165px\" srcset=\"https:\/\/www.ufpb.br\/efopli\/wp-content\/uploads\/sites\/122\/sites\/206\/2024\/10\/Fotos-3-1-1024x342.png 1024w, https:\/\/www.ufpb.br\/efopli\/wp-content\/uploads\/sites\/122\/sites\/206\/2024\/10\/Fotos-3-1-300x100.png 300w, https:\/\/www.ufpb.br\/efopli\/wp-content\/uploads\/sites\/122\/sites\/206\/2024\/10\/Fotos-3-1-768x256.png 768w, https:\/\/www.ufpb.br\/efopli\/wp-content\/uploads\/sites\/122\/sites\/206\/2024\/10\/Fotos-3-1-1536x512.png 1536w, https:\/\/www.ufpb.br\/efopli\/wp-content\/uploads\/sites\/122\/sites\/206\/2024\/10\/Fotos-3-1.png 2000w\" sizes=\"auto, (max-width: 1024px) 100vw, 1024px\" \/><\/a><\/figure>\n<\/div>\n\n\n\n<h2 class=\"wp-block-heading has-text-align-center\">II&nbsp;EPPI &#8211; Encontro Paraibano de Professores de Ingl\u00eas<\/h2>\n\n\n\n<p>A Universidade Federal da Para\u00edba (UFPB) sediou, nos dias 06 e 07 de novembro de 2015, o II EPPI: Encontro Paraibano de Professores de Ingl\u00eas.&nbsp;<\/p>\n\n\n\n<p>O EPPI \u00e9 uma a\u00e7\u00e3o do projeto EFOPLI: Espa\u00e7os para a Forma\u00e7\u00e3o do Professor de L\u00edngua Inglesa (PROBEX\/UFPB\/2015) que tem como objetivo oportunizar um espa\u00e7o para a reflex\u00e3o sobre o ensino de l\u00edngua inglesa &#8211;&nbsp;atrav\u00e9s da troca de experi\u00eancias, socializa\u00e7\u00e3o de pesquisas e pr\u00e1ticas &#8211; de&nbsp;professores de ingl\u00eas que atuam na Para\u00edba em diferentes n\u00edveis de ensino e contextos.<\/p>\n\n\n\n<p>Em sua segunda edi\u00e7\u00e3o, o evento incluiu, em sua programa\u00e7\u00e3o,&nbsp;plen\u00e1rias, mesa redonda, sess\u00e3o de p\u00f4steres, al\u00e9m da oferta de oficinas. Busca&nbsp;congregar professores de escolas regulares e de l\u00ednguas, al\u00e9m de docentes de institui\u00e7\u00f5es de ensino superior, fortalecendo o di\u00e1logo entre os profissionais da \u00e1rea no estado da Para\u00edba.<\/p>\n\n\n\n<p>Entre os apoiadores do II EPPI, est\u00e3o o&nbsp;Consulado dos Estados Unidos (Recife), a livraria SBS Internacional (Jo\u00e3o Pessoa), editoras como Cengage &amp; National Geographic, Pearson e Macmillan, a Comiss\u00e3o Fulbright Brasil, o Regional English Language Office (S\u00e3o Paulo), o Instituto Federal de Educa\u00e7\u00e3o, Ci\u00eancia e Tecnologia da Para\u00edba (IFPB), a Universidade Estadual da Para\u00edba (UEPB), a Universidade Federal da Campina Grande (UFCG), a Secretaria de Educa\u00e7\u00e3o do Estado da Para\u00edba, o Conselho Brit\u00e2nico, o Centro de L\u00ednguas da Prefeitura de Jo\u00e3o Pessoa (CELEST), o Grupo de Estudos em Letramentos, Intera\u00e7\u00e3o e Trabalho (GELIT\/CNPq\/UFPB),&nbsp;Centro de Ci\u00eancias Humanas, Letras e Artes da UFPB, o Programa de P\u00f3s-Gradua\u00e7\u00e3o em Lingu\u00edstica (PROLING\/UFPB),&nbsp;BRAZ-Tesol (Association of Teachers of English to Speakers of Other Languages in Brazil) e Bookline.<\/p>\n\n\n\n<p class=\"has-text-align-center has-medium-font-size\"><strong>APOIO<\/strong><\/p>\n\n\n<div class=\"wp-block-image\">\n<figure class=\"aligncenter size-full\"><img loading=\"lazy\" decoding=\"async\" width=\"667\" height=\"318\" src=\"https:\/\/www.ufpb.br\/efopli2\/wp-content\/uploads\/sites\/122\/sites\/206\/2024\/10\/apoioeppi2b.jpg\" alt=\"\" class=\"wp-image-1670\" srcset=\"https:\/\/www.ufpb.br\/efopli\/wp-content\/uploads\/sites\/122\/sites\/206\/2024\/10\/apoioeppi2b.jpg 667w, https:\/\/www.ufpb.br\/efopli\/wp-content\/uploads\/sites\/122\/sites\/206\/2024\/10\/apoioeppi2b-300x143.jpg 300w\" sizes=\"auto, (max-width: 667px) 100vw, 667px\" \/><\/figure>\n<\/div>","protected":false},"excerpt":{"rendered":"<p>II&nbsp;EPPI &#8211; Encontro Paraibano de Professores de Ingl\u00eas A Universidade Federal da Para\u00edba (UFPB) sediou, nos dias 06 e 07 de novembro de 2015, o II EPPI: Encontro Paraibano de Professores de Ingl\u00eas.&nbsp; O EPPI \u00e9 uma a\u00e7\u00e3o do projeto EFOPLI: Espa\u00e7os para a Forma\u00e7\u00e3o do Professor de L\u00edngua Inglesa (PROBEX\/UFPB\/2015) que tem como objetivo [&hellip;]<\/p>\n","protected":false},"author":147,"featured_media":0,"parent":0,"menu_order":0,"comment_status":"closed","ping_status":"closed","template":"","meta":{"footnotes":""},"class_list":["post-1662","page","type-page","status-publish","hentry"],"_links":{"self":[{"href":"https:\/\/www.ufpb.br\/efopli\/wp-json\/wp\/v2\/pages\/1662","targetHints":{"allow":["GET"]}}],"collection":[{"href":"https:\/\/www.ufpb.br\/efopli\/wp-json\/wp\/v2\/pages"}],"about":[{"href":"https:\/\/www.ufpb.br\/efopli\/wp-json\/wp\/v2\/types\/page"}],"author":[{"embeddable":true,"href":"https:\/\/www.ufpb.br\/efopli\/wp-json\/wp\/v2\/users\/147"}],"replies":[{"embeddable":true,"href":"https:\/\/www.ufpb.br\/efopli\/wp-json\/wp\/v2\/comments?post=1662"}],"version-history":[{"count":7,"href":"https:\/\/www.ufpb.br\/efopli\/wp-json\/wp\/v2\/pages\/1662\/revisions"}],"predecessor-version":[{"id":2293,"href":"https:\/\/www.ufpb.br\/efopli\/wp-json\/wp\/v2\/pages\/1662\/revisions\/2293"}],"wp:attachment":[{"href":"https:\/\/www.ufpb.br\/efopli\/wp-json\/wp\/v2\/media?parent=1662"}],"curies":[{"name":"wp","href":"https:\/\/api.w.org\/{rel}","templated":true}]}}