{"id":1686,"date":"2024-10-25T12:38:19","date_gmt":"2024-10-25T15:38:19","guid":{"rendered":"https:\/\/www.ufpb.br\/efopli2\/?page_id=1686"},"modified":"2024-10-29T16:31:53","modified_gmt":"2024-10-29T19:31:53","slug":"workshops-eppi-ii","status":"publish","type":"page","link":"https:\/\/www.ufpb.br\/efopli\/workshops-eppi-ii\/","title":{"rendered":"Workshops II EPPI"},"content":{"rendered":"<h2 class=\"font_2\" style=\"text-align: center\">First round of workshops:\u00a01.30\u00a0pm &#8211; 3\u00a0pm\u00a0(Workshops 1-6)<\/h2>\n<h2 class=\"font_2\"><\/h2>\n<p class=\"font_8\"><strong>Workshop 1: Reevaluating Teaching Approaches and Academic Uses of the English Language: Educating Through World Englishes<\/strong><br \/>\nMichelle Quinones and Ingrid Hil\u00e1rio (IsF-UFPB)<\/p>\n<p class=\"font_8\">This workshop aims to showcase the benefits of teaching International\/World English in Brazilian schools over American and British English in order to minimize the perpetuation of imperialistic ideas that exclusively teaching the latter two could entail. This linguistic imperialism is essentially a demonstration of economic and political power and carries with it the culture of the dominant language. It can manifest itself in many ways, including the incredibly limiting prioritization of certain forms of English over others and over other languages (including the native language), the idea that the best teacher is a native English speaker from the United States or the UK (which devalues local teachers), the smothering of local accents as if the American and British accents were inherently better and more valuable and English as the new lingua franca, all of which will be discussed during the workshop. We will also address the use of select cultural content and realia in classrooms (which are often used to provide authenticity).\u00a0 In sum, English has come to represent modernity, progress and the capitalist ideal, and many advocate for its intrinsic, extrinsic and functional worth over other languages. How do we resist the negative aspects of imperialism through soft power (attracting and co-opting rather than coercing), the loss of cultural identity, ethnocentrism, subjugation etc., while still remaining realistic as to the usefulness of the English language in a modern globalized world and international market?<\/p>\n<p class=\"font_8\"><strong>Biodata<\/strong><br \/>\nIngrid de Figueiredo Hil\u00e1rio\u00a0is a Letras student at the Federal University of Para\u00edba and has been working with the Ingl\u00eas sem Fronteiras Program since February 2015. She has been involved in the development of several IsF courses, including a minicourse about teaching English through the analysis of short films. In the program, she currently works as a teacher and certified TOEFL ITP proctor.<\/p>\n<p class=\"font_8\">Michelle Quinones graduated with a B.A. degree in International Relations and Global Studies from the University of Texas at Austin. She also holds a M.A. degree in Spanish Literature and Linguistics from the University of Central Florida. In previous conferences, she has presented on the topics of violent death and textual violence in the works of Clarice Lispector and Silvina Ocampo. Quinones is currently a Fulbright Grantee at the Federal University of Paraiba, where she works as an English Teaching Assistant.<\/p>\n<p class=\"font_8\"><strong>Workshop 2: Using social media in the teaching of English<\/strong><br \/>\nMax Barbosa and Thiago Rodrigues (IsF-UFPB)<\/p>\n<p class=\"font_8\">In this workshop, participants will learn about online social media and cellphone apps that are famous amongst teens nowadays and how to use such resources to engage students more effectively in the learning of a foreign language.<\/p>\n<p class=\"font_8\"><strong>Biodata<\/strong><br \/>\nMax Barbosa is an English teacher for the Ingl\u00eas sem Fronteiras program at Universidade Federal da Para\u00edba in Jo\u00e3o Pessoa. He has also been teaching children and young adults in private schools for the last three years.<\/p>\n<p class=\"font_8\">Thiago Rodrigues is an English Teacher for the Ingl\u00eas sem Fronteiras program at Universidade Federal da Para\u00edba in Jo\u00e3o Pessoa. Having his first teaching experience, he has been in the program for the past eight months.<\/p>\n<p class=\"font_8\">\n<p class=\"font_8\"><strong>Workshop 3: Using games to review content<\/strong><br \/>\nMarcelo Alvarado (IsF-UFPB)<\/p>\n<p class=\"font_8\">The purpose of this workshop is to provide tips and ideas on how to create and adapt fun and effective review activities. We will see how using games to review content makes students engage more effectively in their learning experience and help each other in the classroom to achieve common goals.<\/p>\n<p class=\"font_8\"><strong>Biodata<\/strong><br \/>\nMarcelo Alvarado is an English Major student at UFPB and has been a teacher at IsF-UFPB for a year. He has been teaching for 2 years and has experience with teaching mostly young adults and adults.<\/p>\n<p class=\"font_8\">\n<p class=\"font_8\"><strong>Workshop 4: Phrasal Verbs: strategies, games and activities for the EFL classroom<\/strong><br \/>\nAna G\u00earda Paz (IsF-UFPB\/EFOPLI)<\/p>\n<p class=\"font_8\">In this workshop, you will learn, execute and discuss games and activities that facilitate the teaching-learning process of Phrasal Verbs in the EFL classroom. The knowledge and contribution of its participants will play a significant role in the development and flow of this workshop.<\/p>\n<p class=\"font_8\"><strong>Biodata<\/strong><br \/>\nAna G\u00earda Paz is a teacher at NUCLI-UFPB and Yazigi Sul in Jo\u00e3o Pessoa. She has been working with developing new courses and materials for the NUCLI-IFPB while working there. She attended a bilingual school in Bras\u00edlia and has experience in both the bilingual and EFL contexts.<\/p>\n<p class=\"font_8\">\n<p class=\"font_8\"><strong>Workshop 5:\u00a0Corpus Linguistics and Teaching: hands-on work with corpora<\/strong><br \/>\nHelmara Moraes<\/p>\n<p class=\"font_8\">This workshop aims at presenting Corpus Linguistics, a new way of studying and teaching a foreign language that allows us to analyze electronically huge amounts of authentic data in order to identify linguistic patterns, different meanings of a given word, specialized language terms, equivalent forms in different languages, among many other possible kinds of research. Up to the present time, Corpus Linguistics has provided support to different areas of study, being Teaching English as a Foreign\/Second Language, Translation and Contrastive Studies just some of them. Focusing on teaching, our objective is to show how this methodology can help the English teacher, independent of the level of their students. Besides presenting some introductory concepts and an overview on the theoretical aspect of this area of study, we are showing some corpora that are available online, such as the BNC (British National Corpus), a closed corpus of 100 million words, and COCA, with 450 million words and constantly growing. We will also present WebCorp, a search tool which has been especially developed for linguistic research and is frequently updated to fit the researcher\u2019s needs. Using this material, and even other corpora that may be compiled specifically for some given study, we can search for different linguistic patterns in their naturally occurring contexts: collocations, colligations and extended units of meaning. Besides that, we can also investigate the semantic prosody, semantic field, and aspects related to the register of a given word or expression. These patterns can be analyzed through concordance lines, and we are working with some examples during this session so that participants can \u201cdiscover\u201d some of them. We also aim at presenting some activities that have been developed by English teachers and have resulted positively in the classroom, emphasizing that Corpus Linguistics provides theory, can be used as a tool, and is a methodology which might be very helpful for a language teacher\/researcher.<\/p>\n<p class=\"font_8\"><strong>Biodata<\/strong><br \/>\nHelmara currently works at the United States Consulate General in S\u00e3o Paulo (RELO Office) as an English Language Specialist. She holds a PhD (2011) and an MA (2005) in Languages from the University of S\u00e3o Paulo and has worked with Corpus Linguistics in Translation and Language Teaching since 2000.<\/p>\n<p class=\"font_8\">\n<p class=\"font_8\"><strong>Workshop 6:\u00a0More than reading skills in EFL: approaching texts and themes through critical literacy strategies<\/strong><br \/>\nDr. Ang\u00e9lica Maia (PIBID\/UFPB) and\u00a0Jonathan Ferreira (PIBID UFPB)<\/p>\n<p class=\"font_8\">The purpose of this workshop is to share with participants a series of language learning activities based on multimodal texts (videos, songs, TV commercials, infographics). The activities were developed not only to facilitate students understanding of texts in English through reading, listening and multimodal practices, \u00a0but also to foster their engagement in critical reflection on \u00a0selected themes (Consumerism, tolerance, recycling). The activities are based on a critical literacy perspective which considers language learning a social practice, with focus on interaction and on promoting students capacities to use language to act in the world as informed citizens. Participants will also be invited to work in groups and create an activity based on critical literacy principles.<\/p>\n<p class=\"font_8\"><strong>Biodata<\/strong><br \/>\nAng\u00e9lica Ara\u00fajo de Melo Maia is a professor at the Department of Modern Foreign Languages at Universidade Federal da Para\u00edba. She holds a PhD (2014) in Educational Policies. She is currently the coordinator of the Supervised Internship area at DLEM and she is also one of the coordinators of the English PIBID Project at UFPB. She is a volunteer member of the board of directors at Casa Pequeno Davi, an NGO in Jo\u00e3o Pessoa-PB. Areas of interest: teacher education; critical literacy; supervised internship; teaching English for special needs students; English language teaching and youth professionalization.<\/p>\n<p class=\"font_8\">Jonathan Ferreira is an undergraduate student at UFPB, studying Letras &#8211; Ingl\u00eas. He has been in the EFL field for four years and got a CELTA certification in 2013. He has recently been involved in a PROBEX project and is currently developing course materials as well as conducting lessons in the light of a critical literacy approach in an NGO located in Jo\u00e3o Pessoa &#8211; PB.<\/p>\n<p class=\"font_8\">\n<p class=\"font_8\"><strong>Workshop 7:\u00a0Grammar Teaching: using and reflecting upon language<\/strong><br \/>\nDr.\u00a0Maura Dourado (UFPB\/PIBID) and Juliana Silveira (UFPB\/PIDIB)<\/p>\n<p class=\"font_8\">What is the objective of EFL classes in Brazil? Would it be teaching students about English or teaching them how to communicate in English?It is well known that grammar organizes ideas and builds meaning. This means that the study of grammar cannot be divorced from the study of meaning. The teaching of grammar claimed by the Brazilian Curriculum Guidelines is the reflective rather than the prescriptive one. The objective of this workshop, then, is to foster the role of reflective grammar teaching taking into account the use-reflection perspective. Through a hands-on approach, participants will be invited to prepare a theme-oriented EFL class focusing on lexico-grammatical patterns. After all, when language is learned in larger lexical chunks or meaningful strings of words, more cognitive space is freed, avoiding cognitive overloading.<\/p>\n<p class=\"font_8\"><strong>Biodata<\/strong><br \/>\nMaura Regina Dourado is Associate Professor of Linguistics, Applied Linguistics, English Language and Teacher Education in the Department of Modern Languages at UFPB. She has co-authored EFL State Curriculum Guidelines for both elementary and high school and is currently one of the coordinators of The Scholarship Program Initiation in English Teaching (PIBID\/UFPB-Letras-Ingl\u00eas\/CAPES). Her research interests are critical literacy learning, linguistic education, EFL\u00a0teacher education,\u00a0critical approaches to EFL teaching, \u00a0lexico-grammatical choices and situated literacies.<\/p>\n<p class=\"font_8\">Juliana de Souza Cavalcanti da Silveira is a Letras student at Federal University of Para\u00edba. She has been a scholar in the Institutional Program of Initiation to Teaching (PIBID\/CAPES) for the past two years. Her research interests include EFL Brazilian public school teaching, grammar, collocations and\u00a0new technologies in EFL teaching. She has experience teaching high school students.<\/p>\n<h2 class=\"font_2\"><\/h2>\n<h2 class=\"font_2\" style=\"text-align: center\">Second round of workshops: 3.15 pm\u00a0&#8211; 4.45\u00a0pm\u00a0(Workshops 7-12)<\/h2>\n<h2 class=\"font_2\"><\/h2>\n<p class=\"font_8\"><strong>Workshop 8:\u00a0Teaching blind and visually impaired students: material adaptations<\/strong><br \/>\nMs. Rosycl\u00e9a Dantas (UFPB\/Proling)<\/p>\n<p class=\"font_8\">The overall aim of the workshop is to discuss about blind and visually impaired students&#8217; needs in English classes by focusing on material adaptations. These students usually need adaptations to access printed and visual information that allows them to develop all language skills. Material adaptation needs vary, depending on the degree of functional vision and the task to be done, thus students may need tactile adaptation, braille print, recorded material, graphics, maps, and picture adaptation or real objects and materials (realia). Therefore, this workshop will provide participants with an opportunity to reflect about the process of teaching English to blind and visually impaired students, as well as suggestions and ideas to encourage material adaptations.<\/p>\n<p class=\"font_8\"><strong>Biodata<\/strong><br \/>\nRosycl\u00e9a Dantas is an English teacher at Instituto dos Cegos da Para\u00edba. She holds a degree in Modern Languages \u2013 English, Universidade Federal da Para\u00edba (2010) and a Masters Degree in Applied Linguistics also from Universidade Federal da Para\u00edba (2014). She is a PhD student and member of Grupo de Estudos em Letramentos, Intera\u00e7\u00e3o e Trabalho (GELIT\/CNPq\/UFPB). Her research interests involve Applied Linguistics, Sociodiscursive Interactionism, Inclusive Education, teacher Education and Foreign Language Teaching to blind and visually impaired people.<\/p>\n<p class=\"font_8\">\n<p class=\"font_8\"><strong>Workshop 9:\u00a0Implementing your students&#8217; collocations<\/strong><br \/>\nJos\u00e9 Ribamar de Castro (UFPb-PAELE)<\/p>\n<p class=\"font_8\">The aim of the present workshop is to aware students of how words work together for fluent and natural English self-study and classroom use.<\/p>\n<p class=\"font_8\"><strong>Biodata<\/strong><br \/>\nJos\u00e9 Ribamar de Castro is a professor at the Departament of Modern Foreign Languages at Universidade Federal da Para\u00edba. He holds a Master (1981) in Applied Linguistics (Phonology)\/PUC \/SP and the International House Teacher Training Certificate\u00a0(1998) in &#8220;Collocations in Use&#8221;\/Hastings-England.\u00a0Currently he teaches Phonetics and Phonology in the Letras course.<\/p>\n<p class=\"font_8\">\n<p class=\"font_8\"><strong>Workshop 10:\u00a0(Trans)forming the classroom: overcoming challenges<\/strong><br \/>\nGerthrudes Helena Cavalcante de Ara\u00fajo (IFPB) and Liane Velloso Leit\u00e3o (IFPB)<\/p>\n<p class=\"font_8\">The classroom is an environment to learn, innovate and build the path to a more inclusive and dynamic education. The context of work of English teachers in Brazil is extremely diversified, especially when we teach (or intend to) at public, private and language schools. Thus, we propose to present practical ideas on how to adapt material for classroom use with the aim of overcoming some challenges the teacher may face when starting work in a new context.<\/p>\n<p class=\"font_8\"><strong>Biodata<\/strong><br \/>\nGerthrudes Hellena Cavalcante de Ara\u00fajo is an English Language and Linguistics professor at the Federal Institute of Education, Science and Technology of Para\u00edba (IFPB). She holds a Master\u2019s degree in Linguistics from the Federal University of Para\u00edba (UFPB \/ PROLING) and is currently studying at the doctoral programme of Linguistics at the same university. Her main areas of research interest are teacher education, distance learning and teaching and learning languages.<\/p>\n<p class=\"font_8\">Liane Velloso Leit\u00e3o has a Master&#8217;s Degree in Linguistics and is a doctorate student at the Universidade Federal da Para\u00edba (UFPB). She has a degree in Business from the Universidade Federal do Rio de Janeiro (UFRJ) and in Liberal Arts \u2013 English from the Universidade do Vale do Acara\u00fa (UVA). She is a member of Grupo de Estudos em Letramento, Intera\u00e7\u00e3o e Trabalho (GELIT\/CAPES\/CNPq). Her research focus is teacher\u2019s work. She is an English teacher at Instituto Federal de Educa\u00e7\u00e3o, Ci\u00eancia e Tecnologia da Para\u00edba (IFPB).<\/p>\n<p class=\"font_8\">\n<p class=\"font_8\"><strong>Workshop 11:\u00a0Applying the Theory of Multiple Intelligences in the Classroom<\/strong><br \/>\nIdmantzi Torres (IsF-UFPB\/EFOPLI)<\/p>\n<p class=\"font_8\">This workshop will briefly introduce Gardner\u2019s Theory of Multiple Intelligences while providing a practical, hands-on environment for teachers by introducing classroom activities. These activities will acknowledge varies learning styles that students may possess while serving as useful English learning content. The objective of this workshop is to enable teachers to detect their students learning style and needs in order to benefit the overall classroom environment.<\/p>\n<p class=\"font_8\"><strong>Biodata<\/strong><br \/>\nIdmantzi Torres is a Fulbright English teaching assistant with the Ingles sem Fronteiras program at the Universidade Federal da Para\u00edba (UFPB) in Jo\u00e3o Pessoa. She has a Bachelor degree in Psychology from San Diego State University in California, where she was born and raised.<\/p>\n<p class=\"font_8\">\n<p class=\"font_8\"><strong>Workshop 12:\u00a0The Office of English Language Programs: opportunities and resources for interaction<\/strong><br \/>\nHelmara Moraes<\/p>\n<p class=\"font_8\">This session will demonstrate some of the many resources for fostering fun and communication in the classroom available from the Office of English Language Programs of the U.S. Mission in Brazil. Participants will receive an overview and have hands-on practice with activities and materials that are easily adaptable. Information on programs and opportunities for teacher development such as\u00a0 MOOCs and webinars will also be shared.<\/p>\n<p class=\"font_8\"><strong>Biodata<\/strong><br \/>\nHelmara currently works at the United States Consulate General in S\u00e3o Paulo (RELO Office) as an English Language Specialist. She holds a PhD (2011) and an MA (2005) in Languages from the University of S\u00e3o Paulo and has worked with Corpus Linguistics in Translation and Language Teaching since 2000.<\/p>\n<p class=\"font_8\">\n<p class=\"font_8\"><strong>Workshop 13:\u00a0Facing New Challenges with Principled Teaching<\/strong><br \/>\nNajin Lima (Pearson)<\/p>\n<p class=\"font_8\">The theme of this workshop\u00a0derives from some disturbing while enlightening meetings I had with some youngsters who could be our students. The different situations led me to question myself about my relevance as a teacher for this generation and to reconsider the content I bring into class.<\/p>\n<p class=\"font_8\"><strong>Biodata<\/strong><br \/>\nNajin Lima holds a degree in languages (Portuguese\/English) and a MA in Linguistics.\u00a0He has a post-graduation in Material Development from London University and the ICELT certificate from Cambridge University. He worked for many years in language institutes and colleges in Brazil teaching English as a foreign language and for specific purposes. He is now particularly interested in investigating how multimodality can enhance\u00a0 the learning of a foreign language in a multiliterate community. Najin is currently the academic consultancy coordinator for Pearson Brazil.<\/p>\n","protected":false},"excerpt":{"rendered":"<p>First round of workshops:\u00a01.30\u00a0pm &#8211; 3\u00a0pm\u00a0(Workshops 1-6) Workshop 1: Reevaluating Teaching Approaches and Academic Uses of the English Language: Educating Through World Englishes Michelle Quinones and Ingrid Hil\u00e1rio (IsF-UFPB) This workshop aims to showcase the benefits of teaching International\/World English in Brazilian schools over American and British English in order to minimize the perpetuation of [&hellip;]<\/p>\n","protected":false},"author":147,"featured_media":0,"parent":0,"menu_order":0,"comment_status":"closed","ping_status":"closed","template":"","meta":{"footnotes":""},"class_list":["post-1686","page","type-page","status-publish","hentry"],"_links":{"self":[{"href":"https:\/\/www.ufpb.br\/efopli\/wp-json\/wp\/v2\/pages\/1686","targetHints":{"allow":["GET"]}}],"collection":[{"href":"https:\/\/www.ufpb.br\/efopli\/wp-json\/wp\/v2\/pages"}],"about":[{"href":"https:\/\/www.ufpb.br\/efopli\/wp-json\/wp\/v2\/types\/page"}],"author":[{"embeddable":true,"href":"https:\/\/www.ufpb.br\/efopli\/wp-json\/wp\/v2\/users\/147"}],"replies":[{"embeddable":true,"href":"https:\/\/www.ufpb.br\/efopli\/wp-json\/wp\/v2\/comments?post=1686"}],"version-history":[{"count":2,"href":"https:\/\/www.ufpb.br\/efopli\/wp-json\/wp\/v2\/pages\/1686\/revisions"}],"predecessor-version":[{"id":1732,"href":"https:\/\/www.ufpb.br\/efopli\/wp-json\/wp\/v2\/pages\/1686\/revisions\/1732"}],"wp:attachment":[{"href":"https:\/\/www.ufpb.br\/efopli\/wp-json\/wp\/v2\/media?parent=1686"}],"curies":[{"name":"wp","href":"https:\/\/api.w.org\/{rel}","templated":true}]}}