{"id":1688,"date":"2024-10-25T12:39:34","date_gmt":"2024-10-25T15:39:34","guid":{"rendered":"https:\/\/www.ufpb.br\/efopli2\/?page_id=1688"},"modified":"2024-10-29T16:32:54","modified_gmt":"2024-10-29T19:32:54","slug":"organizacao-eppi-ii","status":"publish","type":"page","link":"https:\/\/www.ufpb.br\/efopli\/organizacao-eppi-ii\/","title":{"rendered":"Organiza\u00e7\u00e3o II EPPI"},"content":{"rendered":"<h2 class=\"font_2\" style=\"text-align: center\"><span class=\"color_19\">Comiss\u00e3o Organizadora<\/span><\/h2>\n<p class=\"font_8\" style=\"text-align: center\">\n<p class=\"font_8\" style=\"text-align: center\"><span class=\"color_19\">Profa. Dra. Mariana P\u00e9rez (DLEM-UFPB\/IsF\/EFOPLI)<\/span><\/p>\n<p class=\"font_8\" style=\"text-align: center\"><span class=\"color_19\">Profa. Ms. Ana Carolina Bastos (UFPB &#8211;\u00a0Campus IV\/EFOPLI)<\/span><\/p>\n<p class=\"font_8\" style=\"text-align: center\"><span class=\"color_19\">Prof. Dr. F\u00e1bio Alexandre Bezerra (DLEM-UFPB\/IsF)<\/span><\/p>\n<p class=\"font_8\" style=\"text-align: center\"><span class=\"color_19\">Profa. Ms. Rafaela Carla Sousa (DLEM-UFPB\/IsF)<\/span><\/p>\n<p class=\"font_8\" style=\"text-align: center\"><span class=\"color_19\">Profa. Ms. Laura Mizuha (Especialista Consulado Americano (Recife)\/EFOPLI)<\/span><\/p>\n<p class=\"font_8\" style=\"text-align: center\"><span class=\"color_19\">Prof. Ms.Thiago Magno de Carvalho Costa (Dire\u00e7\u00e3o CCHLA)<\/span><\/p>\n<p class=\"font_8\" style=\"text-align: center\"><span class=\"color_19\">J\u00e9rcica Dutra (Secretariado Bil\u00edngue\/UFPB)<\/span><\/p>\n<p class=\"font_8\" style=\"text-align: center\"><span class=\"color_19\">Pedro Paulo Silva (LEA\/UFPB)<\/span><\/p>\n<p class=\"font_8\" style=\"text-align: center\"><span class=\"color_19\">Sarah Priscila Filgueira (LEA\/UFPB)<\/span><\/p>\n<p class=\"font_8\" style=\"text-align: center\">\n<h2 class=\"font_2\" style=\"text-align: center\"><span class=\"color_19\">Comiss\u00e3o Cient\u00edfica<\/span><\/h2>\n<p class=\"font_8\" style=\"text-align: center\"><span class=\"color_19\">Profa. Ms. Ana Carolina Bastos (UFPB\/ Campus IV)<\/span><\/p>\n<p class=\"font_8\" style=\"text-align: center\"><span class=\"color_19\">Profa. Ana Ang\u00e9lica de Lucena Taveira Rocha (IFPB\/Campus Picu\u00ed)<\/span><\/p>\n<p class=\"font_8\" style=\"text-align: center\"><span class=\"color_19\">Profa. Dra. Bet\u00e2nia Medrado (UFPB)<\/span><\/p>\n<p class=\"font_8\" style=\"text-align: center\"><span class=\"color_19\">Profa. Dra. Daniela N\u00f3brega (UEPB)<\/span><\/p>\n<p class=\"font_8\" style=\"text-align: center\"><span class=\"color_19\">Prof. Dr. F\u00e1bio Bezerra (UFPB\/ Campus I)<\/span><\/p>\n<p class=\"font_8\" style=\"text-align: center\"><span class=\"color_19\">Profa. Ms. Gerthrudes Hellena Cavalcante Ara\u00fajo (IFPB\/ Campus Itabaiana)<\/span><\/p>\n<p class=\"font_8\" style=\"text-align: center\"><span class=\"color_19\">Prof. Ms. Igor Gadioli (DSE\/UFS\/Sergipe)<\/span><\/p>\n<p class=\"font_8\" style=\"text-align: center\"><span class=\"color_19\">Prof. Jonathan Vieira (CELEST\/PMJP)<\/span><\/p>\n<p class=\"font_8\" style=\"text-align: center\"><span class=\"color_19\">Profa. Ms. Karyne Soares (UEPB)<\/span><\/p>\n<p class=\"font_8\" style=\"text-align: center\"><span class=\"color_19\">Profa. Ms. Laura Mizuha (Consulado EUA\/Recife)<\/span><\/p>\n<p class=\"font_8\" style=\"text-align: center\"><span class=\"color_19\">Profa. Ms. Liane Velloso Leit\u00e3o (IFPB\/ Campus Cajazeiras)<\/span><\/p>\n<p class=\"font_8\" style=\"text-align: center\"><span class=\"color_19\">Profa. Dra. Mariana P\u00e9rez (UFPB\/ Campus I)<\/span><\/p>\n<p class=\"font_8\" style=\"text-align: center\"><span class=\"color_19\">Profa. Ms. Rafaela Carla Sousa (UFPB\/ Campus I)<\/span><\/p>\n<p class=\"font_8\" style=\"text-align: center\"><span class=\"color_19\">Prof. Dr. S\u00e9rgio Ifa (UFAL\/Alagoas)<\/span><\/p>\n<p class=\"font_8\" style=\"text-align: center\"><span class=\"color_19\">Prof. Ms. Su\u00eanio Stevenson (UFCG)<\/span><\/p>\n<p class=\"font_8\" style=\"text-align: center\"><span class=\"color_19\">Profa. Ms. Telma Ferreira (UEPB)<\/span><\/p>\n<p class=\"font_8\" style=\"text-align: center\"><span class=\"color_19\">Prof. Ms.Thiago Magno de Carvalho Costa (Dire\u00e7\u00e3o CCHLA)<\/span><\/p>\n","protected":false},"excerpt":{"rendered":"<p>Comiss\u00e3o Organizadora Profa. Dra. Mariana P\u00e9rez (DLEM-UFPB\/IsF\/EFOPLI) Profa. Ms. Ana Carolina Bastos (UFPB &#8211;\u00a0Campus IV\/EFOPLI) Prof. Dr. F\u00e1bio Alexandre Bezerra (DLEM-UFPB\/IsF) Profa. Ms. Rafaela Carla Sousa (DLEM-UFPB\/IsF) Profa. Ms. Laura Mizuha (Especialista Consulado Americano (Recife)\/EFOPLI) Prof. Ms.Thiago Magno de Carvalho Costa (Dire\u00e7\u00e3o CCHLA) J\u00e9rcica Dutra (Secretariado Bil\u00edngue\/UFPB) Pedro Paulo Silva (LEA\/UFPB) Sarah Priscila Filgueira (LEA\/UFPB) [&hellip;]<\/p>\n","protected":false},"author":147,"featured_media":0,"parent":0,"menu_order":0,"comment_status":"closed","ping_status":"closed","template":"","meta":{"footnotes":""},"class_list":["post-1688","page","type-page","status-publish","hentry"],"_links":{"self":[{"href":"https:\/\/www.ufpb.br\/efopli\/wp-json\/wp\/v2\/pages\/1688","targetHints":{"allow":["GET"]}}],"collection":[{"href":"https:\/\/www.ufpb.br\/efopli\/wp-json\/wp\/v2\/pages"}],"about":[{"href":"https:\/\/www.ufpb.br\/efopli\/wp-json\/wp\/v2\/types\/page"}],"author":[{"embeddable":true,"href":"https:\/\/www.ufpb.br\/efopli\/wp-json\/wp\/v2\/users\/147"}],"replies":[{"embeddable":true,"href":"https:\/\/www.ufpb.br\/efopli\/wp-json\/wp\/v2\/comments?post=1688"}],"version-history":[{"count":2,"href":"https:\/\/www.ufpb.br\/efopli\/wp-json\/wp\/v2\/pages\/1688\/revisions"}],"predecessor-version":[{"id":1739,"href":"https:\/\/www.ufpb.br\/efopli\/wp-json\/wp\/v2\/pages\/1688\/revisions\/1739"}],"wp:attachment":[{"href":"https:\/\/www.ufpb.br\/efopli\/wp-json\/wp\/v2\/media?parent=1688"}],"curies":[{"name":"wp","href":"https:\/\/api.w.org\/{rel}","templated":true}]}}