{"id":1692,"date":"2024-10-25T12:44:25","date_gmt":"2024-10-25T15:44:25","guid":{"rendered":"https:\/\/www.ufpb.br\/efopli2\/?page_id=1692"},"modified":"2024-11-27T13:06:19","modified_gmt":"2024-11-27T16:06:19","slug":"i-eppi","status":"publish","type":"page","link":"https:\/\/www.ufpb.br\/efopli\/i-eppi\/","title":{"rendered":"I EPPI"},"content":{"rendered":"\n<figure class=\"wp-block-image size-full\"><img loading=\"lazy\" decoding=\"async\" width=\"1024\" height=\"327\" src=\"https:\/\/www.ufpb.br\/efopli2\/wp-content\/uploads\/sites\/122\/sites\/206\/2024\/10\/headteste-1.png\" alt=\"\" class=\"wp-image-1695\" srcset=\"https:\/\/www.ufpb.br\/efopli\/wp-content\/uploads\/sites\/122\/sites\/206\/2024\/10\/headteste-1.png 1024w, https:\/\/www.ufpb.br\/efopli\/wp-content\/uploads\/sites\/122\/sites\/206\/2024\/10\/headteste-1-300x96.png 300w, https:\/\/www.ufpb.br\/efopli\/wp-content\/uploads\/sites\/122\/sites\/206\/2024\/10\/headteste-1-768x245.png 768w\" sizes=\"auto, (max-width: 1024px) 100vw, 1024px\" \/><\/figure>\n\n\n\n<p><\/p>\n\n\n\n<div class=\"wp-block-group is-content-justification-center is-nowrap is-layout-flex wp-container-core-group-is-layout-94bc23d7 wp-block-group-is-layout-flex\">\n<figure class=\"wp-block-image size-large is-resized\"><a href=\"https:\/\/www.ufpb.br\/efopli\/programacao-e-workshops-eppi-i\/\" target=\"_blank\" rel=\"noreferrer noopener\"><img loading=\"lazy\" decoding=\"async\" width=\"1024\" height=\"342\" src=\"https:\/\/www.ufpb.br\/efopli2\/wp-content\/uploads\/sites\/122\/sites\/206\/2024\/10\/Fotos-1024x342.jpg\" alt=\"\" class=\"wp-image-1728\" style=\"width:240px\" srcset=\"https:\/\/www.ufpb.br\/efopli\/wp-content\/uploads\/sites\/122\/sites\/206\/2024\/10\/Fotos-1024x342.jpg 1024w, https:\/\/www.ufpb.br\/efopli\/wp-content\/uploads\/sites\/122\/sites\/206\/2024\/10\/Fotos-300x100.jpg 300w, https:\/\/www.ufpb.br\/efopli\/wp-content\/uploads\/sites\/122\/sites\/206\/2024\/10\/Fotos-768x256.jpg 768w, https:\/\/www.ufpb.br\/efopli\/wp-content\/uploads\/sites\/122\/sites\/206\/2024\/10\/Fotos-1536x512.jpg 1536w, https:\/\/www.ufpb.br\/efopli\/wp-content\/uploads\/sites\/122\/sites\/206\/2024\/10\/Fotos.jpg 2000w\" sizes=\"auto, (max-width: 1024px) 100vw, 1024px\" \/><\/a><\/figure>\n\n\n\n<figure class=\"wp-block-image size-large is-resized\"><a href=\"https:\/\/www.ufpb.br\/efopli\/organizacao-eppi-i\/\" target=\"_blank\" rel=\"noreferrer noopener\"><img loading=\"lazy\" decoding=\"async\" width=\"1024\" height=\"342\" src=\"https:\/\/www.ufpb.br\/efopli2\/wp-content\/uploads\/sites\/122\/sites\/206\/2024\/10\/Fotos-5-1-1024x342.png\" alt=\"\" class=\"wp-image-1697\" style=\"width:240px;height:auto\" srcset=\"https:\/\/www.ufpb.br\/efopli\/wp-content\/uploads\/sites\/122\/sites\/206\/2024\/10\/Fotos-5-1-1024x342.png 1024w, https:\/\/www.ufpb.br\/efopli\/wp-content\/uploads\/sites\/122\/sites\/206\/2024\/10\/Fotos-5-1-300x100.png 300w, https:\/\/www.ufpb.br\/efopli\/wp-content\/uploads\/sites\/122\/sites\/206\/2024\/10\/Fotos-5-1-768x256.png 768w, https:\/\/www.ufpb.br\/efopli\/wp-content\/uploads\/sites\/122\/sites\/206\/2024\/10\/Fotos-5-1-1536x512.png 1536w, https:\/\/www.ufpb.br\/efopli\/wp-content\/uploads\/sites\/122\/sites\/206\/2024\/10\/Fotos-5-1.png 2000w\" sizes=\"auto, (max-width: 1024px) 100vw, 1024px\" \/><\/a><\/figure>\n\n\n\n<figure class=\"wp-block-image size-large is-resized\"><a href=\"https:\/\/flickr.com\/photos\/efopli\/albums\/72157683728175994\/\" target=\"_blank\" rel=\"noreferrer noopener\"><img loading=\"lazy\" decoding=\"async\" width=\"1024\" height=\"342\" src=\"https:\/\/www.ufpb.br\/efopli2\/wp-content\/uploads\/sites\/122\/sites\/206\/2024\/10\/Fotos-10-1024x342.png\" alt=\"\" class=\"wp-image-1698\" style=\"width:240px\" srcset=\"https:\/\/www.ufpb.br\/efopli\/wp-content\/uploads\/sites\/122\/sites\/206\/2024\/10\/Fotos-10-1024x342.png 1024w, https:\/\/www.ufpb.br\/efopli\/wp-content\/uploads\/sites\/122\/sites\/206\/2024\/10\/Fotos-10-300x100.png 300w, https:\/\/www.ufpb.br\/efopli\/wp-content\/uploads\/sites\/122\/sites\/206\/2024\/10\/Fotos-10-768x256.png 768w, https:\/\/www.ufpb.br\/efopli\/wp-content\/uploads\/sites\/122\/sites\/206\/2024\/10\/Fotos-10-1536x512.png 1536w, https:\/\/www.ufpb.br\/efopli\/wp-content\/uploads\/sites\/122\/sites\/206\/2024\/10\/Fotos-10.png 2000w\" sizes=\"auto, (max-width: 1024px) 100vw, 1024px\" \/><\/a><\/figure>\n<\/div>\n\n\n\n<h2 class=\"wp-block-heading has-text-align-center has-medium-font-size\">I&nbsp;EPPI &#8211; Encontro Paraibano de Professores de Ingl\u00eas<\/h2>\n\n\n\n<p>O I EPPI aconteceu na UFPB no dia 01 de novembro de 2014 e foi organizado pela ent\u00e3o coordena\u00e7\u00e3o do Programa Ingl\u00eas sem Fronteiras da UFPB. O evento reuniu 50 professores de 4 munic\u00edpios paraibanos&nbsp;que conclu\u00edram o curso de extens\u00e3o oferecido intitulado &#8220;Di\u00e1logos Interculturais em L\u00edngua Inglesa com enfoque comunicativo&#8221;, al\u00e9m de outros professores da rede regular (p\u00fablica e privada) e escolas de l\u00ednguas.&nbsp;<\/p>\n\n\n\n<p>O objetivo do evento era proporcionar um espa\u00e7o de troca de experi\u00eancias para professores de l\u00edngua inglesa e de informa\u00e7\u00f5es sobre oportunidades de desenvolvimento profissional dispon\u00edveis local e nacionalmente. O evento contou com a parceria da SBS, CNA,&nbsp;Proling\/UFPB e CCHLA\/UFPB e foi organizado pelas professoras Mariana P\u00e9rez e Ana Carolina Bastos, Marina Costa (estagi\u00e1ria), al\u00e9m dos estudantes de Letras&nbsp;Lucas Marinho, Marcelo Alvarado e Ra\u00edsa Claro.<\/p>\n\n\n\n<p>O I EPPI teve a dura\u00e7\u00e3o de uma manh\u00e3 e incluiu, em sua programa\u00e7\u00e3o, &nbsp;uma palestra inicial de abertura, proferida pela professora Mariana P\u00e9rez sobre &#8220;Oportunidades de Desenvolvimento Profissional para professores de ingl\u00eas na Para\u00edba&#8221;, al\u00e9m de 4 oficinas que foram ministradas por ent\u00e3o professores do N\u00facleo de l\u00ednguas do Ingl\u00eas Sem Fronteiras da UFPB (Fernando Cabral, Felipe Lima e Luciana Arruda)&nbsp;e Assistentes de Ensino da CAPES-Fulbright-ISF 2014 (Connor Pierson e Renee Payne).&nbsp;<\/p>\n\n\n\n<h2 class=\"wp-block-heading has-text-align-center has-medium-font-size\">APOIO<\/h2>\n\n\n<div class=\"wp-block-image\">\n<figure class=\"aligncenter size-full\"><img loading=\"lazy\" decoding=\"async\" width=\"679\" height=\"394\" src=\"https:\/\/www.ufpb.br\/efopli2\/wp-content\/uploads\/sites\/122\/sites\/206\/2024\/10\/apoio.png\" alt=\"\" class=\"wp-image-1700\" srcset=\"https:\/\/www.ufpb.br\/efopli\/wp-content\/uploads\/sites\/122\/sites\/206\/2024\/10\/apoio.png 679w, https:\/\/www.ufpb.br\/efopli\/wp-content\/uploads\/sites\/122\/sites\/206\/2024\/10\/apoio-300x174.png 300w\" sizes=\"auto, (max-width: 679px) 100vw, 679px\" \/><\/figure>\n<\/div>","protected":false},"excerpt":{"rendered":"<p>I&nbsp;EPPI &#8211; Encontro Paraibano de Professores de Ingl\u00eas O I EPPI aconteceu na UFPB no dia 01 de novembro de 2014 e foi organizado pela ent\u00e3o coordena\u00e7\u00e3o do Programa Ingl\u00eas sem Fronteiras da UFPB. O evento reuniu 50 professores de 4 munic\u00edpios paraibanos&nbsp;que conclu\u00edram o curso de extens\u00e3o oferecido intitulado &#8220;Di\u00e1logos Interculturais em L\u00edngua Inglesa [&hellip;]<\/p>\n","protected":false},"author":147,"featured_media":0,"parent":0,"menu_order":0,"comment_status":"closed","ping_status":"closed","template":"","meta":{"footnotes":""},"class_list":["post-1692","page","type-page","status-publish","hentry"],"_links":{"self":[{"href":"https:\/\/www.ufpb.br\/efopli\/wp-json\/wp\/v2\/pages\/1692","targetHints":{"allow":["GET"]}}],"collection":[{"href":"https:\/\/www.ufpb.br\/efopli\/wp-json\/wp\/v2\/pages"}],"about":[{"href":"https:\/\/www.ufpb.br\/efopli\/wp-json\/wp\/v2\/types\/page"}],"author":[{"embeddable":true,"href":"https:\/\/www.ufpb.br\/efopli\/wp-json\/wp\/v2\/users\/147"}],"replies":[{"embeddable":true,"href":"https:\/\/www.ufpb.br\/efopli\/wp-json\/wp\/v2\/comments?post=1692"}],"version-history":[{"count":8,"href":"https:\/\/www.ufpb.br\/efopli\/wp-json\/wp\/v2\/pages\/1692\/revisions"}],"predecessor-version":[{"id":2307,"href":"https:\/\/www.ufpb.br\/efopli\/wp-json\/wp\/v2\/pages\/1692\/revisions\/2307"}],"wp:attachment":[{"href":"https:\/\/www.ufpb.br\/efopli\/wp-json\/wp\/v2\/media?parent=1692"}],"curies":[{"name":"wp","href":"https:\/\/api.w.org\/{rel}","templated":true}]}}