{"id":1755,"date":"2024-10-30T20:48:10","date_gmt":"2024-10-30T23:48:10","guid":{"rendered":"https:\/\/www.ufpb.br\/efopli2\/?page_id=1755"},"modified":"2026-03-21T18:57:10","modified_gmt":"2026-03-21T21:57:10","slug":"acoes-2019","status":"publish","type":"page","link":"https:\/\/www.ufpb.br\/efopli\/acoes\/acoes-2019\/","title":{"rendered":"A\u00e7\u00f5es 2019"},"content":{"rendered":"\n<p>A\u00e7\u00f5es realizadas em 2019. Visite <em>link <\/em>no t\u00edtulo para mais detalhes.<\/p>\n\n\n\n<p><\/p>\n\n\n\n<div class=\"wp-block-cover has-custom-content-position is-position-bottom-center\" style=\"min-height:267px;aspect-ratio:unset;\"><span aria-hidden=\"true\" class=\"wp-block-cover__background has-background-dim\"><\/span><img loading=\"lazy\" decoding=\"async\" width=\"1024\" height=\"544\" class=\"wp-block-cover__image-background wp-image-1802\" alt=\"\" src=\"http:\/\/www.ufpb.br\/efopli2\/wp-content\/uploads\/sites\/122\/sites\/206\/2024\/10\/language-fellow-e1730333513467-1024x544.jpg\" data-object-fit=\"cover\" srcset=\"https:\/\/www.ufpb.br\/efopli\/wp-content\/uploads\/sites\/122\/sites\/206\/2024\/10\/language-fellow-e1730333513467-1024x544.jpg 1024w, https:\/\/www.ufpb.br\/efopli\/wp-content\/uploads\/sites\/122\/sites\/206\/2024\/10\/language-fellow-e1730333513467-300x159.jpg 300w, https:\/\/www.ufpb.br\/efopli\/wp-content\/uploads\/sites\/122\/sites\/206\/2024\/10\/language-fellow-e1730333513467-768x408.jpg 768w, https:\/\/www.ufpb.br\/efopli\/wp-content\/uploads\/sites\/122\/sites\/206\/2024\/10\/language-fellow-e1730333513467.jpg 1080w\" sizes=\"auto, (max-width: 1024px) 100vw, 1024px\" \/><div class=\"wp-block-cover__inner-container is-layout-flow wp-block-cover-is-layout-flow\">\n<p class=\"has-text-align-center has-luminous-vivid-amber-color has-white-background-color has-text-color has-background has-link-color has-small-font-size wp-elements-32852cca94a1abccf52a72f0b219ccec\" style=\"letter-spacing:1px\"><strong><a href=\"https:\/\/www.ufpb.br\/efopli\/english-language-fellow\/\" target=\"_blank\" rel=\"noreferrer noopener\">English Language Fellow<\/a><\/strong><\/p>\n<\/div><\/div>\n\n\n\n<p><\/p>\n\n\n\n<p><\/p>\n\n\n\n<div class=\"wp-block-cover has-custom-content-position is-position-bottom-center\" style=\"min-height:257px;aspect-ratio:unset;\"><span aria-hidden=\"true\" class=\"wp-block-cover__background has-background-dim\"><\/span><img loading=\"lazy\" decoding=\"async\" width=\"1024\" height=\"333\" class=\"wp-block-cover__image-background wp-image-1984\" alt=\"\" src=\"http:\/\/www.ufpb.br\/efopli2\/wp-content\/uploads\/sites\/122\/sites\/206\/2024\/11\/chloe-abril-2019-e1730679290925-1024x333.jpg\" data-object-fit=\"cover\" srcset=\"https:\/\/www.ufpb.br\/efopli\/wp-content\/uploads\/sites\/122\/sites\/206\/2024\/11\/chloe-abril-2019-e1730679290925-1024x333.jpg 1024w, https:\/\/www.ufpb.br\/efopli\/wp-content\/uploads\/sites\/122\/sites\/206\/2024\/11\/chloe-abril-2019-e1730679290925-300x98.jpg 300w, https:\/\/www.ufpb.br\/efopli\/wp-content\/uploads\/sites\/122\/sites\/206\/2024\/11\/chloe-abril-2019-e1730679290925-768x250.jpg 768w, https:\/\/www.ufpb.br\/efopli\/wp-content\/uploads\/sites\/122\/sites\/206\/2024\/11\/chloe-abril-2019-e1730679290925.jpg 1280w\" sizes=\"auto, (max-width: 1024px) 100vw, 1024px\" \/><div class=\"wp-block-cover__inner-container is-layout-flow wp-block-cover-is-layout-flow\">\n<p class=\"has-text-align-center has-luminous-vivid-amber-color has-white-background-color has-text-color has-background has-link-color has-small-font-size wp-elements-83c24c765425645ee834b473adf3f4df\" style=\"letter-spacing:1px\"><strong><a href=\"https:\/\/www.ufpb.br\/efopli\/pmjp-e-efopli-renovam-parceira-para-formacoes-de-professores-de-lingua-inglesa\/\" target=\"_blank\" rel=\"noreferrer noopener\">Prefeitura Municipal de Jo\u00e3o Pessoa<\/a><\/strong><\/p>\n<\/div><\/div>\n\n\n\n<p><\/p>\n\n\n\n<div class=\"wp-block-cover has-custom-content-position is-position-bottom-center\" style=\"min-height:264px;aspect-ratio:unset;\"><span aria-hidden=\"true\" class=\"wp-block-cover__background has-background-dim\"><\/span><img loading=\"lazy\" decoding=\"async\" width=\"1024\" height=\"314\" class=\"wp-block-cover__image-background wp-image-1979\" alt=\"\" src=\"http:\/\/www.ufpb.br\/efopli2\/wp-content\/uploads\/sites\/122\/sites\/206\/2024\/11\/evento-8-junho-2019-e1730678573499-1024x314.jpg\" data-object-fit=\"cover\" srcset=\"https:\/\/www.ufpb.br\/efopli\/wp-content\/uploads\/sites\/122\/sites\/206\/2024\/11\/evento-8-junho-2019-e1730678573499-1024x314.jpg 1024w, https:\/\/www.ufpb.br\/efopli\/wp-content\/uploads\/sites\/122\/sites\/206\/2024\/11\/evento-8-junho-2019-e1730678573499-300x92.jpg 300w, https:\/\/www.ufpb.br\/efopli\/wp-content\/uploads\/sites\/122\/sites\/206\/2024\/11\/evento-8-junho-2019-e1730678573499-768x236.jpg 768w, https:\/\/www.ufpb.br\/efopli\/wp-content\/uploads\/sites\/122\/sites\/206\/2024\/11\/evento-8-junho-2019-e1730678573499-1536x471.jpg 1536w, https:\/\/www.ufpb.br\/efopli\/wp-content\/uploads\/sites\/122\/sites\/206\/2024\/11\/evento-8-junho-2019-e1730678573499.jpg 2048w\" sizes=\"auto, (max-width: 1024px) 100vw, 1024px\" \/><div class=\"wp-block-cover__inner-container is-layout-flow wp-block-cover-is-layout-flow\">\n<p class=\"has-text-align-center has-luminous-vivid-amber-color has-white-background-color has-text-color has-background has-link-color has-small-font-size wp-elements-4426263242f1427f8d1cbcb1d6a87c33\"><a href=\"https:\/\/www.ufpb.br\/efopli\/encontro-na-ufpb-fortalece-dialogo-entre-professores-de-ingles-da-paraiba\/\" target=\"_blank\" rel=\"noreferrer noopener\"><strong>Encontro <em>Building Communities of Learners: in the classroom and beyond<\/em><\/strong><\/a><\/p>\n<\/div><\/div>\n\n\n\n<p><\/p>\n\n\n\n<p><\/p>\n\n\n\n<div class=\"wp-block-cover has-custom-content-position is-position-bottom-center\" style=\"min-height:281px;aspect-ratio:unset;\"><span aria-hidden=\"true\" class=\"wp-block-cover__background has-background-dim\"><\/span><img loading=\"lazy\" decoding=\"async\" width=\"1024\" height=\"549\" class=\"wp-block-cover__image-background wp-image-1339\" alt=\"\" src=\"http:\/\/www.ufpb.br\/efopli2\/wp-content\/uploads\/sites\/122\/sites\/206\/2024\/10\/IMG_20190506_144819496-scaled-e1730679622598-1024x549.jpg\" data-object-fit=\"cover\" srcset=\"https:\/\/www.ufpb.br\/efopli\/wp-content\/uploads\/sites\/122\/sites\/206\/2024\/10\/IMG_20190506_144819496-scaled-e1730679622598-1024x549.jpg 1024w, https:\/\/www.ufpb.br\/efopli\/wp-content\/uploads\/sites\/122\/sites\/206\/2024\/10\/IMG_20190506_144819496-scaled-e1730679622598-300x161.jpg 300w, https:\/\/www.ufpb.br\/efopli\/wp-content\/uploads\/sites\/122\/sites\/206\/2024\/10\/IMG_20190506_144819496-scaled-e1730679622598-768x412.jpg 768w, https:\/\/www.ufpb.br\/efopli\/wp-content\/uploads\/sites\/122\/sites\/206\/2024\/10\/IMG_20190506_144819496-scaled-e1730679622598-1536x824.jpg 1536w, https:\/\/www.ufpb.br\/efopli\/wp-content\/uploads\/sites\/122\/sites\/206\/2024\/10\/IMG_20190506_144819496-scaled-e1730679622598-2048x1098.jpg 2048w\" sizes=\"auto, (max-width: 1024px) 100vw, 1024px\" \/><div class=\"wp-block-cover__inner-container is-layout-flow wp-block-cover-is-layout-flow\">\n<p class=\"has-text-align-center has-luminous-vivid-amber-color has-white-background-color has-text-color has-background has-link-color has-small-font-size wp-elements-3d47dba929832962504bb08444d16aaa\"><strong><a href=\"https:\/\/www.ufpb.br\/efopli\/programa-efopli-abre-inscricoes-para-mooc-camp\/\" target=\"_blank\" rel=\"noreferrer noopener\">MOOC CAMP<\/a><\/strong><\/p>\n<\/div><\/div>\n\n\n\n<p><\/p>\n\n\n\n<div class=\"wp-block-cover has-custom-content-position is-position-bottom-center\" style=\"min-height:253px;aspect-ratio:unset;\"><span aria-hidden=\"true\" class=\"wp-block-cover__background has-background-dim\"><\/span><img loading=\"lazy\" decoding=\"async\" width=\"1024\" height=\"575\" class=\"wp-block-cover__image-background wp-image-795\" alt=\"\" src=\"http:\/\/www.ufpb.br\/efopli2\/wp-content\/uploads\/sites\/122\/sites\/206\/2024\/09\/48882525488_547735601b_o-1024x575.jpg\" data-object-fit=\"cover\" srcset=\"https:\/\/www.ufpb.br\/efopli\/wp-content\/uploads\/sites\/122\/sites\/206\/2024\/09\/48882525488_547735601b_o-1024x575.jpg 1024w, https:\/\/www.ufpb.br\/efopli\/wp-content\/uploads\/sites\/122\/sites\/206\/2024\/09\/48882525488_547735601b_o-300x169.jpg 300w, https:\/\/www.ufpb.br\/efopli\/wp-content\/uploads\/sites\/122\/sites\/206\/2024\/09\/48882525488_547735601b_o-768x432.jpg 768w, https:\/\/www.ufpb.br\/efopli\/wp-content\/uploads\/sites\/122\/sites\/206\/2024\/09\/48882525488_547735601b_o-1536x863.jpg 1536w, https:\/\/www.ufpb.br\/efopli\/wp-content\/uploads\/sites\/122\/sites\/206\/2024\/09\/48882525488_547735601b_o-2048x1151.jpg 2048w\" sizes=\"auto, (max-width: 1024px) 100vw, 1024px\" \/><div class=\"wp-block-cover__inner-container is-layout-flow wp-block-cover-is-layout-flow\">\n<p class=\"has-text-align-center has-luminous-vivid-amber-color has-white-background-color has-text-color has-background has-link-color has-small-font-size wp-elements-646b424e692da21bf951c7b352d91f6b\"><strong><a href=\"https:\/\/www.ufpb.br\/efopli2\/eppi\/\" target=\"_blank\" rel=\"noreferrer noopener\">5 EPPI<\/a><\/strong><\/p>\n<\/div><\/div>\n\n\n\n<p><\/p>\n","protected":false},"excerpt":{"rendered":"<p>A\u00e7\u00f5es realizadas em 2019. Visite link no t\u00edtulo para mais detalhes.<\/p>\n","protected":false},"author":144,"featured_media":0,"parent":80,"menu_order":0,"comment_status":"closed","ping_status":"closed","template":"","meta":{"footnotes":""},"class_list":["post-1755","page","type-page","status-publish","hentry"],"_links":{"self":[{"href":"https:\/\/www.ufpb.br\/efopli\/wp-json\/wp\/v2\/pages\/1755","targetHints":{"allow":["GET"]}}],"collection":[{"href":"https:\/\/www.ufpb.br\/efopli\/wp-json\/wp\/v2\/pages"}],"about":[{"href":"https:\/\/www.ufpb.br\/efopli\/wp-json\/wp\/v2\/types\/page"}],"author":[{"embeddable":true,"href":"https:\/\/www.ufpb.br\/efopli\/wp-json\/wp\/v2\/users\/144"}],"replies":[{"embeddable":true,"href":"https:\/\/www.ufpb.br\/efopli\/wp-json\/wp\/v2\/comments?post=1755"}],"version-history":[{"count":27,"href":"https:\/\/www.ufpb.br\/efopli\/wp-json\/wp\/v2\/pages\/1755\/revisions"}],"predecessor-version":[{"id":3363,"href":"https:\/\/www.ufpb.br\/efopli\/wp-json\/wp\/v2\/pages\/1755\/revisions\/3363"}],"up":[{"embeddable":true,"href":"https:\/\/www.ufpb.br\/efopli\/wp-json\/wp\/v2\/pages\/80"}],"wp:attachment":[{"href":"https:\/\/www.ufpb.br\/efopli\/wp-json\/wp\/v2\/media?parent=1755"}],"curies":[{"name":"wp","href":"https:\/\/api.w.org\/{rel}","templated":true}]}}