{"id":1778,"date":"2024-10-30T19:45:04","date_gmt":"2024-10-30T22:45:04","guid":{"rendered":"https:\/\/www.ufpb.br\/efopli2\/?page_id=1778"},"modified":"2024-10-30T19:45:05","modified_gmt":"2024-10-30T22:45:05","slug":"oficinas-na-semana-de-letras-2018","status":"publish","type":"page","link":"https:\/\/www.ufpb.br\/efopli\/oficinas-na-semana-de-letras-2018\/","title":{"rendered":"Oficinas na Semana de Letras 2018"},"content":{"rendered":"<p>17 a 21 de setembro e o EFOPLI participou da Semana de Letras\/UFPB 2018 e ofereceu as seguintes oficinas:<\/p>\n<p><strong>Diversity and Fairy Tales: Other places, other voices<\/strong> \u2013\u00a0 Danielle de Luna e Silva<\/p>\n<p><strong>Yes, we can! Using literature in EFL classes<\/strong> \u2013 Elizabeth Souto Maior.<\/p>\n<p><strong>Recursos digitais para avalia\u00e7\u00e3o no ensino de l\u00ednguas<\/strong> \u2013 Rafaela Carla Sousa<\/p>\n<p><strong>Communicative task formats for a cooperative &amp; collaborative TEFL environment<\/strong> \u2013 Julia Hedges (US EMBASSY)<\/p>\n<p><strong>Promoting 21st Century Skills in our classrooms: empowering our English Language Learners with the \u201cfour Cs\u201d<\/strong> &#8211; Julia Hedges<\/p>\n<p><strong>Moving learners from basic interpersonal skills (BICs) to cognitive academic language proficiency (CALP)<\/strong> \u2013 Julia Hedges (US EMBASSY)<\/p>\n","protected":false},"excerpt":{"rendered":"<p>17 a 21 de setembro e o EFOPLI participou da Semana de Letras\/UFPB 2018 e ofereceu as seguintes oficinas: Diversity and Fairy Tales: Other places, other voices \u2013\u00a0 Danielle de Luna e Silva Yes, we can! Using literature in EFL classes \u2013 Elizabeth Souto Maior. Recursos digitais para avalia\u00e7\u00e3o no ensino de l\u00ednguas \u2013 Rafaela [&hellip;]<\/p>\n","protected":false},"author":144,"featured_media":0,"parent":0,"menu_order":0,"comment_status":"closed","ping_status":"closed","template":"","meta":{"footnotes":""},"class_list":["post-1778","page","type-page","status-publish","hentry"],"_links":{"self":[{"href":"https:\/\/www.ufpb.br\/efopli\/wp-json\/wp\/v2\/pages\/1778","targetHints":{"allow":["GET"]}}],"collection":[{"href":"https:\/\/www.ufpb.br\/efopli\/wp-json\/wp\/v2\/pages"}],"about":[{"href":"https:\/\/www.ufpb.br\/efopli\/wp-json\/wp\/v2\/types\/page"}],"author":[{"embeddable":true,"href":"https:\/\/www.ufpb.br\/efopli\/wp-json\/wp\/v2\/users\/144"}],"replies":[{"embeddable":true,"href":"https:\/\/www.ufpb.br\/efopli\/wp-json\/wp\/v2\/comments?post=1778"}],"version-history":[{"count":2,"href":"https:\/\/www.ufpb.br\/efopli\/wp-json\/wp\/v2\/pages\/1778\/revisions"}],"predecessor-version":[{"id":1780,"href":"https:\/\/www.ufpb.br\/efopli\/wp-json\/wp\/v2\/pages\/1778\/revisions\/1780"}],"wp:attachment":[{"href":"https:\/\/www.ufpb.br\/efopli\/wp-json\/wp\/v2\/media?parent=1778"}],"curies":[{"name":"wp","href":"https:\/\/api.w.org\/{rel}","templated":true}]}}