{"id":1858,"date":"2024-10-31T13:31:40","date_gmt":"2024-10-31T16:31:40","guid":{"rendered":"https:\/\/www.ufpb.br\/efopli2\/?page_id=1858"},"modified":"2026-03-21T18:57:43","modified_gmt":"2026-03-21T21:57:43","slug":"acoes-2020","status":"publish","type":"page","link":"https:\/\/www.ufpb.br\/efopli\/acoes\/acoes-2020\/","title":{"rendered":"A\u00e7\u00f5es 2020"},"content":{"rendered":"\n<p class=\"has-medium-font-size\"><strong>EFOPLI CONNECTS<\/strong><\/p>\n\n\n\n<p class=\"has-medium-font-size\">Em 2020, tivemos o lan\u00e7amento do Podcast <em>EFOPLI Connects<\/em>. Clique <a href=\"https:\/\/www.ufpb.br\/efopli\/podcast-efopli-connects\/\" target=\"_blank\" rel=\"noreferrer noopener\">aqui<\/a>.<\/p>\n\n\n\n<figure class=\"wp-block-image size-large is-resized\"><a href=\"https:\/\/www.ufpb.br\/efopli2\/podcast-efopli-connects\/\" target=\"_blank\" rel=\"noreferrer noopener\"><img loading=\"lazy\" decoding=\"async\" width=\"1024\" height=\"327\" src=\"http:\/\/www.ufpb.br\/efopli2\/wp-content\/uploads\/sites\/122\/sites\/206\/2024\/10\/efopli-connects-3-1024x327.png\" alt=\"\" class=\"wp-image-1345\" style=\"width:740px;height:auto\" srcset=\"https:\/\/www.ufpb.br\/efopli\/wp-content\/uploads\/sites\/122\/sites\/206\/2024\/10\/efopli-connects-3-1024x327.png 1024w, https:\/\/www.ufpb.br\/efopli\/wp-content\/uploads\/sites\/122\/sites\/206\/2024\/10\/efopli-connects-3-300x96.png 300w, https:\/\/www.ufpb.br\/efopli\/wp-content\/uploads\/sites\/122\/sites\/206\/2024\/10\/efopli-connects-3-768x245.png 768w, https:\/\/www.ufpb.br\/efopli\/wp-content\/uploads\/sites\/122\/sites\/206\/2024\/10\/efopli-connects-3-1536x490.png 1536w, https:\/\/www.ufpb.br\/efopli\/wp-content\/uploads\/sites\/122\/sites\/206\/2024\/10\/efopli-connects-3.png 1888w\" sizes=\"auto, (max-width: 1024px) 100vw, 1024px\" \/><\/a><figcaption class=\"wp-element-caption\"><em>Podcast EFOPLI Connects.<\/em><\/figcaption><\/figure>\n\n\n\n<p class=\"has-medium-font-size\"><strong>TUTORIAIS SOBRE FERRAMENTAS DIGITAIS<\/strong><\/p>\n\n\n\n<p>Elabora\u00e7\u00e3o de v\u00eddeos com tutoriais sobre ferramentas digitais que podem ser integradas ao ensino de l\u00edngua. Abaixo, exemplo de um dos v\u00eddeos dispon\u00edveis em <a href=\"https:\/\/www.youtube.com\/@EFOPLI\" target=\"_blank\" rel=\"noreferrer noopener\">nosso canal no Youtube<\/a>.<\/p>\n\n\n\n<figure class=\"wp-block-embed is-type-video is-provider-youtube wp-block-embed-youtube wp-embed-aspect-16-9 wp-has-aspect-ratio\"><div class=\"wp-block-embed__wrapper\">\n<iframe loading=\"lazy\" title=\"Tutorial EFOPLI 08 - Como utilizar o Padlet para dar aulas\" width=\"500\" height=\"281\" src=\"https:\/\/www.youtube.com\/embed\/O_IimFTnMUQ?list=PL1dEzPHkn7Vopgj4daE4CUNLDuckSD121\" frameborder=\"0\" allow=\"accelerometer; autoplay; clipboard-write; encrypted-media; gyroscope; picture-in-picture; web-share\" referrerpolicy=\"strict-origin-when-cross-origin\" allowfullscreen><\/iframe>\n<\/div><figcaption class=\"wp-element-caption\"><em>Um dos tutoriais dispon\u00edveis na P\u00e1gina do EFOPLI no Youtube.<\/em><\/figcaption><\/figure>\n\n\n\n<p><\/p>\n\n\n\n<p class=\"has-medium-font-size\"><strong>CICLO DE PALESTRAS SOBRE LITERATURA, FORMA\u00c7\u00c3O DOCENTE  E PR\u00c1TICAS DE CIDADANIA<\/strong><\/p>\n\n\n<div class=\"wp-block-image\">\n<figure class=\"aligncenter size-full is-resized\"><img loading=\"lazy\" decoding=\"async\" width=\"720\" height=\"369\" src=\"https:\/\/www.ufpb.br\/efopli2\/wp-content\/uploads\/sites\/122\/sites\/206\/2024\/11\/I-ciclo-palestras.jpg\" alt=\"\" class=\"wp-image-2259\" style=\"width:365px;height:auto\" srcset=\"https:\/\/www.ufpb.br\/efopli\/wp-content\/uploads\/sites\/122\/sites\/206\/2024\/11\/I-ciclo-palestras.jpg 720w, https:\/\/www.ufpb.br\/efopli\/wp-content\/uploads\/sites\/122\/sites\/206\/2024\/11\/I-ciclo-palestras-300x154.jpg 300w\" sizes=\"auto, (max-width: 720px) 100vw, 720px\" \/><\/figure>\n<\/div>\n\n\n<p class=\"has-text-align-center\">Para mais detalhes clique <a href=\"https:\/\/www.ufpb.br\/efopli\/ciclo-de-palestras-sobre-literatura-formacao-docente-e-praticas-de-cidadania\/\" target=\"_blank\" rel=\"noreferrer noopener\">aqui<\/a>.<\/p>\n\n\n\n<p><\/p>\n\n\n\n<p class=\"has-medium-font-size\"><strong>6 EPPI<\/strong><\/p>\n\n\n\n<p class=\"has-medium-font-size\">O 6\u00b0 EPPI \u2013 <a href=\"https:\/\/www.ufpb.br\/efopli\/eppi\/\" target=\"_blank\" rel=\"noreferrer noopener\">Encontro Paraibano de Professores de Ingl\u00eas<\/a>, realizado em 2020, reuniu educadores e especialistas para discutir temas atuais e inovadores no ensino de ingl\u00eas. O evento foi realizado de forma virtual por causa da pandemia, e contou com encontros virtuais voltados ao desenvolvimento de pr\u00e1ticas pedag\u00f3gicas, metodologias de ensino e uso de novas tecnologias, buscando atender \u00e0s demandas do contexto educacional contempor\u00e2neo. Essa edi\u00e7\u00e3o destacou-se pela colabora\u00e7\u00e3o e troca de experi\u00eancias entre professores da Para\u00edba e de outras regi\u00f5es, fortalecendo a comunidade de ensino de ingl\u00eas e promovendo atualiza\u00e7\u00f5es que contribu\u00edram significativamente para a forma\u00e7\u00e3o continuada dos participantes. Abaixo, o v\u00eddeo de abertura do evento, cuja playlist est\u00e1 dispon\u00edvel em nosso canal no Youtube. Abaixo, o v\u00eddeo de abertura do evento, cuja playlist est\u00e1 dispon\u00edvel em <a href=\"https:\/\/www.youtube.com\/@EFOPLI\" target=\"_blank\" rel=\"noreferrer noopener\">nosso canal no Youtube<\/a>.<\/p>\n\n\n\n<figure class=\"wp-block-embed is-type-video is-provider-youtube wp-block-embed-youtube wp-embed-aspect-16-9 wp-has-aspect-ratio\"><div class=\"wp-block-embed__wrapper\">\n<iframe loading=\"lazy\" title=\"6th EPPI - 2020 - Opening Plenary - PREPARING ANTI-RACIST ESOL TEACHERS: PRINCIPLES AND PRACTICES\" width=\"500\" height=\"281\" src=\"https:\/\/www.youtube.com\/embed\/sH8MgaHnyJc?list=PL1dEzPHkn7VqJ6pno6I5HgoTXu3CBfBze\" frameborder=\"0\" allow=\"accelerometer; autoplay; clipboard-write; encrypted-media; gyroscope; picture-in-picture; web-share\" referrerpolicy=\"strict-origin-when-cross-origin\" allowfullscreen><\/iframe>\n<\/div><figcaption class=\"wp-element-caption\"><em>V\u00eddeo de abertura do 6o Encontro Paraibano de Professores de Ingl\u00eas.<\/em><\/figcaption><\/figure>\n\n\n\n<p><\/p>\n\n\n\n<p class=\"has-medium-font-size\"><\/p>\n\n\n\n<p><\/p>\n","protected":false},"excerpt":{"rendered":"<p>EFOPLI CONNECTS Em 2020, tivemos o lan\u00e7amento do Podcast EFOPLI Connects. Clique aqui. TUTORIAIS SOBRE FERRAMENTAS DIGITAIS Elabora\u00e7\u00e3o de v\u00eddeos com tutoriais sobre ferramentas digitais que podem ser integradas ao ensino de l\u00edngua. Abaixo, exemplo de um dos v\u00eddeos dispon\u00edveis em nosso canal no Youtube. CICLO DE PALESTRAS SOBRE LITERATURA, FORMA\u00c7\u00c3O DOCENTE E PR\u00c1TICAS DE [&hellip;]<\/p>\n","protected":false},"author":145,"featured_media":0,"parent":80,"menu_order":0,"comment_status":"closed","ping_status":"closed","template":"","meta":{"footnotes":""},"class_list":["post-1858","page","type-page","status-publish","hentry"],"_links":{"self":[{"href":"https:\/\/www.ufpb.br\/efopli\/wp-json\/wp\/v2\/pages\/1858","targetHints":{"allow":["GET"]}}],"collection":[{"href":"https:\/\/www.ufpb.br\/efopli\/wp-json\/wp\/v2\/pages"}],"about":[{"href":"https:\/\/www.ufpb.br\/efopli\/wp-json\/wp\/v2\/types\/page"}],"author":[{"embeddable":true,"href":"https:\/\/www.ufpb.br\/efopli\/wp-json\/wp\/v2\/users\/145"}],"replies":[{"embeddable":true,"href":"https:\/\/www.ufpb.br\/efopli\/wp-json\/wp\/v2\/comments?post=1858"}],"version-history":[{"count":30,"href":"https:\/\/www.ufpb.br\/efopli\/wp-json\/wp\/v2\/pages\/1858\/revisions"}],"predecessor-version":[{"id":3364,"href":"https:\/\/www.ufpb.br\/efopli\/wp-json\/wp\/v2\/pages\/1858\/revisions\/3364"}],"up":[{"embeddable":true,"href":"https:\/\/www.ufpb.br\/efopli\/wp-json\/wp\/v2\/pages\/80"}],"wp:attachment":[{"href":"https:\/\/www.ufpb.br\/efopli\/wp-json\/wp\/v2\/media?parent=1858"}],"curies":[{"name":"wp","href":"https:\/\/api.w.org\/{rel}","templated":true}]}}