{"id":1862,"date":"2024-10-31T13:41:05","date_gmt":"2024-10-31T16:41:05","guid":{"rendered":"https:\/\/www.ufpb.br\/efopli2\/?page_id=1862"},"modified":"2026-03-21T18:58:33","modified_gmt":"2026-03-21T21:58:33","slug":"acoes-2021","status":"publish","type":"page","link":"https:\/\/www.ufpb.br\/efopli\/acoes\/acoes-2021\/","title":{"rendered":"A\u00e7\u00f5es 2021"},"content":{"rendered":"\n<p class=\"has-medium-font-size\"><strong>PODCAST EFOPLI CONNECTS<\/strong><\/p>\n\n\n\n<p class=\"has-medium-font-size\">Neste ano tivemos a segunda temporada do Podcast <em>EFOPLI Connects<\/em>. Para mais detalhes sobre os epis\u00f3dios <a href=\"https:\/\/www.ufpb.br\/efopli\/podcast-efopli-connects\/\">aqui<\/a>:<\/p>\n\n\n\n<div class=\"wp-block-buttons is-layout-flex wp-block-buttons-is-layout-flex\">\n<div class=\"wp-block-button has-custom-width wp-block-button__width-100 is-style-fill\"><a class=\"wp-block-button__link has-white-color has-luminous-vivid-orange-background-color has-text-color has-background has-link-color wp-element-button\" style=\"border-radius:28px\">Escute o EFOPLI Connects aqui<\/a><\/div>\n<\/div>\n\n\n\n<p><\/p>\n\n\n<div class=\"wp-block-image\">\n<figure class=\"aligncenter size-full is-resized\"><img loading=\"lazy\" decoding=\"async\" width=\"571\" height=\"571\" src=\"https:\/\/www.ufpb.br\/efopli2\/wp-content\/uploads\/sites\/122\/sites\/206\/2024\/10\/Captura-de-Tela-270.png\" alt=\"\" class=\"wp-image-1909\" style=\"width:205px;height:auto\" srcset=\"https:\/\/www.ufpb.br\/efopli\/wp-content\/uploads\/sites\/122\/sites\/206\/2024\/10\/Captura-de-Tela-270.png 571w, https:\/\/www.ufpb.br\/efopli\/wp-content\/uploads\/sites\/122\/sites\/206\/2024\/10\/Captura-de-Tela-270-300x300.png 300w, https:\/\/www.ufpb.br\/efopli\/wp-content\/uploads\/sites\/122\/sites\/206\/2024\/10\/Captura-de-Tela-270-150x150.png 150w\" sizes=\"auto, (max-width: 571px) 100vw, 571px\" \/><\/figure>\n<\/div>\n\n\n<p><\/p>\n\n\n\n<p class=\"has-medium-font-size\"><strong>FRIDAY SESSIONS<\/strong><\/p>\n\n\n\n<div class=\"wp-block-group is-nowrap is-layout-flex wp-container-core-group-is-layout-ad2f72ca wp-block-group-is-layout-flex\">\n<figure class=\"wp-block-image size-full is-resized\"><a href=\"https:\/\/www.ufpb.br\/efopli\/friday-sessions-2021\/\"><img loading=\"lazy\" decoding=\"async\" width=\"960\" height=\"960\" src=\"https:\/\/www.ufpb.br\/efopli2\/wp-content\/uploads\/sites\/122\/sites\/206\/2024\/10\/205686454_4113801358715409_1790673439569929718_n.jpg\" alt=\"\" class=\"wp-image-1914\" style=\"width:205px\" srcset=\"https:\/\/www.ufpb.br\/efopli\/wp-content\/uploads\/sites\/122\/sites\/206\/2024\/10\/205686454_4113801358715409_1790673439569929718_n.jpg 960w, https:\/\/www.ufpb.br\/efopli\/wp-content\/uploads\/sites\/122\/sites\/206\/2024\/10\/205686454_4113801358715409_1790673439569929718_n-300x300.jpg 300w, https:\/\/www.ufpb.br\/efopli\/wp-content\/uploads\/sites\/122\/sites\/206\/2024\/10\/205686454_4113801358715409_1790673439569929718_n-150x150.jpg 150w, https:\/\/www.ufpb.br\/efopli\/wp-content\/uploads\/sites\/122\/sites\/206\/2024\/10\/205686454_4113801358715409_1790673439569929718_n-768x768.jpg 768w\" sizes=\"auto, (max-width: 960px) 100vw, 960px\" \/><\/a><\/figure>\n\n\n\n<figure class=\"wp-block-image size-full is-resized\"><a href=\"https:\/\/www.ufpb.br\/efopli\/friday-sessions-2021\/\"><img loading=\"lazy\" decoding=\"async\" width=\"526\" height=\"526\" src=\"https:\/\/www.ufpb.br\/efopli2\/wp-content\/uploads\/sites\/122\/sites\/206\/2024\/10\/226396552_4186869098075301_9125537528656601591_n.jpg\" alt=\"\" class=\"wp-image-1915\" style=\"width:205px\" srcset=\"https:\/\/www.ufpb.br\/efopli\/wp-content\/uploads\/sites\/122\/sites\/206\/2024\/10\/226396552_4186869098075301_9125537528656601591_n.jpg 526w, https:\/\/www.ufpb.br\/efopli\/wp-content\/uploads\/sites\/122\/sites\/206\/2024\/10\/226396552_4186869098075301_9125537528656601591_n-300x300.jpg 300w, https:\/\/www.ufpb.br\/efopli\/wp-content\/uploads\/sites\/122\/sites\/206\/2024\/10\/226396552_4186869098075301_9125537528656601591_n-150x150.jpg 150w\" sizes=\"auto, (max-width: 526px) 100vw, 526px\" \/><\/a><\/figure>\n\n\n\n<figure class=\"wp-block-image size-full is-resized\"><a href=\"https:\/\/www.ufpb.br\/efopli\/friday-sessions-2021\/\"><img loading=\"lazy\" decoding=\"async\" width=\"526\" height=\"526\" src=\"https:\/\/www.ufpb.br\/efopli2\/wp-content\/uploads\/sites\/122\/sites\/206\/2024\/10\/241915643_4327827017312841_4477218153187921449_n.jpg\" alt=\"\" class=\"wp-image-1917\" style=\"width:205px\" srcset=\"https:\/\/www.ufpb.br\/efopli\/wp-content\/uploads\/sites\/122\/sites\/206\/2024\/10\/241915643_4327827017312841_4477218153187921449_n.jpg 526w, https:\/\/www.ufpb.br\/efopli\/wp-content\/uploads\/sites\/122\/sites\/206\/2024\/10\/241915643_4327827017312841_4477218153187921449_n-300x300.jpg 300w, https:\/\/www.ufpb.br\/efopli\/wp-content\/uploads\/sites\/122\/sites\/206\/2024\/10\/241915643_4327827017312841_4477218153187921449_n-150x150.jpg 150w\" sizes=\"auto, (max-width: 526px) 100vw, 526px\" \/><\/a><\/figure>\n<\/div>\n\n\n\n<p class=\"has-text-align-center has-medium-font-size\">Para detalhes, clique <a href=\"https:\/\/www.ufpb.br\/efopli\/friday-sessions-2021\/\" target=\"_blank\" rel=\"noreferrer noopener\">aqui<\/a>.<\/p>\n\n\n\n<p class=\"has-small-font-size\"><\/p>\n\n\n\n<p class=\"has-medium-font-size\"><strong>II CICLO DE PALESTRAS SOBRE LITERATURA, FORMA\u00c7\u00c3O DOCENTE E PR\u00c1TICAS DE CIDADANIA<\/strong><\/p>\n\n\n<div class=\"wp-block-image\">\n<figure class=\"aligncenter size-full is-resized\"><a href=\"https:\/\/www.ufpb.br\/efopli\/ii-ciclo-de-palestras-sobre-literatura-formacao-docente-e-praticas-de-cidadania\/\" target=\"_blank\" rel=\"noreferrer noopener\"><img loading=\"lazy\" decoding=\"async\" width=\"720\" height=\"429\" src=\"https:\/\/www.ufpb.br\/efopli2\/wp-content\/uploads\/sites\/122\/sites\/206\/2024\/11\/II-ciclo-palestras.jpg\" alt=\"\" class=\"wp-image-2256\" style=\"width:335px;height:auto\" srcset=\"https:\/\/www.ufpb.br\/efopli\/wp-content\/uploads\/sites\/122\/sites\/206\/2024\/11\/II-ciclo-palestras.jpg 720w, https:\/\/www.ufpb.br\/efopli\/wp-content\/uploads\/sites\/122\/sites\/206\/2024\/11\/II-ciclo-palestras-300x179.jpg 300w\" sizes=\"auto, (max-width: 720px) 100vw, 720px\" \/><\/a><\/figure>\n<\/div>\n\n\n<p class=\"has-text-align-center has-medium-font-size\">Para detalhes, clique <a href=\"https:\/\/www.ufpb.br\/efopli\/ii-ciclo-de-palestras-sobre-literatura-formacao-docente-e-praticas-de-cidadania\/\">aqui<\/a>.<\/p>\n\n\n\n<p class=\"has-medium-font-size\"><strong>7\u00ba EPPI<\/strong>:<\/p>\n\n\n\n<p class=\"has-medium-font-size\">7th EPPI Conference (Encontro Paraibano de Professores de Ingl\u00eas) <\/p>\n\n\n\n<p class=\"has-medium-font-size\">Consolidado como um dos maiores eventos gratuitos do Brasil sobre o ensino de ingl\u00eas, o EPPI busca dar a oportunidade de professores de diferentes contextos de se reunirem para refletir sobre o ensino da L\u00edngua Inglesa no nosso pa\u00eds, realizado em 2021 ocorreu em formato online, por conta do COVID-19.<\/p>\n\n\n\n<p class=\"has-medium-font-size\">O evento \u00e9 aberto a professores de institui\u00e7\u00f5es p\u00fablicas e privadas de todos os n\u00edveis de ensino. Abaixo, v\u00eddeo de abertura do evento.<\/p>\n\n\n\n<figure class=\"wp-block-embed is-type-video is-provider-youtube wp-block-embed-youtube wp-embed-aspect-16-9 wp-has-aspect-ratio\"><div class=\"wp-block-embed__wrapper\">\n<iframe loading=\"lazy\" title=\"7th EPPI - 2021\" width=\"500\" height=\"281\" src=\"https:\/\/www.youtube.com\/embed\/videoseries?list=PL1dEzPHkn7Vq_KHXX2mSe4vo_7ogz1j3Q\" frameborder=\"0\" allow=\"accelerometer; autoplay; clipboard-write; encrypted-media; gyroscope; picture-in-picture; web-share\" referrerpolicy=\"strict-origin-when-cross-origin\" allowfullscreen><\/iframe>\n<\/div><figcaption class=\"wp-element-caption\">Abertura do 7\u00ba EPPI (plen\u00e1rias e <em>talks <\/em>est\u00e3o dispon\u00edveis na <em>playlist<\/em> do <a href=\"https:\/\/youtube.com\/playlist?list=PL1dEzPHkn7Vq_KHXX2mSe4vo_7ogz1j3Q&amp;feature=shared\" data-type=\"link\" data-id=\"https:\/\/youtube.com\/playlist?list=PL1dEzPHkn7Vq_KHXX2mSe4vo_7ogz1j3Q&amp;feature=shared\">7\u00ba EPPI<\/a>).<\/figcaption><\/figure>\n\n\n\n<p><\/p>\n","protected":false},"excerpt":{"rendered":"<p>PODCAST EFOPLI CONNECTS Neste ano tivemos a segunda temporada do Podcast EFOPLI Connects. Para mais detalhes sobre os epis\u00f3dios aqui: FRIDAY SESSIONS Para detalhes, clique aqui. II CICLO DE PALESTRAS SOBRE LITERATURA, FORMA\u00c7\u00c3O DOCENTE E PR\u00c1TICAS DE CIDADANIA Para detalhes, clique aqui. 7\u00ba EPPI: 7th EPPI Conference (Encontro Paraibano de Professores de Ingl\u00eas) Consolidado como [&hellip;]<\/p>\n","protected":false},"author":147,"featured_media":0,"parent":80,"menu_order":0,"comment_status":"closed","ping_status":"closed","template":"","meta":{"footnotes":""},"class_list":["post-1862","page","type-page","status-publish","hentry"],"_links":{"self":[{"href":"https:\/\/www.ufpb.br\/efopli\/wp-json\/wp\/v2\/pages\/1862","targetHints":{"allow":["GET"]}}],"collection":[{"href":"https:\/\/www.ufpb.br\/efopli\/wp-json\/wp\/v2\/pages"}],"about":[{"href":"https:\/\/www.ufpb.br\/efopli\/wp-json\/wp\/v2\/types\/page"}],"author":[{"embeddable":true,"href":"https:\/\/www.ufpb.br\/efopli\/wp-json\/wp\/v2\/users\/147"}],"replies":[{"embeddable":true,"href":"https:\/\/www.ufpb.br\/efopli\/wp-json\/wp\/v2\/comments?post=1862"}],"version-history":[{"count":30,"href":"https:\/\/www.ufpb.br\/efopli\/wp-json\/wp\/v2\/pages\/1862\/revisions"}],"predecessor-version":[{"id":3373,"href":"https:\/\/www.ufpb.br\/efopli\/wp-json\/wp\/v2\/pages\/1862\/revisions\/3373"}],"up":[{"embeddable":true,"href":"https:\/\/www.ufpb.br\/efopli\/wp-json\/wp\/v2\/pages\/80"}],"wp:attachment":[{"href":"https:\/\/www.ufpb.br\/efopli\/wp-json\/wp\/v2\/media?parent=1862"}],"curies":[{"name":"wp","href":"https:\/\/api.w.org\/{rel}","templated":true}]}}