{"id":2010,"date":"2024-11-04T15:18:02","date_gmt":"2024-11-04T18:18:02","guid":{"rendered":"https:\/\/www.ufpb.br\/efopli2\/?page_id=2010"},"modified":"2024-11-21T12:05:59","modified_gmt":"2024-11-21T15:05:59","slug":"english-language-fellow","status":"publish","type":"page","link":"https:\/\/www.ufpb.br\/efopli\/english-language-fellow\/","title":{"rendered":"English Language Fellow"},"content":{"rendered":"<p>Em uma parceria com o Regional English Language Office (RELOBrazil da Embaixada dos Estados Unidos), recebemos a especialista em l\u00edngua inglesa (English Language Fellow) Chloe Bellows. A professora Ana Carolina Bastos, coordenadora adjunta do EFOPLI, explicou que &#8220;em 2019, s\u00e3o dois profissionais atuando no Brasil, sendo um deles, Chloe Bellows, que atuar\u00e1 junto a a\u00e7\u00f5es do EFOPLI na Para\u00edba. Isso \u00e9 um motivo de muita satisfa\u00e7\u00e3o para o EFOPLI que, com certeza, fortalecer\u00e1 e ampliar\u00e1 suas atividades, atingindo ainda mais professores\u201d, diz a professora.<\/p>\n<p>O EL Fellow promove a vinda de especialistas em TESOL (Teachers of English to Speakers of Other Languages) ou EFL (English as a Foreign Language) para atuarem, por um per\u00edodo de 10 meses, em atividades de aprimoramento do ensino de l\u00edngua inglesa nos pa\u00edses que recebem o programa.<\/p>\n<p>Segundo a Diretora de Programas de L\u00edngua Inglesa da Embaixada dos EUA, Jennifer Uhler, o EFOPLI-UFPB foi selecionado para receber o programa pois \u201ca inova\u00e7\u00e3o e excel\u00eancia j\u00e1 demonstradas pelo programa da UFPB oferecem uma \u00f3tima oportunidade para a atua\u00e7\u00e3o de um de nossos profissionais de ensino de l\u00edngua inglesa\u201d.<\/p>\n<p>Dentre as a\u00e7\u00f5es desenvolvidas, est\u00e3o os encontros formativos das sextas-feiras (<em>Friday Sessions<\/em>), atividades junto aos professores da Escola Municipal Bil\u00edngue Dom Jos\u00e9 Maria Pires, <a href=\"https:\/\/www.ufpb.br\/efopli\/english-language-fellow\/\"><em>MOOC CAMP<\/em><\/a>\u00a0 e <a href=\"https:\/\/www.ufpb.br\/efopli\/efopli-realiza-evento-para-professores-de-ingles-na-ufpb\/\">palestras<\/a> e oficinas.<\/p>\n","protected":false},"excerpt":{"rendered":"<p>Em uma parceria com o Regional English Language Office (RELOBrazil da Embaixada dos Estados Unidos), recebemos a especialista em l\u00edngua inglesa (English Language Fellow) Chloe Bellows. A professora Ana Carolina Bastos, coordenadora adjunta do EFOPLI, explicou que &#8220;em 2019, s\u00e3o dois profissionais atuando no Brasil, sendo um deles, Chloe Bellows, que atuar\u00e1 junto a a\u00e7\u00f5es [&hellip;]<\/p>\n","protected":false},"author":144,"featured_media":0,"parent":0,"menu_order":0,"comment_status":"closed","ping_status":"closed","template":"","meta":{"footnotes":""},"class_list":["post-2010","page","type-page","status-publish","hentry"],"_links":{"self":[{"href":"https:\/\/www.ufpb.br\/efopli\/wp-json\/wp\/v2\/pages\/2010","targetHints":{"allow":["GET"]}}],"collection":[{"href":"https:\/\/www.ufpb.br\/efopli\/wp-json\/wp\/v2\/pages"}],"about":[{"href":"https:\/\/www.ufpb.br\/efopli\/wp-json\/wp\/v2\/types\/page"}],"author":[{"embeddable":true,"href":"https:\/\/www.ufpb.br\/efopli\/wp-json\/wp\/v2\/users\/144"}],"replies":[{"embeddable":true,"href":"https:\/\/www.ufpb.br\/efopli\/wp-json\/wp\/v2\/comments?post=2010"}],"version-history":[{"count":6,"href":"https:\/\/www.ufpb.br\/efopli\/wp-json\/wp\/v2\/pages\/2010\/revisions"}],"predecessor-version":[{"id":2288,"href":"https:\/\/www.ufpb.br\/efopli\/wp-json\/wp\/v2\/pages\/2010\/revisions\/2288"}],"wp:attachment":[{"href":"https:\/\/www.ufpb.br\/efopli\/wp-json\/wp\/v2\/media?parent=2010"}],"curies":[{"name":"wp","href":"https:\/\/api.w.org\/{rel}","templated":true}]}}