{"id":2156,"date":"2024-11-12T20:58:25","date_gmt":"2024-11-12T23:58:25","guid":{"rendered":"https:\/\/www.ufpb.br\/efopli2\/?page_id=2156"},"modified":"2026-03-21T18:56:06","modified_gmt":"2026-03-21T21:56:06","slug":"acoes-2017","status":"publish","type":"page","link":"https:\/\/www.ufpb.br\/efopli\/acoes\/acoes-2017\/","title":{"rendered":"A\u00e7\u00f5es 2017"},"content":{"rendered":"\n<p>A\u00e7\u00f5es realizadas em 2017. Visite <em>link <\/em>no t\u00edtulo para mais detalhes.<\/p>\n\n\n\n<div class=\"wp-block-cover has-custom-content-position is-position-bottom-center\" style=\"min-height:261px;aspect-ratio:unset;\"><span aria-hidden=\"true\" class=\"wp-block-cover__background has-background-dim\"><\/span><img loading=\"lazy\" decoding=\"async\" width=\"1024\" height=\"426\" class=\"wp-block-cover__image-background wp-image-2154\" alt=\"\" src=\"http:\/\/www.ufpb.br\/efopli2\/wp-content\/uploads\/sites\/122\/sites\/206\/2024\/11\/friday-meetings-2017-1024x426.jpg\" data-object-fit=\"cover\" srcset=\"https:\/\/www.ufpb.br\/efopli\/wp-content\/uploads\/sites\/122\/sites\/206\/2024\/11\/friday-meetings-2017-1024x426.jpg 1024w, https:\/\/www.ufpb.br\/efopli\/wp-content\/uploads\/sites\/122\/sites\/206\/2024\/11\/friday-meetings-2017-300x125.jpg 300w, https:\/\/www.ufpb.br\/efopli\/wp-content\/uploads\/sites\/122\/sites\/206\/2024\/11\/friday-meetings-2017-768x319.jpg 768w, https:\/\/www.ufpb.br\/efopli\/wp-content\/uploads\/sites\/122\/sites\/206\/2024\/11\/friday-meetings-2017-1536x639.jpg 1536w, https:\/\/www.ufpb.br\/efopli\/wp-content\/uploads\/sites\/122\/sites\/206\/2024\/11\/friday-meetings-2017-2048x852.jpg 2048w\" sizes=\"auto, (max-width: 1024px) 100vw, 1024px\" \/><div class=\"wp-block-cover__inner-container is-layout-flow wp-block-cover-is-layout-flow\">\n<p class=\"has-text-align-center has-luminous-vivid-orange-color has-white-background-color has-text-color has-background has-link-color has-small-font-size wp-elements-118219f2e2f8f84efd5c9524715cfb7b\"><strong><a href=\"https:\/\/www.ufpb.br\/efopli\/friday-meetings-2017\/\" target=\"_blank\" rel=\"noreferrer noopener\">Friday Meetings<\/a><\/strong><\/p>\n<\/div><\/div>\n\n\n\n<p><\/p>\n\n\n\n<div class=\"wp-block-cover has-custom-content-position is-position-bottom-center\" style=\"min-height:232px;aspect-ratio:unset;\"><span aria-hidden=\"true\" class=\"wp-block-cover__background has-background-dim\"><\/span><img loading=\"lazy\" decoding=\"async\" width=\"1024\" height=\"368\" class=\"wp-block-cover__image-background wp-image-2152\" alt=\"\" src=\"http:\/\/www.ufpb.br\/efopli2\/wp-content\/uploads\/sites\/122\/sites\/206\/2024\/11\/pdpi-participa-pb-2017-scaled-e1731453908596-1024x368.jpg\" data-object-fit=\"cover\" srcset=\"https:\/\/www.ufpb.br\/efopli\/wp-content\/uploads\/sites\/122\/sites\/206\/2024\/11\/pdpi-participa-pb-2017-scaled-e1731453908596-1024x368.jpg 1024w, https:\/\/www.ufpb.br\/efopli\/wp-content\/uploads\/sites\/122\/sites\/206\/2024\/11\/pdpi-participa-pb-2017-scaled-e1731453908596-300x108.jpg 300w, https:\/\/www.ufpb.br\/efopli\/wp-content\/uploads\/sites\/122\/sites\/206\/2024\/11\/pdpi-participa-pb-2017-scaled-e1731453908596-768x276.jpg 768w, https:\/\/www.ufpb.br\/efopli\/wp-content\/uploads\/sites\/122\/sites\/206\/2024\/11\/pdpi-participa-pb-2017-scaled-e1731453908596-1536x553.jpg 1536w, https:\/\/www.ufpb.br\/efopli\/wp-content\/uploads\/sites\/122\/sites\/206\/2024\/11\/pdpi-participa-pb-2017-scaled-e1731453908596-2048x737.jpg 2048w\" sizes=\"auto, (max-width: 1024px) 100vw, 1024px\" \/><div class=\"wp-block-cover__inner-container is-layout-flow wp-block-cover-is-layout-flow\">\n<p class=\"has-text-align-center has-luminous-vivid-orange-color has-white-background-color has-text-color has-background has-link-color has-small-font-size wp-elements-fd917d766e531e40e006b5db6b3fd429\"><strong><a href=\"https:\/\/www.ufpb.br\/efopli\/pdpi-participa-paraiba-reune-professores-de-ingles-da-paraiba-na-ufpb\/\" target=\"_blank\" rel=\"noreferrer noopener\">PDPI: Participa, Para\u00edba!<\/a><\/strong><\/p>\n<\/div><\/div>\n\n\n\n<p><\/p>\n\n\n\n<div class=\"wp-block-cover has-custom-content-position is-position-bottom-center\" style=\"min-height:239px;aspect-ratio:unset;\"><span aria-hidden=\"true\" class=\"wp-block-cover__background has-background-dim\"><\/span><img loading=\"lazy\" decoding=\"async\" width=\"1024\" height=\"364\" class=\"wp-block-cover__image-background wp-image-2142\" alt=\"\" src=\"http:\/\/www.ufpb.br\/efopli2\/wp-content\/uploads\/sites\/122\/sites\/206\/2024\/11\/parceria-PMJP-2017-e1731447258870-1024x364.jpg\" data-object-fit=\"cover\" srcset=\"https:\/\/www.ufpb.br\/efopli\/wp-content\/uploads\/sites\/122\/sites\/206\/2024\/11\/parceria-PMJP-2017-e1731447258870-1024x364.jpg 1024w, https:\/\/www.ufpb.br\/efopli\/wp-content\/uploads\/sites\/122\/sites\/206\/2024\/11\/parceria-PMJP-2017-e1731447258870-300x107.jpg 300w, https:\/\/www.ufpb.br\/efopli\/wp-content\/uploads\/sites\/122\/sites\/206\/2024\/11\/parceria-PMJP-2017-e1731447258870-768x273.jpg 768w, https:\/\/www.ufpb.br\/efopli\/wp-content\/uploads\/sites\/122\/sites\/206\/2024\/11\/parceria-PMJP-2017-e1731447258870-1536x545.jpg 1536w, https:\/\/www.ufpb.br\/efopli\/wp-content\/uploads\/sites\/122\/sites\/206\/2024\/11\/parceria-PMJP-2017-e1731447258870.jpg 1600w\" sizes=\"auto, (max-width: 1024px) 100vw, 1024px\" \/><div class=\"wp-block-cover__inner-container is-layout-flow wp-block-cover-is-layout-flow\">\n<p class=\"has-text-align-center has-luminous-vivid-orange-color has-white-background-color has-text-color has-background has-link-color has-small-font-size wp-elements-7f482b3dc563a06ebd8af671f9b77fc9\"><strong><a href=\"https:\/\/www.ufpb.br\/efopli\/ufpb-encerra-curso-de-formacao-para-os-professores-da-rede-municipal-de-joao-pessoa\/\" target=\"_blank\" rel=\"noreferrer noopener\">Parceria Prefeitura Municipal de Jo\u00e3o Pessoa<\/a><\/strong><\/p>\n<\/div><\/div>\n","protected":false},"excerpt":{"rendered":"<p>A\u00e7\u00f5es realizadas em 2017. Visite link no t\u00edtulo para mais detalhes.<\/p>\n","protected":false},"author":144,"featured_media":0,"parent":80,"menu_order":0,"comment_status":"closed","ping_status":"closed","template":"","meta":{"footnotes":""},"class_list":["post-2156","page","type-page","status-publish","hentry"],"_links":{"self":[{"href":"https:\/\/www.ufpb.br\/efopli\/wp-json\/wp\/v2\/pages\/2156","targetHints":{"allow":["GET"]}}],"collection":[{"href":"https:\/\/www.ufpb.br\/efopli\/wp-json\/wp\/v2\/pages"}],"about":[{"href":"https:\/\/www.ufpb.br\/efopli\/wp-json\/wp\/v2\/types\/page"}],"author":[{"embeddable":true,"href":"https:\/\/www.ufpb.br\/efopli\/wp-json\/wp\/v2\/users\/144"}],"replies":[{"embeddable":true,"href":"https:\/\/www.ufpb.br\/efopli\/wp-json\/wp\/v2\/comments?post=2156"}],"version-history":[{"count":10,"href":"https:\/\/www.ufpb.br\/efopli\/wp-json\/wp\/v2\/pages\/2156\/revisions"}],"predecessor-version":[{"id":3361,"href":"https:\/\/www.ufpb.br\/efopli\/wp-json\/wp\/v2\/pages\/2156\/revisions\/3361"}],"up":[{"embeddable":true,"href":"https:\/\/www.ufpb.br\/efopli\/wp-json\/wp\/v2\/pages\/80"}],"wp:attachment":[{"href":"https:\/\/www.ufpb.br\/efopli\/wp-json\/wp\/v2\/media?parent=2156"}],"curies":[{"name":"wp","href":"https:\/\/api.w.org\/{rel}","templated":true}]}}