{"id":23,"date":"2024-09-16T15:22:22","date_gmt":"2024-09-16T15:22:22","guid":{"rendered":"https:\/\/www.cchla.ufpb.br\/efopli2\/?page_id=23"},"modified":"2025-09-11T15:44:34","modified_gmt":"2025-09-11T18:44:34","slug":"apresentacao","status":"publish","type":"page","link":"https:\/\/www.ufpb.br\/efopli\/apresentacao\/","title":{"rendered":"Apresenta\u00e7\u00e3o"},"content":{"rendered":"\n<p>O EFOPLI \u2013 Espa\u00e7os para a Forma\u00e7\u00e3o de Professores de L\u00edngua Inglesa \u2013&nbsp; \u00e9 um programa de extens\u00e3o do CCHLA\/UFPB que tem como objetivo criar um espa\u00e7o para o desenvolvimento profissional docente, contemplando professores de Ingl\u00eas da Para\u00edba e alunos de Letras\/Ingl\u00eas. Com o intuito de integrar professores na forma\u00e7\u00e3o de um coletivo, o programa proporciona a pr\u00e1tica da l\u00edngua inglesa, troca de experi\u00eancias e a produ\u00e7\u00e3o&nbsp;de conhecimento nesse contexto.<\/p>\n\n\n\n<p>Iniciado em 2014, com um curso para professores da&nbsp;rede regular, o projeto surgiu da demanda de professores por oportunidades de forma\u00e7\u00e3o na \u00e1rea espec\u00edfica e da constata\u00e7\u00e3o de que a Para\u00edba n\u00e3o vinha participando expressivamente em programas de interc\u00e2mbio espec\u00edficos para professores de ingl\u00eas implementados pela CAPES e ag\u00eancias internacionais.<\/p>\n\n\n\n<p>O crescimento cont\u00ednuo de ideias e de colabora\u00e7\u00f5es locais, nacionais e internacionais, multiplicaram as a\u00e7\u00f5es do programa, que promove, encontros semanais, oficinas e eventos, incluindo o EPPI \u2013 Encontro Paraibano de Professores de Ingl\u00eas \u2013 evento anual promovido pelo EFOPLI. <\/p>\n\n\n\n<p>Mais sobre a hist\u00f3ria do EFOPLI nos links abaixo:<\/p>\n\n\n\n<div class=\"wp-block-file\"><a id=\"wp-block-file--media-fc08e7d5-6ad4-4a4b-8d42-4367460f6c70\" href=\"https:\/\/www.ufpb.br\/efopli\/wp-content\/uploads\/sites\/122\/sites\/206\/2024\/11\/EFOPLI-PT.pdf\" target=\"_blank\" rel=\"noreferrer noopener\">Saiba mais<\/a><a href=\"https:\/\/www.ufpb.br\/efopli\/wp-content\/uploads\/sites\/122\/sites\/206\/2024\/11\/EFOPLI-PT.pdf\" class=\"wp-block-file__button wp-element-button\" download aria-describedby=\"wp-block-file--media-fc08e7d5-6ad4-4a4b-8d42-4367460f6c70\">Baixar<\/a><\/div>\n\n\n\n<div class=\"wp-block-file\"><a id=\"wp-block-file--media-6b569f8f-1132-48d0-b531-b56f7366c527\" href=\"https:\/\/www.ufpb.br\/efopli2\/wp-content\/uploads\/sites\/122\/sites\/206\/2024\/09\/efopli-en-1.pdf\" target=\"_blank\" rel=\"noreferrer noopener\">Learn More<\/a><a href=\"https:\/\/www.ufpb.br\/efopli2\/wp-content\/uploads\/sites\/122\/sites\/206\/2024\/09\/efopli-en-1.pdf\" class=\"wp-block-file__button wp-element-button\" download aria-describedby=\"wp-block-file--media-6b569f8f-1132-48d0-b531-b56f7366c527\">Baixar<\/a><\/div>\n\n\n\n<p><\/p>\n","protected":false},"excerpt":{"rendered":"<p>O EFOPLI \u2013 Espa\u00e7os para a Forma\u00e7\u00e3o de Professores de L\u00edngua Inglesa \u2013&nbsp; \u00e9 um programa de extens\u00e3o do CCHLA\/UFPB que tem como objetivo criar um espa\u00e7o para o desenvolvimento profissional docente, contemplando professores de Ingl\u00eas da Para\u00edba e alunos de Letras\/Ingl\u00eas. Com o intuito de integrar professores na forma\u00e7\u00e3o de um coletivo, o programa [&hellip;]<\/p>\n","protected":false},"author":47,"featured_media":0,"parent":0,"menu_order":0,"comment_status":"closed","ping_status":"closed","template":"","meta":{"footnotes":""},"class_list":["post-23","page","type-page","status-publish","hentry"],"_links":{"self":[{"href":"https:\/\/www.ufpb.br\/efopli\/wp-json\/wp\/v2\/pages\/23","targetHints":{"allow":["GET"]}}],"collection":[{"href":"https:\/\/www.ufpb.br\/efopli\/wp-json\/wp\/v2\/pages"}],"about":[{"href":"https:\/\/www.ufpb.br\/efopli\/wp-json\/wp\/v2\/types\/page"}],"author":[{"embeddable":true,"href":"https:\/\/www.ufpb.br\/efopli\/wp-json\/wp\/v2\/users\/47"}],"replies":[{"embeddable":true,"href":"https:\/\/www.ufpb.br\/efopli\/wp-json\/wp\/v2\/comments?post=23"}],"version-history":[{"count":19,"href":"https:\/\/www.ufpb.br\/efopli\/wp-json\/wp\/v2\/pages\/23\/revisions"}],"predecessor-version":[{"id":2847,"href":"https:\/\/www.ufpb.br\/efopli\/wp-json\/wp\/v2\/pages\/23\/revisions\/2847"}],"wp:attachment":[{"href":"https:\/\/www.ufpb.br\/efopli\/wp-json\/wp\/v2\/media?parent=23"}],"curies":[{"name":"wp","href":"https:\/\/api.w.org\/{rel}","templated":true}]}}