{"id":2395,"date":"2024-11-29T08:14:43","date_gmt":"2024-11-29T11:14:43","guid":{"rendered":"https:\/\/www.ufpb.br\/efopli\/?page_id=2395"},"modified":"2026-03-21T19:58:35","modified_gmt":"2026-03-21T22:58:35","slug":"material-2024","status":"publish","type":"page","link":"https:\/\/www.ufpb.br\/efopli\/material\/material-2024\/","title":{"rendered":"Material 2024 &#8211; 2026"},"content":{"rendered":"\n<p class=\"has-text-align-right\"><strong>Acesse tamb\u00e9m o material de&nbsp;<a href=\"https:\/\/www.ufpb.br\/efopli\/material\/material-2016\/\" data-type=\"page\" data-id=\"214\">2016&nbsp;<\/a>,&nbsp;<a href=\"https:\/\/www.ufpb.br\/efopli\/material\/material-2017\/\">2017<\/a>,&nbsp;<a href=\"https:\/\/www.ufpb.br\/efopli\/material\/material-2018\/\">2018<\/a>,&nbsp;<a href=\"https:\/\/www.ufpb.br\/efopli\/material\/material-2019\/\">2019<\/a>,&nbsp;<a href=\"https:\/\/www.ufpb.br\/efopli\/material\/material-2020\/\">2020<\/a><\/strong>, <a href=\"https:\/\/www.ufpb.br\/efopli\/material\/material-2021\/\">2021<\/a>.<\/p>\n\n\n\n<p><a href=\"https:\/\/www.ufpb.br\/efopli\/projeto-saber-conectado\/tech-tip\/\">Tech Tip: orienta\u00e7\u00f5es sobre ferramentas digitais<\/a> (Projeto Saber Conectado 2024-2026)<\/p>\n\n\n\n<p><a href=\"https:\/\/www.ufpb.br\/efopli\/projeto-saber-conectado\/word-of-the-year-series\/\" target=\"_blank\" rel=\"noreferrer noopener\">Word of the Year Series<\/a> (Projeto Saber Conectado &#8211; December, 2025)<\/p>\n\n\n\n<p><\/p>\n","protected":false},"excerpt":{"rendered":"<p>Acesse tamb\u00e9m o material de&nbsp;2016&nbsp;,&nbsp;2017,&nbsp;2018,&nbsp;2019,&nbsp;2020, 2021. Tech Tip: orienta\u00e7\u00f5es sobre ferramentas digitais (Projeto Saber Conectado 2024-2026) Word of the Year Series (Projeto Saber Conectado &#8211; December, 2025)<\/p>\n","protected":false},"author":144,"featured_media":0,"parent":31,"menu_order":0,"comment_status":"closed","ping_status":"closed","template":"","meta":{"footnotes":""},"class_list":["post-2395","page","type-page","status-publish","hentry"],"_links":{"self":[{"href":"https:\/\/www.ufpb.br\/efopli\/wp-json\/wp\/v2\/pages\/2395","targetHints":{"allow":["GET"]}}],"collection":[{"href":"https:\/\/www.ufpb.br\/efopli\/wp-json\/wp\/v2\/pages"}],"about":[{"href":"https:\/\/www.ufpb.br\/efopli\/wp-json\/wp\/v2\/types\/page"}],"author":[{"embeddable":true,"href":"https:\/\/www.ufpb.br\/efopli\/wp-json\/wp\/v2\/users\/144"}],"replies":[{"embeddable":true,"href":"https:\/\/www.ufpb.br\/efopli\/wp-json\/wp\/v2\/comments?post=2395"}],"version-history":[{"count":9,"href":"https:\/\/www.ufpb.br\/efopli\/wp-json\/wp\/v2\/pages\/2395\/revisions"}],"predecessor-version":[{"id":3380,"href":"https:\/\/www.ufpb.br\/efopli\/wp-json\/wp\/v2\/pages\/2395\/revisions\/3380"}],"up":[{"embeddable":true,"href":"https:\/\/www.ufpb.br\/efopli\/wp-json\/wp\/v2\/pages\/31"}],"wp:attachment":[{"href":"https:\/\/www.ufpb.br\/efopli\/wp-json\/wp\/v2\/media?parent=2395"}],"curies":[{"name":"wp","href":"https:\/\/api.w.org\/{rel}","templated":true}]}}