{"id":258,"date":"2024-09-26T19:13:03","date_gmt":"2024-09-26T19:13:03","guid":{"rendered":"https:\/\/www.ufpb.br\/efopli2\/?page_id=258"},"modified":"2024-11-28T22:28:37","modified_gmt":"2024-11-29T01:28:37","slug":"equipe-2016","status":"publish","type":"page","link":"https:\/\/www.ufpb.br\/efopli\/equipe\/equipe-2016\/","title":{"rendered":"Equipe 2016"},"content":{"rendered":"\n<p class=\"has-small-font-size\"><\/p>\n\n\n\n<div class=\"wp-block-columns is-layout-flex wp-container-core-columns-is-layout-9d6595d7 wp-block-columns-is-layout-flex\">\n<div class=\"wp-block-column is-layout-flow wp-block-column-is-layout-flow\">\n<div class=\"wp-block-media-text\" style=\"grid-template-columns:35% auto\"><figure class=\"wp-block-media-text__media\"><img loading=\"lazy\" decoding=\"async\" width=\"120\" height=\"160\" src=\"http:\/\/www.ufpb.br\/efopli2\/wp-content\/uploads\/sites\/122\/sites\/206\/2024\/09\/image-17.jpeg\" alt=\"Mariana P\u00e9rez\" class=\"wp-image-288 size-full\" \/><\/figure><div class=\"wp-block-media-text__content\">\n<p class=\"has-small-font-size\"><strong>Mariana P\u00e9rez<\/strong><\/p>\n\n\n\n<p class=\"has-small-font-size\">CCHLA &#8211; DLEM<\/p>\n\n\n\n<p class=\"has-small-font-size\">Coordenadora<\/p>\n\n\n\n<p class=\"has-small-font-size\"><a href=\"http:\/\/lattes.cnpq.br\/9704870179294652\" target=\"_blank\" rel=\"noreferrer noopener\">Lattes<\/a><\/p>\n<\/div><\/div>\n<\/div>\n\n\n\n<div class=\"wp-block-column is-layout-flow wp-block-column-is-layout-flow\">\n<div class=\"wp-block-media-text\" style=\"grid-template-columns:35% auto\"><figure class=\"wp-block-media-text__media\"><img loading=\"lazy\" decoding=\"async\" width=\"120\" height=\"160\" src=\"http:\/\/www.ufpb.br\/efopli2\/wp-content\/uploads\/sites\/122\/sites\/206\/2024\/09\/image-18.jpeg\" alt=\"Ana Carolina Bastos\" class=\"wp-image-289 size-full\" \/><\/figure><div class=\"wp-block-media-text__content\">\n<p class=\"has-small-font-size\"><strong>Ana Carolina Bastos<\/strong><\/p>\n\n\n\n<p class=\"has-small-font-size\">CCHLA &#8211; DMI<\/p>\n\n\n\n<p class=\"has-small-font-size\">Coordenadora Adjunta<\/p>\n\n\n\n<p class=\"has-small-font-size\"><a href=\"http:\/\/lattes.cnpq.br\/4005257110828885\" target=\"_blank\" rel=\"noreferrer noopener\">Lattes<\/a><\/p>\n<\/div><\/div>\n<\/div>\n<\/div>\n\n\n\n<div class=\"wp-block-columns is-layout-flex wp-container-core-columns-is-layout-9d6595d7 wp-block-columns-is-layout-flex\">\n<div class=\"wp-block-column is-layout-flow wp-block-column-is-layout-flow\">\n<div class=\"wp-block-media-text\" style=\"grid-template-columns:35% auto\"><figure class=\"wp-block-media-text__media\"><img loading=\"lazy\" decoding=\"async\" width=\"120\" height=\"160\" src=\"http:\/\/www.ufpb.br\/efopli2\/wp-content\/uploads\/sites\/122\/sites\/206\/2024\/09\/image-19.jpeg\" alt=\"Laura Mizuha\" class=\"wp-image-290 size-full\" \/><\/figure><div class=\"wp-block-media-text__content\">\n<p class=\"has-small-font-size\"><strong>Laura Mizuha<\/strong><\/p>\n\n\n\n<p class=\"has-small-font-size\">English Language Specialist<\/p>\n\n\n\n<p class=\"has-small-font-size\">Colaboradora<\/p>\n\n\n\n<p class=\"has-small-font-size\">EUA<\/p>\n<\/div><\/div>\n<\/div>\n\n\n\n<div class=\"wp-block-column is-layout-flow wp-block-column-is-layout-flow\">\n<div class=\"wp-block-media-text\" style=\"grid-template-columns:35% auto\"><figure class=\"wp-block-media-text__media\"><img loading=\"lazy\" decoding=\"async\" width=\"120\" height=\"160\" src=\"http:\/\/www.ufpb.br\/efopli2\/wp-content\/uploads\/sites\/122\/sites\/206\/2024\/09\/image-20.jpeg\" alt=\"Jivarlos Cruz\" class=\"wp-image-292 size-full\" \/><\/figure><div class=\"wp-block-media-text__content\">\n<p class=\"has-small-font-size\"><strong>Jivarlos Cruz<\/strong><\/p>\n\n\n\n<p class=\"has-small-font-size\">Letras &#8211; Ingl\u00eas (UFPB)<\/p>\n\n\n\n<p class=\"has-small-font-size\">Bolsista<\/p>\n\n\n\n<p class=\"has-small-font-size\"><a href=\"http:\/\/lattes.cnpq.br\/4005257110828885\" target=\"_blank\" rel=\"noreferrer noopener\">Lattes<\/a><\/p>\n<\/div><\/div>\n<\/div>\n<\/div>\n\n\n\n<div class=\"wp-block-columns is-layout-flex wp-container-core-columns-is-layout-9d6595d7 wp-block-columns-is-layout-flex\">\n<div class=\"wp-block-column is-layout-flow wp-block-column-is-layout-flow\">\n<div class=\"wp-block-media-text\" style=\"grid-template-columns:35% auto\"><figure class=\"wp-block-media-text__media\"><img loading=\"lazy\" decoding=\"async\" width=\"120\" height=\"160\" src=\"http:\/\/www.ufpb.br\/efopli2\/wp-content\/uploads\/sites\/122\/sites\/206\/2024\/09\/image-21.jpeg\" alt=\"Marina Costa\" class=\"wp-image-293 size-full\" \/><\/figure><div class=\"wp-block-media-text__content\">\n<p class=\"has-small-font-size\"><strong>Marina Costa<\/strong><\/p>\n\n\n\n<p class=\"has-small-font-size\">Teatro (UFPB)<\/p>\n\n\n\n<p class=\"has-small-font-size\">Volunt\u00e1ria<\/p>\n\n\n\n<p class=\"has-small-font-size\"><a href=\"http:\/\/lattes.cnpq.br\/5334799300904307\">Lattes<\/a><\/p>\n<\/div><\/div>\n<\/div>\n\n\n\n<div class=\"wp-block-column is-layout-flow wp-block-column-is-layout-flow\">\n<div class=\"wp-block-media-text\" style=\"grid-template-columns:35% auto\"><figure class=\"wp-block-media-text__media\"><img loading=\"lazy\" decoding=\"async\" width=\"120\" height=\"160\" src=\"http:\/\/www.ufpb.br\/efopli2\/wp-content\/uploads\/sites\/122\/sites\/206\/2024\/09\/image-22.jpeg\" alt=\"Matheus Santos\" class=\"wp-image-295 size-full\" \/><\/figure><div class=\"wp-block-media-text__content\">\n<p class=\"has-small-font-size\"><strong>Matheus Santos<\/strong><\/p>\n\n\n\n<p class=\"has-small-font-size\">Letras &#8211; Ingl\u00eas (UFPB)<\/p>\n\n\n\n<p class=\"has-small-font-size\">Bolsista<\/p>\n\n\n\n<p class=\"has-small-font-size\">Lattes<\/p>\n<\/div><\/div>\n<\/div>\n<\/div>\n\n\n\n<div class=\"wp-block-columns is-layout-flex wp-container-core-columns-is-layout-9d6595d7 wp-block-columns-is-layout-flex\">\n<div class=\"wp-block-column is-layout-flow wp-block-column-is-layout-flow\">\n<div class=\"wp-block-media-text\" style=\"grid-template-columns:35% auto\"><figure class=\"wp-block-media-text__media\"><img loading=\"lazy\" decoding=\"async\" width=\"120\" height=\"160\" src=\"http:\/\/www.ufpb.br\/efopli2\/wp-content\/uploads\/sites\/122\/sites\/206\/2024\/09\/image-23.jpeg\" alt=\"Pollyanna Oliveira\" class=\"wp-image-297 size-full\" \/><\/figure><div class=\"wp-block-media-text__content\">\n<p class=\"has-small-font-size\"><strong>Pollyanna Oliveira<\/strong><\/p>\n\n\n\n<p class=\"has-small-font-size\">Letras &#8211; Ingl\u00eas (UFPB)<\/p>\n\n\n\n<p class=\"has-small-font-size\">Volunt\u00e1ria<\/p>\n\n\n\n<p class=\"has-small-font-size\"><a href=\"http:\/\/lattes.cnpq.br\/3666719450284656\" target=\"_blank\" rel=\"noreferrer noopener\">Lattes<\/a><\/p>\n<\/div><\/div>\n<\/div>\n\n\n\n<div class=\"wp-block-column is-layout-flow wp-block-column-is-layout-flow\">\n<div class=\"wp-block-media-text\" style=\"grid-template-columns:35% auto\"><figure class=\"wp-block-media-text__media\"><img loading=\"lazy\" decoding=\"async\" width=\"120\" height=\"160\" src=\"http:\/\/www.ufpb.br\/efopli2\/wp-content\/uploads\/sites\/122\/sites\/206\/2024\/09\/image-24.jpeg\" alt=\"Shayane Ribeiro\" class=\"wp-image-300 size-full\" \/><\/figure><div class=\"wp-block-media-text__content\">\n<p class=\"has-small-font-size\"><strong>Shayane Ribeiro<\/strong><\/p>\n\n\n\n<p class=\"has-small-font-size\">Letras &#8211; Ingl\u00eas (UFPB)<\/p>\n\n\n\n<p class=\"has-small-font-size\">Volunt\u00e1ria<\/p>\n\n\n\n<p class=\"has-small-font-size\"><a href=\"http:\/\/lattes.cnpq.br\/9796772634810999\" target=\"_blank\" rel=\"noreferrer noopener\">Lattes<\/a><\/p>\n<\/div><\/div>\n<\/div>\n<\/div>\n\n\n\n<p><a href=\"https:\/\/www.ufpb.br\/efopli\/equipe\/equipe-2023-24\/\" data-type=\"page\" data-id=\"598\">Equipe 2023\/24<\/a><\/p>\n\n\n\n<p><a href=\"https:\/\/www.ufpb.br\/efopli\/equipe\/equipe-2022-23\/\" data-type=\"page\" data-id=\"602\">Equipe 2022\/23<\/a><\/p>\n\n\n\n<p><strong><a href=\"https:\/\/www.ufpb.br\/efopli\/equipe\/equipe-2021-22\/\" data-type=\"page\" data-id=\"524\">Equipe 2021\/22<\/a><\/strong><\/p>\n\n\n\n<p><a href=\"https:\/\/www.ufpb.br\/efopli\/equipe\/equipe-2020\/\" data-type=\"page\" data-id=\"482\">Equipe 2020<\/a><\/p>\n\n\n\n<p><a href=\"https:\/\/www.ufpb.br\/efopli\/equipe\/equipe-2019\/\" data-type=\"page\" data-id=\"458\">Equipe 2019<\/a><\/p>\n\n\n\n<p><a href=\"https:\/\/www.ufpb.br\/efopli\/equipe\/equipe-2018\/\" data-type=\"page\" data-id=\"423\">Equipe 2018<\/a><\/p>\n\n\n\n<p><a href=\"https:\/\/www.ufpb.br\/efopli\/equipe\/equipe-2017\/\" data-type=\"page\" data-id=\"371\">Equipe 2017<\/a><\/p>\n\n\n\n<p><\/p>\n","protected":false},"excerpt":{"rendered":"<p>Mariana P\u00e9rez CCHLA &#8211; DLEM Coordenadora Lattes Ana Carolina Bastos CCHLA &#8211; DMI Coordenadora Adjunta Lattes Laura Mizuha English Language Specialist Colaboradora EUA Jivarlos Cruz Letras &#8211; Ingl\u00eas (UFPB) Bolsista Lattes Marina Costa Teatro (UFPB) Volunt\u00e1ria Lattes Matheus Santos Letras &#8211; Ingl\u00eas (UFPB) Bolsista Lattes Pollyanna Oliveira Letras &#8211; Ingl\u00eas (UFPB) Volunt\u00e1ria Lattes Shayane Ribeiro [&hellip;]<\/p>\n","protected":false},"author":145,"featured_media":0,"parent":29,"menu_order":0,"comment_status":"closed","ping_status":"closed","template":"","meta":{"footnotes":""},"class_list":["post-258","page","type-page","status-publish","hentry"],"_links":{"self":[{"href":"https:\/\/www.ufpb.br\/efopli\/wp-json\/wp\/v2\/pages\/258","targetHints":{"allow":["GET"]}}],"collection":[{"href":"https:\/\/www.ufpb.br\/efopli\/wp-json\/wp\/v2\/pages"}],"about":[{"href":"https:\/\/www.ufpb.br\/efopli\/wp-json\/wp\/v2\/types\/page"}],"author":[{"embeddable":true,"href":"https:\/\/www.ufpb.br\/efopli\/wp-json\/wp\/v2\/users\/145"}],"replies":[{"embeddable":true,"href":"https:\/\/www.ufpb.br\/efopli\/wp-json\/wp\/v2\/comments?post=258"}],"version-history":[{"count":17,"href":"https:\/\/www.ufpb.br\/efopli\/wp-json\/wp\/v2\/pages\/258\/revisions"}],"predecessor-version":[{"id":2379,"href":"https:\/\/www.ufpb.br\/efopli\/wp-json\/wp\/v2\/pages\/258\/revisions\/2379"}],"up":[{"embeddable":true,"href":"https:\/\/www.ufpb.br\/efopli\/wp-json\/wp\/v2\/pages\/29"}],"wp:attachment":[{"href":"https:\/\/www.ufpb.br\/efopli\/wp-json\/wp\/v2\/media?parent=258"}],"curies":[{"name":"wp","href":"https:\/\/api.w.org\/{rel}","templated":true}]}}