{"id":2615,"date":"2025-03-27T17:12:08","date_gmt":"2025-03-27T20:12:08","guid":{"rendered":"https:\/\/www.ufpb.br\/efopli\/?page_id=2615"},"modified":"2026-03-04T19:59:27","modified_gmt":"2026-03-04T22:59:27","slug":"tech-tip","status":"publish","type":"page","link":"https:\/\/www.ufpb.br\/efopli\/projeto-saber-conectado\/tech-tip\/","title":{"rendered":"Tech Tip"},"content":{"rendered":"\n<p class=\"has-small-font-size\"><em>Research team (2024-2025, Tech Tips #1 to #9)): Rafaela Sousa; Wellerson Ara\u00fajo; Calebe Ferreira; La\u00eds Freire.<\/em><\/p>\n\n\n\n<p class=\"has-small-font-size\"><em>Research team (2025-2026, Tech Tip #10): Rafaela Sousa; Anna Souza; Marcela Gonzaga; Vinicius Ara\u00fajo; Maria Vanessa de Lima.<\/em><\/p>\n\n\n\n<p><strong>Tech Tip Project <\/strong>offers suggestions of tools that can be incorporated into English teaching and learning practices. Click the pictures below to explore all the tips that we have shared so far:<\/p>\n\n\n\n<div class=\"wp-block-columns is-layout-flex wp-container-core-columns-is-layout-9d6595d7 wp-block-columns-is-layout-flex\">\n<div class=\"wp-block-column is-layout-flow wp-block-column-is-layout-flow\">\n<figure class=\"wp-block-image size-full\"><a href=\"https:\/\/www.ufpb.br\/efopli\/projeto-saber-conectado\/tech-tip\/tip-1-29-11-2024-duckduckgo\/\" target=\"_blank\" rel=\" noreferrer noopener\"><img loading=\"lazy\" decoding=\"async\" width=\"200\" height=\"200\" src=\"http:\/\/www.ufpb.br\/efopli\/wp-content\/uploads\/sites\/122\/sites\/206\/2025\/03\/Tip-1.png\" alt=\"\" class=\"wp-image-2616\" srcset=\"https:\/\/www.ufpb.br\/efopli\/wp-content\/uploads\/sites\/122\/sites\/206\/2025\/03\/Tip-1.png 200w, https:\/\/www.ufpb.br\/efopli\/wp-content\/uploads\/sites\/122\/sites\/206\/2025\/03\/Tip-1-150x150.png 150w\" sizes=\"auto, (max-width: 200px) 100vw, 200px\" \/><\/a><\/figure>\n<\/div>\n\n\n\n<div class=\"wp-block-column is-layout-flow wp-block-column-is-layout-flow\">\n<figure class=\"wp-block-image size-full\"><a href=\"https:\/\/www.ufpb.br\/efopli\/projeto-saber-conectado\/tech-tip\/tip-2-19-12-2024-simple-english-wikipedia\/\" target=\"_blank\" rel=\" noreferrer noopener\"><img loading=\"lazy\" decoding=\"async\" width=\"200\" height=\"200\" src=\"http:\/\/www.ufpb.br\/efopli\/wp-content\/uploads\/sites\/122\/sites\/206\/2025\/03\/Tip-2.png\" alt=\"\" class=\"wp-image-2617\" srcset=\"https:\/\/www.ufpb.br\/efopli\/wp-content\/uploads\/sites\/122\/sites\/206\/2025\/03\/Tip-2.png 200w, https:\/\/www.ufpb.br\/efopli\/wp-content\/uploads\/sites\/122\/sites\/206\/2025\/03\/Tip-2-150x150.png 150w\" sizes=\"auto, (max-width: 200px) 100vw, 200px\" \/><\/a><\/figure>\n<\/div>\n\n\n\n<div class=\"wp-block-column is-layout-flow wp-block-column-is-layout-flow\">\n<figure class=\"wp-block-image size-full\"><a href=\"https:\/\/www.ufpb.br\/efopli\/projeto-saber-conectado\/tech-tip\/tip-3-30-01-2025-digital-wellbeing-apps-digital-wellbeing-parental-control-android-and-screentime-ios\/\" target=\"_blank\" rel=\" noreferrer noopener\"><img loading=\"lazy\" decoding=\"async\" width=\"200\" height=\"200\" src=\"https:\/\/www.ufpb.br\/efopli\/wp-content\/uploads\/sites\/122\/sites\/206\/2025\/03\/Tip-3.png\" alt=\"\" class=\"wp-image-2621\" srcset=\"https:\/\/www.ufpb.br\/efopli\/wp-content\/uploads\/sites\/122\/sites\/206\/2025\/03\/Tip-3.png 200w, https:\/\/www.ufpb.br\/efopli\/wp-content\/uploads\/sites\/122\/sites\/206\/2025\/03\/Tip-3-150x150.png 150w\" sizes=\"auto, (max-width: 200px) 100vw, 200px\" \/><\/a><\/figure>\n<\/div>\n<\/div>\n\n\n\n<p><\/p>\n\n\n\n<div class=\"wp-block-columns is-layout-flex wp-container-core-columns-is-layout-9d6595d7 wp-block-columns-is-layout-flex\">\n<div class=\"wp-block-column is-layout-flow wp-block-column-is-layout-flow\">\n<figure class=\"wp-block-image size-full\"><a href=\"https:\/\/www.ufpb.br\/efopli\/projeto-saber-conectado\/tech-tip\/tip-4-24-02-2025-avamec\/\" target=\"_blank\" rel=\" noreferrer noopener\"><img loading=\"lazy\" decoding=\"async\" width=\"200\" height=\"200\" src=\"https:\/\/www.ufpb.br\/efopli\/wp-content\/uploads\/sites\/122\/sites\/206\/2025\/03\/Tip-4.png\" alt=\"\" class=\"wp-image-2623\" srcset=\"https:\/\/www.ufpb.br\/efopli\/wp-content\/uploads\/sites\/122\/sites\/206\/2025\/03\/Tip-4.png 200w, https:\/\/www.ufpb.br\/efopli\/wp-content\/uploads\/sites\/122\/sites\/206\/2025\/03\/Tip-4-150x150.png 150w\" sizes=\"auto, (max-width: 200px) 100vw, 200px\" \/><\/a><\/figure>\n<\/div>\n\n\n\n<div class=\"wp-block-column is-layout-flow wp-block-column-is-layout-flow\">\n<figure class=\"wp-block-image size-full\"><a href=\"https:\/\/www.ufpb.br\/efopli\/projeto-saber-conectado\/tech-tip\/tip-5-27-03-2025-the-kings-music-room-playlist\/\" target=\"_blank\" rel=\" noreferrer noopener\"><img loading=\"lazy\" decoding=\"async\" width=\"200\" height=\"200\" src=\"https:\/\/www.ufpb.br\/efopli\/wp-content\/uploads\/sites\/122\/sites\/206\/2025\/03\/Tip-5.png\" alt=\"\" class=\"wp-image-2624\" srcset=\"https:\/\/www.ufpb.br\/efopli\/wp-content\/uploads\/sites\/122\/sites\/206\/2025\/03\/Tip-5.png 200w, https:\/\/www.ufpb.br\/efopli\/wp-content\/uploads\/sites\/122\/sites\/206\/2025\/03\/Tip-5-150x150.png 150w\" sizes=\"auto, (max-width: 200px) 100vw, 200px\" \/><\/a><\/figure>\n<\/div>\n\n\n\n<div class=\"wp-block-column is-layout-flow wp-block-column-is-layout-flow\">\n<figure class=\"wp-block-image size-full\"><a href=\"https:\/\/www.ufpb.br\/efopli\/tip-6-29-04-2025-online-libraries\/\" target=\"_blank\" rel=\" noreferrer noopener\"><img loading=\"lazy\" decoding=\"async\" width=\"200\" height=\"200\" src=\"https:\/\/www.ufpb.br\/efopli\/wp-content\/uploads\/sites\/122\/sites\/206\/2025\/04\/Tip-6.png\" alt=\"\" class=\"wp-image-2658\" srcset=\"https:\/\/www.ufpb.br\/efopli\/wp-content\/uploads\/sites\/122\/sites\/206\/2025\/04\/Tip-6.png 200w, https:\/\/www.ufpb.br\/efopli\/wp-content\/uploads\/sites\/122\/sites\/206\/2025\/04\/Tip-6-150x150.png 150w\" sizes=\"auto, (max-width: 200px) 100vw, 200px\" \/><\/a><\/figure>\n<\/div>\n<\/div>\n\n\n\n<p><\/p>\n\n\n\n<div class=\"wp-block-columns is-layout-flex wp-container-core-columns-is-layout-9d6595d7 wp-block-columns-is-layout-flex\">\n<div class=\"wp-block-column is-layout-flow wp-block-column-is-layout-flow\">\n<figure class=\"wp-block-image size-full\"><a href=\"https:\/\/www.ufpb.br\/efopli\/projeto-saber-conectado\/tech-tip\/tip-7-13-05-2025-forvo\/\" target=\"_blank\" rel=\" noreferrer noopener\"><img loading=\"lazy\" decoding=\"async\" width=\"200\" height=\"200\" src=\"http:\/\/www.ufpb.br\/efopli\/wp-content\/uploads\/sites\/122\/sites\/206\/2025\/06\/Tip-7.png\" alt=\"\" class=\"wp-image-2713\" srcset=\"https:\/\/www.ufpb.br\/efopli\/wp-content\/uploads\/sites\/122\/sites\/206\/2025\/06\/Tip-7.png 200w, https:\/\/www.ufpb.br\/efopli\/wp-content\/uploads\/sites\/122\/sites\/206\/2025\/06\/Tip-7-150x150.png 150w\" sizes=\"auto, (max-width: 200px) 100vw, 200px\" \/><\/a><\/figure>\n<\/div>\n\n\n\n<div class=\"wp-block-column is-layout-flow wp-block-column-is-layout-flow\">\n<figure class=\"wp-block-image size-full\"><a href=\"https:\/\/www.ufpb.br\/efopli\/projeto-saber-conectado\/tech-tip\/tip-8-30-06-2025-old-maps-online\/\" target=\"_blank\" rel=\" noreferrer noopener\"><img loading=\"lazy\" decoding=\"async\" width=\"200\" height=\"200\" src=\"http:\/\/www.ufpb.br\/efopli\/wp-content\/uploads\/sites\/122\/sites\/206\/2025\/06\/Tip-8.png\" alt=\"\" class=\"wp-image-2715\" srcset=\"https:\/\/www.ufpb.br\/efopli\/wp-content\/uploads\/sites\/122\/sites\/206\/2025\/06\/Tip-8.png 200w, https:\/\/www.ufpb.br\/efopli\/wp-content\/uploads\/sites\/122\/sites\/206\/2025\/06\/Tip-8-150x150.png 150w\" sizes=\"auto, (max-width: 200px) 100vw, 200px\" \/><\/a><\/figure>\n<\/div>\n\n\n\n<div class=\"wp-block-column is-layout-flow wp-block-column-is-layout-flow\">\n<figure class=\"wp-block-image size-full is-resized\"><a href=\"https:\/\/www.ufpb.br\/efopli\/projeto-saber-conectado\/tech-tip\/tech-tip-9-schools-360cities-net\/\" target=\"_blank\" rel=\" noreferrer noopener\"><img loading=\"lazy\" decoding=\"async\" width=\"200\" height=\"200\" src=\"https:\/\/www.ufpb.br\/efopli\/wp-content\/uploads\/sites\/122\/sites\/206\/2025\/09\/Tip-9.png\" alt=\"\" class=\"wp-image-2855\" style=\"width:201px;height:auto\" srcset=\"https:\/\/www.ufpb.br\/efopli\/wp-content\/uploads\/sites\/122\/sites\/206\/2025\/09\/Tip-9.png 200w, https:\/\/www.ufpb.br\/efopli\/wp-content\/uploads\/sites\/122\/sites\/206\/2025\/09\/Tip-9-150x150.png 150w\" sizes=\"auto, (max-width: 200px) 100vw, 200px\" \/><\/a><\/figure>\n<\/div>\n<\/div>\n\n\n\n<p class=\"has-small-font-size\"><\/p>\n\n\n\n<figure class=\"wp-block-image size-full\"><a href=\"https:\/\/www.ufpb.br\/efopli\/projeto-saber-conectado\/tech-tip\/tip-10-02-03-2026-kiddle\/\"><img loading=\"lazy\" decoding=\"async\" width=\"200\" height=\"200\" src=\"https:\/\/www.ufpb.br\/efopli\/wp-content\/uploads\/sites\/122\/sites\/206\/2026\/03\/F47920.png\" alt=\"\" class=\"wp-image-3302\" srcset=\"https:\/\/www.ufpb.br\/efopli\/wp-content\/uploads\/sites\/122\/sites\/206\/2026\/03\/F47920.png 200w, https:\/\/www.ufpb.br\/efopli\/wp-content\/uploads\/sites\/122\/sites\/206\/2026\/03\/F47920-150x150.png 150w\" sizes=\"auto, (max-width: 200px) 100vw, 200px\" \/><\/a><\/figure>\n","protected":false},"excerpt":{"rendered":"<p>Research team (2024-2025, Tech Tips #1 to #9)): Rafaela Sousa; Wellerson Ara\u00fajo; Calebe Ferreira; La\u00eds Freire. Research team (2025-2026, Tech Tip #10): Rafaela Sousa; Anna Souza; Marcela Gonzaga; Vinicius Ara\u00fajo; Maria Vanessa de Lima. Tech Tip Project offers suggestions of tools that can be incorporated into English teaching and learning practices. Click the pictures below [&hellip;]<\/p>\n","protected":false},"author":146,"featured_media":0,"parent":1032,"menu_order":0,"comment_status":"closed","ping_status":"closed","template":"","meta":{"footnotes":""},"class_list":["post-2615","page","type-page","status-publish","hentry"],"_links":{"self":[{"href":"https:\/\/www.ufpb.br\/efopli\/wp-json\/wp\/v2\/pages\/2615","targetHints":{"allow":["GET"]}}],"collection":[{"href":"https:\/\/www.ufpb.br\/efopli\/wp-json\/wp\/v2\/pages"}],"about":[{"href":"https:\/\/www.ufpb.br\/efopli\/wp-json\/wp\/v2\/types\/page"}],"author":[{"embeddable":true,"href":"https:\/\/www.ufpb.br\/efopli\/wp-json\/wp\/v2\/users\/146"}],"replies":[{"embeddable":true,"href":"https:\/\/www.ufpb.br\/efopli\/wp-json\/wp\/v2\/comments?post=2615"}],"version-history":[{"count":33,"href":"https:\/\/www.ufpb.br\/efopli\/wp-json\/wp\/v2\/pages\/2615\/revisions"}],"predecessor-version":[{"id":3313,"href":"https:\/\/www.ufpb.br\/efopli\/wp-json\/wp\/v2\/pages\/2615\/revisions\/3313"}],"up":[{"embeddable":true,"href":"https:\/\/www.ufpb.br\/efopli\/wp-json\/wp\/v2\/pages\/1032"}],"wp:attachment":[{"href":"https:\/\/www.ufpb.br\/efopli\/wp-json\/wp\/v2\/media?parent=2615"}],"curies":[{"name":"wp","href":"https:\/\/api.w.org\/{rel}","templated":true}]}}