{"id":27,"date":"2024-09-16T15:22:51","date_gmt":"2024-09-16T15:22:51","guid":{"rendered":"https:\/\/www.cchla.ufpb.br\/efopli2\/?page_id=27"},"modified":"2025-08-31T18:06:00","modified_gmt":"2025-08-31T21:06:00","slug":"eppi","status":"publish","type":"page","link":"https:\/\/www.ufpb.br\/efopli\/eppi\/","title":{"rendered":"EPPI"},"content":{"rendered":"\n<h2 class=\"wp-block-heading has-text-align-center has-medium-font-size\">ENCONTRO PARAIBANO DE PROFESSORES DE INGL\u00caS (EPPI)<\/h2>\n\n\n<div class=\"wp-block-image\">\n<figure class=\"aligncenter size-large is-resized\"><img loading=\"lazy\" decoding=\"async\" width=\"1024\" height=\"408\" src=\"http:\/\/www.ufpb.br\/efopli\/wp-content\/uploads\/sites\/122\/sites\/206\/2024\/09\/eppi-1024x408.png\" alt=\"\" class=\"wp-image-139\" style=\"width:416px;height:auto\" srcset=\"https:\/\/www.ufpb.br\/efopli\/wp-content\/uploads\/sites\/122\/sites\/206\/2024\/09\/eppi-1024x408.png 1024w, https:\/\/www.ufpb.br\/efopli\/wp-content\/uploads\/sites\/122\/sites\/206\/2024\/09\/eppi-300x120.png 300w, https:\/\/www.ufpb.br\/efopli\/wp-content\/uploads\/sites\/122\/sites\/206\/2024\/09\/eppi-768x306.png 768w, https:\/\/www.ufpb.br\/efopli\/wp-content\/uploads\/sites\/122\/sites\/206\/2024\/09\/eppi-1536x612.png 1536w, https:\/\/www.ufpb.br\/efopli\/wp-content\/uploads\/sites\/122\/sites\/206\/2024\/09\/eppi-2048x816.png 2048w\" sizes=\"auto, (max-width: 1024px) 100vw, 1024px\" \/><\/figure>\n<\/div>\n\n\n<p>O Encontro Paraibano de Professores de Ingl\u00eas (EPPI) \u00e9 um evento anual organizado pelo Programa EFOPLI que tem como objetivo oportunizar um espa\u00e7o para a reflex\u00e3o sobre o ensino de l\u00edngua inglesa de diferentes n\u00edveis de ensino e contextos, atrav\u00e9s da troca de experi\u00eancias e socializa\u00e7\u00e3o de pesquisas e pr\u00e1ticas.<\/p>\n\n\n\n<p>Gra\u00e7as ao apoio de diferentes institui\u00e7\u00f5es, o EPPI acontece de forma gratuita desde 2014, permitindo uma participa\u00e7\u00e3o cada vez maior de professores de toda a Para\u00edba e de outros estados.<\/p>\n\n\n\n<h2 class=\"wp-block-heading has-text-align-left has-medium-font-size\"><strong>HIST\u00d3RICO<\/strong><\/h2>\n\n\n\n<p>A primeira edi\u00e7\u00e3o do evento foi uma a\u00e7\u00e3o organizada pela ent\u00e3o coordena\u00e7\u00e3o do Programa Ingl\u00eas sem Fronteiras (ISF) na UFPB. Ocorrido em 01 de novembro de 2014, reuniu 50 professores e teve como objetivos ampliar o escopo do ISF\/UFPB, integrar a comunidade docente e oportunizar espa\u00e7os de trocas de experi\u00eancias entre professores em forma\u00e7\u00e3o inicial e continuada e participantes do Programa ISF (bolsistas estudantes de Letras e Assistentes de Ensino de Ingl\u00eas &#8211; ETAs \/ CAPES \/ Fulbright).<\/p>\n\n\n<div class=\"wp-block-image\">\n<figure class=\"aligncenter size-full is-resized\"><img loading=\"lazy\" decoding=\"async\" width=\"941\" height=\"581\" src=\"http:\/\/www.ufpb.br\/efopli2\/wp-content\/uploads\/sites\/122\/sites\/206\/2024\/09\/36028914675_0570b1cb19_o.jpg\" alt=\"\" class=\"wp-image-773\" style=\"width:545px;height:auto\" srcset=\"https:\/\/www.ufpb.br\/efopli\/wp-content\/uploads\/sites\/122\/sites\/206\/2024\/09\/36028914675_0570b1cb19_o.jpg 941w, https:\/\/www.ufpb.br\/efopli\/wp-content\/uploads\/sites\/122\/sites\/206\/2024\/09\/36028914675_0570b1cb19_o-300x185.jpg 300w, https:\/\/www.ufpb.br\/efopli\/wp-content\/uploads\/sites\/122\/sites\/206\/2024\/09\/36028914675_0570b1cb19_o-768x474.jpg 768w\" sizes=\"auto, (max-width: 941px) 100vw, 941px\" \/><\/figure>\n<\/div>\n\n\n<p class=\"has-text-align-center has-small-font-size\">Participantes do primeiro EPPI, em 2014.<\/p>\n\n\n\n<p>Com a cria\u00e7\u00e3o do Programa de Extens\u00e3o EFOPLI\/UFPB, o EPPI foi organizado pela parceria EFOPLI e IsF \/ UFPB. O evento passou a envolver outras institui\u00e7\u00f5es de ensino superior na Para\u00edba e de outros estados, al\u00e9m de palestrantes nacionais e internacionais. A segunda edi\u00e7\u00e3o aconteceu em aconteceu nos dias 06 e 07 de novembro de 2015 e contou com aproximadamente 200 participantes. <\/p>\n\n\n<div class=\"wp-block-image\">\n<figure class=\"aligncenter size-full is-resized\"><img loading=\"lazy\" decoding=\"async\" width=\"814\" height=\"148\" src=\"http:\/\/www.ufpb.br\/efopli\/wp-content\/uploads\/sites\/122\/sites\/206\/2024\/10\/logoeppi2-e1732722295126.png\" alt=\"\" class=\"wp-image-1664\" style=\"width:544px;height:auto\" srcset=\"https:\/\/www.ufpb.br\/efopli\/wp-content\/uploads\/sites\/122\/sites\/206\/2024\/10\/logoeppi2-e1732722295126.png 814w, https:\/\/www.ufpb.br\/efopli\/wp-content\/uploads\/sites\/122\/sites\/206\/2024\/10\/logoeppi2-e1732722295126-300x55.png 300w, https:\/\/www.ufpb.br\/efopli\/wp-content\/uploads\/sites\/122\/sites\/206\/2024\/10\/logoeppi2-e1732722295126-768x140.png 768w\" sizes=\"auto, (max-width: 814px) 100vw, 814px\" \/><\/figure>\n<\/div>\n\n\n<p class=\"has-text-align-center has-small-font-size\">Primeira logo do EPPI.<\/p>\n\n\n<div class=\"wp-block-image\">\n<figure class=\"aligncenter is-resized\"><img loading=\"lazy\" decoding=\"async\" width=\"1024\" height=\"683\" src=\"https:\/\/www.ufpb.br\/efopli2\/wp-content\/uploads\/sites\/122\/sites\/206\/2024\/09\/36028108645_5af1a351c7_o-1-1024x683.jpg\" alt=\"\" class=\"wp-image-789\" style=\"width:548px;height:auto\" srcset=\"https:\/\/www.ufpb.br\/efopli\/wp-content\/uploads\/sites\/122\/sites\/206\/2024\/09\/36028108645_5af1a351c7_o-1-1024x683.jpg 1024w, https:\/\/www.ufpb.br\/efopli\/wp-content\/uploads\/sites\/122\/sites\/206\/2024\/09\/36028108645_5af1a351c7_o-1-300x200.jpg 300w, https:\/\/www.ufpb.br\/efopli\/wp-content\/uploads\/sites\/122\/sites\/206\/2024\/09\/36028108645_5af1a351c7_o-1-768x512.jpg 768w, https:\/\/www.ufpb.br\/efopli\/wp-content\/uploads\/sites\/122\/sites\/206\/2024\/09\/36028108645_5af1a351c7_o-1-1536x1024.jpg 1536w, https:\/\/www.ufpb.br\/efopli\/wp-content\/uploads\/sites\/122\/sites\/206\/2024\/09\/36028108645_5af1a351c7_o-1-2048x1365.jpg 2048w, https:\/\/www.ufpb.br\/efopli\/wp-content\/uploads\/sites\/122\/sites\/206\/2024\/09\/36028108645_5af1a351c7_o-1-272x182.jpg 272w\" sizes=\"auto, (max-width: 1024px) 100vw, 1024px\" \/><\/figure>\n<\/div>\n\n\n<p class=\"has-text-align-center has-small-font-size\">Plen\u00e1ria do 2o EPPI, em 2015.<\/p>\n\n\n\n<p>Em um crescimento cont\u00ednuo, a terceira edi\u00e7\u00e3o aconteceu na UFPB nos dias 21 e 22 de outubro de 2016, com 300 inscritos. O evento incluiu, em sua programa\u00e7\u00e3o, plen\u00e1rias, sess\u00e3o de p\u00f4steres, al\u00e9m da oferta de oficinas. <\/p>\n\n\n<div class=\"wp-block-image\">\n<figure class=\"aligncenter is-resized\"><img loading=\"lazy\" decoding=\"async\" width=\"1024\" height=\"683\" src=\"https:\/\/www.ufpb.br\/efopli2\/wp-content\/uploads\/sites\/122\/sites\/206\/2024\/10\/3eppi-1024x683.jpg\" alt=\"\" class=\"wp-image-876\" style=\"width:556px;height:auto\" srcset=\"https:\/\/www.ufpb.br\/efopli\/wp-content\/uploads\/sites\/122\/sites\/206\/2024\/10\/3eppi-1024x683.jpg 1024w, https:\/\/www.ufpb.br\/efopli\/wp-content\/uploads\/sites\/122\/sites\/206\/2024\/10\/3eppi-300x200.jpg 300w, https:\/\/www.ufpb.br\/efopli\/wp-content\/uploads\/sites\/122\/sites\/206\/2024\/10\/3eppi-768x512.jpg 768w, https:\/\/www.ufpb.br\/efopli\/wp-content\/uploads\/sites\/122\/sites\/206\/2024\/10\/3eppi-1536x1024.jpg 1536w, https:\/\/www.ufpb.br\/efopli\/wp-content\/uploads\/sites\/122\/sites\/206\/2024\/10\/3eppi-2048x1365.jpg 2048w, https:\/\/www.ufpb.br\/efopli\/wp-content\/uploads\/sites\/122\/sites\/206\/2024\/10\/3eppi-272x182.jpg 272w\" sizes=\"auto, (max-width: 1024px) 100vw, 1024px\" \/><\/figure>\n<\/div>\n\n\n<p class=\"has-text-align-center has-small-font-size\">Participantes do 3o EPPI, em 2016.<\/p>\n\n\n\n<p>A <a href=\"https:\/\/www.ufpb.br\/efopli\/4o-eppi-reune-mais-de-trinta-trabalhos-em-sessao-de-posteres-e-premia-professores-e-estudantes\/\" target=\"_blank\" rel=\"noreferrer noopener\">quarta edi\u00e7\u00e3o do evento<\/a>, ocorrida em 24 e 25 de novembro de 2017, aconteceu juntamente com a Segunda Confer\u00eancia dos Professores de Ingl\u00eas do Munic\u00edpio de Jo\u00e3o Pessoa, considerando a&nbsp;<a href=\"https:\/\/www.ufpb.br\/efopli\/parceria-entre-pmjp-e-ufpb-promove-formacao-continuada-para-professores-da-lingua-inglesa\/\" target=\"_blank\" rel=\"noreferrer noopener\">parceria<\/a>&nbsp;estabelecida entre a Prefeitura Municipal de Jo\u00e3o Pessoa e o EFOPLI. A abertura do evento aconteceu no Col\u00e9gio Marista Pio X e o segundo dia de atividades na UFPB.<\/p>\n\n\n\n<p>Al\u00e9m das plen\u00e1rias e oficinas oferecidos pelo EPPI, no dia 25 ocorreu a sess\u00e3o de p\u00f4steres do EPPI, que reuniu mais de 30 trabalhos resultantes dos encontros formativos ofertados pelo EFOPLI ao longo do ano de 2017 e de pesquisas de estudantes de Letras de institui\u00e7\u00f5es da Para\u00edba. Divididos nas categorias&nbsp;<em>pre-service<\/em>&nbsp;(professores em forma\u00e7\u00e3o) e&nbsp;<em>in-service<\/em> (professores em servi\u00e7o) e tiveram seus p\u00f4steres e apresenta\u00e7\u00f5es analisados por um grupo de avaliadores externos, que elegeram os 3 melhores trabalhos de cada categoria.<\/p>\n\n\n<div class=\"wp-block-image\">\n<figure class=\"aligncenter is-resized\"><img loading=\"lazy\" decoding=\"async\" width=\"1024\" height=\"554\" src=\"https:\/\/www.ufpb.br\/efopli2\/wp-content\/uploads\/sites\/122\/sites\/206\/2024\/10\/4-eppi-1024x554.jpg\" alt=\"\" class=\"wp-image-1348\" style=\"width:557px;height:auto\" srcset=\"https:\/\/www.ufpb.br\/efopli\/wp-content\/uploads\/sites\/122\/sites\/206\/2024\/10\/4-eppi-1024x554.jpg 1024w, https:\/\/www.ufpb.br\/efopli\/wp-content\/uploads\/sites\/122\/sites\/206\/2024\/10\/4-eppi-300x162.jpg 300w, https:\/\/www.ufpb.br\/efopli\/wp-content\/uploads\/sites\/122\/sites\/206\/2024\/10\/4-eppi-768x415.jpg 768w, https:\/\/www.ufpb.br\/efopli\/wp-content\/uploads\/sites\/122\/sites\/206\/2024\/10\/4-eppi-1536x830.jpg 1536w, https:\/\/www.ufpb.br\/efopli\/wp-content\/uploads\/sites\/122\/sites\/206\/2024\/10\/4-eppi.jpg 2048w\" sizes=\"auto, (max-width: 1024px) 100vw, 1024px\" \/><\/figure>\n<\/div>\n\n\n<p class=\"has-text-align-center has-small-font-size\"><em>Poster Session, <\/em>4o EPPI.<\/p>\n\n\n\n<p>O quinto EPPI aconteceu em 05 de outubro de 2019, na Esta\u00e7\u00e3o&nbsp;Cabo Branco \u2013 Ci\u00eancia Cultura e Artes. Assim como na edi\u00e7\u00e3o anterior, o&nbsp;evento acontece juntamente com a&nbsp;Confer\u00eancia dos Professores de Ingl\u00eas do Munic\u00edpio de Jo\u00e3o Pessoa. O evento contou com a presen\u00e7a de palestrantes de v\u00e1rias institui\u00e7\u00f5es nacionais e internacionais.<\/p>\n\n\n\n<figure class=\"wp-block-embed is-type-video is-provider-youtube wp-block-embed-youtube wp-embed-aspect-16-9 wp-has-aspect-ratio\"><div class=\"wp-block-embed__wrapper\">\n<iframe loading=\"lazy\" title=\"V EPPI - Best Moments\" width=\"500\" height=\"281\" src=\"https:\/\/www.youtube.com\/embed\/9VGp5Ct6_v0?feature=oembed\" frameborder=\"0\" allow=\"accelerometer; autoplay; clipboard-write; encrypted-media; gyroscope; picture-in-picture; web-share\" referrerpolicy=\"strict-origin-when-cross-origin\" allowfullscreen><\/iframe>\n<\/div><\/figure>\n\n\n\n<p class=\"has-text-align-center has-small-font-size\">V\u00eddeo com registros da quinta edi\u00e7\u00e3o do EPPI.<\/p>\n\n\n\n<p>Em 2020, devido \u00e0 pandemia da COVID-19, a equipe organizadora, com determina\u00e7\u00e3o e empenho, redesenhou o evento. O sexto Encontro Paraibano de Professores de Ingl\u00eas aconteceu em formato virtual, no dia 3 de outubro de 2020, em transmiss\u00e3o ao vivo. Palestrantes de dentro e fora do Brasil apresentaram plen\u00e1rias, pain\u00e9is e <em>talks<\/em> podem ser (re)vistos no&nbsp;<a href=\"https:\/\/www.youtube.com\/watch?v=sH8MgaHnyJc&amp;list=PL1dEzPHkn7VqJ6pno6I5HgoTXu3CBfBze\" target=\"_blank\" rel=\"noreferrer noopener\">canal do EFOPLI no YouTube<\/a>.<\/p>\n\n\n<div class=\"wp-block-image\">\n<figure class=\"aligncenter is-resized\"><img loading=\"lazy\" decoding=\"async\" width=\"1024\" height=\"575\" src=\"https:\/\/www.ufpb.br\/efopli2\/wp-content\/uploads\/sites\/122\/sites\/206\/2024\/10\/image-1.jpeg\" alt=\"\" class=\"wp-image-1359\" style=\"width:571px;height:auto\" srcset=\"https:\/\/www.ufpb.br\/efopli\/wp-content\/uploads\/sites\/122\/sites\/206\/2024\/10\/image-1.jpeg 1024w, https:\/\/www.ufpb.br\/efopli\/wp-content\/uploads\/sites\/122\/sites\/206\/2024\/10\/image-1-300x168.jpeg 300w, https:\/\/www.ufpb.br\/efopli\/wp-content\/uploads\/sites\/122\/sites\/206\/2024\/10\/image-1-768x431.jpeg 768w\" sizes=\"auto, (max-width: 1024px) 100vw, 1024px\" \/><\/figure>\n<\/div>\n\n\n<p class=\"has-text-align-center has-small-font-size\">6o EPPI, transmitido em nosso canal do Youtube.<\/p>\n\n\n\n<p>Em 30 de outubro de 2021, tivemos uma segunda vers\u00e3o <a href=\"https:\/\/www.youtube.com\/watch?v=O84epyH294k&amp;list=PL1dEzPHkn7Vq_KHXX2mSe4vo_7ogz1j3Q\" target=\"_blank\" rel=\"noreferrer noopener\">em formato online<\/a>. No s\u00e9timo EPPI, foi lan\u00e7ada a nova identidade visual do evento. A <em>playlist<\/em> com plen\u00e1rias, <em>talks<\/em>, apresenta\u00e7\u00e3o musical podem ser acessada <a href=\"https:\/\/www.youtube.com\/watch?v=O84epyH294k&amp;list=PL1dEzPHkn7Vq_KHXX2mSe4vo_7ogz1j3Q\" data-type=\"link\" data-id=\"https:\/\/www.youtube.com\/watch?v=O84epyH294k&amp;list=PL1dEzPHkn7Vq_KHXX2mSe4vo_7ogz1j3Q\">aqui<\/a>.<\/p>\n\n\n<div class=\"wp-block-image\">\n<figure class=\"aligncenter size-large is-resized\"><img loading=\"lazy\" decoding=\"async\" width=\"1024\" height=\"490\" src=\"http:\/\/www.ufpb.br\/efopli\/wp-content\/uploads\/sites\/122\/sites\/206\/2025\/08\/IMG-20250731-WA0010-e1756661888831-1024x490.jpg\" alt=\"\" class=\"wp-image-2815\" style=\"width:601px;height:auto\" srcset=\"https:\/\/www.ufpb.br\/efopli\/wp-content\/uploads\/sites\/122\/sites\/206\/2025\/08\/IMG-20250731-WA0010-e1756661888831-1024x490.jpg 1024w, https:\/\/www.ufpb.br\/efopli\/wp-content\/uploads\/sites\/122\/sites\/206\/2025\/08\/IMG-20250731-WA0010-e1756661888831-300x144.jpg 300w, https:\/\/www.ufpb.br\/efopli\/wp-content\/uploads\/sites\/122\/sites\/206\/2025\/08\/IMG-20250731-WA0010-e1756661888831-768x367.jpg 768w, https:\/\/www.ufpb.br\/efopli\/wp-content\/uploads\/sites\/122\/sites\/206\/2025\/08\/IMG-20250731-WA0010-e1756661888831.jpg 1200w\" sizes=\"auto, (max-width: 1024px) 100vw, 1024px\" \/><\/figure>\n<\/div>\n\n\n<p class=\"has-text-align-center has-small-font-size\">7o EPPI, edi\u00e7\u00e3o tamb\u00e9m ocorrida em formato online.<\/p>\n\n\n\n<p>Ap\u00f3s duas edi\u00e7\u00f5es realizadas em formato digital, devido \u00e0 pandemia de COVID-19, a <a href=\"https:\/\/www.ufpb.br\/efopli\/8o-encontro-paraibano-de-professores-de-ingles-e-realizado-no-formato-presencial\/\" target=\"_blank\" rel=\"noreferrer noopener\">oitava edi\u00e7\u00e3o<\/a> do evento aconteceu das depend\u00eancias da Universidade Federal da Para\u00edba, em 20 de maio de 2023 e tivemos a alegria poder reencontrar os colegas presencialmente. A programa\u00e7\u00e3o contou com palestra de abertura, mesa redonda, sess\u00e3o de cinema, oficinas e painel de discuss\u00e3o.  <\/p>\n\n\n<div class=\"wp-block-image\">\n<figure class=\"aligncenter is-resized\"><img loading=\"lazy\" decoding=\"async\" width=\"1024\" height=\"576\" src=\"https:\/\/www.ufpb.br\/efopli2\/wp-content\/uploads\/sites\/122\/sites\/206\/2024\/10\/8eppi-1024x576.jpg\" alt=\"\" class=\"wp-image-893\" style=\"width:584px;height:auto\" srcset=\"https:\/\/www.ufpb.br\/efopli\/wp-content\/uploads\/sites\/122\/sites\/206\/2024\/10\/8eppi-1024x576.jpg 1024w, https:\/\/www.ufpb.br\/efopli\/wp-content\/uploads\/sites\/122\/sites\/206\/2024\/10\/8eppi-300x169.jpg 300w, https:\/\/www.ufpb.br\/efopli\/wp-content\/uploads\/sites\/122\/sites\/206\/2024\/10\/8eppi-768x432.jpg 768w, https:\/\/www.ufpb.br\/efopli\/wp-content\/uploads\/sites\/122\/sites\/206\/2024\/10\/8eppi-1536x864.jpg 1536w, https:\/\/www.ufpb.br\/efopli\/wp-content\/uploads\/sites\/122\/sites\/206\/2024\/10\/8eppi-2048x1152.jpg 2048w\" sizes=\"auto, (max-width: 1024px) 100vw, 1024px\" \/><\/figure>\n<\/div>\n\n\n<p class=\"has-text-align-center has-small-font-size\"><em>Workshop <\/em>do 8o EPPI, em 2023.<\/p>\n\n\n\n<p>Nos dias 16 e 17 de agosto de 2024, a <a href=\"https:\/\/www.ufpb.br\/efopli\/9th-eppi\/\" data-type=\"link\" data-id=\"https:\/\/www.ufpb.br\/efopli2\/9th-eppi\/\" target=\"_blank\" rel=\"noreferrer noopener\">nona edi\u00e7\u00e3o do EPPI<\/a> aconteceu em parceria com a Prefeitura Municipal de Jo\u00e3o Pessoa e o Governo do Estado da Para\u00edba. Como parte da programa\u00e7\u00e3o, foram realizadas duas plen\u00e1rias, uma mesa redonda, <em>workshops <\/em>e estreia das <em>Teachers&#8217; rooms<\/em>, salas tem\u00e1ticas para momentos de conversa e troca de experi\u00eancias entre os participantes.<\/p>\n\n\n<div class=\"wp-block-image\">\n<figure class=\"aligncenter is-resized\"><img loading=\"lazy\" decoding=\"async\" width=\"1024\" height=\"579\" src=\"https:\/\/www.ufpb.br\/efopli2\/wp-content\/uploads\/sites\/122\/sites\/206\/2024\/10\/teachers-room-foto-1024x579.jpg\" alt=\"\" class=\"wp-image-1367\" style=\"width:598px;height:auto\" srcset=\"https:\/\/www.ufpb.br\/efopli\/wp-content\/uploads\/sites\/122\/sites\/206\/2024\/10\/teachers-room-foto-1024x579.jpg 1024w, https:\/\/www.ufpb.br\/efopli\/wp-content\/uploads\/sites\/122\/sites\/206\/2024\/10\/teachers-room-foto-300x169.jpg 300w, https:\/\/www.ufpb.br\/efopli\/wp-content\/uploads\/sites\/122\/sites\/206\/2024\/10\/teachers-room-foto-768x434.jpg 768w, https:\/\/www.ufpb.br\/efopli\/wp-content\/uploads\/sites\/122\/sites\/206\/2024\/10\/teachers-room-foto-1536x868.jpg 1536w, https:\/\/www.ufpb.br\/efopli\/wp-content\/uploads\/sites\/122\/sites\/206\/2024\/10\/teachers-room-foto-2048x1157.jpg 2048w\" sizes=\"auto, (max-width: 1024px) 100vw, 1024px\" \/><\/figure>\n<\/div>\n\n\n<p class=\"has-text-align-center has-small-font-size\">Atividade <em>Teachers&#8217; room <\/em>no 9o EPPI, em 2024.<\/p>\n\n\n\n<p>Nos dias 15 e 16 de agosto de 2025, aconteceu a <a href=\"https:\/\/www.ufpb.br\/efopli\/efopli-realiza-10a-edicao-do-eppi-encontro-paraibano-de-professores-de-ingles\/\" target=\"_blank\" rel=\"noreferrer noopener\">edi\u00e7\u00e3o de 10 anos do EPPI<\/a>. A cerim\u00f4nia e palestra de abertura do evento aconteceram de forma remota, com transmiss\u00e3o pelo YouTube. O segundo dia do evento ocorreu presencialmente e contou com uma programa\u00e7\u00e3o intensa. O turno da manh\u00e3 incluiu a oferta de sete salas tem\u00e1ticas (<em>Teachers\u2019 Rooms<\/em>) e tamb\u00e9m contou com o retorno da <em>Poster Session<\/em> (Sess\u00e3o de P\u00f4steres), e teve a apresenta\u00e7\u00e3o de 20 trabalhos produzidos por professores de ingl\u00eas, que compartilharam suas experi\u00eancias de ensino e pesquisa. \u00c0 tarde, foram realizados sete w<em>orkshops <\/em>e a plen\u00e1ria final. <\/p>\n\n\n\n<p>Foi um momento de celebrar dez anos de um evento que j\u00e1 faz parte do calend\u00e1rio de professores de l\u00edngua inglesa da regi\u00e3o e \u00e9 realizado gra\u00e7as ao trabalho de um coletivo dedicado e comprometido com a educa\u00e7\u00e3o.<\/p>\n\n\n<div class=\"wp-block-image\">\n<figure class=\"aligncenter size-large is-resized\"><img loading=\"lazy\" decoding=\"async\" width=\"1024\" height=\"483\" src=\"http:\/\/www.ufpb.br\/efopli\/wp-content\/uploads\/sites\/122\/sites\/206\/2025\/08\/eppi-foto-final-scaled-e1756423382841-1024x483.jpg\" alt=\"\" class=\"wp-image-2772\" style=\"width:610px;height:auto\" srcset=\"https:\/\/www.ufpb.br\/efopli\/wp-content\/uploads\/sites\/122\/sites\/206\/2025\/08\/eppi-foto-final-scaled-e1756423382841-1024x483.jpg 1024w, https:\/\/www.ufpb.br\/efopli\/wp-content\/uploads\/sites\/122\/sites\/206\/2025\/08\/eppi-foto-final-scaled-e1756423382841-300x141.jpg 300w, https:\/\/www.ufpb.br\/efopli\/wp-content\/uploads\/sites\/122\/sites\/206\/2025\/08\/eppi-foto-final-scaled-e1756423382841-768x362.jpg 768w, https:\/\/www.ufpb.br\/efopli\/wp-content\/uploads\/sites\/122\/sites\/206\/2025\/08\/eppi-foto-final-scaled-e1756423382841-1536x724.jpg 1536w, https:\/\/www.ufpb.br\/efopli\/wp-content\/uploads\/sites\/122\/sites\/206\/2025\/08\/eppi-foto-final-scaled-e1756423382841-2048x966.jpg 2048w\" sizes=\"auto, (max-width: 1024px) 100vw, 1024px\" \/><figcaption class=\"wp-element-caption\">10a edi\u00e7\u00e3o do EPPI, em 2025.<\/figcaption><\/figure>\n<\/div>\n\n\n<p>Para conferir mais informa\u00e7\u00f5es sobre programa\u00e7\u00e3o, parceiros, palestrantes e outros detalhes de cada uma das edi\u00e7\u00f5es do Encontro Paraibano de Professores de Ingl\u00eas, visite os <em>links<\/em> abaixo:<\/p>\n\n\n\n<p class=\"has-text-align-center\"><strong>EDI\u00c7\u00d5ES<\/strong><\/p>\n\n\n\n<p class=\"has-text-align-center\"><strong><a href=\"https:\/\/sites.google.com\/view\/10eppi\" target=\"_blank\" rel=\"noreferrer noopener\">X EPPI (2025)<\/a><\/strong><\/p>\n\n\n\n<p class=\"has-text-align-center\"><a href=\"https:\/\/sites.google.com\/view\/9eppi?fbclid=PAZXh0bgNhZW0CMTEAAaZbGbOl8NwHmqq9QWFpaLPd4co3_VLyQiqS8C3wRWACEm39r2QPfUvn0Nw_aem_4OUC_DbONjVYCBV2bSvOQw\" target=\"_blank\" rel=\"noreferrer noopener\">IX EPPI (2024)<\/a><\/p>\n\n\n\n<p class=\"has-text-align-center\"><a href=\"https:\/\/www.even3.com.br\/8eppi\/\" target=\"_blank\" rel=\"noreferrer noopener\">VIII EPPI (2023)<\/a><\/p>\n\n\n\n<p class=\"has-text-align-center\"><a href=\"https:\/\/www.even3.com.br\/7eppi\/\" target=\"_blank\" rel=\"noreferrer noopener\">VII EPPI (2021)<\/a>&nbsp;<\/p>\n\n\n\n<p class=\"has-text-align-center\"><a href=\"https:\/\/www.even3.com.br\/6eppi\/\" target=\"_blank\" rel=\"noreferrer noopener\">VI EPPI (2020)<\/a><\/p>\n\n\n\n<p class=\"has-text-align-center\"><a href=\"https:\/\/eventoeppi.wixsite.com\/5eppi\" target=\"_blank\" rel=\"noreferrer noopener\">V EPPI (2019)<\/a><\/p>\n\n\n\n<p class=\"has-text-align-center\"><a href=\"https:\/\/www.ufpb.br\/efopli\/iv-eppi\/\" target=\"_blank\" rel=\"noreferrer noopener\">IV EPPI (2017)<\/a><\/p>\n\n\n\n<p class=\"has-text-align-center\"><a href=\"https:\/\/www.ufpb.br\/efopli\/iii-eppi\/\" target=\"_blank\" rel=\"noreferrer noopener\">III EPPI (2016)<\/a><\/p>\n\n\n\n<p class=\"has-text-align-center\"><a href=\"https:\/\/www.ufpb.br\/efopli\/ii-eppi\/\" target=\"_blank\" rel=\"noreferrer noopener\">II EPPI (2015)<\/a><\/p>\n\n\n\n<p class=\"has-text-align-center\"><a href=\"https:\/\/www.ufpb.br\/efopli\/i-eppi\/\" target=\"_blank\" rel=\"noreferrer noopener\">I EPPI (2014)<\/a><\/p>\n\n\n\n<p><\/p>\n","protected":false},"excerpt":{"rendered":"<p>O Encontro Paraibano de Professores de Ingl\u00eas (EPPI) \u00e9 um evento anual organizado pelo Programa EFOPLI que tem como objetivo oportunizar um espa\u00e7o para a reflex\u00e3o sobre o ensino de l\u00edngua inglesa de diferentes n\u00edveis de ensino e contextos, atrav\u00e9s da troca de experi\u00eancias e socializa\u00e7\u00e3o de pesquisas e pr\u00e1ticas. Gra\u00e7as ao apoio de diferentes institui\u00e7\u00f5es, o EPPI acontece de forma gratuita desde 2014, permitindo uma participa\u00e7\u00e3o cada vez maior de professores de toda a Para\u00edba e de outros estados. <\/p>\n","protected":false},"author":47,"featured_media":825,"parent":0,"menu_order":0,"comment_status":"closed","ping_status":"closed","template":"","meta":{"footnotes":""},"class_list":["post-27","page","type-page","status-publish","has-post-thumbnail","hentry"],"_links":{"self":[{"href":"https:\/\/www.ufpb.br\/efopli\/wp-json\/wp\/v2\/pages\/27","targetHints":{"allow":["GET"]}}],"collection":[{"href":"https:\/\/www.ufpb.br\/efopli\/wp-json\/wp\/v2\/pages"}],"about":[{"href":"https:\/\/www.ufpb.br\/efopli\/wp-json\/wp\/v2\/types\/page"}],"author":[{"embeddable":true,"href":"https:\/\/www.ufpb.br\/efopli\/wp-json\/wp\/v2\/users\/47"}],"replies":[{"embeddable":true,"href":"https:\/\/www.ufpb.br\/efopli\/wp-json\/wp\/v2\/comments?post=27"}],"version-history":[{"count":83,"href":"https:\/\/www.ufpb.br\/efopli\/wp-json\/wp\/v2\/pages\/27\/revisions"}],"predecessor-version":[{"id":2841,"href":"https:\/\/www.ufpb.br\/efopli\/wp-json\/wp\/v2\/pages\/27\/revisions\/2841"}],"wp:featuredmedia":[{"embeddable":true,"href":"https:\/\/www.ufpb.br\/efopli\/wp-json\/wp\/v2\/media\/825"}],"wp:attachment":[{"href":"https:\/\/www.ufpb.br\/efopli\/wp-json\/wp\/v2\/media?parent=27"}],"curies":[{"name":"wp","href":"https:\/\/api.w.org\/{rel}","templated":true}]}}