{"id":2843,"date":"2025-09-02T09:26:40","date_gmt":"2025-09-02T12:26:40","guid":{"rendered":"https:\/\/www.ufpb.br\/efopli\/?page_id=2843"},"modified":"2026-04-30T19:57:28","modified_gmt":"2026-04-30T22:57:28","slug":"projetos","status":"publish","type":"page","link":"https:\/\/www.ufpb.br\/efopli\/projetos\/","title":{"rendered":"Projetos"},"content":{"rendered":"\n<p>Atualmente, o EFOPLI conta com tr\u00eas projetos de extens\u00e3o:<\/p>\n\n\n\n<p>&#8211; <a href=\"https:\/\/www.ufpb.br\/efopli\/educacao-linguistica-saberes-e-vozes-da-docencia\/\">Educa\u00e7\u00e3o Lingu\u00edstica, saberes e vozes da doc\u00eancia<\/a><\/p>\n\n\n\n<p><a href=\"https:\/\/www.ufpb.br\/efopli\/projeto-saber-conectado\/\" data-type=\"page\" data-id=\"1032\">&#8211; Saber Conectado: promovendo o letramento digital do professor de l\u00edngua inglesa<\/a><\/p>\n\n\n\n<p>&#8211; <a href=\"https:\/\/www.ufpb.br\/efopli\/literatura-aplicada-a-sala-de-aula\/\">Literatura Aplicada \u00e0 sala de aula<\/a><\/p>\n\n\n\n<p><a href=\"https:\/\/www.ufpb.br\/efopli\/ensino-de-ingles-para-criancas\/\">&#8211; Ensino de ingl\u00eas com crian\u00e7as<\/a><\/p>\n\n\n\n<p>Mais informa\u00e7\u00f5es podem ser conferidas nas diferentes se\u00e7\u00f5es desta p\u00e1gina e em nossas redes sociais: <a href=\"https:\/\/www.facebook.com\/efopli\/\" target=\"_blank\" rel=\"noreferrer noopener\">Facebook<\/a>, <a href=\"https:\/\/www.instagram.com\/efopliufpb\/\" target=\"_blank\" rel=\"noreferrer noopener\">Instagram<\/a>, <a href=\"https:\/\/www.youtube.com\/@EFOPLI\" target=\"_blank\" rel=\"noreferrer noopener\">Youtube<\/a>.<\/p>\n\n\n\n<p><\/p>\n","protected":false},"excerpt":{"rendered":"<p>Atualmente, o EFOPLI conta com tr\u00eas projetos de extens\u00e3o: &#8211; Educa\u00e7\u00e3o Lingu\u00edstica, saberes e vozes da doc\u00eancia &#8211; Saber Conectado: promovendo o letramento digital do professor de l\u00edngua inglesa &#8211; Literatura Aplicada \u00e0 sala de aula &#8211; Ensino de ingl\u00eas com crian\u00e7as Mais informa\u00e7\u00f5es podem ser conferidas nas diferentes se\u00e7\u00f5es desta p\u00e1gina e em nossas [&hellip;]<\/p>\n","protected":false},"author":47,"featured_media":0,"parent":0,"menu_order":0,"comment_status":"closed","ping_status":"closed","template":"","meta":{"footnotes":""},"class_list":["post-2843","page","type-page","status-publish","hentry"],"_links":{"self":[{"href":"https:\/\/www.ufpb.br\/efopli\/wp-json\/wp\/v2\/pages\/2843","targetHints":{"allow":["GET"]}}],"collection":[{"href":"https:\/\/www.ufpb.br\/efopli\/wp-json\/wp\/v2\/pages"}],"about":[{"href":"https:\/\/www.ufpb.br\/efopli\/wp-json\/wp\/v2\/types\/page"}],"author":[{"embeddable":true,"href":"https:\/\/www.ufpb.br\/efopli\/wp-json\/wp\/v2\/users\/47"}],"replies":[{"embeddable":true,"href":"https:\/\/www.ufpb.br\/efopli\/wp-json\/wp\/v2\/comments?post=2843"}],"version-history":[{"count":8,"href":"https:\/\/www.ufpb.br\/efopli\/wp-json\/wp\/v2\/pages\/2843\/revisions"}],"predecessor-version":[{"id":3419,"href":"https:\/\/www.ufpb.br\/efopli\/wp-json\/wp\/v2\/pages\/2843\/revisions\/3419"}],"wp:attachment":[{"href":"https:\/\/www.ufpb.br\/efopli\/wp-json\/wp\/v2\/media?parent=2843"}],"curies":[{"name":"wp","href":"https:\/\/api.w.org\/{rel}","templated":true}]}}