{"id":31,"date":"2024-09-16T15:23:30","date_gmt":"2024-09-16T15:23:30","guid":{"rendered":"https:\/\/www.cchla.ufpb.br\/efopli2\/?page_id=31"},"modified":"2026-04-14T13:29:43","modified_gmt":"2026-04-14T16:29:43","slug":"material","status":"publish","type":"page","link":"https:\/\/www.ufpb.br\/efopli\/material\/","title":{"rendered":"Material"},"content":{"rendered":"\n<p>Aqui voc\u00ea encontra material produzido pelo EFOPLI e refer\u00eancias indicadas por nossos palestrantes\/entrevistados. O conte\u00fado est\u00e1 organizado de 2016 a 2026. Enjoy it!<\/p>\n\n\n\n<h2 class=\"wp-block-heading\"><strong>2024 &#8211; 2026 <\/strong><\/h2>\n\n\n\n<p class=\"has-text-align-right\"><strong>Acesse tamb\u00e9m o material de&nbsp;<a href=\"https:\/\/www.ufpb.br\/efopli\/material\/material-2016\/\" data-type=\"page\" data-id=\"214\">2016&nbsp;<\/a>,&nbsp;<a href=\"https:\/\/www.ufpb.br\/efopli\/material\/material-2017\/\">2017<\/a>,&nbsp;<a href=\"https:\/\/www.ufpb.br\/efopli\/material\/material-2018\/\">2018<\/a>,&nbsp;<a href=\"https:\/\/www.ufpb.br\/efopli\/material\/material-2019\/\">2019<\/a>,&nbsp;<a href=\"https:\/\/www.ufpb.br\/efopli\/material\/material-2020\/\">2020<\/a>.<\/strong><\/p>\n\n\n\n<p><a href=\"https:\/\/www.ufpb.br\/efopli\/projeto-saber-conectado\/tech-tip\/\">Tech Tip: orienta\u00e7\u00f5es sobre ferramentas digitais<\/a> (Elaborado pelo Projeto Saber Conectado 2024-2026)<\/p>\n\n\n\n<p><a href=\"https:\/\/www.ufpb.br\/efopli\/?page_id=3404&amp;preview=true\">Tech Term<\/a> (Elaborado pelo Projeto Saber Conectado 2024-2026)<\/p>\n\n\n\n<p><a href=\"https:\/\/www.ufpb.br\/efopli\/projeto-saber-conectado\/word-of-the-year-series\/\" target=\"_blank\" rel=\"noreferrer noopener\">Word of the Year <\/a> (Elaborado pelo Projeto Saber Conectado &#8211; December 2025)<\/p>\n\n\n\n<p><\/p>\n","protected":false},"excerpt":{"rendered":"<p>Aqui voc\u00ea encontra material produzido pelo EFOPLI e refer\u00eancias indicadas por nossos palestrantes\/entrevistados. O conte\u00fado est\u00e1 organizado de 2016 a 2026. Enjoy it! 2024 &#8211; 2026 Acesse tamb\u00e9m o material de&nbsp;2016&nbsp;,&nbsp;2017,&nbsp;2018,&nbsp;2019,&nbsp;2020. Tech Tip: orienta\u00e7\u00f5es sobre ferramentas digitais (Elaborado pelo Projeto Saber Conectado 2024-2026) Tech Term (Elaborado pelo Projeto Saber Conectado 2024-2026) Word of the Year [&hellip;]<\/p>\n","protected":false},"author":47,"featured_media":0,"parent":0,"menu_order":0,"comment_status":"closed","ping_status":"closed","template":"","meta":{"footnotes":""},"class_list":["post-31","page","type-page","status-publish","hentry"],"_links":{"self":[{"href":"https:\/\/www.ufpb.br\/efopli\/wp-json\/wp\/v2\/pages\/31","targetHints":{"allow":["GET"]}}],"collection":[{"href":"https:\/\/www.ufpb.br\/efopli\/wp-json\/wp\/v2\/pages"}],"about":[{"href":"https:\/\/www.ufpb.br\/efopli\/wp-json\/wp\/v2\/types\/page"}],"author":[{"embeddable":true,"href":"https:\/\/www.ufpb.br\/efopli\/wp-json\/wp\/v2\/users\/47"}],"replies":[{"embeddable":true,"href":"https:\/\/www.ufpb.br\/efopli\/wp-json\/wp\/v2\/comments?post=31"}],"version-history":[{"count":29,"href":"https:\/\/www.ufpb.br\/efopli\/wp-json\/wp\/v2\/pages\/31\/revisions"}],"predecessor-version":[{"id":3409,"href":"https:\/\/www.ufpb.br\/efopli\/wp-json\/wp\/v2\/pages\/31\/revisions\/3409"}],"wp:attachment":[{"href":"https:\/\/www.ufpb.br\/efopli\/wp-json\/wp\/v2\/media?parent=31"}],"curies":[{"name":"wp","href":"https:\/\/api.w.org\/{rel}","templated":true}]}}