{"id":3323,"date":"2026-03-11T14:41:01","date_gmt":"2026-03-11T17:41:01","guid":{"rendered":"https:\/\/www.ufpb.br\/efopli\/?page_id=3323"},"modified":"2026-03-11T14:59:37","modified_gmt":"2026-03-11T17:59:37","slug":"educacao-linguistica-saberes-e-vozes-da-docencia","status":"publish","type":"page","link":"https:\/\/www.ufpb.br\/efopli\/educacao-linguistica-saberes-e-vozes-da-docencia\/","title":{"rendered":"Educa\u00e7\u00e3o Lingu\u00edstica, saberes e vozes da doc\u00eancia"},"content":{"rendered":"\n<p>Originalmente, <strong>Espa\u00e7os para a Forma\u00e7\u00e3o de Professores de L\u00edngua Inglesa (EFOPLI)<\/strong> era um projeto \u00fanico. Foi criado em 2014, e a cada ano era selecionado um tema relevante ao mundo do Ensino de L\u00edngua Inglesa para guiar as leituras coletivas da equipe, suas discuss\u00f5es e pr\u00e1ticas. Por\u00e9m, em 2016, o EFOPLI foi institucionalizado como um Programa com o objetivo de englobar outros projetos al\u00e9m do original. Esse ano, o projeto \u201c<strong>Educa\u00e7\u00e3o Lingu\u00edstica, Saberes e Vozes da Doc\u00eancia-EFOPLI<\/strong>\u201d re\u00fane os estudantes de gradua\u00e7\u00e3o Ellen Maia, Ana Caroline Macena e Luiz Eduardo Lopes, sob a coordena\u00e7\u00e3o das professoras Francieli Freudenberger e Jailine Farias.<\/p>\n\n\n\n<p>O objetivo principal do projeto \u00e9 enfatizar a notoriedade de todo o conhecimento que os professores de L\u00edngua Inglesa produzem em suas salas de aula todos os dias. N\u00f3s entendemos que as vozes desses professores podem enriquecer estudos e pesquisas sobre Educa\u00e7\u00e3o Lingu\u00edstica no Brasil. <\/p>\n\n\n<div class=\"wp-block-image\">\n<figure class=\"aligncenter size-large is-resized\"><img loading=\"lazy\" decoding=\"async\" width=\"819\" height=\"1024\" src=\"https:\/\/www.ufpb.br\/efopli\/wp-content\/uploads\/sites\/122\/sites\/206\/2026\/03\/OUR-TEAM-819x1024.png\" alt=\"\" class=\"wp-image-3325\" style=\"aspect-ratio:0.7998108555409194;width:347px;height:auto\" srcset=\"https:\/\/www.ufpb.br\/efopli\/wp-content\/uploads\/sites\/122\/sites\/206\/2026\/03\/OUR-TEAM-819x1024.png 819w, https:\/\/www.ufpb.br\/efopli\/wp-content\/uploads\/sites\/122\/sites\/206\/2026\/03\/OUR-TEAM-240x300.png 240w, https:\/\/www.ufpb.br\/efopli\/wp-content\/uploads\/sites\/122\/sites\/206\/2026\/03\/OUR-TEAM-768x960.png 768w, https:\/\/www.ufpb.br\/efopli\/wp-content\/uploads\/sites\/122\/sites\/206\/2026\/03\/OUR-TEAM.png 1080w\" sizes=\"auto, (max-width: 819px) 100vw, 819px\" \/><\/figure>\n<\/div>\n\n\n<p>Mais detalhes sobre o projeto podem ser encontrados no perfil <a href=\"https:\/\/www.instagram.com\/efopliufpb\/\">@efopliufpb<\/a>\u00a0no Instagram.<\/p>\n","protected":false},"excerpt":{"rendered":"<p>Originalmente, Espa\u00e7os para a Forma\u00e7\u00e3o de Professores de L\u00edngua Inglesa (EFOPLI) era um projeto \u00fanico. Foi criado em 2014, e a cada ano era selecionado um tema relevante ao mundo do Ensino de L\u00edngua Inglesa para guiar as leituras coletivas da equipe, suas discuss\u00f5es e pr\u00e1ticas. Por\u00e9m, em 2016, o EFOPLI foi institucionalizado como um [&hellip;]<\/p>\n","protected":false},"author":478,"featured_media":0,"parent":0,"menu_order":0,"comment_status":"closed","ping_status":"closed","template":"","meta":{"footnotes":""},"class_list":["post-3323","page","type-page","status-publish","hentry"],"_links":{"self":[{"href":"https:\/\/www.ufpb.br\/efopli\/wp-json\/wp\/v2\/pages\/3323","targetHints":{"allow":["GET"]}}],"collection":[{"href":"https:\/\/www.ufpb.br\/efopli\/wp-json\/wp\/v2\/pages"}],"about":[{"href":"https:\/\/www.ufpb.br\/efopli\/wp-json\/wp\/v2\/types\/page"}],"author":[{"embeddable":true,"href":"https:\/\/www.ufpb.br\/efopli\/wp-json\/wp\/v2\/users\/478"}],"replies":[{"embeddable":true,"href":"https:\/\/www.ufpb.br\/efopli\/wp-json\/wp\/v2\/comments?post=3323"}],"version-history":[{"count":4,"href":"https:\/\/www.ufpb.br\/efopli\/wp-json\/wp\/v2\/pages\/3323\/revisions"}],"predecessor-version":[{"id":3338,"href":"https:\/\/www.ufpb.br\/efopli\/wp-json\/wp\/v2\/pages\/3323\/revisions\/3338"}],"wp:attachment":[{"href":"https:\/\/www.ufpb.br\/efopli\/wp-json\/wp\/v2\/media?parent=3323"}],"curies":[{"name":"wp","href":"https:\/\/api.w.org\/{rel}","templated":true}]}}