{"id":3329,"date":"2026-03-11T14:55:59","date_gmt":"2026-03-11T17:55:59","guid":{"rendered":"https:\/\/www.ufpb.br\/efopli\/?page_id=3329"},"modified":"2026-03-11T14:56:00","modified_gmt":"2026-03-11T17:56:00","slug":"literatura-aplicada-a-sala-de-aula","status":"publish","type":"page","link":"https:\/\/www.ufpb.br\/efopli\/literatura-aplicada-a-sala-de-aula\/","title":{"rendered":"Literatura aplicada \u00e0 sala de aula"},"content":{"rendered":"\n<p>Criado em 2018, o projeto <strong>Literatura Aplicada \u00e0 Sala de Aula<\/strong> nasceu com o objetivo de aproximar professores de l\u00edngua inglesa dos textos liter\u00e1rios. Desde ent\u00e3o, tem se consolidado como um espa\u00e7o de articula\u00e7\u00e3o entre literatura e pr\u00e1tica docente. Em 2026, o projeto re\u00fane os estudantes de gradua\u00e7\u00e3o Pamela Nara, M\u00f4nica Sales, Crystian Nascimento, Maria Lu\u00edza Lianza e Emilly Sonaly, sob a coordena\u00e7\u00e3o da professora Maria Elizabeth Peregrino Souto Maior. Por meio de leituras e discuss\u00f5es coletivas, a equipe explora maneiras de incorporar textos liter\u00e1rios \u00e0 sala de aula de ingl\u00eas como ferramenta de reflex\u00e3o, conscientiza\u00e7\u00e3o, empatia e justi\u00e7a social. <br><\/p>\n\n\n<div class=\"wp-block-image\">\n<figure class=\"aligncenter size-large is-resized\"><img loading=\"lazy\" decoding=\"async\" width=\"819\" height=\"1024\" src=\"https:\/\/www.ufpb.br\/efopli\/wp-content\/uploads\/sites\/122\/sites\/206\/2026\/03\/LOGOS-DOS-PROJETOS-819x1024.png\" alt=\"\" class=\"wp-image-3333\" style=\"aspect-ratio:0.7998108555409194;width:294px;height:auto\" srcset=\"https:\/\/www.ufpb.br\/efopli\/wp-content\/uploads\/sites\/122\/sites\/206\/2026\/03\/LOGOS-DOS-PROJETOS-819x1024.png 819w, https:\/\/www.ufpb.br\/efopli\/wp-content\/uploads\/sites\/122\/sites\/206\/2026\/03\/LOGOS-DOS-PROJETOS-240x300.png 240w, https:\/\/www.ufpb.br\/efopli\/wp-content\/uploads\/sites\/122\/sites\/206\/2026\/03\/LOGOS-DOS-PROJETOS-768x960.png 768w, https:\/\/www.ufpb.br\/efopli\/wp-content\/uploads\/sites\/122\/sites\/206\/2026\/03\/LOGOS-DOS-PROJETOS.png 1080w\" sizes=\"auto, (max-width: 819px) 100vw, 819px\" \/><\/figure>\n<\/div>\n\n\n<p>Neste ano, o projeto contar\u00e1 com a parceria da EMAI Professor An\u00edsio Teixeira e da EMEF Ministro Jos\u00e9 Am\u00e9rico de Almeida, cujos professores participam ativamente das a\u00e7\u00f5es desenvolvidas h\u00e1 v\u00e1rios anos. A colabora\u00e7\u00e3o reafirma o compromisso com a forma\u00e7\u00e3o docente, contribuindo para o fortalecimento do ensino de l\u00edngua inglesa na rede p\u00fablica.<\/p>\n\n\n\n<p>Mais detalhes sobre o projeto podem ser encontrados no perfil\u00a0<a href=\"https:\/\/www.instagram.com\/aplicadaliteratura\/\">@aplicadaliteratura<\/a> no Instagram.<\/p>\n\n\n\n<p><\/p>\n","protected":false},"excerpt":{"rendered":"<p>Criado em 2018, o projeto Literatura Aplicada \u00e0 Sala de Aula nasceu com o objetivo de aproximar professores de l\u00edngua inglesa dos textos liter\u00e1rios. Desde ent\u00e3o, tem se consolidado como um espa\u00e7o de articula\u00e7\u00e3o entre literatura e pr\u00e1tica docente. Em 2026, o projeto re\u00fane os estudantes de gradua\u00e7\u00e3o Pamela Nara, M\u00f4nica Sales, Crystian Nascimento, Maria [&hellip;]<\/p>\n","protected":false},"author":478,"featured_media":0,"parent":0,"menu_order":0,"comment_status":"closed","ping_status":"closed","template":"","meta":{"footnotes":""},"class_list":["post-3329","page","type-page","status-publish","hentry"],"_links":{"self":[{"href":"https:\/\/www.ufpb.br\/efopli\/wp-json\/wp\/v2\/pages\/3329","targetHints":{"allow":["GET"]}}],"collection":[{"href":"https:\/\/www.ufpb.br\/efopli\/wp-json\/wp\/v2\/pages"}],"about":[{"href":"https:\/\/www.ufpb.br\/efopli\/wp-json\/wp\/v2\/types\/page"}],"author":[{"embeddable":true,"href":"https:\/\/www.ufpb.br\/efopli\/wp-json\/wp\/v2\/users\/478"}],"replies":[{"embeddable":true,"href":"https:\/\/www.ufpb.br\/efopli\/wp-json\/wp\/v2\/comments?post=3329"}],"version-history":[{"count":4,"href":"https:\/\/www.ufpb.br\/efopli\/wp-json\/wp\/v2\/pages\/3329\/revisions"}],"predecessor-version":[{"id":3334,"href":"https:\/\/www.ufpb.br\/efopli\/wp-json\/wp\/v2\/pages\/3329\/revisions\/3334"}],"wp:attachment":[{"href":"https:\/\/www.ufpb.br\/efopli\/wp-json\/wp\/v2\/media?parent=3329"}],"curies":[{"name":"wp","href":"https:\/\/api.w.org\/{rel}","templated":true}]}}