{"id":458,"date":"2024-09-26T19:13:27","date_gmt":"2024-09-26T19:13:27","guid":{"rendered":"https:\/\/www.ufpb.br\/efopli2\/?page_id=458"},"modified":"2024-11-28T22:22:16","modified_gmt":"2024-11-29T01:22:16","slug":"equipe-2019","status":"publish","type":"page","link":"https:\/\/www.ufpb.br\/efopli\/equipe\/equipe-2019\/","title":{"rendered":"Equipe 2019"},"content":{"rendered":"\n<p class=\"has-small-font-size\">Edital PRAC n\u00ba 01\/2019 &#8211; Vig\u00eancia 01\/03\/2019 a 31\/12\/2019.<\/p>\n\n\n\n<div class=\"wp-block-columns is-layout-flex wp-container-core-columns-is-layout-9d6595d7 wp-block-columns-is-layout-flex\">\n<div class=\"wp-block-column is-layout-flow wp-block-column-is-layout-flow\">\n<div class=\"wp-block-media-text\" style=\"grid-template-columns:35% auto\"><figure class=\"wp-block-media-text__media\"><img loading=\"lazy\" decoding=\"async\" width=\"191\" height=\"230\" src=\"http:\/\/www.ufpb.br\/efopli2\/wp-content\/uploads\/sites\/122\/sites\/206\/2024\/09\/image-5.png\" alt=\"mariana.png\" class=\"wp-image-263 size-full\" \/><\/figure><div class=\"wp-block-media-text__content\">\n<p class=\"has-small-font-size\"><strong>Mariana P\u00e9rez<\/strong><\/p>\n\n\n\n<p class=\"has-small-font-size\">CCHLA &#8211; DLEM<\/p>\n\n\n\n<p class=\"has-small-font-size\">Projeto Conex\u00e3o &#8211; PB<\/p>\n\n\n\n<p class=\"has-small-font-size\"><strong>Coordena\u00e7\u00e3o Geral EFOPLI<\/strong><\/p>\n\n\n\n<p class=\"has-small-font-size\"><a href=\"http:\/\/lattes.cnpq.br\/9704870179294652\" target=\"_blank\" rel=\"noreferrer noopener\">Lattes<\/a><\/p>\n<\/div><\/div>\n<\/div>\n\n\n\n<div class=\"wp-block-column is-layout-flow wp-block-column-is-layout-flow\">\n<div class=\"wp-block-media-text\" style=\"grid-template-columns:35% auto\"><figure class=\"wp-block-media-text__media\"><img loading=\"lazy\" decoding=\"async\" width=\"178\" height=\"236\" src=\"http:\/\/www.ufpb.br\/efopli2\/wp-content\/uploads\/sites\/122\/sites\/206\/2024\/09\/image-8.png\" alt=\"ana carolina.png\" class=\"wp-image-426 size-full\" \/><\/figure><div class=\"wp-block-media-text__content\">\n<p class=\"has-small-font-size\"><strong>Ana Carolina Bastos<\/strong><\/p>\n\n\n\n<p class=\"has-small-font-size\">CCHLA &#8211; DMI<\/p>\n\n\n\n<p class=\"has-small-font-size\">Projeto Conex\u00e3o &#8211; PB<\/p>\n\n\n\n<p class=\"has-small-font-size\"><strong>Vice-coordena\u00e7\u00e3o Geral EFOPLI<\/strong><\/p>\n\n\n\n<p class=\"has-small-font-size\"><a href=\"http:\/\/lattes.cnpq.br\/4005257110828885\" target=\"_blank\" rel=\"noreferrer noopener\">Lattes<\/a><\/p>\n<\/div><\/div>\n<\/div>\n<\/div>\n\n\n\n<div class=\"wp-block-columns is-layout-flex wp-container-core-columns-is-layout-9d6595d7 wp-block-columns-is-layout-flex\">\n<div class=\"wp-block-column is-layout-flow wp-block-column-is-layout-flow\">\n<div class=\"wp-block-media-text\" style=\"grid-template-columns:35% auto\"><figure class=\"wp-block-media-text__media\"><img loading=\"lazy\" decoding=\"async\" width=\"186\" height=\"230\" src=\"http:\/\/www.ufpb.br\/efopli2\/wp-content\/uploads\/sites\/122\/sites\/206\/2024\/09\/image-6.png\" alt=\"rafaela.png\" class=\"wp-image-268 size-full\" \/><\/figure><div class=\"wp-block-media-text__content\">\n<p class=\"has-small-font-size\"><strong>Rafaela Carla Sousa<\/strong><\/p>\n\n\n\n<p class=\"has-small-font-size\">CCHLA &#8211; DLEM<\/p>\n\n\n\n<p class=\"has-small-font-size\">Saber Conectado<\/p>\n\n\n\n<p class=\"has-small-font-size\"><strong>Coordenadora<\/strong><\/p>\n\n\n\n<p class=\"has-small-font-size\"><a href=\"http:\/\/lattes.cnpq.br\/4668060223445848\" target=\"_blank\" rel=\"noreferrer noopener\">Lattes<\/a><\/p>\n<\/div><\/div>\n<\/div>\n\n\n\n<div class=\"wp-block-column is-layout-flow wp-block-column-is-layout-flow\">\n<div class=\"wp-block-media-text\" style=\"grid-template-columns:35% auto\"><figure class=\"wp-block-media-text__media\"><img loading=\"lazy\" decoding=\"async\" width=\"176\" height=\"235\" src=\"http:\/\/www.ufpb.br\/efopli2\/wp-content\/uploads\/sites\/122\/sites\/206\/2024\/09\/image-4.png\" alt=\"thiago.png\" class=\"wp-image-194 size-full\" \/><\/figure><div class=\"wp-block-media-text__content\">\n<p class=\"has-small-font-size\"><strong>Thiago Magno<\/strong><\/p>\n\n\n\n<p class=\"has-small-font-size\">CCHLA &#8211; Dire\u00e7\u00e3o de Centro<\/p>\n\n\n\n<p class=\"has-small-font-size\">Saber Conectado<\/p>\n\n\n\n<p class=\"has-small-font-size\"><strong>Vice-coordenador<\/strong><\/p>\n\n\n\n<p class=\"has-small-font-size\"><a href=\"http:\/\/lattes.cnpq.br\/1530925533061249\" target=\"_blank\" rel=\"noreferrer noopener\">Lattes<\/a><\/p>\n<\/div><\/div>\n<\/div>\n<\/div>\n\n\n\n<div class=\"wp-block-columns is-layout-flex wp-container-core-columns-is-layout-9d6595d7 wp-block-columns-is-layout-flex\">\n<div class=\"wp-block-column is-layout-flow wp-block-column-is-layout-flow\">\n<div class=\"wp-block-media-text\" style=\"grid-template-columns:35% auto\"><figure class=\"wp-block-media-text__media\"><img loading=\"lazy\" decoding=\"async\" width=\"189\" height=\"230\" src=\"http:\/\/www.ufpb.br\/efopli2\/wp-content\/uploads\/sites\/122\/sites\/206\/2024\/09\/image-3.png\" alt=\"elizabeth.png\" class=\"wp-image-182 size-full\" \/><\/figure><div class=\"wp-block-media-text__content\">\n<p class=\"has-small-font-size\"><strong>Elizabeth Souto Maior<\/strong><\/p>\n\n\n\n<p class=\"has-small-font-size\">CCHLA &#8211; DLEM<\/p>\n\n\n\n<p class=\"has-small-font-size\">Literatura Aplicada<\/p>\n\n\n\n<p class=\"has-small-font-size\"><strong>Coordenadora<\/strong><\/p>\n\n\n\n<p class=\"has-small-font-size\"><a href=\"http:\/\/lattes.cnpq.br\/0465893952580422\" target=\"_blank\" rel=\"noreferrer noopener\">Lattes<\/a><\/p>\n<\/div><\/div>\n<\/div>\n\n\n\n<div class=\"wp-block-column is-layout-flow wp-block-column-is-layout-flow\">\n<div class=\"wp-block-media-text\" style=\"grid-template-columns:35% auto\"><figure class=\"wp-block-media-text__media\"><img loading=\"lazy\" decoding=\"async\" width=\"178\" height=\"234\" src=\"http:\/\/www.ufpb.br\/efopli2\/wp-content\/uploads\/sites\/122\/sites\/206\/2024\/09\/image-16.png\" alt=\"danielle.png\" class=\"wp-image-440 size-full\" \/><\/figure><div class=\"wp-block-media-text__content\">\n<p class=\"has-small-font-size\"><strong>Danielle Luna<\/strong><\/p>\n\n\n\n<p class=\"has-small-font-size\">CCHLA &#8211; DLEM<\/p>\n\n\n\n<p class=\"has-small-font-size\">Literatura Aplicada<\/p>\n\n\n\n<p class=\"has-small-font-size\"><strong>Vice-coordenadora<\/strong><\/p>\n\n\n\n<p class=\"has-small-font-size\"><a href=\"http:\/\/buscatextual.cnpq.br\/buscatextual\/visualizacv.do?id=K4282782A3\" target=\"_blank\" rel=\"noreferrer noopener\">Lattes<\/a><\/p>\n<\/div><\/div>\n<\/div>\n<\/div>\n\n\n\n<div class=\"wp-block-columns is-layout-flex wp-container-core-columns-is-layout-9d6595d7 wp-block-columns-is-layout-flex\">\n<div class=\"wp-block-column is-layout-flow wp-block-column-is-layout-flow\">\n<div class=\"wp-block-media-text\" style=\"grid-template-columns:35% auto\"><figure class=\"wp-block-media-text__media\"><img loading=\"lazy\" decoding=\"async\" width=\"178\" height=\"230\" src=\"https:\/\/www.ufpb.br\/efopli2\/wp-content\/uploads\/sites\/122\/sites\/206\/2024\/11\/Francieli-2018.jpeg\" alt=\"\" class=\"wp-image-2043 size-full\" \/><\/figure><div class=\"wp-block-media-text__content\">\n<p class=\"has-small-font-size\"><strong>Francieli&nbsp;Freudenbeger<\/strong><\/p>\n\n\n\n<p class=\"has-small-font-size\">CCHLA &#8211; DLEM<\/p>\n\n\n\n<p class=\"has-small-font-size\">Estilo e Poder de Agir Docente<\/p>\n\n\n\n<p class=\"has-small-font-size\"><strong>Coordenadora<\/strong><\/p>\n\n\n\n<p class=\"has-small-font-size\"><a href=\"http:\/\/lattes.cnpq.br\/9434945702322738\" target=\"_blank\" rel=\"noreferrer noopener\">Lattes<\/a><\/p>\n<\/div><\/div>\n<\/div>\n\n\n\n<div class=\"wp-block-column is-layout-flow wp-block-column-is-layout-flow\">\n<div class=\"wp-block-media-text\" style=\"grid-template-columns:35% auto\"><figure class=\"wp-block-media-text__media\"><img loading=\"lazy\" decoding=\"async\" width=\"178\" height=\"230\" src=\"http:\/\/www.ufpb.br\/efopli2\/wp-content\/uploads\/sites\/122\/sites\/206\/2024\/09\/image-61.jpeg\" alt=\"Igor\" class=\"wp-image-467 size-full\" \/><\/figure><div class=\"wp-block-media-text__content\">\n<p class=\"has-small-font-size\"><strong>Igor Dias<\/strong><\/p>\n\n\n\n<p class=\"has-small-font-size\">Letras &#8211; Ingl\u00eas (UFPB)<\/p>\n\n\n\n<p class=\"has-small-font-size\">Colaborador<\/p>\n\n\n\n<p class=\"has-small-font-size\">Lattes<\/p>\n<\/div><\/div>\n<\/div>\n<\/div>\n\n\n\n<div class=\"wp-block-columns is-layout-flex wp-container-core-columns-is-layout-9d6595d7 wp-block-columns-is-layout-flex\">\n<div class=\"wp-block-column is-layout-flow wp-block-column-is-layout-flow\">\n<div class=\"wp-block-media-text\" style=\"grid-template-columns:35% auto\"><figure class=\"wp-block-media-text__media\"><img loading=\"lazy\" decoding=\"async\" width=\"195\" height=\"233\" src=\"http:\/\/www.ufpb.br\/efopli2\/wp-content\/uploads\/sites\/122\/sites\/206\/2024\/09\/image-17.png\" alt=\"anna maria.png\" class=\"wp-image-444 size-full\" \/><\/figure><div class=\"wp-block-media-text__content\">\n<p class=\"has-small-font-size\"><strong>Anna Maria Bento<\/strong><\/p>\n\n\n\n<p class=\"has-small-font-size\">Letras &#8211; Ingl\u00eas (UFPB)<\/p>\n\n\n\n<p class=\"has-small-font-size\">Bolsista<\/p>\n\n\n\n<p class=\"has-small-font-size\"><a href=\"http:\/\/buscatextual.cnpq.br\/buscatextual\/visualizacv.do?id=K2716723Y5\" target=\"_blank\" rel=\"noreferrer noopener\">Lattes<\/a><\/p>\n<\/div><\/div>\n<\/div>\n\n\n\n<div class=\"wp-block-column is-layout-flow wp-block-column-is-layout-flow\">\n<div class=\"wp-block-media-text\" style=\"grid-template-columns:35% auto\"><figure class=\"wp-block-media-text__media\"><img loading=\"lazy\" decoding=\"async\" width=\"186\" height=\"230\" src=\"http:\/\/www.ufpb.br\/efopli2\/wp-content\/uploads\/sites\/122\/sites\/206\/2024\/09\/image-2.jpeg\" alt=\"renato.jpg\" class=\"wp-image-227 size-full\" \/><\/figure><div class=\"wp-block-media-text__content\">\n<p class=\"has-small-font-size\"><strong>Renato N\u00f3brega<\/strong><\/p>\n\n\n\n<p class=\"has-small-font-size\">Letras &#8211; Ingl\u00eas (UFPB)<\/p>\n\n\n\n<p class=\"has-small-font-size\">Colaborador<\/p>\n\n\n\n<p class=\"has-small-font-size\">Lattes<\/p>\n<\/div><\/div>\n<\/div>\n<\/div>\n\n\n\n<div class=\"wp-block-columns is-layout-flex wp-container-core-columns-is-layout-9d6595d7 wp-block-columns-is-layout-flex\">\n<div class=\"wp-block-column is-layout-flow wp-block-column-is-layout-flow\">\n<div class=\"wp-block-media-text\" style=\"grid-template-columns:35% auto\"><figure class=\"wp-block-media-text__media\"><img loading=\"lazy\" decoding=\"async\" width=\"848\" height=\"1024\" src=\"http:\/\/www.ufpb.br\/efopli2\/wp-content\/uploads\/sites\/122\/sites\/206\/2024\/09\/image-63-848x1024.jpeg\" alt=\"Mariana Ramalho\" class=\"wp-image-471 size-full\" srcset=\"https:\/\/www.ufpb.br\/efopli\/wp-content\/uploads\/sites\/122\/sites\/206\/2024\/09\/image-63-848x1024.jpeg 848w, https:\/\/www.ufpb.br\/efopli\/wp-content\/uploads\/sites\/122\/sites\/206\/2024\/09\/image-63-249x300.jpeg 249w, https:\/\/www.ufpb.br\/efopli\/wp-content\/uploads\/sites\/122\/sites\/206\/2024\/09\/image-63-768x927.jpeg 768w, https:\/\/www.ufpb.br\/efopli\/wp-content\/uploads\/sites\/122\/sites\/206\/2024\/09\/image-63-1273x1536.jpeg 1273w, https:\/\/www.ufpb.br\/efopli\/wp-content\/uploads\/sites\/122\/sites\/206\/2024\/09\/image-63-1697x2048.jpeg 1697w\" sizes=\"auto, (max-width: 848px) 100vw, 848px\" \/><\/figure><div class=\"wp-block-media-text__content\">\n<p class=\"has-small-font-size\"><strong>Mariana Ramalho<\/strong><\/p>\n\n\n\n<p class=\"has-small-font-size\">Letras &#8211; Ingl\u00eas (UFPB)<\/p>\n\n\n\n<p class=\"has-small-font-size\">Colaboradora<\/p>\n\n\n\n<p class=\"has-small-font-size\">Lattes<\/p>\n<\/div><\/div>\n<\/div>\n\n\n\n<div class=\"wp-block-column is-layout-flow wp-block-column-is-layout-flow\">\n<div class=\"wp-block-media-text\" style=\"grid-template-columns:35% auto\"><figure class=\"wp-block-media-text__media\"><img loading=\"lazy\" decoding=\"async\" width=\"183\" height=\"235\" src=\"http:\/\/www.ufpb.br\/efopli2\/wp-content\/uploads\/sites\/122\/sites\/206\/2024\/09\/image-24.png\" alt=\"ianara.png\" class=\"wp-image-452 size-full\" \/><\/figure><div class=\"wp-block-media-text__content\">\n<p class=\"has-small-font-size\"><strong>Ianara Dantas<\/strong><\/p>\n\n\n\n<p class=\"has-small-font-size\">Letras &#8211; Ingl\u00eas (UFPB)<\/p>\n\n\n\n<p class=\"has-small-font-size\">Bolsista<\/p>\n\n\n\n<p class=\"has-small-font-size\">Lattes<\/p>\n<\/div><\/div>\n<\/div>\n<\/div>\n\n\n\n<div class=\"wp-block-columns is-layout-flex wp-container-core-columns-is-layout-9d6595d7 wp-block-columns-is-layout-flex\">\n<div class=\"wp-block-column is-layout-flow wp-block-column-is-layout-flow\">\n<div class=\"wp-block-media-text\" style=\"grid-template-columns:35% auto\"><figure class=\"wp-block-media-text__media\"><img loading=\"lazy\" decoding=\"async\" width=\"176\" height=\"235\" src=\"http:\/\/www.ufpb.br\/efopli2\/wp-content\/uploads\/sites\/122\/sites\/206\/2024\/09\/image-22.png\" alt=\"Gutenberg.png\" class=\"wp-image-450 size-full\" \/><\/figure><div class=\"wp-block-media-text__content\">\n<p class=\"has-small-font-size\"><strong>Gutemberg Costa<\/strong><\/p>\n\n\n\n<p class=\"has-small-font-size\">Letras &#8211; Ingl\u00eas (UFPB)<\/p>\n\n\n\n<p class=\"has-small-font-size\">Bolsista<\/p>\n\n\n\n<p class=\"has-small-font-size\">Lattes<\/p>\n<\/div><\/div>\n<\/div>\n\n\n\n<div class=\"wp-block-column is-layout-flow wp-block-column-is-layout-flow\"><\/div>\n<\/div>\n\n\n\n<p><a href=\"https:\/\/www.ufpb.br\/efopli\/equipe\/equipe-2023-24\/\" data-type=\"page\" data-id=\"598\">Equipe 2023\/24<\/a><\/p>\n\n\n\n<p><a href=\"https:\/\/www.ufpb.br\/efopli\/equipe\/equipe-2022-23\/\" data-type=\"page\" data-id=\"602\">Equipe 2022\/23<\/a><\/p>\n\n\n\n<p><strong><a href=\"https:\/\/www.ufpb.br\/efopli\/equipe\/equipe-2021-22\/\" data-type=\"page\" data-id=\"524\">Equipe 2021\/22<\/a><\/strong><\/p>\n\n\n\n<p><a href=\"https:\/\/www.ufpb.br\/efopli\/equipe\/equipe-2020\/\" data-type=\"page\" data-id=\"482\">Equipe 2020<\/a><\/p>\n\n\n\n<p><a href=\"https:\/\/www.ufpb.br\/efopli\/equipe\/equipe-2018\/\" data-type=\"page\" data-id=\"423\">Equipe 2018<\/a><\/p>\n\n\n\n<p><a href=\"https:\/\/www.ufpb.br\/efopli\/equipe\/equipe-2017\/\" data-type=\"page\" data-id=\"371\">Equipe 2017<\/a><\/p>\n\n\n\n<p><a href=\"https:\/\/www.ufpb.br\/efopli\/equipe\/equipe-2016\/\" data-type=\"page\" data-id=\"258\">Equipe 2016<\/a><\/p>\n","protected":false},"excerpt":{"rendered":"<p>Edital PRAC n\u00ba 01\/2019 &#8211; Vig\u00eancia 01\/03\/2019 a 31\/12\/2019. Mariana P\u00e9rez CCHLA &#8211; DLEM Projeto Conex\u00e3o &#8211; PB Coordena\u00e7\u00e3o Geral EFOPLI Lattes Ana Carolina Bastos CCHLA &#8211; DMI Projeto Conex\u00e3o &#8211; PB Vice-coordena\u00e7\u00e3o Geral EFOPLI Lattes Rafaela Carla Sousa CCHLA &#8211; DLEM Saber Conectado Coordenadora Lattes Thiago Magno CCHLA &#8211; Dire\u00e7\u00e3o de Centro Saber Conectado [&hellip;]<\/p>\n","protected":false},"author":145,"featured_media":0,"parent":29,"menu_order":0,"comment_status":"closed","ping_status":"closed","template":"","meta":{"footnotes":""},"class_list":["post-458","page","type-page","status-publish","hentry"],"_links":{"self":[{"href":"https:\/\/www.ufpb.br\/efopli\/wp-json\/wp\/v2\/pages\/458","targetHints":{"allow":["GET"]}}],"collection":[{"href":"https:\/\/www.ufpb.br\/efopli\/wp-json\/wp\/v2\/pages"}],"about":[{"href":"https:\/\/www.ufpb.br\/efopli\/wp-json\/wp\/v2\/types\/page"}],"author":[{"embeddable":true,"href":"https:\/\/www.ufpb.br\/efopli\/wp-json\/wp\/v2\/users\/145"}],"replies":[{"embeddable":true,"href":"https:\/\/www.ufpb.br\/efopli\/wp-json\/wp\/v2\/comments?post=458"}],"version-history":[{"count":23,"href":"https:\/\/www.ufpb.br\/efopli\/wp-json\/wp\/v2\/pages\/458\/revisions"}],"predecessor-version":[{"id":2374,"href":"https:\/\/www.ufpb.br\/efopli\/wp-json\/wp\/v2\/pages\/458\/revisions\/2374"}],"up":[{"embeddable":true,"href":"https:\/\/www.ufpb.br\/efopli\/wp-json\/wp\/v2\/pages\/29"}],"wp:attachment":[{"href":"https:\/\/www.ufpb.br\/efopli\/wp-json\/wp\/v2\/media?parent=458"}],"curies":[{"name":"wp","href":"https:\/\/api.w.org\/{rel}","templated":true}]}}