{"id":482,"date":"2024-09-26T19:14:02","date_gmt":"2024-09-26T19:14:02","guid":{"rendered":"https:\/\/www.ufpb.br\/efopli2\/?page_id=482"},"modified":"2024-11-28T22:20:53","modified_gmt":"2024-11-29T01:20:53","slug":"equipe-2020","status":"publish","type":"page","link":"https:\/\/www.ufpb.br\/efopli\/equipe\/equipe-2020\/","title":{"rendered":"Equipe 2020"},"content":{"rendered":"\n<p class=\"has-small-font-size\">Edital PROEX n\u00ba 02\/2020 &#8211; Vig\u00eancia 01\/04\/2020 a 31\/12\/2020.<\/p>\n\n\n\n<div class=\"wp-block-columns is-layout-flex wp-container-core-columns-is-layout-9d6595d7 wp-block-columns-is-layout-flex\">\n<div class=\"wp-block-column is-layout-flow wp-block-column-is-layout-flow\">\n<div class=\"wp-block-media-text is-vertically-aligned-top\" style=\"grid-template-columns:35% auto\"><figure class=\"wp-block-media-text__media\"><img loading=\"lazy\" decoding=\"async\" width=\"163\" height=\"230\" src=\"https:\/\/www.ufpb.br\/efopli2\/wp-content\/uploads\/sites\/122\/sites\/206\/2024\/09\/image-64.jpeg\" alt=\"\" class=\"wp-image-484 size-full\" \/><\/figure><div class=\"wp-block-media-text__content\">\n<div class=\"wp-block-group is-vertical is-layout-flex wp-container-core-group-is-layout-8cf370e7 wp-block-group-is-layout-flex\">\n<p class=\"has-small-font-size\"><strong>Ana Carolina Bastos<\/strong><\/p>\n\n\n\n<p class=\"has-small-font-size\">CCHLA &#8211; DMI <\/p>\n\n\n\n<p class=\"has-small-font-size\"><strong>Coordena\u00e7\u00e3o <\/strong><strong>Geral EFOPLI<\/strong><\/p>\n\n\n\n<p class=\"has-small-font-size\">Saber Conectado&nbsp;&#8211; Coordenadora<\/p>\n\n\n\n<p class=\"has-small-font-size\">Empoderamento Docente e (Inter)nacionaliza\u00e7\u00e3o &#8211; Coord. Adjunta<\/p>\n\n\n\n<p class=\"has-small-font-size\"><strong><a href=\"http:\/\/lattes.cnpq.br\/4005257110828885\" target=\"_blank\" rel=\"noreferrer noopener\">Lattes<\/a><\/strong><\/p>\n<\/div>\n<\/div><\/div>\n<\/div>\n\n\n\n<div class=\"wp-block-column is-layout-flow wp-block-column-is-layout-flow\">\n<div class=\"wp-block-media-text is-vertically-aligned-top\" style=\"grid-template-columns:35% auto\"><figure class=\"wp-block-media-text__media\"><img loading=\"lazy\" decoding=\"async\" width=\"189\" height=\"230\" src=\"http:\/\/www.ufpb.br\/efopli2\/wp-content\/uploads\/sites\/122\/sites\/206\/2024\/09\/image-3.png\" alt=\"elizabeth.png\" class=\"wp-image-182 size-full\" \/><\/figure><div class=\"wp-block-media-text__content\">\n<p class=\"has-small-font-size\"><strong>Elizabeth Souto Maior<\/strong><\/p>\n\n\n\n<p class=\"has-small-font-size\">CCHLA &#8211; DLEM<\/p>\n\n\n\n<p class=\"has-small-font-size\"><strong>Vice-Coordena\u00e7\u00e3o Geral EFOPLI<\/strong><\/p>\n\n\n\n<p class=\"has-small-font-size\">Literatura Aplicada &#8211; Coordenadora<\/p>\n\n\n\n<p class=\"has-small-font-size\"><strong><a href=\"http:\/\/buscatextual.cnpq.br\/buscatextual\/visualizacv.do?id=K4793660E0\" target=\"_blank\" rel=\"noreferrer noopener\">Lattes<\/a><\/strong><\/p>\n<\/div><\/div>\n<\/div>\n<\/div>\n\n\n\n<div class=\"wp-block-columns is-layout-flex wp-container-core-columns-is-layout-9d6595d7 wp-block-columns-is-layout-flex\">\n<div class=\"wp-block-column is-layout-flow wp-block-column-is-layout-flow\">\n<div class=\"wp-block-media-text is-vertically-aligned-top\" style=\"grid-template-columns:35% auto\"><figure class=\"wp-block-media-text__media\"><img loading=\"lazy\" decoding=\"async\" width=\"178\" height=\"230\" src=\"http:\/\/www.ufpb.br\/efopli2\/wp-content\/uploads\/sites\/122\/sites\/206\/2024\/11\/Francieli-2018.jpeg\" alt=\"\" class=\"wp-image-2043 size-full\" \/><\/figure><div class=\"wp-block-media-text__content\">\n<div class=\"wp-block-group is-vertical is-layout-flex wp-container-core-group-is-layout-8cf370e7 wp-block-group-is-layout-flex\">\n<p class=\"has-small-font-size\"><strong>Francieli&nbsp;<\/strong> <strong>Freudenberger<\/strong><\/p>\n\n\n\n<p class=\"has-small-font-size\">CCHLA &#8211; DLEM<\/p>\n\n\n\n<p class=\"has-small-font-size\">Empoderamento Docente e (Inter) nacionaliza\u00e7\u00e3o &#8211; Coordenadora<\/p>\n\n\n\n<p class=\"has-small-font-size\">Literatura Aplicada &#8211; Coord. Adjunta<\/p>\n\n\n\n<p class=\"has-small-font-size\"><strong><a href=\"http:\/\/lattes.cnpq.br\/9434945702322738\" target=\"_blank\" rel=\"noreferrer noopener\">Lattes<\/a><\/strong><\/p>\n<\/div>\n<\/div><\/div>\n<\/div>\n\n\n\n<div class=\"wp-block-column is-layout-flow wp-block-column-is-layout-flow\">\n<div class=\"wp-block-media-text is-vertically-aligned-top\" style=\"grid-template-columns:35% auto\"><figure class=\"wp-block-media-text__media\"><img loading=\"lazy\" decoding=\"async\" width=\"176\" height=\"235\" src=\"http:\/\/www.ufpb.br\/efopli2\/wp-content\/uploads\/sites\/122\/sites\/206\/2024\/09\/image-4.png\" alt=\"thiago.png\" class=\"wp-image-194 size-full\" \/><\/figure><div class=\"wp-block-media-text__content\">\n<p class=\"has-small-font-size\"><strong>Thiago Magno<\/strong><\/p>\n\n\n\n<p class=\"has-small-font-size\">CCHLA &#8211; Dire\u00e7\u00e3o de Centro<\/p>\n\n\n\n<p class=\"has-small-font-size\">Saber Conectado &#8211; Coord. Adjunto<\/p>\n\n\n\n<p class=\"has-small-font-size\"><strong><a href=\"http:\/\/lattes.cnpq.br\/1530925533061249\" target=\"_blank\" rel=\"noreferrer noopener\">Lattes<\/a><\/strong><\/p>\n<\/div><\/div>\n<\/div>\n<\/div>\n\n\n\n<div class=\"wp-block-columns is-layout-flex wp-container-core-columns-is-layout-9d6595d7 wp-block-columns-is-layout-flex\">\n<div class=\"wp-block-column is-layout-flow wp-block-column-is-layout-flow\">\n<div class=\"wp-block-media-text\" style=\"grid-template-columns:35% auto\"><figure class=\"wp-block-media-text__media\"><img loading=\"lazy\" decoding=\"async\" width=\"191\" height=\"230\" src=\"http:\/\/www.ufpb.br\/efopli2\/wp-content\/uploads\/sites\/122\/sites\/206\/2024\/09\/image-5.png\" alt=\"mariana.png\" class=\"wp-image-263 size-full\" \/><\/figure><div class=\"wp-block-media-text__content\">\n<p class=\"has-small-font-size\"><strong>Mariana P\u00e9rez&nbsp;<\/strong><\/p>\n\n\n\n<p class=\"has-small-font-size\">CCHLA &#8211; DLEM<\/p>\n\n\n\n<p class=\"has-small-font-size\">Em licen\u00e7a<\/p>\n\n\n\n<p class=\"has-small-font-size\">Colaboradora<\/p>\n\n\n\n<p class=\"has-small-font-size\"><a href=\"http:\/\/lattes.cnpq.br\/9704870179294652\" target=\"_blank\" rel=\"noreferrer noopener\">Lattes<\/a><\/p>\n<\/div><\/div>\n<\/div>\n\n\n\n<div class=\"wp-block-column is-layout-flow wp-block-column-is-layout-flow\">\n<div class=\"wp-block-media-text\" style=\"grid-template-columns:35% auto\"><figure class=\"wp-block-media-text__media\"><img loading=\"lazy\" decoding=\"async\" width=\"186\" height=\"230\" src=\"http:\/\/www.ufpb.br\/efopli2\/wp-content\/uploads\/sites\/122\/sites\/206\/2024\/09\/image-6.png\" alt=\"rafaela.png\" class=\"wp-image-268 size-full\" \/><\/figure><div class=\"wp-block-media-text__content\">\n<p class=\"has-small-font-size\"><strong>Rafaela Carla Sousa<\/strong><\/p>\n\n\n\n<p class=\"has-small-font-size\">CCHLA &#8211; DLEM<\/p>\n\n\n\n<p class=\"has-small-font-size\">Em licen\u00e7a<\/p>\n\n\n\n<p class=\"has-small-font-size\">Colaboradora<\/p>\n\n\n\n<p class=\"has-small-font-size\"><a href=\"http:\/\/lattes.cnpq.br\/4668060223445848\" target=\"_blank\" rel=\"noreferrer noopener\">Lattes<\/a><\/p>\n<\/div><\/div>\n<\/div>\n<\/div>\n\n\n\n<div class=\"wp-block-columns is-layout-flex wp-container-core-columns-is-layout-9d6595d7 wp-block-columns-is-layout-flex\">\n<div class=\"wp-block-column is-layout-flow wp-block-column-is-layout-flow\">\n<div class=\"wp-block-media-text\" style=\"grid-template-columns:35% auto\"><figure class=\"wp-block-media-text__media\"><img loading=\"lazy\" decoding=\"async\" width=\"186\" height=\"230\" src=\"https:\/\/www.ufpb.br\/efopli2\/wp-content\/uploads\/sites\/122\/sites\/206\/2024\/09\/image-66.jpeg\" alt=\"\" class=\"wp-image-488 size-full\" \/><\/figure><div class=\"wp-block-media-text__content\">\n<p class=\"has-small-font-size\"><strong>Laura Gabrielly&nbsp;<\/strong><\/p>\n\n\n\n<p class=\"has-small-font-size\">Letras &#8211; Ingl\u00eas (UFPB)<\/p>\n\n\n\n<p class=\"has-small-font-size\">Bolsista<\/p>\n\n\n\n<p class=\"has-small-font-size\"><strong>Lattes&nbsp;<\/strong><\/p>\n<\/div><\/div>\n<\/div>\n\n\n\n<div class=\"wp-block-column is-layout-flow wp-block-column-is-layout-flow\">\n<div class=\"wp-block-media-text\" style=\"grid-template-columns:35% auto\"><figure class=\"wp-block-media-text__media\"><img loading=\"lazy\" decoding=\"async\" width=\"186\" height=\"230\" src=\"http:\/\/www.ufpb.br\/efopli2\/wp-content\/uploads\/sites\/122\/sites\/206\/2024\/09\/image-2.jpeg\" alt=\"renato.jpg\" class=\"wp-image-227 size-full\" \/><\/figure><div class=\"wp-block-media-text__content\">\n<p class=\"has-small-font-size\"><strong>Renato N\u00f3brega<\/strong><\/p>\n\n\n\n<p class=\"has-small-font-size\">Letras &#8211; Ingl\u00eas (UFPB)<\/p>\n\n\n\n<p class=\"has-small-font-size\">Bolsista<\/p>\n\n\n\n<p class=\"has-small-font-size\"><strong>Lattes<\/strong><\/p>\n<\/div><\/div>\n<\/div>\n<\/div>\n\n\n\n<div class=\"wp-block-columns is-layout-flex wp-container-core-columns-is-layout-9d6595d7 wp-block-columns-is-layout-flex\">\n<div class=\"wp-block-column is-layout-flow wp-block-column-is-layout-flow\">\n<div class=\"wp-block-media-text\" style=\"grid-template-columns:35% auto\"><figure class=\"wp-block-media-text__media\"><img loading=\"lazy\" decoding=\"async\" width=\"198\" height=\"230\" src=\"http:\/\/www.ufpb.br\/efopli2\/wp-content\/uploads\/sites\/122\/sites\/206\/2024\/09\/image-8.jpeg\" alt=\"john ryan.jpg\" class=\"wp-image-239 size-full\" \/><\/figure><div class=\"wp-block-media-text__content\">\n<p class=\"has-small-font-size\"><strong>John Ryan<\/strong><\/p>\n\n\n\n<p class=\"has-small-font-size\">Letras &#8211; Ingl\u00eas (UFPB)<\/p>\n\n\n\n<p class=\"has-small-font-size\">Bolsista<\/p>\n\n\n\n<p class=\"has-small-font-size\"><strong><a href=\"http:\/\/lattes.cnpq.br\/6263740187287397\" target=\"_blank\" rel=\"noreferrer noopener\">Lattes<\/a><\/strong><\/p>\n<\/div><\/div>\n<\/div>\n\n\n\n<div class=\"wp-block-column is-layout-flow wp-block-column-is-layout-flow\">\n<div class=\"wp-block-media-text\" style=\"grid-template-columns:36% auto\"><figure class=\"wp-block-media-text__media\"><img loading=\"lazy\" decoding=\"async\" width=\"172\" height=\"230\" src=\"http:\/\/www.ufpb.br\/efopli2\/wp-content\/uploads\/sites\/122\/sites\/206\/2024\/09\/image-4.jpeg\" alt=\"joao victor.jpg\" class=\"wp-image-231 size-full\" \/><\/figure><div class=\"wp-block-media-text__content\">\n<p class=\"has-small-font-size\"><strong>Jo\u00e3o Victor&nbsp;<\/strong><\/p>\n\n\n\n<p class=\"has-small-font-size\">Letras &#8211; Ingl\u00eas (UFPB)<\/p>\n\n\n\n<p class=\"has-small-font-size\">Volunt\u00e1rio<\/p>\n\n\n\n<p class=\"has-small-font-size\"><strong>Lattes<\/strong><\/p>\n<\/div><\/div>\n<\/div>\n<\/div>\n\n\n\n<div class=\"wp-block-columns is-layout-flex wp-container-core-columns-is-layout-9d6595d7 wp-block-columns-is-layout-flex\">\n<div class=\"wp-block-column is-layout-flow wp-block-column-is-layout-flow\">\n<div class=\"wp-block-media-text\" style=\"grid-template-columns:35% auto\"><figure class=\"wp-block-media-text__media\"><img loading=\"lazy\" decoding=\"async\" width=\"154\" height=\"176\" src=\"http:\/\/www.ufpb.br\/efopli2\/wp-content\/uploads\/sites\/122\/sites\/206\/2024\/09\/9bce81c8-1efb-4cfb-8715-3744034228f4-1-1-e1728599759521.jpeg\" alt=\"\" class=\"wp-image-786 size-full\" \/><\/figure><div class=\"wp-block-media-text__content\">\n<p class=\"has-small-font-size\"><strong>Maria Milena<\/strong><\/p>\n\n\n\n<p class=\"has-small-font-size\">Letras &#8211; Ingl\u00eas (UFPB)<\/p>\n\n\n\n<p class=\"has-small-font-size\">Volunt\u00e1ria<\/p>\n\n\n\n<p class=\"has-small-font-size\"><strong><a href=\"http:\/\/lattes.cnpq.br\/5418668873956833\">Lattes<\/a><\/strong><\/p>\n<\/div><\/div>\n<\/div>\n\n\n\n<div class=\"wp-block-column is-layout-flow wp-block-column-is-layout-flow\">\n<div class=\"wp-block-media-text\" style=\"grid-template-columns:35% auto\"><figure class=\"wp-block-media-text__media\"><img loading=\"lazy\" decoding=\"async\" width=\"128\" height=\"146\" src=\"https:\/\/www.ufpb.br\/efopli2\/wp-content\/uploads\/sites\/122\/sites\/206\/2024\/09\/image-71.jpeg\" alt=\"\" class=\"wp-image-493 size-full\" \/><\/figure><div class=\"wp-block-media-text__content\">\n<p class=\"has-small-font-size\"><strong>David Raphael<\/strong><\/p>\n\n\n\n<p class=\"has-small-font-size\">Letras &#8211; Ingl\u00eas (UFPB)<\/p>\n\n\n\n<p class=\"has-small-font-size\">Volunt\u00e1rio<\/p>\n\n\n\n<p class=\"has-small-font-size\"><strong>Lattes<\/strong><\/p>\n<\/div><\/div>\n<\/div>\n<\/div>\n\n\n\n<div class=\"wp-block-columns is-layout-flex wp-container-core-columns-is-layout-9d6595d7 wp-block-columns-is-layout-flex\">\n<div class=\"wp-block-column is-layout-flow wp-block-column-is-layout-flow\">\n<div class=\"wp-block-media-text\" style=\"grid-template-columns:35% auto\"><figure class=\"wp-block-media-text__media\"><img loading=\"lazy\" decoding=\"async\" width=\"183\" height=\"235\" src=\"http:\/\/www.ufpb.br\/efopli2\/wp-content\/uploads\/sites\/122\/sites\/206\/2024\/09\/image-24.png\" alt=\"ianara.png\" class=\"wp-image-452 size-full\" \/><\/figure><div class=\"wp-block-media-text__content\">\n<p class=\"has-small-font-size\"><strong>Ianara Dantas<\/strong><\/p>\n\n\n\n<p class=\"has-small-font-size\">Letras &#8211; Ingl\u00eas (UFPB)<\/p>\n\n\n\n<p class=\"has-small-font-size\">Volunt\u00e1ria<\/p>\n\n\n\n<p class=\"has-small-font-size\"><strong>Lattes<\/strong><\/p>\n<\/div><\/div>\n<\/div>\n\n\n\n<div class=\"wp-block-column is-layout-flow wp-block-column-is-layout-flow\"><\/div>\n<\/div>\n\n\n\n<p><a href=\"https:\/\/www.ufpb.br\/efopli\/equipe\/equipe-2023-24\/\" data-type=\"page\" data-id=\"598\">Equipe 2023\/24<\/a><\/p>\n\n\n\n<p><a href=\"https:\/\/www.ufpb.br\/efopli\/equipe\/equipe-2022-23\/\" data-type=\"page\" data-id=\"602\">Equipe 2022\/23<\/a><\/p>\n\n\n\n<p><strong><a href=\"https:\/\/www.ufpb.br\/efopli\/equipe\/equipe-2021-22\/\" data-type=\"page\" data-id=\"524\">Equipe 2021\/22<\/a><\/strong><\/p>\n\n\n\n<p><a href=\"https:\/\/www.ufpb.br\/efopli\/equipe\/equipe-2019\/\" data-type=\"page\" data-id=\"458\">Equipe 2019<\/a><\/p>\n\n\n\n<p><a href=\"https:\/\/www.ufpb.br\/efopli\/equipe\/equipe-2018\/\" data-type=\"page\" data-id=\"423\">Equipe 2018<\/a><\/p>\n\n\n\n<p><a href=\"https:\/\/www.ufpb.br\/efopli\/equipe\/equipe-2017\/\" data-type=\"page\" data-id=\"371\">Equipe 2017<\/a><\/p>\n\n\n\n<p><a href=\"https:\/\/www.ufpb.br\/efopli\/equipe\/equipe-2016\/\" data-type=\"page\" data-id=\"258\">Equipe 2016<\/a><\/p>\n\n\n\n<p><\/p>\n","protected":false},"excerpt":{"rendered":"<p>Edital PROEX n\u00ba 02\/2020 &#8211; Vig\u00eancia 01\/04\/2020 a 31\/12\/2020. Ana Carolina Bastos CCHLA &#8211; DMI Coordena\u00e7\u00e3o Geral EFOPLI Saber Conectado&nbsp;&#8211; Coordenadora Empoderamento Docente e (Inter)nacionaliza\u00e7\u00e3o &#8211; Coord. Adjunta Lattes Elizabeth Souto Maior CCHLA &#8211; DLEM Vice-Coordena\u00e7\u00e3o Geral EFOPLI Literatura Aplicada &#8211; Coordenadora Lattes Francieli&nbsp; Freudenberger CCHLA &#8211; DLEM Empoderamento Docente e (Inter) nacionaliza\u00e7\u00e3o &#8211; Coordenadora [&hellip;]<\/p>\n","protected":false},"author":145,"featured_media":0,"parent":29,"menu_order":0,"comment_status":"closed","ping_status":"closed","template":"","meta":{"footnotes":""},"class_list":["post-482","page","type-page","status-publish","hentry"],"_links":{"self":[{"href":"https:\/\/www.ufpb.br\/efopli\/wp-json\/wp\/v2\/pages\/482","targetHints":{"allow":["GET"]}}],"collection":[{"href":"https:\/\/www.ufpb.br\/efopli\/wp-json\/wp\/v2\/pages"}],"about":[{"href":"https:\/\/www.ufpb.br\/efopli\/wp-json\/wp\/v2\/types\/page"}],"author":[{"embeddable":true,"href":"https:\/\/www.ufpb.br\/efopli\/wp-json\/wp\/v2\/users\/145"}],"replies":[{"embeddable":true,"href":"https:\/\/www.ufpb.br\/efopli\/wp-json\/wp\/v2\/comments?post=482"}],"version-history":[{"count":38,"href":"https:\/\/www.ufpb.br\/efopli\/wp-json\/wp\/v2\/pages\/482\/revisions"}],"predecessor-version":[{"id":2373,"href":"https:\/\/www.ufpb.br\/efopli\/wp-json\/wp\/v2\/pages\/482\/revisions\/2373"}],"up":[{"embeddable":true,"href":"https:\/\/www.ufpb.br\/efopli\/wp-json\/wp\/v2\/pages\/29"}],"wp:attachment":[{"href":"https:\/\/www.ufpb.br\/efopli\/wp-json\/wp\/v2\/media?parent=482"}],"curies":[{"name":"wp","href":"https:\/\/api.w.org\/{rel}","templated":true}]}}