{"id":524,"date":"2024-09-26T18:05:15","date_gmt":"2024-09-26T18:05:15","guid":{"rendered":"https:\/\/www.ufpb.br\/efopli2\/?page_id=524"},"modified":"2024-11-28T22:19:35","modified_gmt":"2024-11-29T01:19:35","slug":"equipe-2021-22","status":"publish","type":"page","link":"https:\/\/www.ufpb.br\/efopli\/equipe\/equipe-2021-22\/","title":{"rendered":"Equipe 2021\/22"},"content":{"rendered":"\n<p class=\"has-small-font-size\">Edital PROEX n\u00ba 03\/2021 &#8211; Vig\u00eancia 03\/05\/2021 a 30\/04\/2022.<\/p>\n\n\n\n<div class=\"wp-block-columns is-layout-flex wp-container-core-columns-is-layout-9d6595d7 wp-block-columns-is-layout-flex\">\n<div class=\"wp-block-column is-layout-flow wp-block-column-is-layout-flow\">\n<div class=\"wp-block-media-text\" style=\"grid-template-columns:35% auto\"><figure class=\"wp-block-media-text__media\"><img loading=\"lazy\" decoding=\"async\" width=\"163\" height=\"230\" src=\"https:\/\/www.ufpb.br\/efopli2\/wp-content\/uploads\/sites\/122\/sites\/206\/2024\/10\/image.jpeg\" alt=\"\" class=\"wp-image-849 size-full\" \/><\/figure><div class=\"wp-block-media-text__content\">\n<p class=\"has-small-font-size\"><strong>Ana Carolina Bastos<\/strong><\/p>\n\n\n\n<p class=\"has-small-font-size\">CCHLA &#8211; DMI<\/p>\n\n\n\n<p class=\"has-small-font-size\"><strong>Coordena\u00e7\u00e3o Geral EFOPLI<\/strong><\/p>\n\n\n\n<p class=\"has-small-font-size\"><strong><a href=\"http:\/\/lattes.cnpq.br\/4005257110828885\" target=\"_blank\" rel=\"noreferrer noopener\">Lattes<\/a><\/strong><\/p>\n<\/div><\/div>\n<\/div>\n\n\n\n<div class=\"wp-block-column is-layout-flow wp-block-column-is-layout-flow\">\n<div class=\"wp-block-media-text is-vertically-aligned-top\" style=\"grid-template-columns:35% auto\"><figure class=\"wp-block-media-text__media\"><img loading=\"lazy\" decoding=\"async\" width=\"189\" height=\"230\" src=\"http:\/\/www.ufpb.br\/efopli2\/wp-content\/uploads\/sites\/122\/sites\/206\/2024\/09\/image-3.png\" alt=\"elizabeth.png\" class=\"wp-image-182 size-full\" \/><\/figure><div class=\"wp-block-media-text__content\">\n<p class=\"has-small-font-size\"><strong>Elizabeth Souto Maior<\/strong><\/p>\n\n\n\n<p class=\"has-small-font-size\">CCHLA &#8211; DLEM<\/p>\n\n\n\n<p class=\"has-small-font-size\"><strong>Vice-coordena\u00e7\u00e3o Geral EFOPLI<\/strong><\/p>\n\n\n\n<p class=\"has-small-font-size\">Literatura Aplicada<\/p>\n\n\n\n<p class=\"has-small-font-size\">Coordenadora \/ Adjunta<\/p>\n\n\n\n<p class=\"has-small-font-size\"><strong><a href=\"http:\/\/lattes.cnpq.br\/9434945702322738\" target=\"_blank\" rel=\"noreferrer noopener\">Lattes<\/a><\/strong><\/p>\n<\/div><\/div>\n<\/div>\n<\/div>\n\n\n\n<div class=\"wp-block-columns is-layout-flex wp-container-core-columns-is-layout-9d6595d7 wp-block-columns-is-layout-flex\">\n<div class=\"wp-block-column is-layout-flow wp-block-column-is-layout-flow\">\n<div class=\"wp-block-media-text\" style=\"grid-template-columns:35% auto\"><figure class=\"wp-block-media-text__media\"><img loading=\"lazy\" decoding=\"async\" width=\"178\" height=\"230\" src=\"http:\/\/www.ufpb.br\/efopli2\/wp-content\/uploads\/sites\/122\/sites\/206\/2024\/11\/Francieli-2018.jpeg\" alt=\"\" class=\"wp-image-2043 size-full\" \/><\/figure><div class=\"wp-block-media-text__content\">\n<p class=\"has-small-font-size\"><strong>Francieli&nbsp;Freudenberger<\/strong><\/p>\n\n\n\n<p class=\"has-small-font-size\">CCHLA &#8211; DLEM<\/p>\n\n\n\n<p class=\"has-small-font-size\">Empoderamento Docente e (Inter)nacionaliza\u00e7\u00e3o<\/p>\n\n\n\n<p class=\"has-small-font-size\">Coordenadora<\/p>\n\n\n\n<p class=\"has-small-font-size\"><strong><a href=\"http:\/\/lattes.cnpq.br\/9434945702322738\" target=\"_blank\" rel=\"noreferrer noopener\">Lattes<\/a><\/strong><\/p>\n<\/div><\/div>\n<\/div>\n\n\n\n<div class=\"wp-block-column is-layout-flow wp-block-column-is-layout-flow\">\n<div class=\"wp-block-media-text\" style=\"grid-template-columns:35% auto\"><figure class=\"wp-block-media-text__media\"><img loading=\"lazy\" decoding=\"async\" width=\"176\" height=\"235\" src=\"http:\/\/www.ufpb.br\/efopli2\/wp-content\/uploads\/sites\/122\/sites\/206\/2024\/09\/image-4.png\" alt=\"thiago.png\" class=\"wp-image-194 size-full\" \/><\/figure><div class=\"wp-block-media-text__content\">\n<p class=\"has-small-font-size\"><strong>Thiago Magno<\/strong><\/p>\n\n\n\n<p class=\"has-small-font-size\">CCHLA &#8211; Dire\u00e7\u00e3o de Centro<\/p>\n\n\n\n<p class=\"has-small-font-size\">Saber Conectado<\/p>\n\n\n\n<p class=\"has-small-font-size\">Coordenador<\/p>\n\n\n\n<p class=\"has-small-font-size\"><strong><a href=\"http:\/\/lattes.cnpq.br\/1530925533061249\" target=\"_blank\" rel=\"noreferrer noopener\">Lattes<\/a><\/strong><\/p>\n<\/div><\/div>\n<\/div>\n<\/div>\n\n\n\n<div class=\"wp-block-columns is-layout-flex wp-container-core-columns-is-layout-9d6595d7 wp-block-columns-is-layout-flex\">\n<div class=\"wp-block-column is-layout-flow wp-block-column-is-layout-flow\">\n<div class=\"wp-block-media-text\" style=\"grid-template-columns:35% auto\"><figure class=\"wp-block-media-text__media\"><img loading=\"lazy\" decoding=\"async\" width=\"186\" height=\"230\" src=\"https:\/\/www.ufpb.br\/efopli2\/wp-content\/uploads\/sites\/122\/sites\/206\/2024\/10\/image-44.png\" alt=\"\" class=\"wp-image-859 size-full\" \/><\/figure><div class=\"wp-block-media-text__content\">\n<p class=\"has-small-font-size\"><strong>Rafaela Carla de Sousa<\/strong><\/p>\n\n\n\n<p class=\"has-small-font-size\">CCHLA &#8211; DLEM<\/p>\n\n\n\n<p class=\"has-small-font-size\">Colaboradora<\/p>\n\n\n\n<p class=\"has-small-font-size\"><strong><a href=\"http:\/\/lattes.cnpq.br\/4668060223445848\" target=\"_blank\" rel=\"noreferrer noopener\">Lattes<\/a><\/strong><\/p>\n<\/div><\/div>\n<\/div>\n\n\n\n<div class=\"wp-block-column is-layout-flow wp-block-column-is-layout-flow\">\n<div class=\"wp-block-media-text\" style=\"grid-template-columns:35% auto\"><figure class=\"wp-block-media-text__media\"><img loading=\"lazy\" decoding=\"async\" width=\"191\" height=\"230\" src=\"http:\/\/www.ufpb.br\/efopli2\/wp-content\/uploads\/sites\/122\/sites\/206\/2024\/09\/image-5.png\" alt=\"mariana.png\" class=\"wp-image-263 size-full\" \/><\/figure><div class=\"wp-block-media-text__content\">\n<p class=\"has-small-font-size\"><strong>Mariana P\u00e9rez<\/strong><\/p>\n\n\n\n<p class=\"has-small-font-size\">CCHLA -DLEM<\/p>\n\n\n\n<p class=\"has-small-font-size\">Colaboradora<\/p>\n\n\n\n<p class=\"has-small-font-size\"><a href=\"http:\/\/lattes.cnpq.br\/9704870179294652\" target=\"_blank\" rel=\"noreferrer noopener\">Lattes<\/a><\/p>\n<\/div><\/div>\n<\/div>\n<\/div>\n\n\n\n<div class=\"wp-block-columns is-layout-flex wp-container-core-columns-is-layout-9d6595d7 wp-block-columns-is-layout-flex\">\n<div class=\"wp-block-column is-layout-flow wp-block-column-is-layout-flow\">\n<div class=\"wp-block-media-text\" style=\"grid-template-columns:35% auto\"><figure class=\"wp-block-media-text__media\"><img loading=\"lazy\" decoding=\"async\" width=\"186\" height=\"230\" src=\"http:\/\/www.ufpb.br\/efopli2\/wp-content\/uploads\/sites\/122\/sites\/206\/2024\/09\/image-2.jpeg\" alt=\"renato.jpg\" class=\"wp-image-227 size-full\" \/><\/figure><div class=\"wp-block-media-text__content\">\n<p class=\"has-small-font-size\"><strong>Renato N\u00f3brega<\/strong><\/p>\n\n\n\n<p class=\"has-small-font-size\">Letras &#8211; Ingl\u00eas (UFPB)<\/p>\n\n\n\n<p class=\"has-small-font-size\">Bolsista<\/p>\n\n\n\n<p class=\"has-small-font-size\">Lattes<\/p>\n<\/div><\/div>\n<\/div>\n\n\n\n<div class=\"wp-block-column is-layout-flow wp-block-column-is-layout-flow\">\n<div class=\"wp-block-media-text\" style=\"grid-template-columns:35% auto\"><figure class=\"wp-block-media-text__media\"><img loading=\"lazy\" decoding=\"async\" width=\"154\" height=\"176\" src=\"http:\/\/www.ufpb.br\/efopli2\/wp-content\/uploads\/sites\/122\/sites\/206\/2024\/09\/9bce81c8-1efb-4cfb-8715-3744034228f4-1-1-e1728599759521.jpeg\" alt=\"\" class=\"wp-image-786 size-full\" \/><\/figure><div class=\"wp-block-media-text__content\">\n<p class=\"has-small-font-size\"><strong>Milena Soares<\/strong><\/p>\n\n\n\n<p class=\"has-small-font-size\">Letras &#8211; Ingl\u00eas (UFPB)<\/p>\n\n\n\n<p class=\"has-small-font-size\">Bolsista<\/p>\n\n\n\n<p class=\"has-small-font-size\"><a href=\"http:\/\/lattes.cnpq.br\/5418668873956833\">Lattes<\/a><\/p>\n<\/div><\/div>\n<\/div>\n<\/div>\n\n\n\n<div class=\"wp-block-columns is-layout-flex wp-container-core-columns-is-layout-9d6595d7 wp-block-columns-is-layout-flex\">\n<div class=\"wp-block-column is-layout-flow wp-block-column-is-layout-flow\">\n<div class=\"wp-block-media-text\" style=\"grid-template-columns:35% auto\"><figure class=\"wp-block-media-text__media\"><img loading=\"lazy\" decoding=\"async\" width=\"128\" height=\"146\" src=\"http:\/\/www.ufpb.br\/efopli2\/wp-content\/uploads\/sites\/122\/sites\/206\/2024\/09\/image-71.jpeg\" alt=\"\" class=\"wp-image-493 size-full\" \/><\/figure><div class=\"wp-block-media-text__content\">\n<p class=\"has-small-font-size\"><strong>David Raphael<\/strong><\/p>\n\n\n\n<p class=\"has-small-font-size\">Letras &#8211; Ingl\u00eas (UFPB)<\/p>\n\n\n\n<p class=\"has-small-font-size\">Volunt\u00e1rio<\/p>\n\n\n\n<p class=\"has-small-font-size\">Lattes<\/p>\n<\/div><\/div>\n<\/div>\n\n\n\n<div class=\"wp-block-column is-layout-flow wp-block-column-is-layout-flow\">\n<div class=\"wp-block-media-text\" style=\"grid-template-columns:35% auto\"><figure class=\"wp-block-media-text__media\"><img loading=\"lazy\" decoding=\"async\" width=\"172\" height=\"230\" src=\"http:\/\/www.ufpb.br\/efopli2\/wp-content\/uploads\/sites\/122\/sites\/206\/2024\/09\/image-4.jpeg\" alt=\"joao victor.jpg\" class=\"wp-image-231 size-full\" \/><\/figure><div class=\"wp-block-media-text__content\">\n<p class=\"has-small-font-size\"><strong>Jo\u00e3o Victor<\/strong><\/p>\n\n\n\n<p class=\"has-small-font-size\">Letras &#8211; Ingl\u00eas (UFPB)<\/p>\n\n\n\n<p class=\"has-small-font-size\">Volunt\u00e1rio<\/p>\n\n\n\n<p class=\"has-small-font-size\">Lattes<\/p>\n<\/div><\/div>\n<\/div>\n<\/div>\n\n\n\n<div class=\"wp-block-columns is-layout-flex wp-container-core-columns-is-layout-9d6595d7 wp-block-columns-is-layout-flex\">\n<div class=\"wp-block-column is-layout-flow wp-block-column-is-layout-flow\">\n<div class=\"wp-block-media-text\" style=\"grid-template-columns:35% auto\"><figure class=\"wp-block-media-text__media\"><img loading=\"lazy\" decoding=\"async\" width=\"198\" height=\"230\" src=\"http:\/\/www.ufpb.br\/efopli2\/wp-content\/uploads\/sites\/122\/sites\/206\/2024\/09\/image-8.jpeg\" alt=\"john ryan.jpg\" class=\"wp-image-239 size-full\" \/><\/figure><div class=\"wp-block-media-text__content\">\n<p class=\"has-small-font-size\"><strong>John Ryan<\/strong><\/p>\n\n\n\n<p class=\"has-small-font-size\">Letras &#8211; Ingl\u00eas (UFPB)<\/p>\n\n\n\n<p class=\"has-small-font-size\">Volunt\u00e1rio<\/p>\n\n\n\n<p class=\"has-small-font-size\"><a href=\"http:\/\/lattes.cnpq.br\/6263740187287397\" target=\"_blank\" rel=\"noreferrer noopener\">Lattes<\/a><\/p>\n<\/div><\/div>\n<\/div>\n\n\n\n<div class=\"wp-block-column is-layout-flow wp-block-column-is-layout-flow\">\n<div class=\"wp-block-media-text\" style=\"grid-template-columns:35% auto\"><figure class=\"wp-block-media-text__media\"><img loading=\"lazy\" decoding=\"async\" width=\"120\" height=\"160\" src=\"http:\/\/www.ufpb.br\/efopli2\/wp-content\/uploads\/sites\/122\/sites\/206\/2024\/10\/avatar-no-photo.jpg\" alt=\"\" class=\"wp-image-868 size-full\" \/><\/figure><div class=\"wp-block-media-text__content\">\n<p class=\"has-small-font-size\"><strong>Igor Mateus<\/strong><\/p>\n\n\n\n<p class=\"has-small-font-size\">Letras &#8211; Ingl\u00eas (UFPB)<\/p>\n\n\n\n<p class=\"has-small-font-size\">Bolsista<\/p>\n\n\n\n<p class=\"has-small-font-size\">Lattes<\/p>\n<\/div><\/div>\n<\/div>\n<\/div>\n\n\n\n<div class=\"wp-block-columns is-layout-flex wp-container-core-columns-is-layout-9d6595d7 wp-block-columns-is-layout-flex\">\n<div class=\"wp-block-column is-layout-flow wp-block-column-is-layout-flow\">\n<div class=\"wp-block-media-text\" style=\"grid-template-columns:35% auto\"><figure class=\"wp-block-media-text__media\"><img loading=\"lazy\" decoding=\"async\" width=\"120\" height=\"160\" src=\"http:\/\/www.ufpb.br\/efopli2\/wp-content\/uploads\/sites\/122\/sites\/206\/2024\/10\/avatar-no-photo.jpg\" alt=\"\" class=\"wp-image-868 size-full\" \/><\/figure><div class=\"wp-block-media-text__content\">\n<p class=\"has-small-font-size\"><strong>Igor Matheus<\/strong><\/p>\n\n\n\n<p class=\"has-small-font-size\">Letras &#8211; Ingl\u00eas (UFPB)<\/p>\n\n\n\n<p class=\"has-small-font-size\">Bolsista<\/p>\n\n\n\n<p class=\"has-small-font-size\">Lattes<\/p>\n<\/div><\/div>\n<\/div>\n\n\n\n<div class=\"wp-block-column is-layout-flow wp-block-column-is-layout-flow\">\n<div class=\"wp-block-media-text\" style=\"grid-template-columns:35% auto\"><figure class=\"wp-block-media-text__media\"><img loading=\"lazy\" decoding=\"async\" width=\"120\" height=\"160\" src=\"http:\/\/www.ufpb.br\/efopli2\/wp-content\/uploads\/sites\/122\/sites\/206\/2024\/10\/avatar-no-photo.jpg\" alt=\"\" class=\"wp-image-868 size-full\" \/><\/figure><div class=\"wp-block-media-text__content\">\n<p class=\"has-small-font-size\"><strong>Sarah Cabral<\/strong><\/p>\n\n\n\n<p class=\"has-small-font-size\">Letras &#8211; Ingl\u00eas (UFPB)<\/p>\n\n\n\n<p class=\"has-small-font-size\">Volunt\u00e1ria<\/p>\n\n\n\n<p class=\"has-small-font-size\">Lattes<\/p>\n<\/div><\/div>\n<\/div>\n<\/div>\n\n\n\n<div class=\"wp-block-columns is-layout-flex wp-container-core-columns-is-layout-9d6595d7 wp-block-columns-is-layout-flex\">\n<div class=\"wp-block-column is-layout-flow wp-block-column-is-layout-flow\">\n<div class=\"wp-block-media-text\" style=\"grid-template-columns:35% auto\"><figure class=\"wp-block-media-text__media\"><img loading=\"lazy\" decoding=\"async\" width=\"120\" height=\"160\" src=\"http:\/\/www.ufpb.br\/efopli2\/wp-content\/uploads\/sites\/122\/sites\/206\/2024\/10\/avatar-no-photo.jpg\" alt=\"\" class=\"wp-image-868 size-full\" \/><\/figure><div class=\"wp-block-media-text__content\">\n<p class=\"has-small-font-size\"><strong>Saulo Henrique<\/strong><\/p>\n\n\n\n<p class=\"has-small-font-size\">Letras &#8211; Ingl\u00eas (UFPB)<\/p>\n\n\n\n<p class=\"has-small-font-size\">Volunt\u00e1rio<\/p>\n\n\n\n<p class=\"has-small-font-size\">Lattes<\/p>\n<\/div><\/div>\n<\/div>\n\n\n\n<div class=\"wp-block-column is-layout-flow wp-block-column-is-layout-flow\">\n<div class=\"wp-block-media-text\" style=\"grid-template-columns:35% auto\"><figure class=\"wp-block-media-text__media\"><img loading=\"lazy\" decoding=\"async\" width=\"120\" height=\"160\" src=\"http:\/\/www.ufpb.br\/efopli2\/wp-content\/uploads\/sites\/122\/sites\/206\/2024\/10\/avatar-no-photo.jpg\" alt=\"\" class=\"wp-image-868 size-full\" \/><\/figure><div class=\"wp-block-media-text__content\">\n<p class=\"has-small-font-size\"><strong>Nicolly Gouveia<\/strong><\/p>\n\n\n\n<p class=\"has-small-font-size\">Letras &#8211; Ingl\u00eas (UFPB)<\/p>\n\n\n\n<p class=\"has-small-font-size\">Volunt\u00e1ria<\/p>\n\n\n\n<p class=\"has-small-font-size\">Lattes<\/p>\n<\/div><\/div>\n<\/div>\n<\/div>\n\n\n\n<p><a href=\"https:\/\/www.ufpb.br\/efopli\/equipe\/equipe-2023-24\/\" data-type=\"page\" data-id=\"598\">Equipe 2023\/24<\/a><\/p>\n\n\n\n<p><a href=\"https:\/\/www.ufpb.br\/efopli\/equipe\/equipe-2022-23\/\" data-type=\"page\" data-id=\"602\">Equipe 2022\/23<\/a><\/p>\n\n\n\n<p><a href=\"https:\/\/www.ufpb.br\/efopli\/equipe\/equipe-2020\/\" data-type=\"page\" data-id=\"482\">Equipe 2020<\/a><\/p>\n\n\n\n<p><a href=\"https:\/\/www.ufpb.br\/efopli\/equipe\/equipe-2019\/\" data-type=\"page\" data-id=\"458\">Equipe 2019<\/a><\/p>\n\n\n\n<p><a href=\"https:\/\/www.ufpb.br\/efopli\/equipe\/equipe-2018\/\" data-type=\"page\" data-id=\"423\">Equipe 2018<\/a><\/p>\n\n\n\n<p><a href=\"https:\/\/www.ufpb.br\/efopli\/equipe\/equipe-2017\/\" data-type=\"page\" data-id=\"371\">Equipe 2017<\/a><\/p>\n\n\n\n<p><a href=\"https:\/\/www.ufpb.br\/efopli\/equipe\/equipe-2016\/\" data-type=\"page\" data-id=\"258\">Equipe 2016<\/a><\/p>\n\n\n\n<p><\/p>\n","protected":false},"excerpt":{"rendered":"<p>Edital PROEX n\u00ba 03\/2021 &#8211; Vig\u00eancia 03\/05\/2021 a 30\/04\/2022. Ana Carolina Bastos CCHLA &#8211; DMI Coordena\u00e7\u00e3o Geral EFOPLI Lattes Elizabeth Souto Maior CCHLA &#8211; DLEM Vice-coordena\u00e7\u00e3o Geral EFOPLI Literatura Aplicada Coordenadora \/ Adjunta Lattes Francieli&nbsp;Freudenberger CCHLA &#8211; DLEM Empoderamento Docente e (Inter)nacionaliza\u00e7\u00e3o Coordenadora Lattes Thiago Magno CCHLA &#8211; Dire\u00e7\u00e3o de Centro Saber Conectado Coordenador Lattes [&hellip;]<\/p>\n","protected":false},"author":145,"featured_media":0,"parent":29,"menu_order":0,"comment_status":"closed","ping_status":"closed","template":"","meta":{"footnotes":""},"class_list":["post-524","page","type-page","status-publish","hentry"],"_links":{"self":[{"href":"https:\/\/www.ufpb.br\/efopli\/wp-json\/wp\/v2\/pages\/524","targetHints":{"allow":["GET"]}}],"collection":[{"href":"https:\/\/www.ufpb.br\/efopli\/wp-json\/wp\/v2\/pages"}],"about":[{"href":"https:\/\/www.ufpb.br\/efopli\/wp-json\/wp\/v2\/types\/page"}],"author":[{"embeddable":true,"href":"https:\/\/www.ufpb.br\/efopli\/wp-json\/wp\/v2\/users\/145"}],"replies":[{"embeddable":true,"href":"https:\/\/www.ufpb.br\/efopli\/wp-json\/wp\/v2\/comments?post=524"}],"version-history":[{"count":36,"href":"https:\/\/www.ufpb.br\/efopli\/wp-json\/wp\/v2\/pages\/524\/revisions"}],"predecessor-version":[{"id":2372,"href":"https:\/\/www.ufpb.br\/efopli\/wp-json\/wp\/v2\/pages\/524\/revisions\/2372"}],"up":[{"embeddable":true,"href":"https:\/\/www.ufpb.br\/efopli\/wp-json\/wp\/v2\/pages\/29"}],"wp:attachment":[{"href":"https:\/\/www.ufpb.br\/efopli\/wp-json\/wp\/v2\/media?parent=524"}],"curies":[{"name":"wp","href":"https:\/\/api.w.org\/{rel}","templated":true}]}}