{"id":598,"date":"2024-09-26T20:24:09","date_gmt":"2024-09-26T20:24:09","guid":{"rendered":"https:\/\/www.ufpb.br\/efopli2\/?page_id=598"},"modified":"2025-09-11T15:49:42","modified_gmt":"2025-09-11T18:49:42","slug":"equipe-2023-24","status":"publish","type":"page","link":"https:\/\/www.ufpb.br\/efopli\/equipe\/equipe-2023-24\/","title":{"rendered":"Equipe 2023\/24"},"content":{"rendered":"\n<p class=\"has-small-font-size\">Edital PROEX n\u00ba 13\/2023 &#8211; Vig\u00eancia 01\/08\/2023 a 31\/07\/2024.<\/p>\n\n\n\n<div class=\"wp-block-columns is-layout-flex wp-container-core-columns-is-layout-9d6595d7 wp-block-columns-is-layout-flex\">\n<div class=\"wp-block-column is-layout-flow wp-block-column-is-layout-flow\">\n<div class=\"wp-block-media-text\" style=\"grid-template-columns:35% auto\"><figure class=\"wp-block-media-text__media\"><img loading=\"lazy\" decoding=\"async\" width=\"890\" height=\"1024\" src=\"http:\/\/www.ufpb.br\/efopli2\/wp-content\/uploads\/sites\/122\/sites\/206\/2024\/10\/Francieli-e1728598493811-890x1024.jpeg\" alt=\"\" class=\"wp-image-1217 size-full\" srcset=\"https:\/\/www.ufpb.br\/efopli\/wp-content\/uploads\/sites\/122\/sites\/206\/2024\/10\/Francieli-e1728598493811-890x1024.jpeg 890w, https:\/\/www.ufpb.br\/efopli\/wp-content\/uploads\/sites\/122\/sites\/206\/2024\/10\/Francieli-e1728598493811-261x300.jpeg 261w, https:\/\/www.ufpb.br\/efopli\/wp-content\/uploads\/sites\/122\/sites\/206\/2024\/10\/Francieli-e1728598493811-768x884.jpeg 768w, https:\/\/www.ufpb.br\/efopli\/wp-content\/uploads\/sites\/122\/sites\/206\/2024\/10\/Francieli-e1728598493811.jpeg 1200w\" sizes=\"auto, (max-width: 890px) 100vw, 890px\" \/><\/figure><div class=\"wp-block-media-text__content\">\n<p class=\"has-small-font-size\"><strong>Francieli Freudenberger<\/strong><\/p>\n\n\n\n<p class=\"has-small-font-size\">CCHLA &#8211; UFPB<\/p>\n\n\n\n<p class=\"has-small-font-size\">Coordenadora<\/p>\n\n\n\n<p class=\"has-small-font-size\"><a href=\"http:\/\/lattes.cnpq.br\/9434945702322738\">Lattes<\/a><\/p>\n<\/div><\/div>\n<\/div>\n\n\n\n<div class=\"wp-block-column is-layout-flow wp-block-column-is-layout-flow\">\n<div class=\"wp-block-media-text\" style=\"grid-template-columns:35% auto\"><figure class=\"wp-block-media-text__media\"><img loading=\"lazy\" decoding=\"async\" width=\"846\" height=\"1024\" src=\"http:\/\/www.ufpb.br\/efopli2\/wp-content\/uploads\/sites\/122\/sites\/206\/2024\/10\/Jailine-e1728598755749-846x1024.jpeg\" alt=\"\" class=\"wp-image-1216 size-full\" srcset=\"https:\/\/www.ufpb.br\/efopli\/wp-content\/uploads\/sites\/122\/sites\/206\/2024\/10\/Jailine-e1728598755749-846x1024.jpeg 846w, https:\/\/www.ufpb.br\/efopli\/wp-content\/uploads\/sites\/122\/sites\/206\/2024\/10\/Jailine-e1728598755749-248x300.jpeg 248w, https:\/\/www.ufpb.br\/efopli\/wp-content\/uploads\/sites\/122\/sites\/206\/2024\/10\/Jailine-e1728598755749-768x930.jpeg 768w, https:\/\/www.ufpb.br\/efopli\/wp-content\/uploads\/sites\/122\/sites\/206\/2024\/10\/Jailine-e1728598755749.jpeg 1117w\" sizes=\"auto, (max-width: 846px) 100vw, 846px\" \/><\/figure><div class=\"wp-block-media-text__content\">\n<p class=\"has-small-font-size\"><strong>Jailine Farias<\/strong><\/p>\n\n\n\n<p class=\"has-small-font-size\">CCHLA &#8211; UFPB<\/p>\n\n\n\n<p class=\"has-small-font-size\">Coordenadora Adjunta<\/p>\n\n\n\n<p class=\"has-small-font-size\"><a href=\"http:\/\/lattes.cnpq.br\/1435182906855508\">Lattes<\/a><\/p>\n<\/div><\/div>\n<\/div>\n<\/div>\n\n\n\n<div class=\"wp-block-columns is-layout-flex wp-container-core-columns-is-layout-9d6595d7 wp-block-columns-is-layout-flex\">\n<div class=\"wp-block-column is-layout-flow wp-block-column-is-layout-flow\">\n<div class=\"wp-block-media-text\" style=\"grid-template-columns:35% auto\"><figure class=\"wp-block-media-text__media\"><img loading=\"lazy\" decoding=\"async\" width=\"176\" height=\"235\" src=\"http:\/\/www.ufpb.br\/efopli2\/wp-content\/uploads\/sites\/122\/sites\/206\/2024\/09\/image-4.png\" alt=\"thiago.png\" class=\"wp-image-194 size-full\" \/><\/figure><div class=\"wp-block-media-text__content\">\n<p class=\"has-small-font-size\"><strong>Thiago Magno<\/strong><\/p>\n\n\n\n<p class=\"has-small-font-size\">CCHLA &#8211; Dire\u00e7\u00e3o de Centro<\/p>\n\n\n\n<p class=\"has-small-font-size\">Colaborador<\/p>\n\n\n\n<p class=\"has-small-font-size\"><a href=\"http:\/\/lattes.cnpq.br\/1530925533061249\">Lattes<\/a><\/p>\n<\/div><\/div>\n<\/div>\n\n\n\n<div class=\"wp-block-column is-layout-flow wp-block-column-is-layout-flow\">\n<div class=\"wp-block-media-text\" style=\"grid-template-columns:35% auto\"><figure class=\"wp-block-media-text__media\"><img loading=\"lazy\" decoding=\"async\" width=\"932\" height=\"1024\" src=\"http:\/\/www.ufpb.br\/efopli2\/wp-content\/uploads\/sites\/122\/sites\/206\/2024\/10\/Ana-Louize-e1728598332297-932x1024.jpeg\" alt=\"\" class=\"wp-image-1222 size-full\" srcset=\"https:\/\/www.ufpb.br\/efopli\/wp-content\/uploads\/sites\/122\/sites\/206\/2024\/10\/Ana-Louize-e1728598332297-932x1024.jpeg 932w, https:\/\/www.ufpb.br\/efopli\/wp-content\/uploads\/sites\/122\/sites\/206\/2024\/10\/Ana-Louize-e1728598332297-273x300.jpeg 273w, https:\/\/www.ufpb.br\/efopli\/wp-content\/uploads\/sites\/122\/sites\/206\/2024\/10\/Ana-Louize-e1728598332297-768x844.jpeg 768w, https:\/\/www.ufpb.br\/efopli\/wp-content\/uploads\/sites\/122\/sites\/206\/2024\/10\/Ana-Louize-e1728598332297.jpeg 1136w\" sizes=\"auto, (max-width: 932px) 100vw, 932px\" \/><\/figure><div class=\"wp-block-media-text__content\">\n<p class=\"has-small-font-size\"><strong>Ana Louize Duarte<\/strong><\/p>\n\n\n\n<p class=\"has-small-font-size\">Letras \u2013 Ingl\u00eas (UFPB)<\/p>\n\n\n\n<p class=\"has-small-font-size\">Bolsista<\/p>\n\n\n\n<p class=\"has-small-font-size\"><a href=\"http:\/\/lattes.cnpq.br\/6742818995938373\">Lattes<\/a><\/p>\n<\/div><\/div>\n<\/div>\n<\/div>\n\n\n\n<div class=\"wp-block-columns is-layout-flex wp-container-core-columns-is-layout-9d6595d7 wp-block-columns-is-layout-flex\">\n<div class=\"wp-block-column is-layout-flow wp-block-column-is-layout-flow\">\n<div class=\"wp-block-media-text\" style=\"grid-template-columns:35% auto\"><figure class=\"wp-block-media-text__media\"><img loading=\"lazy\" decoding=\"async\" width=\"120\" height=\"160\" src=\"http:\/\/www.ufpb.br\/efopli2\/wp-content\/uploads\/sites\/122\/sites\/206\/2024\/10\/avatar-no-photo.jpg\" alt=\"\" class=\"wp-image-868 size-full\" \/><\/figure><div class=\"wp-block-media-text__content\">\n<p class=\"has-small-font-size\"><strong>Elder Henrique Santana<\/strong><\/p>\n\n\n\n<p class=\"has-small-font-size\">Letras \u2013 Ingl\u00eas (UFPB)<\/p>\n\n\n\n<p class=\"has-small-font-size\">Volunt\u00e1rio<\/p>\n\n\n\n<p class=\"has-small-font-size\">Lattes<\/p>\n<\/div><\/div>\n<\/div>\n\n\n\n<div class=\"wp-block-column is-layout-flow wp-block-column-is-layout-flow\">\n<div class=\"wp-block-media-text\" style=\"grid-template-columns:35% auto\"><figure class=\"wp-block-media-text__media\"><img loading=\"lazy\" decoding=\"async\" width=\"860\" height=\"1024\" src=\"http:\/\/www.ufpb.br\/efopli2\/wp-content\/uploads\/sites\/122\/sites\/206\/2024\/10\/Cesar-e1728598689750-860x1024.jpeg\" alt=\"\" class=\"wp-image-1224 size-full\" srcset=\"https:\/\/www.ufpb.br\/efopli\/wp-content\/uploads\/sites\/122\/sites\/206\/2024\/10\/Cesar-e1728598689750-860x1024.jpeg 860w, https:\/\/www.ufpb.br\/efopli\/wp-content\/uploads\/sites\/122\/sites\/206\/2024\/10\/Cesar-e1728598689750-252x300.jpeg 252w, https:\/\/www.ufpb.br\/efopli\/wp-content\/uploads\/sites\/122\/sites\/206\/2024\/10\/Cesar-e1728598689750-768x915.jpeg 768w, https:\/\/www.ufpb.br\/efopli\/wp-content\/uploads\/sites\/122\/sites\/206\/2024\/10\/Cesar-e1728598689750.jpeg 1126w\" sizes=\"auto, (max-width: 860px) 100vw, 860px\" \/><\/figure><div class=\"wp-block-media-text__content\">\n<p class=\"has-small-font-size\"><strong>C\u00e9sar de Melo<\/strong><\/p>\n\n\n\n<p class=\"has-small-font-size\">Letras \u2013 Ingl\u00eas (UFPB)<\/p>\n\n\n\n<p class=\"has-small-font-size\">Volunt\u00e1rio<\/p>\n\n\n\n<p class=\"has-small-font-size\"><a href=\"http:\/\/lattes.cnpq.br\/4636875460289480\">Lattes<\/a><\/p>\n<\/div><\/div>\n<\/div>\n<\/div>\n\n\n\n<div class=\"wp-block-columns is-layout-flex wp-container-core-columns-is-layout-9d6595d7 wp-block-columns-is-layout-flex\">\n<div class=\"wp-block-column is-layout-flow wp-block-column-is-layout-flow\">\n<div class=\"wp-block-media-text\" style=\"grid-template-columns:35% auto\"><figure class=\"wp-block-media-text__media\"><img loading=\"lazy\" decoding=\"async\" width=\"855\" height=\"1024\" src=\"http:\/\/www.ufpb.br\/efopli2\/wp-content\/uploads\/sites\/122\/sites\/206\/2024\/10\/Marlon-e1728598655794-855x1024.jpeg\" alt=\"\" class=\"wp-image-1225 size-full\" srcset=\"https:\/\/www.ufpb.br\/efopli\/wp-content\/uploads\/sites\/122\/sites\/206\/2024\/10\/Marlon-e1728598655794-855x1024.jpeg 855w, https:\/\/www.ufpb.br\/efopli\/wp-content\/uploads\/sites\/122\/sites\/206\/2024\/10\/Marlon-e1728598655794-250x300.jpeg 250w, https:\/\/www.ufpb.br\/efopli\/wp-content\/uploads\/sites\/122\/sites\/206\/2024\/10\/Marlon-e1728598655794-768x920.jpeg 768w, https:\/\/www.ufpb.br\/efopli\/wp-content\/uploads\/sites\/122\/sites\/206\/2024\/10\/Marlon-e1728598655794.jpeg 1151w\" sizes=\"auto, (max-width: 855px) 100vw, 855px\" \/><\/figure><div class=\"wp-block-media-text__content\">\n<p class=\"has-small-font-size\"><strong>M\u00e1rlon Mendes<\/strong><\/p>\n\n\n\n<p class=\"has-small-font-size\">Letras \u2013 Ingl\u00eas (UFPB)<\/p>\n\n\n\n<p class=\"has-small-font-size\">Volunt\u00e1rio<\/p>\n\n\n\n<p class=\"has-small-font-size\"><a href=\"http:\/\/lattes.cnpq.br\/5332663421779507\">Lattes<\/a><\/p>\n<\/div><\/div>\n<\/div>\n\n\n\n<div class=\"wp-block-column is-layout-flow wp-block-column-is-layout-flow\">\n<div class=\"wp-block-media-text\" style=\"grid-template-columns:35% auto\"><figure class=\"wp-block-media-text__media\"><img loading=\"lazy\" decoding=\"async\" width=\"120\" height=\"160\" src=\"http:\/\/www.ufpb.br\/efopli2\/wp-content\/uploads\/sites\/122\/sites\/206\/2024\/10\/avatar-no-photo.jpg\" alt=\"\" class=\"wp-image-868 size-full\" \/><\/figure><div class=\"wp-block-media-text__content\">\n<p class=\"has-small-font-size\"><strong>Winny Ribeiro da Silva<\/strong><\/p>\n\n\n\n<p class=\"has-small-font-size\">Letras \u2013 Ingl\u00eas (UFPB)<\/p>\n\n\n\n<p class=\"has-small-font-size\">Volunt\u00e1rio<\/p>\n\n\n\n<p class=\"has-small-font-size\">Lattes<\/p>\n<\/div><\/div>\n<\/div>\n<\/div>\n\n\n\n<p><a href=\"https:\/\/www.ufpb.br\/efopli\/equipe\/equipe-2022-23\/\" data-type=\"page\" data-id=\"602\">Equipe 2022\/23<\/a><\/p>\n\n\n\n<p><strong><a href=\"https:\/\/www.ufpb.br\/efopli\/equipe\/equipe-2021-22\/\" data-type=\"page\" data-id=\"524\">Equipe 2021\/22<\/a><\/strong><\/p>\n\n\n\n<p><a href=\"https:\/\/www.ufpb.br\/efopli\/equipe\/equipe-2020\/\" data-type=\"page\" data-id=\"482\">Equipe 2020<\/a><\/p>\n\n\n\n<p><a href=\"https:\/\/www.ufpb.br\/efopli\/equipe\/equipe-2019\/\" data-type=\"page\" data-id=\"458\">Equipe 2019<\/a><\/p>\n\n\n\n<p><a href=\"https:\/\/www.ufpb.br\/efopli\/equipe\/equipe-2018\/\" data-type=\"page\" data-id=\"423\">Equipe 2018<\/a><\/p>\n\n\n\n<p><a href=\"https:\/\/www.ufpb.br\/efopli\/equipe\/equipe-2017\/\" data-type=\"page\" data-id=\"371\">Equipe 2017<\/a><\/p>\n\n\n\n<p><a href=\"https:\/\/www.ufpb.br\/efopli\/equipe\/equipe-2016\/\" data-type=\"page\" data-id=\"258\">Equipe 2016<\/a><\/p>\n\n\n\n<p><\/p>\n","protected":false},"excerpt":{"rendered":"<p>Edital PROEX n\u00ba 13\/2023 &#8211; Vig\u00eancia 01\/08\/2023 a 31\/07\/2024. Francieli Freudenberger CCHLA &#8211; UFPB Coordenadora Lattes Jailine Farias CCHLA &#8211; UFPB Coordenadora Adjunta Lattes Thiago Magno CCHLA &#8211; Dire\u00e7\u00e3o de Centro Colaborador Lattes Ana Louize Duarte Letras \u2013 Ingl\u00eas (UFPB) Bolsista Lattes Elder Henrique Santana Letras \u2013 Ingl\u00eas (UFPB) Volunt\u00e1rio Lattes C\u00e9sar de Melo Letras [&hellip;]<\/p>\n","protected":false},"author":144,"featured_media":0,"parent":29,"menu_order":0,"comment_status":"closed","ping_status":"closed","template":"","meta":{"footnotes":""},"class_list":["post-598","page","type-page","status-publish","hentry"],"_links":{"self":[{"href":"https:\/\/www.ufpb.br\/efopli\/wp-json\/wp\/v2\/pages\/598","targetHints":{"allow":["GET"]}}],"collection":[{"href":"https:\/\/www.ufpb.br\/efopli\/wp-json\/wp\/v2\/pages"}],"about":[{"href":"https:\/\/www.ufpb.br\/efopli\/wp-json\/wp\/v2\/types\/page"}],"author":[{"embeddable":true,"href":"https:\/\/www.ufpb.br\/efopli\/wp-json\/wp\/v2\/users\/144"}],"replies":[{"embeddable":true,"href":"https:\/\/www.ufpb.br\/efopli\/wp-json\/wp\/v2\/comments?post=598"}],"version-history":[{"count":21,"href":"https:\/\/www.ufpb.br\/efopli\/wp-json\/wp\/v2\/pages\/598\/revisions"}],"predecessor-version":[{"id":2851,"href":"https:\/\/www.ufpb.br\/efopli\/wp-json\/wp\/v2\/pages\/598\/revisions\/2851"}],"up":[{"embeddable":true,"href":"https:\/\/www.ufpb.br\/efopli\/wp-json\/wp\/v2\/pages\/29"}],"wp:attachment":[{"href":"https:\/\/www.ufpb.br\/efopli\/wp-json\/wp\/v2\/media?parent=598"}],"curies":[{"name":"wp","href":"https:\/\/api.w.org\/{rel}","templated":true}]}}