{"id":602,"date":"2024-09-26T20:27:14","date_gmt":"2024-09-26T20:27:14","guid":{"rendered":"https:\/\/www.ufpb.br\/efopli2\/?page_id=602"},"modified":"2024-11-28T12:00:09","modified_gmt":"2024-11-28T15:00:09","slug":"equipe-2022-23","status":"publish","type":"page","link":"https:\/\/www.ufpb.br\/efopli\/equipe\/equipe-2022-23\/","title":{"rendered":"Equipe 2022\/23"},"content":{"rendered":"\n<p class=\"has-small-font-size\">Edital PROEX n\u00ba 06\/2022 &#8211; Vig\u00eancia 01\/08\/2022 a 31\/07\/2023.<\/p>\n\n\n\n<p class=\"has-small-font-size\">Projeto Letramentos digitais na sala de aula: Espa\u00e7os para a Forma\u00e7\u00e3o do Professor de L\u00edngua Inglesa <\/p>\n\n\n\n<div class=\"wp-block-columns is-layout-flex wp-container-core-columns-is-layout-9d6595d7 wp-block-columns-is-layout-flex\">\n<div class=\"wp-block-column is-layout-flow wp-block-column-is-layout-flow\">\n<div class=\"wp-block-media-text is-vertically-aligned-top\" style=\"grid-template-columns:35% auto\"><figure class=\"wp-block-media-text__media\"><img loading=\"lazy\" decoding=\"async\" width=\"178\" height=\"230\" src=\"http:\/\/www.ufpb.br\/efopli2\/wp-content\/uploads\/sites\/122\/sites\/206\/2024\/11\/Francieli-2018.jpeg\" alt=\"\" class=\"wp-image-2043 size-full\" \/><\/figure><div class=\"wp-block-media-text__content\">\n<p class=\"has-small-font-size\"><strong>Francieli&nbsp;Freudenberger<\/strong><\/p>\n\n\n\n<p class=\"has-small-font-size\">CCHLA &#8211; DLEM<\/p>\n\n\n\n<p class=\"has-small-font-size\">Coordenadora<\/p>\n\n\n\n<p class=\"has-small-font-size\"><strong><a href=\"http:\/\/lattes.cnpq.br\/9434945702322738\" target=\"_blank\" rel=\"noreferrer noopener\">Lattes<\/a><\/strong><\/p>\n<\/div><\/div>\n<\/div>\n\n\n\n<div class=\"wp-block-column is-layout-flow wp-block-column-is-layout-flow\">\n<div class=\"wp-block-media-text is-vertically-aligned-top\" style=\"grid-template-columns:35% auto\"><figure class=\"wp-block-media-text__media\"><img loading=\"lazy\" decoding=\"async\" width=\"176\" height=\"235\" src=\"http:\/\/www.ufpb.br\/efopli2\/wp-content\/uploads\/sites\/122\/sites\/206\/2024\/09\/image-4.png\" alt=\"thiago.png\" class=\"wp-image-194 size-full\" \/><\/figure><div class=\"wp-block-media-text__content\">\n<p class=\"has-small-font-size\"><strong>Thiago Magno<\/strong><\/p>\n\n\n\n<p class=\"has-small-font-size\">CCHLA &#8211; Dire\u00e7\u00e3o de Centro<\/p>\n\n\n\n<p class=\"has-small-font-size\">Colaborador<\/p>\n\n\n\n<p class=\"has-small-font-size\"><strong><a href=\"http:\/\/lattes.cnpq.br\/1530925533061249\" target=\"_blank\" rel=\"noreferrer noopener\">Lattes<\/a><\/strong><\/p>\n<\/div><\/div>\n<\/div>\n<\/div>\n\n\n\n<div class=\"wp-block-columns is-layout-flex wp-container-core-columns-is-layout-9d6595d7 wp-block-columns-is-layout-flex\">\n<div class=\"wp-block-column is-layout-flow wp-block-column-is-layout-flow\">\n<div class=\"wp-block-media-text\" style=\"grid-template-columns:35% auto\"><figure class=\"wp-block-media-text__media\"><img loading=\"lazy\" decoding=\"async\" width=\"846\" height=\"1024\" src=\"http:\/\/www.ufpb.br\/efopli2\/wp-content\/uploads\/sites\/122\/sites\/206\/2024\/10\/Jailine-e1728598755749-846x1024.jpeg\" alt=\"\" class=\"wp-image-1216 size-full\" srcset=\"https:\/\/www.ufpb.br\/efopli\/wp-content\/uploads\/sites\/122\/sites\/206\/2024\/10\/Jailine-e1728598755749-846x1024.jpeg 846w, https:\/\/www.ufpb.br\/efopli\/wp-content\/uploads\/sites\/122\/sites\/206\/2024\/10\/Jailine-e1728598755749-248x300.jpeg 248w, https:\/\/www.ufpb.br\/efopli\/wp-content\/uploads\/sites\/122\/sites\/206\/2024\/10\/Jailine-e1728598755749-768x930.jpeg 768w, https:\/\/www.ufpb.br\/efopli\/wp-content\/uploads\/sites\/122\/sites\/206\/2024\/10\/Jailine-e1728598755749.jpeg 1117w\" sizes=\"auto, (max-width: 846px) 100vw, 846px\" \/><\/figure><div class=\"wp-block-media-text__content\">\n<p class=\"has-small-font-size\"><strong>Jailine Mayara<\/strong><\/p>\n\n\n\n<p class=\"has-small-font-size\">CCHLA &#8211; DLEM<\/p>\n\n\n\n<p class=\"has-small-font-size\">Coordenadora Adjunta<\/p>\n\n\n\n<p class=\"has-small-font-size\"><a href=\"http:\/\/lattes.cnpq.br\/1435182906855508\">Lattes<\/a><\/p>\n<\/div><\/div>\n<\/div>\n\n\n\n<div class=\"wp-block-column is-layout-flow wp-block-column-is-layout-flow\">\n<div class=\"wp-block-media-text\" style=\"grid-template-columns:35% auto\"><figure class=\"wp-block-media-text__media\"><img loading=\"lazy\" decoding=\"async\" width=\"932\" height=\"1024\" src=\"http:\/\/www.ufpb.br\/efopli2\/wp-content\/uploads\/sites\/122\/sites\/206\/2024\/10\/Ana-Louize-e1728598332297-932x1024.jpeg\" alt=\"\" class=\"wp-image-1222 size-full\" srcset=\"https:\/\/www.ufpb.br\/efopli\/wp-content\/uploads\/sites\/122\/sites\/206\/2024\/10\/Ana-Louize-e1728598332297-932x1024.jpeg 932w, https:\/\/www.ufpb.br\/efopli\/wp-content\/uploads\/sites\/122\/sites\/206\/2024\/10\/Ana-Louize-e1728598332297-273x300.jpeg 273w, https:\/\/www.ufpb.br\/efopli\/wp-content\/uploads\/sites\/122\/sites\/206\/2024\/10\/Ana-Louize-e1728598332297-768x844.jpeg 768w, https:\/\/www.ufpb.br\/efopli\/wp-content\/uploads\/sites\/122\/sites\/206\/2024\/10\/Ana-Louize-e1728598332297.jpeg 1136w\" sizes=\"auto, (max-width: 932px) 100vw, 932px\" \/><\/figure><div class=\"wp-block-media-text__content\">\n<p class=\"has-small-font-size\"><strong>Ana Louize Moura<\/strong><\/p>\n\n\n\n<p class=\"has-small-font-size\">Letras Ingl\u00eas &#8211; UFPB<\/p>\n\n\n\n<p class=\"has-small-font-size\">Bolsista<\/p>\n\n\n\n<p class=\"has-small-font-size\"><a href=\"http:\/\/lattes.cnpq.br\/6742818995938373\">Lattes<\/a><\/p>\n<\/div><\/div>\n<\/div>\n<\/div>\n\n\n\n<div class=\"wp-block-columns is-layout-flex wp-container-core-columns-is-layout-9d6595d7 wp-block-columns-is-layout-flex\">\n<div class=\"wp-block-column is-layout-flow wp-block-column-is-layout-flow\">\n<div class=\"wp-block-media-text\" style=\"grid-template-columns:35% auto\"><figure class=\"wp-block-media-text__media\"><img loading=\"lazy\" decoding=\"async\" width=\"120\" height=\"160\" src=\"http:\/\/www.ufpb.br\/efopli2\/wp-content\/uploads\/sites\/122\/sites\/206\/2024\/10\/avatar-no-photo.jpg\" alt=\"\" class=\"wp-image-868 size-full\" \/><\/figure><div class=\"wp-block-media-text__content\">\n<p class=\"has-small-font-size\"><strong>Ana Beatriz de Souza<\/strong><\/p>\n\n\n\n<p class=\"has-small-font-size\">Letras Ingl\u00eas &#8211; UFPB<\/p>\n\n\n\n<p class=\"has-small-font-size\">Volunt\u00e1ria<\/p>\n\n\n\n<p class=\"has-small-font-size\">Lattes<\/p>\n<\/div><\/div>\n<\/div>\n\n\n\n<div class=\"wp-block-column is-layout-flow wp-block-column-is-layout-flow\"><\/div>\n<\/div>\n\n\n\n<p><a href=\"https:\/\/www.ufpb.br\/efopli\/equipe\/equipe-2023-24\/\" data-type=\"page\" data-id=\"598\">Equipe 2023\/24<\/a><\/p>\n\n\n\n<p><strong><a href=\"https:\/\/www.ufpb.br\/efopli\/equipe\/equipe-2021-22\/\" data-type=\"page\" data-id=\"524\">Equipe 2021\/22<\/a><\/strong><\/p>\n\n\n\n<p><a href=\"https:\/\/www.ufpb.br\/efopli\/equipe\/equipe-2020\/\" data-type=\"page\" data-id=\"482\">Equipe 2020<\/a><\/p>\n\n\n\n<p><a href=\"https:\/\/www.ufpb.br\/efopli\/equipe\/equipe-2019\/\" data-type=\"page\" data-id=\"458\">Equipe 2019<\/a><\/p>\n\n\n\n<p><a href=\"https:\/\/www.ufpb.br\/efopli\/equipe\/equipe-2018\/\" data-type=\"page\" data-id=\"423\">Equipe 2018<\/a><\/p>\n\n\n\n<p><a href=\"https:\/\/www.ufpb.br\/efopli\/equipe\/equipe-2017\/\" data-type=\"page\" data-id=\"371\">Equipe 2017<\/a><\/p>\n\n\n\n<p><a href=\"https:\/\/www.ufpb.br\/efopli\/equipe\/equipe-2016\/\" data-type=\"page\" data-id=\"258\">Equipe 2016<\/a><\/p>\n\n\n\n<p><\/p>\n","protected":false},"excerpt":{"rendered":"<p>Edital PROEX n\u00ba 06\/2022 &#8211; Vig\u00eancia 01\/08\/2022 a 31\/07\/2023. Projeto Letramentos digitais na sala de aula: Espa\u00e7os para a Forma\u00e7\u00e3o do Professor de L\u00edngua Inglesa Francieli&nbsp;Freudenberger CCHLA &#8211; DLEM Coordenadora Lattes Thiago Magno CCHLA &#8211; Dire\u00e7\u00e3o de Centro Colaborador Lattes Jailine Mayara CCHLA &#8211; DLEM Coordenadora Adjunta Lattes Ana Louize Moura Letras Ingl\u00eas &#8211; UFPB [&hellip;]<\/p>\n","protected":false},"author":144,"featured_media":0,"parent":29,"menu_order":0,"comment_status":"closed","ping_status":"closed","template":"","meta":{"footnotes":""},"class_list":["post-602","page","type-page","status-publish","hentry"],"_links":{"self":[{"href":"https:\/\/www.ufpb.br\/efopli\/wp-json\/wp\/v2\/pages\/602","targetHints":{"allow":["GET"]}}],"collection":[{"href":"https:\/\/www.ufpb.br\/efopli\/wp-json\/wp\/v2\/pages"}],"about":[{"href":"https:\/\/www.ufpb.br\/efopli\/wp-json\/wp\/v2\/types\/page"}],"author":[{"embeddable":true,"href":"https:\/\/www.ufpb.br\/efopli\/wp-json\/wp\/v2\/users\/144"}],"replies":[{"embeddable":true,"href":"https:\/\/www.ufpb.br\/efopli\/wp-json\/wp\/v2\/comments?post=602"}],"version-history":[{"count":18,"href":"https:\/\/www.ufpb.br\/efopli\/wp-json\/wp\/v2\/pages\/602\/revisions"}],"predecessor-version":[{"id":2326,"href":"https:\/\/www.ufpb.br\/efopli\/wp-json\/wp\/v2\/pages\/602\/revisions\/2326"}],"up":[{"embeddable":true,"href":"https:\/\/www.ufpb.br\/efopli\/wp-json\/wp\/v2\/pages\/29"}],"wp:attachment":[{"href":"https:\/\/www.ufpb.br\/efopli\/wp-json\/wp\/v2\/media?parent=602"}],"curies":[{"name":"wp","href":"https:\/\/api.w.org\/{rel}","templated":true}]}}