{"id":630,"date":"2024-09-30T13:24:16","date_gmt":"2024-09-30T13:24:16","guid":{"rendered":"https:\/\/www.ufpb.br\/efopli2\/?page_id=630"},"modified":"2026-03-21T18:59:41","modified_gmt":"2026-03-21T21:59:41","slug":"acoes-2023","status":"publish","type":"page","link":"https:\/\/www.ufpb.br\/efopli\/acoes\/acoes-2023\/","title":{"rendered":"A\u00e7\u00f5es 2023"},"content":{"rendered":"\n<p>Abaixo, est\u00e3o listadas as a\u00e7\u00f5es realizadas durante o ano de 2023. <\/p>\n\n\n\n<p><\/p>\n\n\n<div class=\"wp-block-image\">\n<figure class=\"aligncenter\"><img loading=\"lazy\" decoding=\"async\" width=\"350\" height=\"183\" src=\"http:\/\/www.ufpb.br\/efopli2\/wp-content\/uploads\/sites\/122\/sites\/206\/2024\/09\/Leveraging-digital-technologies.png\" alt=\"\" class=\"wp-image-631\" srcset=\"https:\/\/www.ufpb.br\/efopli\/wp-content\/uploads\/sites\/122\/sites\/206\/2024\/09\/Leveraging-digital-technologies.png 350w, https:\/\/www.ufpb.br\/efopli\/wp-content\/uploads\/sites\/122\/sites\/206\/2024\/09\/Leveraging-digital-technologies-300x157.png 300w\" sizes=\"auto, (max-width: 350px) 100vw, 350px\" \/><\/figure>\n<\/div>\n\n\n<p class=\"has-text-align-center\">O <em>workshop Leveraging Digital Technologies in English Classes from a BNCC Perspective<\/em>, realizado em 23 de mar\u00e7o \u00e0s 19h, abordou como as tecnologias digitais podem ser utilizadas de forma estrat\u00e9gica no ensino de Ingl\u00eas, alinhado com as diretrizes da Base Nacional Comum Curricular (BNCC). <\/p>\n\n\n\n<p><\/p>\n\n\n<div class=\"wp-block-image\">\n<figure class=\"aligncenter\"><img loading=\"lazy\" decoding=\"async\" width=\"350\" height=\"183\" src=\"http:\/\/www.ufpb.br\/efopli2\/wp-content\/uploads\/sites\/122\/sites\/206\/2024\/09\/Multiletramentos-como-um-repertorio-de-praticas.png\" alt=\"\" class=\"wp-image-632\" srcset=\"https:\/\/www.ufpb.br\/efopli\/wp-content\/uploads\/sites\/122\/sites\/206\/2024\/09\/Multiletramentos-como-um-repertorio-de-praticas.png 350w, https:\/\/www.ufpb.br\/efopli\/wp-content\/uploads\/sites\/122\/sites\/206\/2024\/09\/Multiletramentos-como-um-repertorio-de-praticas-300x157.png 300w\" sizes=\"auto, (max-width: 350px) 100vw, 350px\" \/><\/figure>\n<\/div>\n\n\n<p class=\"has-text-align-center\"><em>Workshop <\/em>&#8216;Multiletramentos como um repert\u00f3rio de pr\u00e1ticas&#8217; com Alessandra Coutinho Fernandes (UFPR), em 14 de abril de 2023.<\/p>\n\n\n<div class=\"wp-block-image\">\n<figure class=\"aligncenter size-large is-resized\"><img loading=\"lazy\" decoding=\"async\" width=\"1024\" height=\"575\" src=\"http:\/\/www.ufpb.br\/efopli2\/wp-content\/uploads\/sites\/122\/sites\/206\/2024\/11\/carla-richter-1024x575.jpg\" alt=\"\" class=\"wp-image-2186\" style=\"width:342px;height:auto\" srcset=\"https:\/\/www.ufpb.br\/efopli\/wp-content\/uploads\/sites\/122\/sites\/206\/2024\/11\/carla-richter-1024x575.jpg 1024w, https:\/\/www.ufpb.br\/efopli\/wp-content\/uploads\/sites\/122\/sites\/206\/2024\/11\/carla-richter-300x168.jpg 300w, https:\/\/www.ufpb.br\/efopli\/wp-content\/uploads\/sites\/122\/sites\/206\/2024\/11\/carla-richter-768x431.jpg 768w, https:\/\/www.ufpb.br\/efopli\/wp-content\/uploads\/sites\/122\/sites\/206\/2024\/11\/carla-richter.jpg 1080w\" sizes=\"auto, (max-width: 1024px) 100vw, 1024px\" \/><\/figure>\n<\/div>\n\n\n<p class=\"has-text-align-center\">Workshop Multiliteracies and critical interculturality in an ELT Brazilian Textbook, com Carla Richter (UFPE\/UBC), em 14 de julho 2023.<\/p>\n\n\n<div class=\"wp-block-image\">\n<figure class=\"aligncenter size-large is-resized\"><img loading=\"lazy\" decoding=\"async\" width=\"1024\" height=\"503\" src=\"https:\/\/www.ufpb.br\/efopli2\/wp-content\/uploads\/sites\/122\/sites\/206\/2024\/11\/turn-on-the-game-2-1024x503.jpg\" alt=\"\" class=\"wp-image-2218\" style=\"width:348px;height:auto\" srcset=\"https:\/\/www.ufpb.br\/efopli\/wp-content\/uploads\/sites\/122\/sites\/206\/2024\/11\/turn-on-the-game-2-1024x503.jpg 1024w, https:\/\/www.ufpb.br\/efopli\/wp-content\/uploads\/sites\/122\/sites\/206\/2024\/11\/turn-on-the-game-2-300x147.jpg 300w, https:\/\/www.ufpb.br\/efopli\/wp-content\/uploads\/sites\/122\/sites\/206\/2024\/11\/turn-on-the-game-2-768x377.jpg 768w, https:\/\/www.ufpb.br\/efopli\/wp-content\/uploads\/sites\/122\/sites\/206\/2024\/11\/turn-on-the-game-2.jpg 1080w\" sizes=\"auto, (max-width: 1024px) 100vw, 1024px\" \/><\/figure>\n<\/div>\n\n\n<p class=\"has-text-align-center\"><em>Workshop <\/em>&#8216;<em>Turn on the game<\/em>: Multiletramentos e a Educa\u00e7\u00e3o Lingu\u00edstica nas inf\u00e2ncias&#8221; com equipe da Universidade Estadual de Goi\u00e1s (UEG) formada pela professora Giuliana Brossi, Kebvin Wilis e Michely Gomes, ocorrido em 06 de outubro de 2023.<\/p>\n\n\n<div class=\"wp-block-image\">\n<figure class=\"aligncenter\"><img loading=\"lazy\" decoding=\"async\" width=\"350\" height=\"183\" src=\"http:\/\/www.ufpb.br\/efopli2\/wp-content\/uploads\/sites\/122\/sites\/206\/2024\/09\/EPPI-2023.png\" alt=\"\" class=\"wp-image-633\" srcset=\"https:\/\/www.ufpb.br\/efopli\/wp-content\/uploads\/sites\/122\/sites\/206\/2024\/09\/EPPI-2023.png 350w, https:\/\/www.ufpb.br\/efopli\/wp-content\/uploads\/sites\/122\/sites\/206\/2024\/09\/EPPI-2023-300x157.png 300w\" sizes=\"auto, (max-width: 350px) 100vw, 350px\" \/><\/figure>\n<\/div>\n\n\n<p class=\"has-text-align-center\">Oitava edi\u00e7\u00e3o do Encontro Paraibano de Professores de Ingl\u00eas.<\/p>\n\n\n\n<p><\/p>\n\n\n\n<p><\/p>\n","protected":false},"excerpt":{"rendered":"<p>Abaixo, est\u00e3o listadas as a\u00e7\u00f5es realizadas durante o ano de 2023. O workshop Leveraging Digital Technologies in English Classes from a BNCC Perspective, realizado em 23 de mar\u00e7o \u00e0s 19h, abordou como as tecnologias digitais podem ser utilizadas de forma estrat\u00e9gica no ensino de Ingl\u00eas, alinhado com as diretrizes da Base Nacional Comum Curricular (BNCC). [&hellip;]<\/p>\n","protected":false},"author":146,"featured_media":0,"parent":80,"menu_order":0,"comment_status":"closed","ping_status":"closed","template":"","meta":{"footnotes":""},"class_list":["post-630","page","type-page","status-publish","hentry"],"_links":{"self":[{"href":"https:\/\/www.ufpb.br\/efopli\/wp-json\/wp\/v2\/pages\/630","targetHints":{"allow":["GET"]}}],"collection":[{"href":"https:\/\/www.ufpb.br\/efopli\/wp-json\/wp\/v2\/pages"}],"about":[{"href":"https:\/\/www.ufpb.br\/efopli\/wp-json\/wp\/v2\/types\/page"}],"author":[{"embeddable":true,"href":"https:\/\/www.ufpb.br\/efopli\/wp-json\/wp\/v2\/users\/146"}],"replies":[{"embeddable":true,"href":"https:\/\/www.ufpb.br\/efopli\/wp-json\/wp\/v2\/comments?post=630"}],"version-history":[{"count":17,"href":"https:\/\/www.ufpb.br\/efopli\/wp-json\/wp\/v2\/pages\/630\/revisions"}],"predecessor-version":[{"id":3367,"href":"https:\/\/www.ufpb.br\/efopli\/wp-json\/wp\/v2\/pages\/630\/revisions\/3367"}],"up":[{"embeddable":true,"href":"https:\/\/www.ufpb.br\/efopli\/wp-json\/wp\/v2\/pages\/80"}],"wp:attachment":[{"href":"https:\/\/www.ufpb.br\/efopli\/wp-json\/wp\/v2\/media?parent=630"}],"curies":[{"name":"wp","href":"https:\/\/api.w.org\/{rel}","templated":true}]}}