{"id":697,"date":"2024-09-30T17:28:14","date_gmt":"2024-09-30T17:28:14","guid":{"rendered":"https:\/\/www.ufpb.br\/efopli2\/?page_id=697"},"modified":"2025-08-31T16:03:42","modified_gmt":"2025-08-31T19:03:42","slug":"9th-eppi","status":"publish","type":"page","link":"https:\/\/www.ufpb.br\/efopli\/9th-eppi\/","title":{"rendered":"9th EPPI"},"content":{"rendered":"\n<p>A 9\u00aa edi\u00e7\u00e3o do EPPI &#8211; Encontro Paraibano de Professores de Ingl\u00eas foi realizada nos dias 16 e 17 de Agosto de 2024 no Campus I &#8211; Jo\u00e3o Pessoa da UFPB. O encontro foi realizado em parceria com o InELC (Instituto de Estudos Lingu\u00edsticos e Culturais) e a ACI (Ag\u00eancia UFPB de Coopera\u00e7\u00e3o Internacional), e vinculado \u00e0 4\u00aa Confer\u00eancia de Professores de Ingl\u00eas do Munic\u00edpio de Jo\u00e3o Pessoa, realizada em parceria com a Secretaria de Educa\u00e7\u00e3o e Cultura do Munic\u00edpio de Jo\u00e3o Pessoa. Foram tamb\u00e9m apoiadores desta edi\u00e7\u00e3o a Rede Andifes \u2013 Idiomas sem Fronteiras, a Secretaria de Estado da Educa\u00e7\u00e3o e o Programa de Inclus\u00e3o atrav\u00e9s da M\u00fasica e das Artes (PRIMA) do Governo do Estado da Para\u00edba.<\/p>\n\n\n\n<p>Assim como nos anos anteriores, o 9th EPPI teve como objetivo estreitar os la\u00e7os entre os professores de Ingl\u00eas da rede p\u00fablica de ensino da Para\u00edba, criando espa\u00e7os qualificados de interlocu\u00e7\u00e3o entre os docentes, oportunizando o protagonismo destes profissionais na constru\u00e7\u00e3o de seu desenvolvimento na \u00e1rea de trabalho e buscando alternativas vi\u00e1veis e significativas de educa\u00e7\u00e3o lingu\u00edstica, na L\u00edngua Inglesa, junto a discentes da rede b\u00e1sica de educa\u00e7\u00e3o do estado.<\/p>\n\n\n\n<figure class=\"wp-block-image\"><img loading=\"lazy\" decoding=\"async\" width=\"768\" height=\"301\" src=\"http:\/\/www.ufpb.br\/efopli2\/wp-content\/uploads\/sites\/122\/sites\/206\/2024\/09\/9th-EPPI-Mesa-Redonda.png\" alt=\"\" class=\"wp-image-636\" srcset=\"https:\/\/www.ufpb.br\/efopli\/wp-content\/uploads\/sites\/122\/sites\/206\/2024\/09\/9th-EPPI-Mesa-Redonda.png 768w, https:\/\/www.ufpb.br\/efopli\/wp-content\/uploads\/sites\/122\/sites\/206\/2024\/09\/9th-EPPI-Mesa-Redonda-300x118.png 300w\" sizes=\"auto, (max-width: 768px) 100vw, 768px\" \/><\/figure>\n\n\n\n<p>A plen\u00e1ria de abertura aconteceu no dia 16 de agosto, a partir das 19h, e foi conduzida pela Prof. Dra. Elaine Maria Santos (UFS), que discutiu a rela\u00e7\u00e3o entre internacionaliza\u00e7\u00e3o e educa\u00e7\u00e3o b\u00e1sica. No segundo dia, a Mesa Redonda, prop\u00f4s um debate de experi\u00eancias a partir de diferentes contextos educacionais com as diversidades, contando com a participa\u00e7\u00e3o das professoras Maria Ellem Maciel (PMJP \/ UCoimbra), Beatriz Albuquerque (IFPB \/ UFPB) e Daniela N\u00f3brega (UEPB). <\/p>\n\n\n\n<p>A nona edi\u00e7\u00e3o do evento lan\u00e7ou o formato <em>Teachers&#8217; Room<\/em>, com seis salas tem\u00e1ticas cujos t\u00f3picos e respectivos facilitadores foram: (1) <em>Music &amp; Cinema<\/em> (Danielle Almeida e Renata Gon\u00e7alves Gomes); (2) <em>Inclusive Education<\/em> (Rosycl\u00e9a Dantas); (3) <em>Teaching Young Learners<\/em> (Barbara Cabral Ferreira); (4) <em>Culture <\/em>(Fl\u00e1via Santos de Ara\u00fajo); (5) <em>Diversities<\/em> (F\u00e1bio Alexandre Silva Bezerra) e (6) <em>PDPI Teacher Training Program<\/em> (Adalberto Modeira de Medeiros J\u00fanior , Ana T\u00e1lia Ramos e Eveline Alvarez dos Santos).<\/p>\n\n\n\n<p class=\"has-text-align-left\">A programa\u00e7\u00e3o da tarde contou com seis workshops: (1) <em>TechSpark: Transform Your Classroom with Digital Tool <\/em>(Gabriela Felipe Machado de Carvalho e Simone Concei\u00e7\u00e3o de Lima Amorim); (2) <em>Slide making: how to use Graphic Design principles to improve visual aid in the classroom<\/em> (Anna Karina Felipe de Souza); (3) <em>Fun to learn: managing digital resources for young learners <\/em>(Helen Castelo Branco e Tatiana Ramalho Barbosa); (4) <em>Activating character strengths in the EFL classroom <\/em>(Renata Ferreira de Sousa e Anna Libia Araujo Chaves); (5) <em>Preparing English Materials from Scratch <\/em>(Elaine Maria Santos e Rodrigo Belfort Gomes) e (6) <em>Using literature in the classroom: multiple voices, various possibilities <\/em>(Lucas Neves e Elizabeth Souto Maior).<\/p>\n\n\n\n<p class=\"has-text-align-left\">A Plen\u00e1ria Final trouxe como tema a interculturalidade cr\u00edtica nos livros did\u00e1ticos em contexto brasileiro e foi conduzida pela Prof. Dra. Carla Richter (IFPE).<\/p>\n","protected":false},"excerpt":{"rendered":"<p>A 9\u00aa edi\u00e7\u00e3o do EPPI &#8211; Encontro Paraibano de Professores de Ingl\u00eas foi realizada nos dias 16 e 17 de Agosto de 2024 no Campus I &#8211; Jo\u00e3o Pessoa da UFPB. O encontro foi realizado em parceria com o InELC (Instituto de Estudos Lingu\u00edsticos e Culturais) e a ACI (Ag\u00eancia UFPB de Coopera\u00e7\u00e3o Internacional), e [&hellip;]<\/p>\n","protected":false},"author":146,"featured_media":0,"parent":0,"menu_order":0,"comment_status":"closed","ping_status":"closed","template":"","meta":{"footnotes":""},"class_list":["post-697","page","type-page","status-publish","hentry"],"_links":{"self":[{"href":"https:\/\/www.ufpb.br\/efopli\/wp-json\/wp\/v2\/pages\/697","targetHints":{"allow":["GET"]}}],"collection":[{"href":"https:\/\/www.ufpb.br\/efopli\/wp-json\/wp\/v2\/pages"}],"about":[{"href":"https:\/\/www.ufpb.br\/efopli\/wp-json\/wp\/v2\/types\/page"}],"author":[{"embeddable":true,"href":"https:\/\/www.ufpb.br\/efopli\/wp-json\/wp\/v2\/users\/146"}],"replies":[{"embeddable":true,"href":"https:\/\/www.ufpb.br\/efopli\/wp-json\/wp\/v2\/comments?post=697"}],"version-history":[{"count":2,"href":"https:\/\/www.ufpb.br\/efopli\/wp-json\/wp\/v2\/pages\/697\/revisions"}],"predecessor-version":[{"id":2828,"href":"https:\/\/www.ufpb.br\/efopli\/wp-json\/wp\/v2\/pages\/697\/revisions\/2828"}],"wp:attachment":[{"href":"https:\/\/www.ufpb.br\/efopli\/wp-json\/wp\/v2\/media?parent=697"}],"curies":[{"name":"wp","href":"https:\/\/api.w.org\/{rel}","templated":true}]}}