{"id":197,"date":"2023-10-07T22:07:22","date_gmt":"2023-10-08T01:07:22","guid":{"rendered":"https:\/\/www.cear.ufpb.br\/fablab\/?page_id=197"},"modified":"2024-08-01T21:36:43","modified_gmt":"2024-08-02T00:36:43","slug":"especificacao-de-servicos","status":"publish","type":"page","link":"https:\/\/www.ufpb.br\/fablab\/especificacao-de-servicos\/","title":{"rendered":"Especifica\u00e7\u00f5es De Servi\u00e7os"},"content":{"rendered":"<div class=\"documentDescription description\"><strong>Cada servi\u00e7o possui especifica\u00e7\u00f5es :<\/strong><\/div>\n<div id=\"viewlet-above-content-body\"><\/div>\n<div><img loading=\"lazy\" decoding=\"async\" class=\"aligncenter size-full wp-image-518\" src=\"http:\/\/www.ufpb.br\/fablab\/wp-content\/uploads\/sites\/103\/sites\/112\/2024\/08\/Orcamento-Portfolio-online-5.png\" alt=\"\" width=\"1920\" height=\"1080\" srcset=\"https:\/\/www.ufpb.br\/fablab\/wp-content\/uploads\/sites\/103\/sites\/112\/2024\/08\/Orcamento-Portfolio-online-5.png 1920w, https:\/\/www.ufpb.br\/fablab\/wp-content\/uploads\/sites\/103\/sites\/112\/2024\/08\/Orcamento-Portfolio-online-5-300x169.png 300w, https:\/\/www.ufpb.br\/fablab\/wp-content\/uploads\/sites\/103\/sites\/112\/2024\/08\/Orcamento-Portfolio-online-5-1024x576.png 1024w, https:\/\/www.ufpb.br\/fablab\/wp-content\/uploads\/sites\/103\/sites\/112\/2024\/08\/Orcamento-Portfolio-online-5-768x432.png 768w, https:\/\/www.ufpb.br\/fablab\/wp-content\/uploads\/sites\/103\/sites\/112\/2024\/08\/Orcamento-Portfolio-online-5-1536x864.png 1536w\" sizes=\"auto, (max-width: 1920px) 100vw, 1920px\" \/><\/div>\n<div><\/div>\n<div><img loading=\"lazy\" decoding=\"async\" class=\"aligncenter size-full wp-image-522\" src=\"http:\/\/www.ufpb.br\/fablab\/wp-content\/uploads\/sites\/103\/sites\/112\/2024\/08\/Orcamento-Portfolio-online-9.png\" alt=\"\" width=\"1920\" height=\"1080\" srcset=\"https:\/\/www.ufpb.br\/fablab\/wp-content\/uploads\/sites\/103\/sites\/112\/2024\/08\/Orcamento-Portfolio-online-9.png 1920w, https:\/\/www.ufpb.br\/fablab\/wp-content\/uploads\/sites\/103\/sites\/112\/2024\/08\/Orcamento-Portfolio-online-9-300x169.png 300w, https:\/\/www.ufpb.br\/fablab\/wp-content\/uploads\/sites\/103\/sites\/112\/2024\/08\/Orcamento-Portfolio-online-9-1024x576.png 1024w, https:\/\/www.ufpb.br\/fablab\/wp-content\/uploads\/sites\/103\/sites\/112\/2024\/08\/Orcamento-Portfolio-online-9-768x432.png 768w, https:\/\/www.ufpb.br\/fablab\/wp-content\/uploads\/sites\/103\/sites\/112\/2024\/08\/Orcamento-Portfolio-online-9-1536x864.png 1536w\" sizes=\"auto, (max-width: 1920px) 100vw, 1920px\" \/><\/div>\n<div><\/div>\n<div><img loading=\"lazy\" decoding=\"async\" class=\"aligncenter size-full wp-image-519\" src=\"http:\/\/www.ufpb.br\/fablab\/wp-content\/uploads\/sites\/103\/sites\/112\/2024\/08\/Orcamento-Portfolio-online-6.png\" alt=\"\" width=\"1920\" height=\"1080\" srcset=\"https:\/\/www.ufpb.br\/fablab\/wp-content\/uploads\/sites\/103\/sites\/112\/2024\/08\/Orcamento-Portfolio-online-6.png 1920w, https:\/\/www.ufpb.br\/fablab\/wp-content\/uploads\/sites\/103\/sites\/112\/2024\/08\/Orcamento-Portfolio-online-6-300x169.png 300w, https:\/\/www.ufpb.br\/fablab\/wp-content\/uploads\/sites\/103\/sites\/112\/2024\/08\/Orcamento-Portfolio-online-6-1024x576.png 1024w, https:\/\/www.ufpb.br\/fablab\/wp-content\/uploads\/sites\/103\/sites\/112\/2024\/08\/Orcamento-Portfolio-online-6-768x432.png 768w, https:\/\/www.ufpb.br\/fablab\/wp-content\/uploads\/sites\/103\/sites\/112\/2024\/08\/Orcamento-Portfolio-online-6-1536x864.png 1536w\" sizes=\"auto, (max-width: 1920px) 100vw, 1920px\" \/><\/div>\n<div><\/div>\n<div><img loading=\"lazy\" decoding=\"async\" class=\"aligncenter size-full wp-image-521\" src=\"http:\/\/www.ufpb.br\/fablab\/wp-content\/uploads\/sites\/103\/sites\/112\/2024\/08\/Orcamento-Portfolio-online-8.png\" alt=\"\" width=\"1920\" height=\"1080\" srcset=\"https:\/\/www.ufpb.br\/fablab\/wp-content\/uploads\/sites\/103\/sites\/112\/2024\/08\/Orcamento-Portfolio-online-8.png 1920w, https:\/\/www.ufpb.br\/fablab\/wp-content\/uploads\/sites\/103\/sites\/112\/2024\/08\/Orcamento-Portfolio-online-8-300x169.png 300w, https:\/\/www.ufpb.br\/fablab\/wp-content\/uploads\/sites\/103\/sites\/112\/2024\/08\/Orcamento-Portfolio-online-8-1024x576.png 1024w, https:\/\/www.ufpb.br\/fablab\/wp-content\/uploads\/sites\/103\/sites\/112\/2024\/08\/Orcamento-Portfolio-online-8-768x432.png 768w, https:\/\/www.ufpb.br\/fablab\/wp-content\/uploads\/sites\/103\/sites\/112\/2024\/08\/Orcamento-Portfolio-online-8-1536x864.png 1536w\" sizes=\"auto, (max-width: 1920px) 100vw, 1920px\" \/><\/div>\n<div><\/div>\n<div><img loading=\"lazy\" decoding=\"async\" class=\"aligncenter size-full wp-image-523\" src=\"http:\/\/www.ufpb.br\/fablab\/wp-content\/uploads\/sites\/103\/sites\/112\/2024\/08\/Orcamento-Portfolio-online-10.png\" alt=\"\" width=\"1920\" height=\"1080\" srcset=\"https:\/\/www.ufpb.br\/fablab\/wp-content\/uploads\/sites\/103\/sites\/112\/2024\/08\/Orcamento-Portfolio-online-10.png 1920w, https:\/\/www.ufpb.br\/fablab\/wp-content\/uploads\/sites\/103\/sites\/112\/2024\/08\/Orcamento-Portfolio-online-10-300x169.png 300w, https:\/\/www.ufpb.br\/fablab\/wp-content\/uploads\/sites\/103\/sites\/112\/2024\/08\/Orcamento-Portfolio-online-10-1024x576.png 1024w, https:\/\/www.ufpb.br\/fablab\/wp-content\/uploads\/sites\/103\/sites\/112\/2024\/08\/Orcamento-Portfolio-online-10-768x432.png 768w, https:\/\/www.ufpb.br\/fablab\/wp-content\/uploads\/sites\/103\/sites\/112\/2024\/08\/Orcamento-Portfolio-online-10-1536x864.png 1536w\" sizes=\"auto, (max-width: 1920px) 100vw, 1920px\" \/><\/div>\n","protected":false},"excerpt":{"rendered":"<p>Cada servi\u00e7o possui especifica\u00e7\u00f5es :<\/p>\n","protected":false},"author":58,"featured_media":0,"parent":0,"menu_order":0,"comment_status":"closed","ping_status":"closed","template":"","meta":{"footnotes":""},"class_list":["post-197","page","type-page","status-publish","hentry","post"],"_links":{"self":[{"href":"https:\/\/www.ufpb.br\/fablab\/wp-json\/wp\/v2\/pages\/197","targetHints":{"allow":["GET"]}}],"collection":[{"href":"https:\/\/www.ufpb.br\/fablab\/wp-json\/wp\/v2\/pages"}],"about":[{"href":"https:\/\/www.ufpb.br\/fablab\/wp-json\/wp\/v2\/types\/page"}],"author":[{"embeddable":true,"href":"https:\/\/www.ufpb.br\/fablab\/wp-json\/wp\/v2\/users\/58"}],"replies":[{"embeddable":true,"href":"https:\/\/www.ufpb.br\/fablab\/wp-json\/wp\/v2\/comments?post=197"}],"version-history":[{"count":9,"href":"https:\/\/www.ufpb.br\/fablab\/wp-json\/wp\/v2\/pages\/197\/revisions"}],"predecessor-version":[{"id":524,"href":"https:\/\/www.ufpb.br\/fablab\/wp-json\/wp\/v2\/pages\/197\/revisions\/524"}],"wp:attachment":[{"href":"https:\/\/www.ufpb.br\/fablab\/wp-json\/wp\/v2\/media?parent=197"}],"curies":[{"name":"wp","href":"https:\/\/api.w.org\/{rel}","templated":true}]}}