{"id":5,"date":"2023-08-24T21:22:43","date_gmt":"2023-08-25T00:22:43","guid":{"rendered":"https:\/\/www.cear.ufpb.br\/fablab\/pagina-inicial\/"},"modified":"2024-10-06T21:32:43","modified_gmt":"2024-10-07T00:32:43","slug":"pagina-inicial","status":"publish","type":"page","link":"https:\/\/www.ufpb.br\/fablab\/pagina-inicial\/","title":{"rendered":"P\u00e1gina principal"},"content":{"rendered":"<div id=\"pl-5\"  class=\"panel-layout\" ><div id=\"pg-5-0\"  class=\"panel-grid panel-no-style\" ><div id=\"pgc-5-0-0\"  class=\"panel-grid-cell panel-grid-cell-empty\" ><\/div><div id=\"pgc-5-0-1\"  class=\"panel-grid-cell panel-grid-cell-empty panel-grid-cell-mobile-last\" ><\/div><div id=\"pgc-5-0-2\"  class=\"panel-grid-cell panel-grid-cell-empty\" ><\/div><\/div><div id=\"pg-5-1\"  class=\"panel-grid panel-has-style\" ><div class=\"wide-grey panel-row-style panel-row-style-for-5-1\" ><div id=\"pgc-5-1-0\"  class=\"panel-grid-cell\" ><div id=\"panel-5-1-0-0\" class=\"so-panel widget widget_headline-widget panel-first-child panel-last-child\" data-index=\"0\" >\t\t<h1><\/h1>\n\t\t<div class=\"decoration\"><div class=\"decoration-inside\"><\/div><\/div>\n\t\t<h3><\/h3>\n\t\t<\/div><\/div><\/div><\/div><div id=\"pg-5-2\"  class=\"panel-grid panel-no-style\" ><div id=\"pgc-5-2-0\"  class=\"panel-grid-cell\" ><div id=\"panel-5-2-0-0\" class=\"so-panel widget widget_siteorigin-panels-postloop panel-first-child panel-last-child\" data-index=\"1\" ><h3 class=\"widget-title\">\u00daltimas not\u00edcias<\/h3>\n\t\t\n\t\t\n<article id=\"post-426\" class=\"post-426 post type-post status-publish format-standard hentry category-sem-categoria\">\n\n\t\n\t<div class=\"entry-main\">\n\n\t\t\n\t\t<header class=\"entry-header\">\n\t\t\t\n\t\t\t<h1 class=\"entry-title\"><a href=\"https:\/\/www.ufpb.br\/fablab\/2024\/02\/22\/contato\/\" title=\"Permalink to Contato\" rel=\"bookmark\">Contato<\/a><\/h1>\n\n\t\t\t\t\t\t\t<div class=\"entry-meta\">\n\t\t\t\t\tPosted on <a href=\"https:\/\/www.ufpb.br\/fablab\/2024\/02\/22\/contato\/\" title=\"11:34\" rel=\"bookmark\"><time class=\"entry-date\" datetime=\"2024-02-22T11:34:17-03:00\">22 de fevereiro de 2024<\/time><\/a><time class=\"updated\" datetime=\"2024-11-26T13:52:52-03:00\">26 de novembro de 2024<\/time> <span class=\"byline\"> by <span class=\"author vcard\"><a class=\"url fn n\" href=\"https:\/\/www.ufpb.br\/fablab\/author\/ademar\/\" title=\"View all posts by ademar\" rel=\"author\">ademar<\/a><\/span><\/span> \t\t\t\t<\/div><!-- .entry-meta -->\n\t\t\t\n\t\t<\/header><!-- .entry-header -->\n\n\t\t\t\t\t<div class=\"entry-content\">\n\t\t\t\t<style>\n\t.universidade{\n\t\ttext-align:right;\n\t}\n<\/style>\n<div class=\"Endereco\">\n<div class=\"universidade\">\n<p>\n\t\t\t<b>Universidade Federal da Para\u00edba<\/b>\n\t<\/p>\n<\/p><\/div>\n<div class=\"universidade\">\n\t\t<a href=\"https:\/\/www.google.com\/maps\/place\/FABLAB+UFPB\/@-7.1373543,-34.8473779,15z\/data=!4m6!3m5!1s0x7acc390c422839f:0x4c44c2394e3bdce7!8m2!3d-7.1373543!4d-34.8473779!16s%2Fg%2F11flstmt00?entry=ttu&#038;g_ep=EgoyMDI0MTExOS4yIKXMDSoASAFQAw%3D%3D\" style = \"text-decoration: none; color: #888;\" target=\"_blank\"><\/p>\n<p>\n\t\t\tCampus I \u2013 Cidade Universit\u00e1ria \u2013 Jo\u00e3o Pessoa \u2013 PB \u2013 Brasil\n\t<\/p>\n<p><\/a>\n\t<\/div>\n<div class=\"universidade\">\n<p>\n\t\tCEP: 58051-900\n\t<\/p>\n<\/p><\/div>\n<\/div>\n\t\t\t\t\t\t\t\t\t\t\t\t\t\t\t<\/div><!-- .entry-content -->\n\t\t\n\t\t\n\t<\/div>\n\n<\/article><!-- #post-426 -->\n\n\t\n\t\n<\/div><\/div><div id=\"pgc-5-2-1\"  class=\"panel-grid-cell\" ><div id=\"panel-5-2-1-0\" class=\"so-panel widget widget_text panel-first-child panel-last-child\" data-index=\"2\" >\t\t\t<div class=\"textwidget\"><\/div>\n\t\t<\/div><\/div><\/div><\/div>","protected":false},"excerpt":{"rendered":"<p>\u00daltimas not\u00edcias Contato Posted on 22 de fevereiro de 202426 de novembro de 2024 by ademar Universidade Federal da Para\u00edba Campus I \u2013 Cidade Universit\u00e1ria \u2013 Jo\u00e3o Pessoa \u2013 PB \u2013 Brasil CEP: 58051-900<\/p>\n","protected":false},"author":58,"featured_media":0,"parent":0,"menu_order":0,"comment_status":"closed","ping_status":"closed","template":"home-panels.php","meta":{"footnotes":""},"class_list":["post-5","page","type-page","status-publish","hentry","post"],"_links":{"self":[{"href":"https:\/\/www.ufpb.br\/fablab\/wp-json\/wp\/v2\/pages\/5","targetHints":{"allow":["GET"]}}],"collection":[{"href":"https:\/\/www.ufpb.br\/fablab\/wp-json\/wp\/v2\/pages"}],"about":[{"href":"https:\/\/www.ufpb.br\/fablab\/wp-json\/wp\/v2\/types\/page"}],"author":[{"embeddable":true,"href":"https:\/\/www.ufpb.br\/fablab\/wp-json\/wp\/v2\/users\/58"}],"replies":[{"embeddable":true,"href":"https:\/\/www.ufpb.br\/fablab\/wp-json\/wp\/v2\/comments?post=5"}],"version-history":[{"count":12,"href":"https:\/\/www.ufpb.br\/fablab\/wp-json\/wp\/v2\/pages\/5\/revisions"}],"predecessor-version":[{"id":53,"href":"https:\/\/www.ufpb.br\/fablab\/wp-json\/wp\/v2\/pages\/5\/revisions\/53"}],"wp:attachment":[{"href":"https:\/\/www.ufpb.br\/fablab\/wp-json\/wp\/v2\/media?parent=5"}],"curies":[{"name":"wp","href":"https:\/\/api.w.org\/{rel}","templated":true}]}}