{"id":539,"date":"2024-08-19T16:53:11","date_gmt":"2024-08-19T19:53:11","guid":{"rendered":"https:\/\/www.ufpb.br\/fablab\/?page_id=539"},"modified":"2025-03-30T14:41:19","modified_gmt":"2025-03-30T17:41:19","slug":"servicos","status":"publish","type":"page","link":"https:\/\/www.ufpb.br\/fablab\/servicos\/","title":{"rendered":"Servi\u00e7os"},"content":{"rendered":"\n<p>Especifica\u00e7\u00f5es De Servi\u00e7os<\/p>\n\n\n\n<p>Cada servi\u00e7o possui sua especifica\u00e7\u00e3o<\/p>\n\n\n\n<figure class=\"wp-block-image size-large\"><img loading=\"lazy\" decoding=\"async\" width=\"1024\" height=\"576\" src=\"http:\/\/www.ufpb.br\/fablab\/wp-content\/uploads\/sites\/103\/sites\/112\/2024\/08\/Orcamento-Portfolio-online-5-1024x576.png\" alt=\"\" class=\"wp-image-518\" srcset=\"https:\/\/www.ufpb.br\/fablab\/wp-content\/uploads\/sites\/103\/sites\/112\/2024\/08\/Orcamento-Portfolio-online-5-1024x576.png 1024w, https:\/\/www.ufpb.br\/fablab\/wp-content\/uploads\/sites\/103\/sites\/112\/2024\/08\/Orcamento-Portfolio-online-5-300x169.png 300w, https:\/\/www.ufpb.br\/fablab\/wp-content\/uploads\/sites\/103\/sites\/112\/2024\/08\/Orcamento-Portfolio-online-5-768x432.png 768w, https:\/\/www.ufpb.br\/fablab\/wp-content\/uploads\/sites\/103\/sites\/112\/2024\/08\/Orcamento-Portfolio-online-5-1536x864.png 1536w, https:\/\/www.ufpb.br\/fablab\/wp-content\/uploads\/sites\/103\/sites\/112\/2024\/08\/Orcamento-Portfolio-online-5.png 1920w\" sizes=\"auto, (max-width: 1024px) 100vw, 1024px\" \/><\/figure>\n\n\n\n<p><\/p>\n\n\n\n<figure class=\"wp-block-image size-large\"><img loading=\"lazy\" decoding=\"async\" width=\"1024\" height=\"576\" src=\"http:\/\/www.ufpb.br\/fablab\/wp-content\/uploads\/sites\/103\/sites\/112\/2024\/08\/Orcamento-Portfolio-online-6-1024x576.png\" alt=\"\" class=\"wp-image-519\" srcset=\"https:\/\/www.ufpb.br\/fablab\/wp-content\/uploads\/sites\/103\/sites\/112\/2024\/08\/Orcamento-Portfolio-online-6-1024x576.png 1024w, https:\/\/www.ufpb.br\/fablab\/wp-content\/uploads\/sites\/103\/sites\/112\/2024\/08\/Orcamento-Portfolio-online-6-300x169.png 300w, https:\/\/www.ufpb.br\/fablab\/wp-content\/uploads\/sites\/103\/sites\/112\/2024\/08\/Orcamento-Portfolio-online-6-768x432.png 768w, https:\/\/www.ufpb.br\/fablab\/wp-content\/uploads\/sites\/103\/sites\/112\/2024\/08\/Orcamento-Portfolio-online-6-1536x864.png 1536w, https:\/\/www.ufpb.br\/fablab\/wp-content\/uploads\/sites\/103\/sites\/112\/2024\/08\/Orcamento-Portfolio-online-6.png 1920w\" sizes=\"auto, (max-width: 1024px) 100vw, 1024px\" \/><\/figure>\n\n\n\n<p><\/p>\n\n\n\n<figure class=\"wp-block-image size-large\"><img loading=\"lazy\" decoding=\"async\" width=\"1024\" height=\"576\" src=\"http:\/\/www.ufpb.br\/fablab\/wp-content\/uploads\/sites\/103\/sites\/112\/2024\/08\/Orcamento-Portfolio-online-8-1024x576.png\" alt=\"\" class=\"wp-image-521\" srcset=\"https:\/\/www.ufpb.br\/fablab\/wp-content\/uploads\/sites\/103\/sites\/112\/2024\/08\/Orcamento-Portfolio-online-8-1024x576.png 1024w, https:\/\/www.ufpb.br\/fablab\/wp-content\/uploads\/sites\/103\/sites\/112\/2024\/08\/Orcamento-Portfolio-online-8-300x169.png 300w, https:\/\/www.ufpb.br\/fablab\/wp-content\/uploads\/sites\/103\/sites\/112\/2024\/08\/Orcamento-Portfolio-online-8-768x432.png 768w, https:\/\/www.ufpb.br\/fablab\/wp-content\/uploads\/sites\/103\/sites\/112\/2024\/08\/Orcamento-Portfolio-online-8-1536x864.png 1536w, https:\/\/www.ufpb.br\/fablab\/wp-content\/uploads\/sites\/103\/sites\/112\/2024\/08\/Orcamento-Portfolio-online-8.png 1920w\" sizes=\"auto, (max-width: 1024px) 100vw, 1024px\" \/><\/figure>\n\n\n\n<p><\/p>\n\n\n\n<figure class=\"wp-block-image size-large\"><img loading=\"lazy\" decoding=\"async\" width=\"1024\" height=\"576\" src=\"http:\/\/www.ufpb.br\/fablab\/wp-content\/uploads\/sites\/103\/sites\/112\/2024\/08\/Orcamento-Portfolio-online-9-1024x576.png\" alt=\"\" class=\"wp-image-522\" srcset=\"https:\/\/www.ufpb.br\/fablab\/wp-content\/uploads\/sites\/103\/sites\/112\/2024\/08\/Orcamento-Portfolio-online-9-1024x576.png 1024w, https:\/\/www.ufpb.br\/fablab\/wp-content\/uploads\/sites\/103\/sites\/112\/2024\/08\/Orcamento-Portfolio-online-9-300x169.png 300w, https:\/\/www.ufpb.br\/fablab\/wp-content\/uploads\/sites\/103\/sites\/112\/2024\/08\/Orcamento-Portfolio-online-9-768x432.png 768w, https:\/\/www.ufpb.br\/fablab\/wp-content\/uploads\/sites\/103\/sites\/112\/2024\/08\/Orcamento-Portfolio-online-9-1536x864.png 1536w, https:\/\/www.ufpb.br\/fablab\/wp-content\/uploads\/sites\/103\/sites\/112\/2024\/08\/Orcamento-Portfolio-online-9.png 1920w\" sizes=\"auto, (max-width: 1024px) 100vw, 1024px\" \/><\/figure>\n\n\n\n<p><\/p>\n\n\n\n<figure class=\"wp-block-image size-large is-resized\"><img loading=\"lazy\" decoding=\"async\" width=\"1024\" height=\"576\" src=\"http:\/\/www.ufpb.br\/fablab\/wp-content\/uploads\/sites\/103\/sites\/112\/2024\/08\/Orcamento-Portfolio-online-10-1024x576.png\" alt=\"\" class=\"wp-image-523\" style=\"width:785px;height:auto\" srcset=\"https:\/\/www.ufpb.br\/fablab\/wp-content\/uploads\/sites\/103\/sites\/112\/2024\/08\/Orcamento-Portfolio-online-10-1024x576.png 1024w, https:\/\/www.ufpb.br\/fablab\/wp-content\/uploads\/sites\/103\/sites\/112\/2024\/08\/Orcamento-Portfolio-online-10-300x169.png 300w, https:\/\/www.ufpb.br\/fablab\/wp-content\/uploads\/sites\/103\/sites\/112\/2024\/08\/Orcamento-Portfolio-online-10-768x432.png 768w, https:\/\/www.ufpb.br\/fablab\/wp-content\/uploads\/sites\/103\/sites\/112\/2024\/08\/Orcamento-Portfolio-online-10-1536x864.png 1536w, https:\/\/www.ufpb.br\/fablab\/wp-content\/uploads\/sites\/103\/sites\/112\/2024\/08\/Orcamento-Portfolio-online-10.png 1920w\" sizes=\"auto, (max-width: 1024px) 100vw, 1024px\" \/><\/figure>\n\n\n\n<p><\/p>\n\n\n\n<p>Al\u00e9m das especifica\u00e7\u00f5es, fique por dentro de como cobramos cada servi\u00e7o<\/p>\n\n\n\n<p>Abaixo se encontra tabelas de pre\u00e7os<\/p>\n\n\n\n<figure class=\"wp-block-image size-large is-resized\"><img loading=\"lazy\" decoding=\"async\" width=\"1024\" height=\"576\" src=\"http:\/\/www.ufpb.br\/fablab\/wp-content\/uploads\/sites\/103\/sites\/112\/2024\/07\/Orcamento-Portfolio-online-1024x576.png\" alt=\"\" class=\"wp-image-489\" style=\"width:789px;height:auto\" srcset=\"https:\/\/www.ufpb.br\/fablab\/wp-content\/uploads\/sites\/103\/sites\/112\/2024\/07\/Orcamento-Portfolio-online-1024x576.png 1024w, https:\/\/www.ufpb.br\/fablab\/wp-content\/uploads\/sites\/103\/sites\/112\/2024\/07\/Orcamento-Portfolio-online-300x169.png 300w, https:\/\/www.ufpb.br\/fablab\/wp-content\/uploads\/sites\/103\/sites\/112\/2024\/07\/Orcamento-Portfolio-online-768x432.png 768w, https:\/\/www.ufpb.br\/fablab\/wp-content\/uploads\/sites\/103\/sites\/112\/2024\/07\/Orcamento-Portfolio-online-1536x864.png 1536w, https:\/\/www.ufpb.br\/fablab\/wp-content\/uploads\/sites\/103\/sites\/112\/2024\/07\/Orcamento-Portfolio-online.png 1920w\" sizes=\"auto, (max-width: 1024px) 100vw, 1024px\" \/><\/figure>\n\n\n\n<p><\/p>\n\n\n\n<figure class=\"wp-block-image\"><img loading=\"lazy\" decoding=\"async\" width=\"1920\" height=\"1080\" src=\"http:\/\/www.ufpb.br\/fablab\/wp-content\/uploads\/sites\/103\/sites\/112\/2025\/02\/Orcamento-Portfolio-online.png\" alt=\"\" class=\"wp-image-657\" srcset=\"https:\/\/www.ufpb.br\/fablab\/wp-content\/uploads\/sites\/103\/sites\/112\/2025\/02\/Orcamento-Portfolio-online.png 1920w, https:\/\/www.ufpb.br\/fablab\/wp-content\/uploads\/sites\/103\/sites\/112\/2025\/02\/Orcamento-Portfolio-online-300x169.png 300w, https:\/\/www.ufpb.br\/fablab\/wp-content\/uploads\/sites\/103\/sites\/112\/2025\/02\/Orcamento-Portfolio-online-1024x576.png 1024w, https:\/\/www.ufpb.br\/fablab\/wp-content\/uploads\/sites\/103\/sites\/112\/2025\/02\/Orcamento-Portfolio-online-768x432.png 768w, https:\/\/www.ufpb.br\/fablab\/wp-content\/uploads\/sites\/103\/sites\/112\/2025\/02\/Orcamento-Portfolio-online-1536x864.png 1536w\" sizes=\"auto, (max-width: 1920px) 100vw, 1920px\" \/><\/figure>\n\n\n\n<p><\/p>\n\n\n\n<figure class=\"wp-block-image size-large is-resized\"><img loading=\"lazy\" decoding=\"async\" width=\"1024\" height=\"576\" src=\"http:\/\/www.ufpb.br\/fablab\/wp-content\/uploads\/sites\/103\/sites\/112\/2024\/07\/Orcamento-Portfolio-online-2-1024x576.png\" alt=\"\" class=\"wp-image-500\" style=\"width:789px;height:auto\" srcset=\"https:\/\/www.ufpb.br\/fablab\/wp-content\/uploads\/sites\/103\/sites\/112\/2024\/07\/Orcamento-Portfolio-online-2-1024x576.png 1024w, https:\/\/www.ufpb.br\/fablab\/wp-content\/uploads\/sites\/103\/sites\/112\/2024\/07\/Orcamento-Portfolio-online-2-300x169.png 300w, https:\/\/www.ufpb.br\/fablab\/wp-content\/uploads\/sites\/103\/sites\/112\/2024\/07\/Orcamento-Portfolio-online-2-768x432.png 768w, https:\/\/www.ufpb.br\/fablab\/wp-content\/uploads\/sites\/103\/sites\/112\/2024\/07\/Orcamento-Portfolio-online-2-1536x864.png 1536w, https:\/\/www.ufpb.br\/fablab\/wp-content\/uploads\/sites\/103\/sites\/112\/2024\/07\/Orcamento-Portfolio-online-2.png 1920w\" sizes=\"auto, (max-width: 1024px) 100vw, 1024px\" \/><\/figure>\n\n\n\n<p><\/p>\n\n\n\n<figure class=\"wp-block-image size-large\"><img loading=\"lazy\" decoding=\"async\" width=\"1024\" height=\"576\" src=\"http:\/\/www.ufpb.br\/fablab\/wp-content\/uploads\/sites\/103\/sites\/112\/2024\/07\/Orcamento-Portfolio-online-3-1024x576.png\" alt=\"\" class=\"wp-image-501\" srcset=\"https:\/\/www.ufpb.br\/fablab\/wp-content\/uploads\/sites\/103\/sites\/112\/2024\/07\/Orcamento-Portfolio-online-3-1024x576.png 1024w, https:\/\/www.ufpb.br\/fablab\/wp-content\/uploads\/sites\/103\/sites\/112\/2024\/07\/Orcamento-Portfolio-online-3-300x169.png 300w, https:\/\/www.ufpb.br\/fablab\/wp-content\/uploads\/sites\/103\/sites\/112\/2024\/07\/Orcamento-Portfolio-online-3-768x432.png 768w, https:\/\/www.ufpb.br\/fablab\/wp-content\/uploads\/sites\/103\/sites\/112\/2024\/07\/Orcamento-Portfolio-online-3-1536x864.png 1536w, https:\/\/www.ufpb.br\/fablab\/wp-content\/uploads\/sites\/103\/sites\/112\/2024\/07\/Orcamento-Portfolio-online-3.png 1920w\" sizes=\"auto, (max-width: 1024px) 100vw, 1024px\" \/><\/figure>\n\n\n\n<p><\/p>\n\n\n\n<h3 class=\"wp-block-heading\">Informa\u00e7\u00f5es importantes:<\/h3>\n\n\n\n<p>Caso o projeto possua mais de um arquivo, envie todos juntos no mesmo pedido em um \u00fanico arquivo compactado.(.zip)<\/p>\n\n\n\n<p>Ao receber a requisi\u00e7\u00e3o, a equipe do FABLAB UFPB calcula o or\u00e7amento do servi\u00e7o e entra em contato com o solicitante.&nbsp;Uma vez aprovado o or\u00e7amento, ser\u00e1 emitido nota fiscal e boleto para pagamento pelo servi\u00e7o. <strong>Uma vez que o boleto e nota fiscal \u00e9 gerado, n\u00e3o h\u00e1 possibilidade de altera\u00e7\u00f5es no pedido<\/strong>. Caso necess\u00e1rio, deve-se criar um novo pedido no site do FABLAB UFPB.&nbsp;Em hip\u00f3tese nenhuma ser\u00e1 recebido recursos em esp\u00e9cie ou pago diretamente a algum dos colaboradores do laborat\u00f3rio. \u00danica forma de pagamento aceita \u00e9 via boleto gerado pela FADE.<\/p>\n\n\n\n<p>O servi\u00e7o ficar\u00e1 dispon\u00edvel para retirada no FABLAB UFPB ap\u00f3s pagamento do boleto e envio do comprovante de pagamento para o e-mail&nbsp;<a href=\"mailto:fablab@cear.ufpb.br\">fablab@cear.ufpb.br<\/a>.&nbsp; Acesse o link abaixo e especifique o tipo de servi\u00e7o que deseja ao preencher o formul\u00e1rio com seus dados.<\/p>\n\n\n\n<p><a href=\"https:\/\/shorturl.at\/cmQ1W\">https:\/\/shorturl.at\/cmQ1W<\/a><\/p>\n\n\n\n<p><\/p>\n","protected":false},"excerpt":{"rendered":"<p>Especifica\u00e7\u00f5es De Servi\u00e7os Cada servi\u00e7o possui sua especifica\u00e7\u00e3o Al\u00e9m das especifica\u00e7\u00f5es, fique por dentro de como cobramos cada servi\u00e7o Abaixo se encontra tabelas de pre\u00e7os Informa\u00e7\u00f5es importantes: Caso o projeto possua mais de um arquivo, envie todos juntos no mesmo pedido em um \u00fanico arquivo compactado.(.zip) Ao receber a requisi\u00e7\u00e3o, a equipe do FABLAB UFPB [&hellip;]<\/p>\n","protected":false},"author":58,"featured_media":0,"parent":0,"menu_order":0,"comment_status":"closed","ping_status":"closed","template":"","meta":{"footnotes":""},"class_list":["post-539","page","type-page","status-publish","hentry","post"],"_links":{"self":[{"href":"https:\/\/www.ufpb.br\/fablab\/wp-json\/wp\/v2\/pages\/539","targetHints":{"allow":["GET"]}}],"collection":[{"href":"https:\/\/www.ufpb.br\/fablab\/wp-json\/wp\/v2\/pages"}],"about":[{"href":"https:\/\/www.ufpb.br\/fablab\/wp-json\/wp\/v2\/types\/page"}],"author":[{"embeddable":true,"href":"https:\/\/www.ufpb.br\/fablab\/wp-json\/wp\/v2\/users\/58"}],"replies":[{"embeddable":true,"href":"https:\/\/www.ufpb.br\/fablab\/wp-json\/wp\/v2\/comments?post=539"}],"version-history":[{"count":9,"href":"https:\/\/www.ufpb.br\/fablab\/wp-json\/wp\/v2\/pages\/539\/revisions"}],"predecessor-version":[{"id":670,"href":"https:\/\/www.ufpb.br\/fablab\/wp-json\/wp\/v2\/pages\/539\/revisions\/670"}],"wp:attachment":[{"href":"https:\/\/www.ufpb.br\/fablab\/wp-json\/wp\/v2\/media?parent=539"}],"curies":[{"name":"wp","href":"https:\/\/api.w.org\/{rel}","templated":true}]}}