{"id":274,"date":"2025-04-04T15:54:08","date_gmt":"2025-04-04T18:54:08","guid":{"rendered":"https:\/\/www.ufpb.br\/gcet\/?page_id=274"},"modified":"2025-10-10T12:51:04","modified_gmt":"2025-10-10T15:51:04","slug":"livro-turismo-politicas-publicas-e-sustentabilidade-educacao","status":"publish","type":"page","link":"https:\/\/www.ufpb.br\/gcet\/livro-turismo-politicas-publicas-e-sustentabilidade-educacao\/","title":{"rendered":"Livro- Turismo, Pol\u00edticas P\u00fablicas e Sustentabilidade Educa\u00e7\u00e3o"},"content":{"rendered":"\n<div class=\"wp-block-columns is-layout-flex wp-container-core-columns-is-layout-9d6595d7 wp-block-columns-is-layout-flex\">\n<div class=\"wp-block-column is-layout-flow wp-block-column-is-layout-flow\">\n<figure class=\"wp-block-image size-full\"><img loading=\"lazy\" decoding=\"async\" width=\"596\" height=\"811\" src=\"https:\/\/www.ufpb.br\/gcet\/wp-content\/uploads\/sites\/79\/sites\/273\/2025\/04\/COMUNIDADE.png\" alt=\"\" class=\"wp-image-350\" srcset=\"https:\/\/www.ufpb.br\/gcet\/wp-content\/uploads\/sites\/79\/sites\/273\/2025\/04\/COMUNIDADE.png 596w, https:\/\/www.ufpb.br\/gcet\/wp-content\/uploads\/sites\/79\/sites\/273\/2025\/04\/COMUNIDADE-220x300.png 220w\" sizes=\"auto, (max-width: 596px) 100vw, 596px\" \/><\/figure>\n\n\n\n<p class=\"has-text-align-center\"><strong><a href=\"https:\/\/www.ufpb.br\/gcet\/wp-content\/uploads\/sites\/79\/sites\/273\/2025\/04\/TURISMO_DE_BASE_COMUNITARIA_COMO_ALTERNA.pdf\" data-type=\"link\" data-id=\"https:\/\/www.ufpb.br\/gcet\/wp-content\/uploads\/sites\/79\/sites\/273\/2025\/04\/TURISMO_DE_BASE_COMUNITARIA_COMO_ALTERNA.pdf\">TURISMO DE BASE COMUNIT\u00c1RIA COMO ALTERNATIVA PARA O DESENVOLVIMENTO RURAL: A EXPERI\u00caNCIA DA COMUNIDADE DE CH\u00c3 DE JARDIM, AREIA &#8211; PB<\/a><\/strong><\/p>\n<\/div>\n\n\n\n<div class=\"wp-block-column is-layout-flow wp-block-column-is-layout-flow\">\n<figure class=\"wp-block-image size-full\"><img loading=\"lazy\" decoding=\"async\" width=\"599\" height=\"748\" src=\"https:\/\/www.ufpb.br\/gcet\/wp-content\/uploads\/sites\/79\/sites\/273\/2025\/04\/SUSTENTABILIDADE.png\" alt=\"\" class=\"wp-image-351\" srcset=\"https:\/\/www.ufpb.br\/gcet\/wp-content\/uploads\/sites\/79\/sites\/273\/2025\/04\/SUSTENTABILIDADE.png 599w, https:\/\/www.ufpb.br\/gcet\/wp-content\/uploads\/sites\/79\/sites\/273\/2025\/04\/SUSTENTABILIDADE-240x300.png 240w\" sizes=\"auto, (max-width: 599px) 100vw, 599px\" \/><\/figure>\n\n\n\n<p class=\"has-text-align-center\"><strong><a href=\"https:\/\/www.ufpb.br\/gcet\/wp-content\/uploads\/sites\/79\/sites\/273\/2025\/04\/Turismo_and_Hotelaria_no_Contexto_da_Sus.pdf\" data-type=\"link\" data-id=\"https:\/\/www.ufpb.br\/gcet\/wp-content\/uploads\/sites\/79\/sites\/273\/2025\/04\/Turismo_and_Hotelaria_no_Contexto_da_Sus.pdf\">TURISMO &amp; HOTELARIA NO CONTEXTO DA SUSTENTABILIDADE<\/a><\/strong><\/p>\n<\/div>\n\n\n\n<div class=\"wp-block-column is-layout-flow wp-block-column-is-layout-flow\">\n<figure class=\"wp-block-image size-full\"><img loading=\"lazy\" decoding=\"async\" width=\"554\" height=\"813\" src=\"https:\/\/www.ufpb.br\/gcet\/wp-content\/uploads\/sites\/79\/sites\/273\/2025\/04\/Captura-de-tela-2025-04-28-144453-1.png\" alt=\"\" class=\"wp-image-991\" srcset=\"https:\/\/www.ufpb.br\/gcet\/wp-content\/uploads\/sites\/79\/sites\/273\/2025\/04\/Captura-de-tela-2025-04-28-144453-1.png 554w, https:\/\/www.ufpb.br\/gcet\/wp-content\/uploads\/sites\/79\/sites\/273\/2025\/04\/Captura-de-tela-2025-04-28-144453-1-204x300.png 204w\" sizes=\"auto, (max-width: 554px) 100vw, 554px\" \/><\/figure>\n\n\n\n<p class=\"has-text-align-center\"><strong><a href=\"https:\/\/www.ufpb.br\/gcet\/wp-content\/uploads\/sites\/79\/sites\/273\/2025\/10\/T-H-no-contexto-da-sustentabilidade-2.pdf\" data-type=\"link\" data-id=\"file:\/\/\/C:\/Users\/lid\/Downloads\/Turismo_Hotelaria_no_contexto_da_Sustent.pdf\">Turismo Hotelaria no contexto da Sustentabilidade 2<\/a><\/strong><\/p>\n<\/div>\n<\/div>\n\n\n\n<div class=\"wp-block-columns is-layout-flex wp-container-core-columns-is-layout-9d6595d7 wp-block-columns-is-layout-flex\">\n<div class=\"wp-block-column is-layout-flow wp-block-column-is-layout-flow\">\n<figure class=\"wp-block-image size-full\"><img loading=\"lazy\" decoding=\"async\" width=\"589\" height=\"821\" src=\"https:\/\/www.ufpb.br\/gcet\/wp-content\/uploads\/sites\/79\/sites\/273\/2025\/04\/Captura-de-tela-2025-04-28-144307.png\" alt=\"\" class=\"wp-image-993\" srcset=\"https:\/\/www.ufpb.br\/gcet\/wp-content\/uploads\/sites\/79\/sites\/273\/2025\/04\/Captura-de-tela-2025-04-28-144307.png 589w, https:\/\/www.ufpb.br\/gcet\/wp-content\/uploads\/sites\/79\/sites\/273\/2025\/04\/Captura-de-tela-2025-04-28-144307-215x300.png 215w\" sizes=\"auto, (max-width: 589px) 100vw, 589px\" \/><\/figure>\n\n\n\n<p class=\"has-text-align-center\"><strong><a href=\"https:\/\/www.ufpb.br\/gcet\/wp-content\/uploads\/sites\/79\/sites\/273\/2025\/10\/T-H-no-Contexto-do-Turismo-Rural.pdf\" data-type=\"link\" data-id=\"file:\/\/\/C:\/Users\/lid\/Downloads\/TURISMO_E_HOTELARIA_NO_CONTEXTO_DO_TURIS.pdf\">TURISMO E HOTELARIA NO CONTEXTO DO TURISMO RURAL 1<\/a><\/strong><\/p>\n<\/div>\n\n\n\n<div class=\"wp-block-column is-layout-flow wp-block-column-is-layout-flow\"><\/div>\n<\/div>\n\n\n\n<p><\/p>\n","protected":false},"excerpt":{"rendered":"<p>TURISMO DE BASE COMUNIT\u00c1RIA COMO ALTERNATIVA PARA O DESENVOLVIMENTO RURAL: A EXPERI\u00caNCIA DA COMUNIDADE DE [&hellip;]<\/p>\n","protected":false},"author":244,"featured_media":0,"parent":0,"menu_order":0,"comment_status":"closed","ping_status":"closed","template":"","meta":{"footnotes":""},"class_list":["post-274","page","type-page","status-publish","hentry"],"_links":{"self":[{"href":"https:\/\/www.ufpb.br\/gcet\/wp-json\/wp\/v2\/pages\/274","targetHints":{"allow":["GET"]}}],"collection":[{"href":"https:\/\/www.ufpb.br\/gcet\/wp-json\/wp\/v2\/pages"}],"about":[{"href":"https:\/\/www.ufpb.br\/gcet\/wp-json\/wp\/v2\/types\/page"}],"author":[{"embeddable":true,"href":"https:\/\/www.ufpb.br\/gcet\/wp-json\/wp\/v2\/users\/244"}],"replies":[{"embeddable":true,"href":"https:\/\/www.ufpb.br\/gcet\/wp-json\/wp\/v2\/comments?post=274"}],"version-history":[{"count":7,"href":"https:\/\/www.ufpb.br\/gcet\/wp-json\/wp\/v2\/pages\/274\/revisions"}],"predecessor-version":[{"id":1589,"href":"https:\/\/www.ufpb.br\/gcet\/wp-json\/wp\/v2\/pages\/274\/revisions\/1589"}],"wp:attachment":[{"href":"https:\/\/www.ufpb.br\/gcet\/wp-json\/wp\/v2\/media?parent=274"}],"curies":[{"name":"wp","href":"https:\/\/api.w.org\/{rel}","templated":true}]}}