{"id":28,"date":"2025-03-18T09:35:53","date_gmt":"2025-03-18T12:35:53","guid":{"rendered":"https:\/\/www.ufpb.br\/gcet\/?page_id=28"},"modified":"2026-04-07T17:44:39","modified_gmt":"2026-04-07T20:44:39","slug":"quem-somos","status":"publish","type":"page","link":"https:\/\/www.ufpb.br\/gcet\/quem-somos\/","title":{"rendered":"Equipe"},"content":{"rendered":"\n<div class=\"wp-block-media-text is-stacked-on-mobile\" style=\"grid-template-columns:21% auto\"><figure class=\"wp-block-media-text__media\"><img loading=\"lazy\" decoding=\"async\" width=\"178\" height=\"237\" src=\"https:\/\/www.ufpb.br\/gcet\/wp-content\/uploads\/sites\/79\/sites\/273\/2025\/03\/dri-1.png\" alt=\"\" class=\"wp-image-30 size-full\" \/><\/figure><div class=\"wp-block-media-text__content\">\n<p><strong><a href=\"http:\/\/plone.ufpb.br\/gcet\/contents\/documentos\/curriculos\/adriana.pdf\">Dr\u00aa.&nbsp;ADRIANA BRAMBILLA<\/a><\/strong><\/p>\n\n\n\n<p><strong>L\u00edder do GCET<\/strong><\/p>\n\n\n\n<p><a href=\"http:\/\/lattes.cnpq.br\/4174332875584869\">http:\/\/lattes.cnpq.br\/4174332875584869<\/a><\/p>\n\n\n\n<p><a href=\"https:\/\/orcid.org\/0000-0001-5603-4195\">ORCID\/0000-0001-5603-4195<\/a><\/p>\n<\/div><\/div>\n\n\n\n<div class=\"wp-block-media-text is-stacked-on-mobile\" style=\"grid-template-columns:21% auto\"><figure class=\"wp-block-media-text__media\"><img loading=\"lazy\" decoding=\"async\" width=\"187\" height=\"250\" src=\"https:\/\/www.ufpb.br\/gcet\/wp-content\/uploads\/sites\/79\/sites\/273\/2025\/03\/elidio-1.png\" alt=\"\" class=\"wp-image-31 size-full\" \/><\/figure><div class=\"wp-block-media-text__content\">\n<p><strong><a href=\"http:\/\/plone.ufpb.br\/gcet\/contents\/documentos\/curriculos\/elidio.pdf\">Dr.&nbsp;EL\u00cdDIO VANZELLA<\/a><\/strong><\/p>\n\n\n\n<p><strong>Coordenador de Linha<\/strong><\/p>\n\n\n\n<p><a href=\"http:\/\/lattes.cnpq.br\/5801337645136921\">http:\/\/lattes.cnpq.br\/5801337645136921<\/a><\/p>\n\n\n\n<p><a href=\"https:\/\/orcid.org\/0000-0002-6217-4722\"><\/a><a href=\"https:\/\/orcid.org\/0000-0002-6217-4722\">ORCID\/0000-0002-6217-4722<\/a><\/p>\n<\/div><\/div>\n\n\n\n<div class=\"wp-block-media-text is-stacked-on-mobile\" style=\"grid-template-columns:21% auto\"><figure class=\"wp-block-media-text__media\"><img loading=\"lazy\" decoding=\"async\" width=\"597\" height=\"801\" src=\"https:\/\/www.ufpb.br\/gcet\/wp-content\/uploads\/sites\/79\/sites\/273\/2025\/03\/desislava.jpg\" alt=\"\" class=\"wp-image-95 size-full\" srcset=\"https:\/\/www.ufpb.br\/gcet\/wp-content\/uploads\/sites\/79\/sites\/273\/2025\/03\/desislava.jpg 597w, https:\/\/www.ufpb.br\/gcet\/wp-content\/uploads\/sites\/79\/sites\/273\/2025\/03\/desislava-224x300.jpg 224w\" sizes=\"auto, (max-width: 597px) 100vw, 597px\" \/><\/figure><div class=\"wp-block-media-text__content\">\n<p><strong><a href=\"http:\/\/plone.ufpb.br\/gcet\/contents\/documentos\/curriculos\/desislava.pdf\"><strong>Dr\u00aa.<\/strong>&nbsp;DESISLAVA VARADZHAKOVA<\/a><\/strong><\/p>\n\n\n\n<p><strong>Pesquisadora Internacional Convidada<\/strong><\/p>\n\n\n\n<p><strong><a href=\"http:\/\/lattes.cnpq.br\/3676456137680185\">http:\/\/lattes.cnpq.br\/3676456137680185<\/a><\/strong><\/p>\n\n\n\n<p><a href=\"https:\/\/orcid.org\/0000-0001-6072-464X\"><\/a><a href=\"https:\/\/orcid.org\/0000-0001-6072-464X\">ORCID\/0000-0001-6072-464X<\/a><\/p>\n<\/div><\/div>\n\n\n\n<div class=\"wp-block-media-text is-stacked-on-mobile\" style=\"grid-template-columns:21% auto\"><figure class=\"wp-block-media-text__media\"><img loading=\"lazy\" decoding=\"async\" width=\"190\" height=\"233\" src=\"http:\/\/www.ufpb.br\/gcet\/wp-content\/uploads\/sites\/79\/sites\/273\/2025\/04\/alisson.png\" alt=\"\" class=\"wp-image-141 size-full\" \/><\/figure><div class=\"wp-block-media-text__content\">\n<p><strong><strong><strong><strong><a href=\"http:\/\/plone.ufpb.br\/gcet\/contents\/documentos\/curriculos\/ailson.pdf\">Me.&nbsp;<strong>AILSON DA SILVA FERNANDES<\/strong><\/a><\/strong><\/strong><\/strong><\/strong><\/p>\n\n\n\n<p><strong><strong>Pesquisador<\/strong><\/strong><\/p>\n\n\n\n<p><strong><a href=\"http:\/\/lattes.cnpq.br\/5667773523552052\">http:\/\/lattes.cnpq.br\/5667773523552052&nbsp;<\/a><\/strong><\/p>\n\n\n\n<p><a href=\"https:\/\/orcid.org\/0000-0001-6072-464X\"><\/a><a href=\"https:\/\/orcid.org\/0000-0002-2903-1236\">ORCID\/0000-0002-2903-1236<\/a><\/p>\n<\/div><\/div>\n\n\n\n<div class=\"wp-block-media-text is-stacked-on-mobile\" style=\"grid-template-columns:21% auto\"><figure class=\"wp-block-media-text__media\"><img loading=\"lazy\" decoding=\"async\" width=\"178\" height=\"236\" src=\"https:\/\/www.ufpb.br\/gcet\/wp-content\/uploads\/sites\/79\/sites\/273\/2025\/04\/alessandra.png\" alt=\"\" class=\"wp-image-156 size-full\" \/><\/figure><div class=\"wp-block-media-text__content\">\n<p><strong><strong><strong><strong><strong><a href=\"http:\/\/plone.ufpb.br\/gcet\/contents\/documentos\/curriculos\/alessandra.pdf\">Ma.&nbsp;ALESSANDRA SOUZA QUEIROZ MELO<\/a><\/strong><\/strong><\/strong><\/strong><\/strong><\/p>\n\n\n\n<p><strong><strong><strong>Coordenadora de Linha<\/strong><\/strong><\/strong><\/p>\n\n\n\n<p><a href=\"http:\/\/buscatextual.cnpq.br\/buscatextual\/visualizacv.do?id=K8278756Y1\">http:\/\/lattes.cnpq.br\/0467176394119138<\/a><\/p>\n\n\n\n<p><a href=\"https:\/\/orcid.org\/0000-0002-2903-1236\"><\/a><a href=\"https:\/\/orcid.org\/0000-0003-0742-5418\"><\/a><a href=\"https:\/\/orcid.org\/0000-0003-0742-5418\">ORCID\/0000-0003-0742-5418<\/a><\/p>\n<\/div><\/div>\n\n\n\n<div class=\"wp-block-media-text is-stacked-on-mobile\" style=\"grid-template-columns:21% auto\"><figure class=\"wp-block-media-text__media\"><img loading=\"lazy\" decoding=\"async\" width=\"178\" height=\"251\" src=\"https:\/\/www.ufpb.br\/gcet\/wp-content\/uploads\/sites\/79\/sites\/273\/2025\/04\/amanda.png\" alt=\"\" class=\"wp-image-157 size-full\" \/><\/figure><div class=\"wp-block-media-text__content\">\n<p><a href=\"http:\/\/plone.ufpb.br\/gcet\/contents\/documentos\/curriculos\/amanda-1.pdf\">Ma. <strong><strong><strong><strong><strong>AMANDA SUELI MADEIRA PEREIRA<\/strong><\/strong><\/strong><\/strong><\/strong><\/a><\/p>\n\n\n\n<p><strong><strong><strong><strong>Pesquisadora<\/strong><\/strong><\/strong><\/strong><\/p>\n\n\n\n<p><a href=\"http:\/\/lattes.cnpq.br\/3024145329452077\">http:\/\/lattes.cnpq.br\/3024145329452077<\/a><\/p>\n\n\n\n<p><a href=\"https:\/\/orcid.org\/0000-0002-4591-5816\"><\/a><a href=\"https:\/\/orcid.org\/0000-0002-4591-5816\">ORCID\/0000-0002-4591-5816<\/a><\/p>\n<\/div><\/div>\n\n\n\n<div class=\"wp-block-media-text is-stacked-on-mobile\" style=\"grid-template-columns:21% auto\"><figure class=\"wp-block-media-text__media\"><img loading=\"lazy\" decoding=\"async\" width=\"176\" height=\"249\" src=\"https:\/\/www.ufpb.br\/gcet\/wp-content\/uploads\/sites\/79\/sites\/273\/2025\/04\/claudia-araujo.png\" alt=\"\" class=\"wp-image-159 size-full\" \/><\/figure><div class=\"wp-block-media-text__content\">\n<p><strong><strong><strong><strong><strong><a href=\"http:\/\/plone.ufpb.br\/gcet\/contents\/documentos\/curriculos\/claudia.pdf\">Dr\u00aa.&nbsp;<strong>CL\u00c1UDIA ARA\u00daJO DE MENEZES GON\u00c7ALVES MARTINS<\/strong><\/a><\/strong><\/strong><\/strong><\/strong><\/strong><\/p>\n\n\n\n<p><strong>Coordenadora de Linha<\/strong><\/p>\n\n\n\n<p><strong><a href=\"http:\/\/lattes.cnpq.br\/5667773523552052\">h<\/a><\/strong><a href=\"http:\/\/lattes.cnpq.br\/2882900941207240\">http:\/\/lattes.cnpq.br\/2882900941207240<\/a><\/p>\n\n\n\n<p><a href=\"https:\/\/orcid.org\/0000-0003-1830-2042\"><\/a><a href=\"https:\/\/orcid.org\/0000-0003-1830-2042\">ORCID 0000-0003-1830-2042<\/a><\/p>\n<\/div><\/div>\n\n\n\n<div class=\"wp-block-media-text is-stacked-on-mobile\" style=\"grid-template-columns:21% auto\"><figure class=\"wp-block-media-text__media\"><img loading=\"lazy\" decoding=\"async\" width=\"175\" height=\"253\" src=\"https:\/\/www.ufpb.br\/gcet\/wp-content\/uploads\/sites\/79\/sites\/273\/2025\/04\/daiko-1-1.png\" alt=\"\" class=\"wp-image-160 size-full\" \/><\/figure><div class=\"wp-block-media-text__content\">\n<p><strong><strong><strong><strong><strong><a href=\"http:\/\/plone.ufpb.br\/gcet\/contents\/documentos\/curriculos\/daiko-docx.pdf\">Me.&nbsp;<strong>DAIKO LIMA E SILVA<\/strong><\/a><\/strong><\/strong><\/strong><\/strong><\/strong><\/p>\n\n\n\n<p><strong><strong><strong>Coordenador de Linha<\/strong><\/strong><\/strong><\/p>\n\n\n\n<p><a href=\"http:\/\/lattes.cnpq.br\/1086299531552967\">http:\/\/lattes.cnpq.br\/1086299531552967<\/a><\/p>\n\n\n\n<p><a href=\"https:\/\/orcid.org\/0000-0003-4274-6460\"><\/a><a href=\"https:\/\/orcid.org\/0000-0003-4274-6460\">ORCID\/0000-0003-4274-6460<\/a><\/p>\n<\/div><\/div>\n\n\n\n<div class=\"wp-block-media-text is-stacked-on-mobile\" style=\"grid-template-columns:21% auto\"><figure class=\"wp-block-media-text__media\"><img loading=\"lazy\" decoding=\"async\" width=\"180\" height=\"241\" src=\"https:\/\/www.ufpb.br\/gcet\/wp-content\/uploads\/sites\/79\/sites\/273\/2025\/04\/felipe-1.png\" alt=\"\" class=\"wp-image-161 size-full\" \/><\/figure><div class=\"wp-block-media-text__content\">\n<p><strong><strong><strong><strong><strong><a href=\"http:\/\/plone.ufpb.br\/gcet\/contents\/documentos\/curriculos\/felipe.pdf\">Dr. FELIPE GOMES DO NASCIMENTO<\/a><\/strong><\/strong><\/strong><\/strong><\/strong><\/p>\n\n\n\n<p><strong><strong><strong>Coordenador de Linha<\/strong><\/strong><\/strong><\/p>\n\n\n\n<p><a href=\"http:\/\/buscatextual.cnpq.br\/buscatextual\/visualizacv.do?id=K4314001D3\">http:\/\/lattes.cnpq.br\/1503357911572355<\/a><\/p>\n\n\n\n<p><a href=\"https:\/\/orcid.org\/0000-0002-4881-1385\"><\/a><a href=\"https:\/\/orcid.org\/0000-0002-4881-1385\">ORCID\/0000-0002-4881-1385<\/a><\/p>\n<\/div><\/div>\n\n\n\n<div class=\"wp-block-media-text is-stacked-on-mobile\" style=\"grid-template-columns:21% auto\"><figure class=\"wp-block-media-text__media\"><img loading=\"lazy\" decoding=\"async\" width=\"180\" height=\"240\" src=\"https:\/\/www.ufpb.br\/gcet\/wp-content\/uploads\/sites\/79\/sites\/273\/2025\/04\/fernanda-1.png\" alt=\"\" class=\"wp-image-162 size-full\" \/><\/figure><div class=\"wp-block-media-text__content\">\n<p><strong><strong><strong><strong><strong><a href=\"http:\/\/plone.ufpb.br\/gcet\/contents\/documentos\/curriculos\/fernanda.pdf\" data-type=\"link\" data-id=\"http:\/\/plone.ufpb.br\/gcet\/contents\/documentos\/curriculos\/fernanda.pdf\">Me. FERNANDA BRAMBILLA<\/a><\/strong><\/strong><\/strong><\/strong><\/strong><\/p>\n\n\n\n<p><strong><strong><strong>Colaborador externo<\/strong><\/strong><\/strong><\/p>\n\n\n\n<p><a href=\"http:\/\/buscatextual.cnpq.br\/buscatextual\/visualizacv.do?id=K4347617U8\">http:\/\/lattes.cnpq.br\/0344989507127193<\/a><\/p>\n\n\n\n<p><a href=\"https:\/\/orcid.org\/0000-0001-7518-368X\"><\/a><a href=\"https:\/\/orcid.org\/0000-0001-7518-368X\">ORCID\/0000-0001-7518-368X<\/a><\/p>\n<\/div><\/div>\n\n\n\n<div class=\"wp-block-media-text is-stacked-on-mobile\" style=\"grid-template-columns:21% auto\"><figure class=\"wp-block-media-text__media\"><img loading=\"lazy\" decoding=\"async\" width=\"179\" height=\"239\" src=\"https:\/\/www.ufpb.br\/gcet\/wp-content\/uploads\/sites\/79\/sites\/273\/2025\/04\/kennedy-1.png\" alt=\"\" class=\"wp-image-165 size-full\" \/><\/figure><div class=\"wp-block-media-text__content\">\n<p><strong><strong><strong><strong><strong><a href=\"http:\/\/plone.ufpb.br\/gcet\/contents\/documentos\/curriculos\/kennedy.pdf\">Me.&nbsp;KENNEDY KAUFUMMAM COSTA MAFRA<\/a><\/strong><\/strong><\/strong><\/strong><\/strong><\/p>\n\n\n\n<p><strong><strong>Pesquisador<\/strong><\/strong><\/p>\n\n\n\n<p><a href=\"http:\/\/lattes.cnpq.br\/1690961627313321\">http:\/\/lattes.cnpq.br\/1690961627313321<\/a><\/p>\n\n\n\n<p><a href=\"https:\/\/orcid.org\/0000-0001-9555-7191\"><\/a><a href=\"https:\/\/orcid.org\/0000-0001-9555-7191\">ORCID\/0000-0001-9555-7191<\/a><\/p>\n<\/div><\/div>\n\n\n\n<div class=\"wp-block-media-text is-stacked-on-mobile\" style=\"grid-template-columns:21% auto\"><figure class=\"wp-block-media-text__media\"><img loading=\"lazy\" decoding=\"async\" width=\"186\" height=\"245\" src=\"https:\/\/www.ufpb.br\/gcet\/wp-content\/uploads\/sites\/79\/sites\/273\/2025\/04\/francinete-1.png\" alt=\"\" class=\"wp-image-166 size-full\" \/><\/figure><div class=\"wp-block-media-text__content\">\n<p><strong><strong><strong><strong><strong><a href=\"http:\/\/plone.ufpb.br\/gcet\/contents\/documentos\/curriculos\/netinha.pdf\">Esp.&nbsp;FRANCINETE DA SILVA GUILHERME<\/a><\/strong><\/strong><\/strong><\/strong><\/strong><\/p>\n\n\n\n<p><strong><strong>Pesquisador<\/strong>a<\/strong><\/p>\n\n\n\n<p><a href=\"http:\/\/lattes.cnpq.br\/2459300216004479\">http:\/\/lattes.cnpq.br\/2459300216004479<\/a><\/p>\n\n\n\n<p><a href=\"\/0000-0001-5711-6336\"><\/a><a href=\"https:\/\/orcid.org\/0000-0001-5711-6336\">ORCID 0000-0001-5711-6336<\/a><\/p>\n<\/div><\/div>\n\n\n\n<div class=\"wp-block-media-text is-stacked-on-mobile\" style=\"grid-template-columns:21% auto\"><figure class=\"wp-block-media-text__media\"><img loading=\"lazy\" decoding=\"async\" width=\"576\" height=\"1024\" src=\"https:\/\/www.ufpb.br\/gcet\/wp-content\/uploads\/sites\/79\/sites\/273\/2025\/10\/WhatsApp-Image-2025-10-10-at-11.54.28-1-576x1024.jpeg\" alt=\"\" class=\"wp-image-1567 size-full\" srcset=\"https:\/\/www.ufpb.br\/gcet\/wp-content\/uploads\/sites\/79\/sites\/273\/2025\/10\/WhatsApp-Image-2025-10-10-at-11.54.28-1-576x1024.jpeg 576w, https:\/\/www.ufpb.br\/gcet\/wp-content\/uploads\/sites\/79\/sites\/273\/2025\/10\/WhatsApp-Image-2025-10-10-at-11.54.28-1-169x300.jpeg 169w, https:\/\/www.ufpb.br\/gcet\/wp-content\/uploads\/sites\/79\/sites\/273\/2025\/10\/WhatsApp-Image-2025-10-10-at-11.54.28-1-768x1365.jpeg 768w, https:\/\/www.ufpb.br\/gcet\/wp-content\/uploads\/sites\/79\/sites\/273\/2025\/10\/WhatsApp-Image-2025-10-10-at-11.54.28-1-864x1536.jpeg 864w, https:\/\/www.ufpb.br\/gcet\/wp-content\/uploads\/sites\/79\/sites\/273\/2025\/10\/WhatsApp-Image-2025-10-10-at-11.54.28-1.jpeg 900w\" sizes=\"auto, (max-width: 576px) 100vw, 576px\" \/><\/figure><div class=\"wp-block-media-text__content\">\n<p><strong><strong><strong><strong><strong><a href=\"http:\/\/plone.ufpb.br\/gcet\/contents\/documentos\/curriculos\/leylane-martins.pdf\">Dra. LEYLANE MENESES MARTINS<\/a><\/strong><\/strong><\/strong><\/strong><\/strong><\/p>\n\n\n\n<p><strong><strong>Coordenadora de Linha<\/strong><\/strong><\/p>\n\n\n\n<p><a href=\"http:\/\/lattes.cnpq.br\/7824108144436370\">http:\/\/lattes.cnpq.br\/7824108144436370<\/a><\/p>\n\n\n\n<p><a href=\"https:\/\/orcid.org\/0000-0003-4411-2568\"><\/a><a href=\"https:\/\/orcid.org\/0000-0003-4411-2568\">ORCID\/0000-0003-4411-2568<\/a><\/p>\n<\/div><\/div>\n\n\n\n<div class=\"wp-block-media-text is-stacked-on-mobile\" style=\"grid-template-columns:21% auto\"><figure class=\"wp-block-media-text__media\"><img loading=\"lazy\" decoding=\"async\" width=\"149\" height=\"191\" src=\"https:\/\/www.ufpb.br\/gcet\/wp-content\/uploads\/sites\/79\/sites\/273\/2025\/04\/marilia-1.png\" alt=\"\" class=\"wp-image-175 size-full\" \/><\/figure><div class=\"wp-block-media-text__content\">\n<p><strong><strong><strong><strong><strong><strong><a href=\"http:\/\/plone.ufpb.br\/gcet\/contents\/documentos\/curriculos\/marilia.pdf\">Dr\u00aa. MAR\u00cdLIA FERREIRA PAES CES\u00c1RIO<\/a><\/strong><\/strong><\/strong><\/strong><\/strong><\/strong><\/p>\n\n\n\n<p><strong><strong><strong>Coordenadora de Linha<\/strong><\/strong><\/strong><\/p>\n\n\n\n<p><a href=\"http:\/\/lattes.cnpq.br\/8187741098920583\">http:\/\/lattes.cnpq.br\/8187741098920583<\/a><\/p>\n\n\n\n<p><a href=\"https:\/\/orcid.org\/0000-0002-2903-1236\"><\/a><a href=\"https:\/\/orcid.org\/0000-0001-8395-9070\"><\/a><a href=\"https:\/\/orcid.org\/0000-0001-8395-9070\">ORCID\/0000-0001-8395-9070<\/a><\/p>\n<\/div><\/div>\n\n\n\n<div class=\"wp-block-media-text is-stacked-on-mobile\" style=\"grid-template-columns:21% auto\"><figure class=\"wp-block-media-text__media\"><img loading=\"lazy\" decoding=\"async\" width=\"149\" height=\"194\" src=\"https:\/\/www.ufpb.br\/gcet\/wp-content\/uploads\/sites\/79\/sites\/273\/2025\/04\/priscila-1.png\" alt=\"\" class=\"wp-image-176 size-full\" \/><\/figure><div class=\"wp-block-media-text__content\">\n<p><strong><strong><strong><strong><strong><strong><a href=\"http:\/\/plone.ufpb.br\/gcet\/contents\/documentos\/curriculos\/priscila.pdf\"><\/a><a href=\"http:\/\/plone.ufpb.br\/gcet\/contents\/documentos\/curriculos\/priscila.pdf\"><strong><strong>Dr<\/strong><\/strong>\u00aa. PRISCILA FERNANDES CARVALHO DE MELO<\/a><\/strong><\/strong><\/strong><\/strong><\/strong><\/strong><\/p>\n\n\n\n<p><strong><strong><strong><strong><strong>Coordenadora de Linha<\/strong><\/strong><\/strong><\/strong><\/strong><\/p>\n\n\n\n<p><a href=\"http:\/\/lattes.cnpq.br\/9400237366442932\">http:\/\/lattes.cnpq.br\/9400237366442932<\/a><\/p>\n\n\n\n<p><a href=\"http:\/\/orcid.org\/0000-0001-5296-933X\"><\/a><a href=\"https:\/\/orcid.org\/0000-0001-5296-933X\">ORCID\/0000-0001-5296-933X<\/a><\/p>\n<\/div><\/div>\n\n\n\n<div class=\"wp-block-media-text is-stacked-on-mobile\" style=\"grid-template-columns:21% auto\"><figure class=\"wp-block-media-text__media\"><img loading=\"lazy\" decoding=\"async\" width=\"147\" height=\"202\" src=\"https:\/\/www.ufpb.br\/gcet\/wp-content\/uploads\/sites\/79\/sites\/273\/2025\/04\/samuel.png\" alt=\"\" class=\"wp-image-177 size-full\" \/><\/figure><div class=\"wp-block-media-text__content\">\n<p><strong><strong><strong><strong><strong><a href=\"http:\/\/plone.ufpb.br\/gcet\/contents\/documentos\/curriculos\/louis.pdf\"><strong><strong><\/strong><\/strong><\/a><strong><strong><a href=\"http:\/\/plone.ufpb.br\/gcet\/contents\/documentos\/curriculos\/samuel.pdf\">SAMUEL RIBEIRO DOS SANTOS<\/a><\/strong><\/strong><\/strong><\/strong><\/strong><\/strong><\/strong><\/p>\n\n\n\n<p><strong><strong>Pesquisador<\/strong><\/strong><\/p>\n\n\n\n<p><a href=\"http:\/\/lattes.cnpq.br\/1315476755224323\">http:\/\/lattes.cnpq.br\/1315476755224323<\/a><\/p>\n\n\n\n<p><a href=\"http:\/\/orcid.org\/0009-0009-4651-2777\"><\/a><a href=\"https:\/\/orcid.org\/0009-0009-4651-2777\">ORCID\/0009-0009-4651-2777<\/a><\/p>\n<\/div><\/div>\n\n\n\n<div class=\"wp-block-media-text is-stacked-on-mobile\" style=\"grid-template-columns:21% auto\"><figure class=\"wp-block-media-text__media\"><img loading=\"lazy\" decoding=\"async\" width=\"142\" height=\"195\" src=\"https:\/\/www.ufpb.br\/gcet\/wp-content\/uploads\/sites\/79\/sites\/273\/2025\/04\/simone.png\" alt=\"\" class=\"wp-image-178 size-full\" \/><\/figure><div class=\"wp-block-media-text__content\">\n<p><strong><strong><strong><strong><strong><a href=\"http:\/\/plone.ufpb.br\/gcet\/contents\/documentos\/curriculos\/louis.pdf\"><strong><\/strong><\/a><strong><a href=\"http:\/\/plone.ufpb.br\/gcet\/contents\/documentos\/curriculos\/simone.pdf\">Ma. SIMONE NETO DE SANTANA OLIVEIRA<\/a><\/strong><\/strong><\/strong><\/strong><\/strong><\/strong><\/p>\n\n\n\n<p><strong><strong>Pesquisador<\/strong>a<\/strong><\/p>\n\n\n\n<p><a href=\"http:\/\/lattes.cnpq.br\/1053168125778194\">http:\/\/lattes.cnpq.br\/1053168125778194<\/a><\/p>\n\n\n\n<p><a href=\"https:\/\/orcid.org\/0000-0002-2903-1236\"><\/a><a href=\"https:\/\/orcid.org\/0000-0002-6292-9339\"><\/a><a href=\"https:\/\/orcid.org\/0000-0002-6292-9339\">ORCID\/0000-0002-6292-9339<\/a><\/p>\n<\/div><\/div>\n\n\n\n<div class=\"wp-block-media-text is-stacked-on-mobile\" style=\"grid-template-columns:21% auto\"><figure class=\"wp-block-media-text__media\"><img loading=\"lazy\" decoding=\"async\" width=\"768\" height=\"1024\" src=\"https:\/\/www.ufpb.br\/gcet\/wp-content\/uploads\/sites\/79\/sites\/273\/2025\/10\/teste-eu-768x1024.png\" alt=\"\" class=\"wp-image-1563 size-full\" srcset=\"https:\/\/www.ufpb.br\/gcet\/wp-content\/uploads\/sites\/79\/sites\/273\/2025\/10\/teste-eu-768x1024.png 768w, https:\/\/www.ufpb.br\/gcet\/wp-content\/uploads\/sites\/79\/sites\/273\/2025\/10\/teste-eu-225x300.png 225w, https:\/\/www.ufpb.br\/gcet\/wp-content\/uploads\/sites\/79\/sites\/273\/2025\/10\/teste-eu-1152x1536.png 1152w, https:\/\/www.ufpb.br\/gcet\/wp-content\/uploads\/sites\/79\/sites\/273\/2025\/10\/teste-eu.png 1200w\" sizes=\"auto, (max-width: 768px) 100vw, 768px\" \/><\/figure><div class=\"wp-block-media-text__content\">\n<p><strong><strong><strong><strong><strong><strong><a href=\"http:\/\/plone.ufpb.br\/gcet\/contents\/documentos\/curriculos\/thiago.pdf\">Dr. THYAGO VELOZO DE ALBUQUERQUE<\/a><\/strong><\/strong><\/strong><\/strong><\/strong><\/strong><\/p>\n\n\n\n<p><strong><strong><strong><strong>Coordenador de Linha<\/strong><\/strong><\/strong><\/strong><\/p>\n\n\n\n<p><a href=\"http:\/\/lattes.cnpq.br\/2866172910709129\">http:\/\/lattes.cnpq.br\/2866172910709129<\/a><\/p>\n\n\n\n<p><a href=\"https:\/\/orcid.org\/0000-0002-0810-6163\">ORCID\/0000-0002-0810-6163<\/a><\/p>\n<\/div><\/div>\n","protected":false},"excerpt":{"rendered":"<p>Dr\u00aa.&nbsp;ADRIANA BRAMBILLA L\u00edder do GCET http:\/\/lattes.cnpq.br\/4174332875584869 ORCID\/0000-0001-5603-4195 Dr.&nbsp;EL\u00cdDIO VANZELLA Coordenador de Linha http:\/\/lattes.cnpq.br\/5801337645136921 ORCID\/0000-0002-6217-4722 Dr\u00aa.&nbsp;DESISLAVA [&hellip;]<\/p>\n","protected":false},"author":47,"featured_media":0,"parent":0,"menu_order":0,"comment_status":"closed","ping_status":"closed","template":"","meta":{"footnotes":""},"class_list":["post-28","page","type-page","status-publish","hentry"],"_links":{"self":[{"href":"https:\/\/www.ufpb.br\/gcet\/wp-json\/wp\/v2\/pages\/28","targetHints":{"allow":["GET"]}}],"collection":[{"href":"https:\/\/www.ufpb.br\/gcet\/wp-json\/wp\/v2\/pages"}],"about":[{"href":"https:\/\/www.ufpb.br\/gcet\/wp-json\/wp\/v2\/types\/page"}],"author":[{"embeddable":true,"href":"https:\/\/www.ufpb.br\/gcet\/wp-json\/wp\/v2\/users\/47"}],"replies":[{"embeddable":true,"href":"https:\/\/www.ufpb.br\/gcet\/wp-json\/wp\/v2\/comments?post=28"}],"version-history":[{"count":21,"href":"https:\/\/www.ufpb.br\/gcet\/wp-json\/wp\/v2\/pages\/28\/revisions"}],"predecessor-version":[{"id":1877,"href":"https:\/\/www.ufpb.br\/gcet\/wp-json\/wp\/v2\/pages\/28\/revisions\/1877"}],"wp:attachment":[{"href":"https:\/\/www.ufpb.br\/gcet\/wp-json\/wp\/v2\/media?parent=28"}],"curies":[{"name":"wp","href":"https:\/\/api.w.org\/{rel}","templated":true}]}}