{"id":35,"date":"2025-03-18T09:37:24","date_gmt":"2025-03-18T12:37:24","guid":{"rendered":"https:\/\/www.ufpb.br\/gcet\/?page_id=35"},"modified":"2025-04-08T15:05:26","modified_gmt":"2025-04-08T18:05:26","slug":"artigos","status":"publish","type":"page","link":"https:\/\/www.ufpb.br\/gcet\/artigos\/","title":{"rendered":"Artigos"},"content":{"rendered":"\n<figure class=\"wp-block-table is-style-stripes\"><table class=\"has-fixed-layout\"><tbody><tr><td><a href=\"https:\/\/www.ufpb.br\/gcet\/artigo-acessibilidade-terceira-idade-e-turismo\/\" data-type=\"link\" data-id=\"https:\/\/www.ufpb.br\/gcet\/artigo-acessibilidade-terceira-idade-e-turismo\/\">Acessibilidade, Terceira Idade e Turismo<\/a><\/td><\/tr><tr><td><a href=\"https:\/\/www.ufpb.br\/gcet\/artigo-educacao\/\" data-type=\"link\" data-id=\"https:\/\/www.ufpb.br\/gcet\/artigo-educacao\/\">Educa\u00e7\u00e3o<\/a><\/td><\/tr><tr><td><a href=\"https:\/\/www.ufpb.br\/gcet\/artigo-experiencia-turistica-tecnologia-e-turismo\/\" data-type=\"page\" data-id=\"366\">Experi\u00eancia tur\u00edstica, Tecnologia e Turismo<\/a><\/td><\/tr><tr><td><a href=\"https:\/\/www.ufpb.br\/gcet\/artigo-marketing-e-gestao-do-turismo-e-da-hotelaria\/\" data-type=\"page\" data-id=\"368\">Marketing e gest\u00e3o do Turismo e da Hotelaria<\/a><\/td><\/tr><tr><td><a href=\"https:\/\/www.ufpb.br\/gcet\/livro-turismo-e-gastronomia\/\" data-type=\"link\" data-id=\"https:\/\/www.ufpb.br\/gcet\/livro-turismo-e-gastronomia\/\"><\/a><a href=\"https:\/\/www.ufpb.br\/gcet\/artigo-turismo-cinematografico-e-dark-tourism\/\" data-type=\"page\" data-id=\"370\">Turismo Cinematogr\u00e1fico e Dark Tourism<\/a><\/td><\/tr><tr><td><a href=\"https:\/\/www.ufpb.br\/gcet\/artigo-turismo-cultura-e-patrimonio\/\" data-type=\"page\" data-id=\"372\">Turismo, Cultura e Patrim\u00f4nio<\/a><\/td><\/tr><tr><td><a href=\"https:\/\/www.ufpb.br\/gcet\/livro-turismo-politicas-publicas-e-sustentabilidade-educacao\/\" data-type=\"link\" data-id=\"https:\/\/www.ufpb.br\/gcet\/livro-turismo-politicas-publicas-e-sustentabilidade-educacao\/\"><\/a><a href=\"https:\/\/www.ufpb.br\/gcet\/artigo-turismo-e-gastronomia\/\" data-type=\"page\" data-id=\"374\">Turismo e Gastronomia<\/a><\/td><\/tr><tr><td><a href=\"https:\/\/www.ufpb.br\/gcet\/artigo-turismo-politicas-publicas-e-sustentabilidade\/\" data-type=\"page\" data-id=\"376\">Turismo, Pol\u00edticas P\u00fablicas e Sustentabilidade<\/a><\/td><\/tr><\/tbody><\/table><\/figure>\n\n\n\n<p><\/p>\n","protected":false},"excerpt":{"rendered":"<p>Acessibilidade, Terceira Idade e Turismo Educa\u00e7\u00e3o Experi\u00eancia tur\u00edstica, Tecnologia e Turismo Marketing e gest\u00e3o do [&hellip;]<\/p>\n","protected":false},"author":47,"featured_media":0,"parent":0,"menu_order":0,"comment_status":"closed","ping_status":"closed","template":"","meta":{"footnotes":""},"class_list":["post-35","page","type-page","status-publish","hentry"],"_links":{"self":[{"href":"https:\/\/www.ufpb.br\/gcet\/wp-json\/wp\/v2\/pages\/35","targetHints":{"allow":["GET"]}}],"collection":[{"href":"https:\/\/www.ufpb.br\/gcet\/wp-json\/wp\/v2\/pages"}],"about":[{"href":"https:\/\/www.ufpb.br\/gcet\/wp-json\/wp\/v2\/types\/page"}],"author":[{"embeddable":true,"href":"https:\/\/www.ufpb.br\/gcet\/wp-json\/wp\/v2\/users\/47"}],"replies":[{"embeddable":true,"href":"https:\/\/www.ufpb.br\/gcet\/wp-json\/wp\/v2\/comments?post=35"}],"version-history":[{"count":6,"href":"https:\/\/www.ufpb.br\/gcet\/wp-json\/wp\/v2\/pages\/35\/revisions"}],"predecessor-version":[{"id":380,"href":"https:\/\/www.ufpb.br\/gcet\/wp-json\/wp\/v2\/pages\/35\/revisions\/380"}],"wp:attachment":[{"href":"https:\/\/www.ufpb.br\/gcet\/wp-json\/wp\/v2\/media?parent=35"}],"curies":[{"name":"wp","href":"https:\/\/api.w.org\/{rel}","templated":true}]}}