{"id":361,"date":"2025-04-08T14:59:07","date_gmt":"2025-04-08T17:59:07","guid":{"rendered":"https:\/\/www.ufpb.br\/gcet\/?page_id=361"},"modified":"2026-05-06T19:11:30","modified_gmt":"2026-05-06T22:11:30","slug":"artigo-acessibilidade-terceira-idade-e-turismo","status":"publish","type":"page","link":"https:\/\/www.ufpb.br\/gcet\/artigo-acessibilidade-terceira-idade-e-turismo\/","title":{"rendered":"ARTIGO &#8211; Acessibilidade, Terceira Idade e Turismo"},"content":{"rendered":"\n<ol class=\"wp-block-list\">\n<li><a href=\"https:\/\/www.ufpb.br\/gcet\/wp-content\/uploads\/sites\/79\/sites\/273\/2025\/04\/ACESSIBILIDADE_PARA_IDOSOS_Um_Estudo_Apl.pdf\" data-type=\"link\" data-id=\"https:\/\/www.ufpb.br\/gcet\/wp-content\/uploads\/sites\/79\/sites\/273\/2025\/04\/ACESSIBILIDADE_PARA_IDOSOS_Um_Estudo_Apl.pdf\">ACESSIBILIDADE PARA IDOSOS: Um Estudo Aplicado ao Parque S\u00f3lon de Lucena<\/a><\/li>\n\n\n\n<li><a href=\"https:\/\/www.ufpb.br\/gcet\/wp-content\/uploads\/sites\/79\/sites\/273\/2025\/04\/A_Terceira_Idade_e_o_Mercado_de_Trabalho-1.pdf\" data-type=\"link\" data-id=\"https:\/\/www.ufpb.br\/gcet\/wp-content\/uploads\/sites\/79\/sites\/273\/2025\/04\/A_Terceira_Idade_e_o_Mercado_de_Trabalho-1.pdf\">A Terceira Idade e o Mercado de Trabalho Seniors and the Labor Market<\/a><\/li>\n\n\n\n<li><a href=\"https:\/\/www.ufpb.br\/gcet\/wp-content\/uploads\/sites\/79\/sites\/273\/2025\/04\/A_PRAIA_E_PARA_TODOS_UM_ESTUDO_SOBRE_ACE.pdf\" data-type=\"link\" data-id=\"https:\/\/www.ufpb.br\/gcet\/wp-content\/uploads\/sites\/79\/sites\/273\/2025\/04\/A_PRAIA_E_PARA_TODOS_UM_ESTUDO_SOBRE_ACE.pdf\">A PRAIA E PARA TODOS UM ESTUDO SOBRE ACESSIBILIDADE NA PRAIA DE PIPA RN<\/a><\/li>\n\n\n\n<li><a href=\"https:\/\/www.ufpb.br\/gcet\/wp-content\/uploads\/sites\/79\/sites\/273\/2025\/04\/ACCESSIBILITY_CONDITIONS_IN_RESTAURANTS.pdf\" data-type=\"link\" data-id=\"https:\/\/www.ufpb.br\/gcet\/wp-content\/uploads\/sites\/79\/sites\/273\/2025\/04\/ACCESSIBILITY_CONDITIONS_IN_RESTAURANTS.pdf\">ACCESSIBILITY CONDITIONS IN RESTAURANTS LOCATED IN THE SURROUNDINGS OF THE TOURIST ATTRACTIONS OF CABEDELO-PB: A STUDY FOCUSED ON TOURISM FOR THE THIRD AGE TOURIST<\/a><\/li>\n\n\n\n<li><a href=\"https:\/\/www.ufpb.br\/gcet\/wp-content\/uploads\/sites\/79\/sites\/273\/2025\/04\/TURISMO_ACESSIVEL_PARA_O_TURISTA_DA_TERC.pdf\" data-type=\"link\" data-id=\"https:\/\/www.ufpb.br\/gcet\/wp-content\/uploads\/sites\/79\/sites\/273\/2025\/04\/TURISMO_ACESSIVEL_PARA_O_TURISTA_DA_TERC.pdf\">TURISMO ACESS\u00cdVEL PARA O TURISTA DA TERCEIRA IDADE NA PRAIA FLUVIAL DO JACAR\u00c9 NA CIDADE DE CABEDELO\/PB<\/a><\/li>\n\n\n\n<li><a href=\"https:\/\/www.ufpb.br\/gcet\/wp-content\/uploads\/sites\/79\/sites\/273\/2025\/04\/PATRIMONIO_CULTURAL_DA_CIDADE_DE_CABEDEL.pdf\" data-type=\"link\" data-id=\"https:\/\/www.ufpb.br\/gcet\/wp-content\/uploads\/sites\/79\/sites\/273\/2025\/04\/PATRIMONIO_CULTURAL_DA_CIDADE_DE_CABEDEL.pdf\">PATRIM\u00d4NIO CULTURAL DA CIDADE DE CABEDELO\/PB: um estudo sobre a acessibilidade para o turismo da terceira idade na Fortaleza de Santa Catarina\/PB<\/a><\/li>\n\n\n\n<li><a href=\"https:\/\/www.ufpb.br\/gcet\/wp-content\/uploads\/sites\/79\/sites\/273\/2025\/04\/Turismo_Acessivel_um_estudo_em_publicaco.pdf\" data-type=\"link\" data-id=\"https:\/\/www.ufpb.br\/gcet\/wp-content\/uploads\/sites\/79\/sites\/273\/2025\/04\/Turismo_Acessivel_um_estudo_em_publicaco.pdf\">Turismo Acess\u00edvel: um estudo em publica\u00e7\u00f5es da Universidade Federal da Para\u00edba<\/a><\/li>\n\n\n\n<li><a href=\"https:\/\/www.ufpb.br\/gcet\/wp-content\/uploads\/sites\/79\/sites\/273\/2025\/04\/ACCESSIBILITY_FOR_THE_THIRD_AGE_IN_THE_H.pdf\" data-type=\"link\" data-id=\"https:\/\/www.ufpb.br\/gcet\/wp-content\/uploads\/sites\/79\/sites\/273\/2025\/04\/ACCESSIBILITY_FOR_THE_THIRD_AGE_IN_THE_H.pdf\">ACCESSIBILITY FOR THE THIRD AGE IN THE HOTEL INDUSTRY OF JO\u00c3O PESSOA-PB<\/a><\/li>\n\n\n\n<li><a href=\"https:\/\/www.ufpb.br\/gcet\/wp-content\/uploads\/sites\/79\/sites\/273\/2025\/04\/SENIOR_TOURISM_A_STUDY_ON_ACCESSIBILITY.pdf\" data-type=\"link\" data-id=\"https:\/\/www.ufpb.br\/gcet\/wp-content\/uploads\/sites\/79\/sites\/273\/2025\/04\/SENIOR_TOURISM_A_STUDY_ON_ACCESSIBILITY.pdf\">SENIOR TOURISM: A STUDY ON ACCESSIBILITY AT THE AREIA VERMELHA MARINE STATE PARK IN THE CITY OF CABEDELO\/PB<\/a><\/li>\n\n\n\n<li><a href=\"https:\/\/www.ufpb.br\/gcet\/wp-content\/uploads\/sites\/79\/sites\/273\/2025\/04\/TURISMO_E_ACESSIBILIDADE_interdisciplina.pdf\" data-type=\"link\" data-id=\"https:\/\/www.ufpb.br\/gcet\/wp-content\/uploads\/sites\/79\/sites\/273\/2025\/04\/TURISMO_E_ACESSIBILIDADE_interdisciplina.pdf\">TURISMO E ACESSIBILIDADE: interdisciplinaridade entre os cursos da Universidade Federal da Para\u00edba<\/a><\/li>\n\n\n\n<li><a href=\"https:\/\/www.ufpb.br\/gcet\/wp-content\/uploads\/sites\/79\/sites\/273\/2025\/04\/Acessibilidade_e_hotelaria_na_cidade_de.pdf\" data-type=\"link\" data-id=\"https:\/\/www.ufpb.br\/gcet\/wp-content\/uploads\/sites\/79\/sites\/273\/2025\/04\/Acessibilidade_e_hotelaria_na_cidade_de.pdf\">Acessibilidade e hotelaria na cidade de Jo\u00e3o Pessoa\/PB<\/a><\/li>\n\n\n\n<li><a href=\"https:\/\/www.ufpb.br\/gcet\/wp-content\/uploads\/sites\/79\/sites\/273\/2025\/04\/ACESSIBILIDADE_EM_RESTAURANTE_PARA_O_PUB.pdf\" data-type=\"link\" data-id=\"https:\/\/www.ufpb.br\/gcet\/wp-content\/uploads\/sites\/79\/sites\/273\/2025\/04\/ACESSIBILIDADE_EM_RESTAURANTE_PARA_O_PUB.pdf\">ACESSIBILIDADE EM RESTAURANTE PARA O P\u00daBLICO DA TERCEIRA IDADE NA CIDADE DE AREIA-PB<\/a><\/li>\n\n\n\n<li><a href=\"https:\/\/www.ufpb.br\/gcet\/wp-content\/uploads\/sites\/79\/sites\/273\/2025\/04\/ACESSIBILIDADE_NO_TURISMO_uma_analise_a.pdf\" data-type=\"link\" data-id=\"https:\/\/www.ufpb.br\/gcet\/wp-content\/uploads\/sites\/79\/sites\/273\/2025\/04\/ACESSIBILIDADE_NO_TURISMO_uma_analise_a.pdf\">ACESSIBILIDADE NO TURISMO: uma an\u00e1lise a partir da interdisciplinaridade<\/a><\/li>\n\n\n\n<li><a href=\"https:\/\/www.ufpb.br\/gcet\/wp-content\/uploads\/sites\/79\/sites\/273\/2025\/04\/ACESSIBILIDADE_PARA_TERCEIRA_IDADE_um_es.pdf\" data-type=\"link\" data-id=\"https:\/\/www.ufpb.br\/gcet\/wp-content\/uploads\/sites\/79\/sites\/273\/2025\/04\/ACESSIBILIDADE_PARA_TERCEIRA_IDADE_um_es.pdf\">ACESSIBILIDADE PARA TERCEIRA IDADE: um estudo aplicado a Igreja da Santa Casa de Miseric\u00f3rdia da Para\u00edba<\/a><\/li>\n\n\n\n<li><a href=\"https:\/\/www.ufpb.br\/gcet\/wp-content\/uploads\/sites\/79\/sites\/273\/2025\/04\/Rota_de_pedestre_e_acessibilidade.pdf\" data-type=\"link\" data-id=\"https:\/\/www.ufpb.br\/gcet\/wp-content\/uploads\/sites\/79\/sites\/273\/2025\/04\/Rota_de_pedestre_e_acessibilidade.pdf\">Rota de pedestre e acessibilidade<\/a><\/li>\n\n\n\n<li><a href=\"https:\/\/www.ufpb.br\/gcet\/wp-content\/uploads\/sites\/79\/sites\/273\/2025\/04\/Hotelaria_Turismo_e_Terceira_Idade_Um_Es.pdf\" data-type=\"link\" data-id=\"https:\/\/www.ufpb.br\/gcet\/wp-content\/uploads\/sites\/79\/sites\/273\/2025\/04\/Hotelaria_Turismo_e_Terceira_Idade_Um_Es.pdf\">Hotelaria, Turismo e Terceira Idade: Um Estudo Sobre as Publica\u00e7\u00f5es Cient\u00edficas<\/a><\/li>\n\n\n\n<li><a href=\"https:\/\/www.ufpb.br\/gcet\/wp-content\/uploads\/sites\/79\/sites\/273\/2025\/04\/Acessibilidade_para_idosos_um_estudo_apl-1.pdf\" data-type=\"link\" data-id=\"https:\/\/www.ufpb.br\/gcet\/wp-content\/uploads\/sites\/79\/sites\/273\/2025\/04\/Acessibilidade_para_idosos_um_estudo_apl-1.pdf\">Acessibilidade para idosos: um estudo aplicado ao turismo cultural<\/a><\/li>\n\n\n\n<li><a href=\"https:\/\/www.ufpb.br\/gcet\/wp-content\/uploads\/sites\/79\/sites\/273\/2025\/04\/HOTELARIA_HOSPITALAR_PARA_IDOSOS.pdf\" data-type=\"link\" data-id=\"https:\/\/www.ufpb.br\/gcet\/wp-content\/uploads\/sites\/79\/sites\/273\/2025\/04\/HOTELARIA_HOSPITALAR_PARA_IDOSOS.pdf\">HOTELARIA HOSPITALAR PARA IDOSOS<\/a><\/li>\n\n\n\n<li><a href=\"https:\/\/www.ufpb.br\/gcet\/wp-content\/uploads\/sites\/79\/sites\/273\/2025\/04\/POPULACAO_IDOSA_BRASILEIRA_E_DA_CIDADE_D.pdf\" data-type=\"link\" data-id=\"https:\/\/www.ufpb.br\/gcet\/wp-content\/uploads\/sites\/79\/sites\/273\/2025\/04\/POPULACAO_IDOSA_BRASILEIRA_E_DA_CIDADE_D.pdf\">POPULA\u00c7\u00c3O IDOSA BRASILEIRA E DA CIDADE DO RIO DE JANEIRO: um estudo de proje\u00e7\u00f5es para as interna\u00e7\u00f5es hospitalares<\/a><\/li>\n\n\n\n<li><a href=\"https:\/\/www.ufpb.br\/gcet\/wp-content\/uploads\/sites\/79\/sites\/273\/2025\/04\/POPULACAO_BRASILEIRA_uma_analise_sobre_o.pdf\" data-type=\"link\" data-id=\"https:\/\/www.ufpb.br\/gcet\/wp-content\/uploads\/sites\/79\/sites\/273\/2025\/04\/POPULACAO_BRASILEIRA_uma_analise_sobre_o.pdf\">POPULA\u00c7\u00c3O BRASILEIRA: uma an\u00e1lise sobre o envelhecimento e a transi\u00e7\u00e3o demogr\u00e1fica<\/a><\/li>\n\n\n\n<li><a href=\"https:\/\/www.ufpb.br\/gcet\/wp-content\/uploads\/sites\/79\/sites\/273\/2025\/04\/HOTELARIA_HOSPITALAR_DIMENSOES_DAS_CAMAS.pdf\" data-type=\"link\" data-id=\"https:\/\/www.ufpb.br\/gcet\/wp-content\/uploads\/sites\/79\/sites\/273\/2025\/04\/HOTELARIA_HOSPITALAR_DIMENSOES_DAS_CAMAS.pdf\">HOTELARIA HOSPITALAR: DIMENS\u00d5ES DAS CAMAS HOSPITALARES PARA IDOSOS OBESOS<\/a><\/li>\n\n\n\n<li><a href=\"https:\/\/www.ufpb.br\/gcet\/wp-content\/uploads\/sites\/79\/sites\/273\/2025\/04\/TERCEIRA_IDADE_E_HOTELARIA_UM_OLHAR_SOBR-1.pdf\" data-type=\"link\" data-id=\"https:\/\/www.ufpb.br\/gcet\/wp-content\/uploads\/sites\/79\/sites\/273\/2025\/04\/TERCEIRA_IDADE_E_HOTELARIA_UM_OLHAR_SOBR-1.pdf\">TERCEIRA IDADE E HOTELARIA: UM OLHAR SOBRE OS TRABALHOS CIENT\u00cdF\u00cdCOS<\/a><\/li>\n\n\n\n<li><a href=\"https:\/\/www.ufpb.br\/gcet\/wp-content\/uploads\/sites\/79\/sites\/273\/2025\/04\/ACESSIBILIDADE_DE_EMBARCACAO_PARA_O_PUBL.pdf\" data-type=\"link\" data-id=\"https:\/\/www.ufpb.br\/gcet\/wp-content\/uploads\/sites\/79\/sites\/273\/2025\/04\/ACESSIBILIDADE_DE_EMBARCACAO_PARA_O_PUBL.pdf\">ACESSIBILIDADE DE EMBARCA\u00c7\u00c3O PARA O P\u00daBLICO DE TERCEIRA IDADE NAS PISCINAS NATURAIS DO SEIXAS, JO\u00c3O PESSOA-PB<\/a><\/li>\n\n\n\n<li><a href=\"https:\/\/www.ufpb.br\/gcet\/wp-content\/uploads\/sites\/79\/sites\/273\/2025\/04\/TURISMO_DE_SOL_E_PRAIA_UM_ESTUDO_SOBRE_A.pdf\" data-type=\"link\" data-id=\"https:\/\/www.ufpb.br\/gcet\/wp-content\/uploads\/sites\/79\/sites\/273\/2025\/04\/TURISMO_DE_SOL_E_PRAIA_UM_ESTUDO_SOBRE_A.pdf\">TURISMO DE SOL E PRAIA: UM ESTUDO SOBRE A ACESSIBILIDADE PARA A TERCEIRA IDADE NA PRAIA DA PENHA -JO\u00c3O PESSOA<\/a><\/li>\n\n\n\n<li><a href=\"https:\/\/www.ufpb.br\/gcet\/wp-content\/uploads\/sites\/79\/sites\/273\/2025\/04\/Acessibilidade_em_aeroportos_um_estudo_n.pdf\" data-type=\"link\" data-id=\"https:\/\/www.ufpb.br\/gcet\/wp-content\/uploads\/sites\/79\/sites\/273\/2025\/04\/Acessibilidade_em_aeroportos_um_estudo_n.pdf\">Acessibilidade em aeroportos um estudo no aeroporto internacional presidente castro pinto<\/a><\/li>\n\n\n\n<li><a href=\"https:\/\/www.ufpb.br\/gcet\/wp-content\/uploads\/sites\/79\/sites\/273\/2025\/04\/A_rota_de_pedestre_e_acessibilidade_um_e.pdf\" data-type=\"link\" data-id=\"https:\/\/www.ufpb.br\/gcet\/wp-content\/uploads\/sites\/79\/sites\/273\/2025\/04\/A_rota_de_pedestre_e_acessibilidade_um_e.pdf\">A rota de pedestre e acessibilidade um estudo aplicado na cidade de jo\u00e3o pessoa<\/a><\/li>\n\n\n\n<li><a href=\"https:\/\/www.ufpb.br\/gcet\/wp-content\/uploads\/sites\/79\/sites\/273\/2025\/04\/SEGMENTO_SOL_E_PRAIA_CONDICOES_DE_ACESSI.pdf\" data-type=\"link\" data-id=\"https:\/\/www.ufpb.br\/gcet\/wp-content\/uploads\/sites\/79\/sites\/273\/2025\/04\/SEGMENTO_SOL_E_PRAIA_CONDICOES_DE_ACESSI.pdf\">SEGMENTO SOL E PRAIA: CONDI\u00c7\u00d5ES DE ACESSIBILIDADE PARA PESSOAS DA TERCEIRA IDADE NAS PRAIAS DO LITORAL DE JO\u00c3O PESSOA. RESUMO<\/a><\/li>\n\n\n\n<li><strong><a href=\"https:\/\/www.ufpb.br\/gcet\/wp-content\/uploads\/sites\/79\/sites\/273\/2025\/04\/Entraves_e_oportunidades_para_a_inclusao.pdf\" data-type=\"link\" data-id=\"https:\/\/www.ufpb.br\/gcet\/wp-content\/uploads\/sites\/79\/sites\/273\/2025\/04\/Entraves_e_oportunidades_para_a_inclusao.pdf\">Entraves e oportunidades para a inclus\u00e3o de pessoas com defici\u00eancia f\u00edsica no turismo de aventura<\/a><\/strong><\/li>\n\n\n\n<li><strong><a href=\"https:\/\/www.ufpb.br\/gcet\/wp-content\/uploads\/sites\/79\/sites\/273\/2025\/04\/Comunicacao_Inclusiva_e_Acessibilidade_p-1.pdf\" data-type=\"link\" data-id=\"https:\/\/www.ufpb.br\/gcet\/wp-content\/uploads\/sites\/79\/sites\/273\/2025\/04\/Comunicacao_Inclusiva_e_Acessibilidade_p-1.pdf\">Comunica\u00e7\u00e3o Inclusiva e Acessibilidade para o Turista Estrangeiro no Centro Hist\u00f3rico de Jo\u00e3o Pessoa Inclusive Comunnication and Acessibility for Foreign Tourists in the Historic Center of Jo\u00e3o Pessoa<\/a><\/strong><\/li>\n\n\n\n<li><a href=\"https:\/\/www.ufpb.br\/gcet\/wp-content\/uploads\/sites\/79\/sites\/273\/2025\/04\/Sun_and_beach_tourism_senior_citizens_an.pdf\"><strong>Sun and beach tourism, senior citizens and accessibility: a study at the coast of the city of Jo\u00e3o Pessoa, PB<\/strong><\/a><\/li>\n\n\n\n<li><a href=\"https:\/\/www.ufpb.br\/gcet\/wp-content\/uploads\/sites\/79\/sites\/273\/2025\/04\/A_PRAIA_E_PARA_TODOS.pdf\"><strong>A PRAIA \u00c9 PARA TODOS<\/strong><\/a><\/li>\n\n\n\n<li><strong><a href=\"https:\/\/www.ufpb.br\/gcet\/wp-content\/uploads\/sites\/79\/sites\/273\/2025\/04\/ACCESSIBILITY_CONDITIONS_IN_RESTAURANTS-1.pdf\" data-type=\"link\" data-id=\"https:\/\/www.ufpb.br\/gcet\/wp-content\/uploads\/sites\/79\/sites\/273\/2025\/04\/ACCESSIBILITY_CONDITIONS_IN_RESTAURANTS-1.pdf\">ACCESSIBILITY CONDITIONS IN RESTAURANTS LOCATED IN THE SURROUNDINGS OF THE TOURIST ATTRACTIONS OF CABEDELO-PB: A STUDY FOCUSED ON TOURISM FOR THE THIRD AGE TOURIST<\/a><\/strong><\/li>\n\n\n\n<li><strong><a href=\"https:\/\/www.ufpb.br\/gcet\/wp-content\/uploads\/sites\/79\/sites\/273\/2025\/04\/THIRD_AGE_TOURIST_ACCESSIBILITY_IN_BARS.pdf\" data-type=\"link\" data-id=\"https:\/\/www.ufpb.br\/gcet\/wp-content\/uploads\/sites\/79\/sites\/273\/2025\/04\/THIRD_AGE_TOURIST_ACCESSIBILITY_IN_BARS.pdf\">THIRD AGE TOURIST: ACCESSIBILITY IN BARS AND RESTAURANTS OF BESSA BEACH IN THE CITY OF JO\u00c3O PESSOA\/PB<\/a><\/strong><\/li>\n\n\n\n<li><a href=\"https:\/\/www.ufpb.br\/gcet\/wp-content\/uploads\/sites\/79\/sites\/273\/2025\/04\/THIRD_AGE_TOURIST_ACCESSIBILITY_IN_BARS-1.pdf\"><strong>THIRD AGE TOURIST: ACCESSIBILITY IN BARS AND RESTAURANTS OF BESSA BEACH IN THE CITY OF JO\u00c3O PESSOA\/PB<\/strong><\/a><\/li>\n\n\n\n<li><a href=\"https:\/\/www.ufpb.br\/gcet\/wp-content\/uploads\/sites\/79\/sites\/273\/2025\/04\/A_CONSTRUCAO_DOS_LOCAIS_TURISTICOS_SOB_U.pdf\"><strong>A CONSTRU\u00c7\u00c3O DOS LOCAIS TUR\u00cdSTICOS SOB UMA \u00d3TICA INCLUSIVA<\/strong><\/a><\/li>\n\n\n\n<li><a href=\"https:\/\/www.ufpb.br\/gcet\/wp-content\/uploads\/sites\/79\/sites\/273\/2025\/04\/O_ENVELHECIMENTO_A_TRANSICAO_EPIDEMIOLOG.pdf\"><strong>O ENVELHECIMENTO, A TRANSI\u00c7\u00c3O EPIDEMIOL\u00d3GICA, DA POPULA\u00c7\u00c3O BRASILEIRA, E IMPACTO NAS INTERNA\u00c7\u00d5ES NO \u00c2MBITO DO SUS<\/strong><\/a><\/li>\n\n\n\n<li><a href=\"https:\/\/www.ufpb.br\/gcet\/wp-content\/uploads\/sites\/79\/sites\/273\/2025\/04\/TURISMO_E_HOTELARIA_um_olhar_voltado_a_a.pdf\"><strong>TURISMO E HOTELARIA: um olhar voltado \u00e0 acessibilidade para terceira idade no Hotel Globo &#8211; Anais do VI FCGTurh &#8211; P\u00e1gina 67<\/strong><\/a><\/li>\n\n\n\n<li><a href=\"https:\/\/www.ufpb.br\/gcet\/wp-content\/uploads\/sites\/79\/sites\/273\/2025\/04\/SEGMENTO_SOL_E_PRAIA_condicoes_de_acessi.pdf\"><strong>SEGMENTO SOL E PRAIA: condi\u00e7\u00f5es de acessibilidade para pessoas da terceira idade nas praias do litoral de Jo\u00e3o Pessoa &#8211; Anais do VI FCGTurh &#8211; P\u00e1gina 68<\/strong><\/a><\/li>\n\n\n\n<li style=\"font-size:17px\"><a href=\"https:\/\/1drv.ms\/b\/c\/88b016f15832e50a\/EZCujURdKe9Kl89Xp4-z6acBqbWRvJm6BEl26iy4Qym4xA?e=OJdNd0\">ACESSIBILIDADE EM CENTROS HIST\u00d3TICOS: uma an\u00e1lise explorat\u00f3ria em destinos tur\u00edsticos brasileiros a partir do TripAdvisor<\/a><\/li>\n\n\n\n<li><a href=\"https:\/\/1drv.ms\/b\/c\/88b016f15832e50a\/EcC_ZmuOejNCujuQZYhAeCgBZLLytiipIkBYv9BTc-koAA?e=lIJEth\">ACESSIBILIDADE PARA O P\u00daBLICO IDOSO: um estudo sobre bares e restaurantes do Litoral Norte da Para\u00edba.pdf<\/a><\/li>\n\n\n\n<li><a href=\"https:\/\/www.ufpb.br\/gcet\/wp-content\/uploads\/sites\/79\/sites\/273\/2025\/12\/1150605-3.pdf\" data-type=\"link\" data-id=\"https:\/\/www.ufpb.br\/gcet\/wp-content\/uploads\/sites\/79\/sites\/273\/2025\/12\/1150605-3.pdf\">Condi\u00e7\u00f5es de acessibilidade para o p\u00fablico idoso: um estudo sobre osatrativos tur\u00edsticos, os bares e restaurantes localizados em munic\u00edpios doLitoral Norte da Para\u00edba<\/a><\/li>\n\n\n\n<li><a href=\"https:\/\/www.ufpb.br\/gcet\/wp-content\/uploads\/sites\/79\/sites\/273\/2025\/12\/1150512.pdf\" data-type=\"link\" data-id=\"https:\/\/www.ufpb.br\/gcet\/wp-content\/uploads\/sites\/79\/sites\/273\/2025\/12\/1150512.pdf\">MEIOS DE HOSPEDAGEM E ACESSIBILIDADE PARA OP\u00daBLICO DA TERCEIRA IDADE: UM ESTUDO APLICADO NOMUNIC\u00cdPIO DE LUCENA, PARA\u00cdBA<\/a><\/li>\n\n\n\n<li><a href=\"http:\/\/www.ufpb.br\/gcet\/wp-content\/uploads\/sites\/79\/sites\/273\/2026\/05\/Condicoes_de_acessibilidade_para_o_publi.pdf\">Condi\u00e7\u00f5es de acessibilidade para o p\u00fablico idoso: um estudo sobre os bares e restaurantes do munic\u00edpio de Lucena-PB<\/a><\/li>\n\n\n\n<li><a href=\"http:\/\/www.ufpb.br\/gcet\/wp-content\/uploads\/sites\/79\/sites\/273\/2026\/05\/Meios_de_hospedagem_e_acessibilidade_par.pdf\">Meios de hospedagem e acessibilidade para o p\u00fablico da terceira idade: um estudo aplicado no munic\u00edpio de Lucena, Para\u00edba<\/a><\/li>\n\n\n\n<li><a href=\"http:\/\/www.ufpb.br\/gcet\/wp-content\/uploads\/sites\/79\/sites\/273\/2026\/05\/Estruturas_Hospitalares_para_Atencao_a_S.pdf\">Estruturas Hospitalares para Aten\u00e7\u00e3o \u00e0 Sa\u00fade do Idoso: Um Olhar sobre a Realidade da Cidade de Jo\u00e3o Pessoa\/PB<\/a><\/li>\n\n\n\n<li><a href=\"http:\/\/www.ufpb.br\/gcet\/wp-content\/uploads\/sites\/79\/sites\/273\/2026\/05\/TURISMO_CULTURAL_NA_CIDADE_DE_JOAO_PESSO.pdf\">Turismo Cultural na cidade de Jo\u00e3o Pessoa: um olhar focado no turista idoso<\/a><\/li>\n\n\n\n<li><a href=\"http:\/\/www.ufpb.br\/gcet\/wp-content\/uploads\/sites\/79\/sites\/273\/2026\/05\/T_and_H_TURISMO_E_HOTELARIA_NO_CONTEXTO-1.pdf\">T&amp;H TURISMO E HOTELARIA NO CONTEXTO DA ACESSIBILIDADE Produ\u00e7\u00e3o Gr\u00e1fica e Capa ELIDIO VANZELLA<\/a><\/li>\n\n\n\n<li><a href=\"http:\/\/www.ufpb.br\/gcet\/wp-content\/uploads\/sites\/79\/sites\/273\/2026\/05\/TURISMO_E_HOTELARIA_NO_CONTEXTO_DA_ACESS.pdf\">TURISMO E HOTELARIA NO CONTEXTO DA ACESSIBILIDADE<\/a><\/li>\n<\/ol>\n\n\n\n<p><\/p>\n","protected":false},"excerpt":{"rendered":"","protected":false},"author":244,"featured_media":0,"parent":0,"menu_order":0,"comment_status":"closed","ping_status":"closed","template":"","meta":{"footnotes":""},"class_list":["post-361","page","type-page","status-publish","hentry"],"_links":{"self":[{"href":"https:\/\/www.ufpb.br\/gcet\/wp-json\/wp\/v2\/pages\/361","targetHints":{"allow":["GET"]}}],"collection":[{"href":"https:\/\/www.ufpb.br\/gcet\/wp-json\/wp\/v2\/pages"}],"about":[{"href":"https:\/\/www.ufpb.br\/gcet\/wp-json\/wp\/v2\/types\/page"}],"author":[{"embeddable":true,"href":"https:\/\/www.ufpb.br\/gcet\/wp-json\/wp\/v2\/users\/244"}],"replies":[{"embeddable":true,"href":"https:\/\/www.ufpb.br\/gcet\/wp-json\/wp\/v2\/comments?post=361"}],"version-history":[{"count":24,"href":"https:\/\/www.ufpb.br\/gcet\/wp-json\/wp\/v2\/pages\/361\/revisions"}],"predecessor-version":[{"id":1998,"href":"https:\/\/www.ufpb.br\/gcet\/wp-json\/wp\/v2\/pages\/361\/revisions\/1998"}],"wp:attachment":[{"href":"https:\/\/www.ufpb.br\/gcet\/wp-json\/wp\/v2\/media?parent=361"}],"curies":[{"name":"wp","href":"https:\/\/api.w.org\/{rel}","templated":true}]}}