{"id":368,"date":"2025-04-08T15:01:05","date_gmt":"2025-04-08T18:01:05","guid":{"rendered":"https:\/\/www.ufpb.br\/gcet\/?page_id=368"},"modified":"2025-09-11T15:50:13","modified_gmt":"2025-09-11T18:50:13","slug":"artigo-marketing-e-gestao-do-turismo-e-da-hotelaria","status":"publish","type":"page","link":"https:\/\/www.ufpb.br\/gcet\/artigo-marketing-e-gestao-do-turismo-e-da-hotelaria\/","title":{"rendered":"ARTIGO &#8211; Marketing e gest\u00e3o do Turismo e da Hotelaria"},"content":{"rendered":"\n<ol class=\"wp-block-list\">\n<li><strong><a href=\"https:\/\/www.ufpb.br\/gcet\/wp-content\/uploads\/sites\/79\/sites\/273\/2025\/04\/Explorando-ambientes-de-e-sports-1.pdf\" data-type=\"link\" data-id=\"https:\/\/www.ufpb.br\/gcet\/wp-content\/uploads\/sites\/79\/sites\/273\/2025\/04\/Explorando-ambientes-de-e-sports-1.pdf\">Explorando ambientes de e-sports: uma an\u00e1lise do perfil dos<br>participantes de eventos nas cidades de Jo\u00e3o Pessoa\/PB e<br>Recife\/PE<\/a><\/strong><\/li>\n\n\n\n<li><strong><a href=\"https:\/\/www.ufpb.br\/gcet\/wp-content\/uploads\/sites\/79\/sites\/273\/2025\/04\/PROMOCION_TURISTICA_ON_LINE_ANALISIS_DEL.pdf\" data-type=\"link\" data-id=\"https:\/\/www.ufpb.br\/gcet\/wp-content\/uploads\/sites\/79\/sites\/273\/2025\/04\/PROMOCION_TURISTICA_ON_LINE_ANALISIS_DEL.pdf\">PROMOCI\u00d3N TUR\u00cdSTICA ON-LINE AN\u00c1LISIS DEL SITE Y LAS POL\u00cdTICAS P\u00daBLICAS DE RECIFE -BRASIL<\/a><\/strong><\/li>\n\n\n\n<li><strong><a href=\"https:\/\/www.ufpb.br\/gcet\/wp-content\/uploads\/sites\/79\/sites\/273\/2025\/04\/TURISTAS_PSICOCENTRICOS_E_OS_FATORES_INF.pdf\" data-type=\"link\" data-id=\"https:\/\/www.ufpb.br\/gcet\/wp-content\/uploads\/sites\/79\/sites\/273\/2025\/04\/TURISTAS_PSICOCENTRICOS_E_OS_FATORES_INF.pdf\">TURISTAS PSICOC\u00caNTRICOS E OS FATORES INFLUENCIADORES NO VALOR DE COMPRA HED\u00d4NICO DE UM DESTINO TUR\u00cdSTICO DE MASSA<\/a><\/strong><\/li>\n\n\n\n<li><strong><a href=\"https:\/\/www.ufpb.br\/gcet\/wp-content\/uploads\/sites\/79\/sites\/273\/2025\/04\/NUTRITIONAL_EDUCATION_THROUGH_RECREATION.pdf\" data-type=\"link\" data-id=\"https:\/\/www.ufpb.br\/gcet\/wp-content\/uploads\/sites\/79\/sites\/273\/2025\/04\/NUTRITIONAL_EDUCATION_THROUGH_RECREATION.pdf\">NUTRITIONAL EDUCATION THROUGH RECREATIONAL ACTIVITIES AS AN ENTERTAINMENT TOOL IN HOTEL BUSINESSES<\/a><\/strong><\/li>\n\n\n\n<li><strong><a href=\"https:\/\/www.ufpb.br\/gcet\/wp-content\/uploads\/sites\/79\/sites\/273\/2025\/04\/TikTok_no_turismo_revisao_de_literatura.pdf\" data-type=\"link\" data-id=\"https:\/\/www.ufpb.br\/gcet\/wp-content\/uploads\/sites\/79\/sites\/273\/2025\/04\/TikTok_no_turismo_revisao_de_literatura.pdf\">TikTok no turismo: revis\u00e3o de literatura integrada a bibliometria<\/a><\/strong><\/li>\n\n\n\n<li><strong><a href=\"https:\/\/www.ufpb.br\/gcet\/wp-content\/uploads\/sites\/79\/sites\/273\/2025\/04\/Artigos_e_ensaios_120.pdf\" data-type=\"link\" data-id=\"https:\/\/www.ufpb.br\/gcet\/wp-content\/uploads\/sites\/79\/sites\/273\/2025\/04\/Artigos_e_ensaios_120.pdf\">Influ\u00eancia da Rede Social TikTok na Inten\u00e7\u00e3o de Viagem uma abordagem com a Teoria do Comportamento Planejado<\/a><\/strong><\/li>\n\n\n\n<li><strong><a href=\"https:\/\/www.ufpb.br\/gcet\/wp-content\/uploads\/sites\/79\/sites\/273\/2025\/04\/O_USO_DA_MARCA_SERIDO_GEOPARQUE_MUNDIAL.pdf\" data-type=\"link\" data-id=\"https:\/\/www.ufpb.br\/gcet\/wp-content\/uploads\/sites\/79\/sites\/273\/2025\/04\/O_USO_DA_MARCA_SERIDO_GEOPARQUE_MUNDIAL.pdf\">O USO DA MARCA SERID\u00d3 GEOPARQUE MUNDIAL DA UNESCO COMO FATOR DE PROMO\u00c7\u00c3O TUR\u00cdSTICA The use of the Unesco Mondial Geopark Serid\u00f3 brand as a Tourist Promotion Factor<\/a><\/strong><\/li>\n\n\n\n<li><strong><a href=\"https:\/\/www.ufpb.br\/gcet\/wp-content\/uploads\/sites\/79\/sites\/273\/2025\/04\/Turismo_de_bem_estar_analise_dos_servico.pdf\" data-type=\"link\" data-id=\"https:\/\/www.ufpb.br\/gcet\/wp-content\/uploads\/sites\/79\/sites\/273\/2025\/04\/Turismo_de_bem_estar_analise_dos_servico.pdf\">Turismo de bem-estar: an\u00e1lise dos servi\u00e7os do segmento em SPAs day -Natal\/RN, Brasil<\/a><\/strong><\/li>\n\n\n\n<li><strong><a href=\"https:\/\/www.ufpb.br\/gcet\/wp-content\/uploads\/sites\/79\/sites\/273\/2025\/04\/O_COMPORTAMENTO_DO_CONSUMIDOR_NO_SEGMENT.pdf\" data-type=\"link\" data-id=\"https:\/\/www.ufpb.br\/gcet\/wp-content\/uploads\/sites\/79\/sites\/273\/2025\/04\/O_COMPORTAMENTO_DO_CONSUMIDOR_NO_SEGMENT.pdf\">O COMPORTAMENTO DO CONSUMIDOR NO SEGMENTO DE TURISMO DE BEM ESTAR<\/a><\/strong><\/li>\n\n\n\n<li><strong><a href=\"https:\/\/www.ufpb.br\/gcet\/wp-content\/uploads\/sites\/79\/sites\/273\/2025\/04\/Identidade_de_marca_como_atrativo_turist.pdf\" data-type=\"link\" data-id=\"https:\/\/www.ufpb.br\/gcet\/wp-content\/uploads\/sites\/79\/sites\/273\/2025\/04\/Identidade_de_marca_como_atrativo_turist.pdf\">Identidade de marca como atrativo tur\u00edstico a partir da percep\u00e7\u00e3o de turism\u00f3logos 1 Brand identity as a tourist attraction from the perception of tourism graduates<\/a><\/strong><\/li>\n\n\n\n<li><strong><a href=\"https:\/\/www.ufpb.br\/gcet\/wp-content\/uploads\/sites\/79\/sites\/273\/2025\/04\/Fatores_determinantes_da_oferta_turistic.pdf\" data-type=\"link\" data-id=\"https:\/\/www.ufpb.br\/gcet\/wp-content\/uploads\/sites\/79\/sites\/273\/2025\/04\/Fatores_determinantes_da_oferta_turistic.pdf\">Fatores determinantes da oferta tur\u00edstica de Natal-RN: um olhar de ag\u00eancias de viagens e guias de turismo<\/a><\/strong><\/li>\n\n\n\n<li><strong><a href=\"https:\/\/www.ufpb.br\/gcet\/wp-content\/uploads\/sites\/79\/sites\/273\/2025\/04\/Buggy_rides_as_a_tourist_attraction_in_R.pdf\" data-type=\"link\" data-id=\"https:\/\/www.ufpb.br\/gcet\/wp-content\/uploads\/sites\/79\/sites\/273\/2025\/04\/Buggy_rides_as_a_tourist_attraction_in_R.pdf\">Buggy rides as a tourist attraction in Rio Grande do Norte, Brazil<\/a><\/strong><\/li>\n\n\n\n<li><strong><a href=\"https:\/\/www.ufpb.br\/gcet\/wp-content\/uploads\/sites\/79\/sites\/273\/2025\/04\/A_importancia_da_hospitalidade_e_qualida.pdf\" data-type=\"link\" data-id=\"https:\/\/www.ufpb.br\/gcet\/wp-content\/uploads\/sites\/79\/sites\/273\/2025\/04\/A_importancia_da_hospitalidade_e_qualida.pdf\">A import\u00e2ncia da hospitalidade e qualidade dos servi\u00e7os na hotelaria hospitalar The importance of hospitality and quality of hospital hospitality services<\/a><\/strong><\/li>\n\n\n\n<li><strong><a href=\"https:\/\/www.ufpb.br\/gcet\/wp-content\/uploads\/sites\/79\/sites\/273\/2025\/04\/CONJUNTURA_DAS_GOVERNANCAS_TURISTICAS_NO.pdf\" data-type=\"link\" data-id=\"https:\/\/www.ufpb.br\/gcet\/wp-content\/uploads\/sites\/79\/sites\/273\/2025\/04\/CONJUNTURA_DAS_GOVERNANCAS_TURISTICAS_NO.pdf\">CONJUNTURA DAS GOVERNAN\u00c7AS TUR\u00cdSTICAS NO BRASIL NO CONTEXTO DA COVID-19 THE CONJECTURE OF THE TOURISM GOVERNANCE IN BRAZIL IN THE SETTING OF THE COVID-19<\/a><\/strong><\/li>\n\n\n\n<li><strong><a href=\"https:\/\/www.ufpb.br\/gcet\/wp-content\/uploads\/sites\/79\/sites\/273\/2025\/04\/ACADEMIC_EVENTS_FROM_CONCEPTION_TO_FINAL-2.pdf\" data-type=\"link\" data-id=\"https:\/\/www.ufpb.br\/gcet\/wp-content\/uploads\/sites\/79\/sites\/273\/2025\/04\/ACADEMIC_EVENTS_FROM_CONCEPTION_TO_FINAL-2.pdf\">ACADEMIC EVENTS FROM CONCEPTION TO FINAL REPORT: Report of experiences in university extension activities<\/a><\/strong><\/li>\n\n\n\n<li><strong><a href=\"https:\/\/www.ufpb.br\/gcet\/wp-content\/uploads\/sites\/79\/sites\/273\/2025\/04\/PARQUE_NACIONAL_DA_CHAPADA_DOS_VEADEIROS.pdf\" data-type=\"link\" data-id=\"https:\/\/www.ufpb.br\/gcet\/wp-content\/uploads\/sites\/79\/sites\/273\/2025\/04\/PARQUE_NACIONAL_DA_CHAPADA_DOS_VEADEIROS.pdf\">PARQUE NACIONAL DA CHAPADA DOS VEADEIROS IMPACTOS NA ECONOMIA E SOCIEDADE DE ALTO PARA\u00cdSO DE GOI\u00c1S E NOVA ROMA<\/a><\/strong><\/li>\n\n\n\n<li><a href=\"https:\/\/www.ufpb.br\/gcet\/wp-content\/uploads\/sites\/79\/sites\/273\/2025\/04\/OS_GUIAS_DE_TURISMO_DA_CIDADE_DE_JOAO_PE.pdf\" data-type=\"link\" data-id=\"https:\/\/www.ufpb.br\/gcet\/wp-content\/uploads\/sites\/79\/sites\/273\/2025\/04\/OS_GUIAS_DE_TURISMO_DA_CIDADE_DE_JOAO_PE.pdf\">OS GUIAS DE TURISMO DA CIDADE DE JOAO PESSOA PB UMA PESQUISA SOBRE O DOMINIO DE IDIOMAS<\/a><\/li>\n\n\n\n<li><a href=\"https:\/\/www.ufpb.br\/gcet\/wp-content\/uploads\/sites\/79\/sites\/273\/2025\/04\/Enoturismo_e_especificidades_regionais_u-1.pdf\"><strong>Enoturismo e especificidades regionais: um estudo brasileiro<\/strong><\/a><\/li>\n\n\n\n<li><a href=\"https:\/\/www.ufpb.br\/gcet\/wp-content\/uploads\/sites\/79\/sites\/273\/2025\/04\/Instrumentos_de_marketing_promocional_ut.pdf\"><strong>Instrumentos de marketing promocional utilizados pelas ag\u00eancias de turismo receptivo para divulga\u00e7\u00e3o da cidade de Jo\u00e3o Pessoa &#8211; PB<\/strong><\/a><\/li>\n\n\n\n<li><a href=\"https:\/\/www.ufpb.br\/gcet\/wp-content\/uploads\/sites\/79\/sites\/273\/2025\/04\/Endomarketing_as_a_tool_for_excellence_A.pdf\"><strong>Endomarketing as a tool for excellence: A case study of a hotel in Jo\u00e3o Pessoa \u2013 PB<\/strong><\/a><\/li>\n\n\n\n<li><strong><a href=\"https:\/\/www.ufpb.br\/gcet\/wp-content\/uploads\/sites\/79\/sites\/273\/2025\/04\/Tourism_in_the_Northeast_Brazil_A_histor.pdf\">Tourism in the Northeast Brazil: A historical edition<\/a><\/strong><\/li>\n\n\n\n<li><a href=\"https:\/\/www.ufpb.br\/gcet\/wp-content\/uploads\/sites\/79\/sites\/273\/2025\/04\/Estrategias_de_marketing_digital_em_meio.pdf\"><strong>Estrat\u00e9gias de marketing digital em meios de hospedagem: estudo de caso em hot\u00e9is da cidade de Jo\u00e3o Pessoa &#8211; PB<\/strong><\/a><\/li>\n\n\n\n<li><a href=\"https:\/\/www.ufpb.br\/gcet\/wp-content\/uploads\/sites\/79\/sites\/273\/2025\/04\/MIDIAS_SOCIAIS_ANALISE_DO_INSTAGRAM_COMO.pdf\"><strong>M\u00cdDIAS SOCIAIS: AN\u00c1LISE DO INSTAGRAM COMO FERRAMENTA DE PROMO\u00c7\u00c3O E DIVULGA\u00c7\u00c3O PARA O PROJETO DE EXTENS\u00c3O TEMPERO TUR\u00cdSTICO SOCIAL MEDIA: ANALYSIS OF INSTAGRAM AS A PROMOTION AND PUBLICITY TOOL FOR THE TEMPERO TUR\u00cdSTICO EXTENSION PROJECT<\/strong><\/a><\/li>\n\n\n\n<li><strong><a href=\"https:\/\/www.ufpb.br\/gcet\/wp-content\/uploads\/sites\/79\/sites\/273\/2025\/04\/ANALISE_SWOT_SOBRE_A_EDUCACAO_TURISTICA.pdf\" data-type=\"link\" data-id=\"https:\/\/www.ufpb.br\/gcet\/wp-content\/uploads\/sites\/79\/sites\/273\/2025\/04\/ANALISE_SWOT_SOBRE_A_EDUCACAO_TURISTICA.pdf\">AN\u00c1LISE SWOT SOBRE A EDUCA\u00c7\u00c3O TUR\u00cdSTICA NA CIDADE DE MANAUS SWOT ANALYSIS OF TOURISM EDUCATION IN THE CITY OF MANAUS<\/a><\/strong><\/li>\n\n\n\n<li><strong><a href=\"https:\/\/www.ufpb.br\/gcet\/wp-content\/uploads\/sites\/79\/sites\/273\/2025\/04\/ANALYSIS_OF_FINANCIAL_STATEMENTS_A_CASE.pdf\" data-type=\"link\" data-id=\"https:\/\/www.ufpb.br\/gcet\/wp-content\/uploads\/sites\/79\/sites\/273\/2025\/04\/ANALYSIS_OF_FINANCIAL_STATEMENTS_A_CASE.pdf\">ANALYSIS OF FINANCIAL STATEMENTS A CASE STUDY OF A COMPANY IN THE HOTEL BUSINESS LISTED ON B3<\/a><\/strong><\/li>\n\n\n\n<li><strong><a href=\"https:\/\/www.ufpb.br\/gcet\/wp-content\/uploads\/sites\/79\/sites\/273\/2025\/04\/EFFECTS_OF_ARCHITECTURE_ON_THE_URBANIZAT.pdf\" data-type=\"link\" data-id=\"https:\/\/www.ufpb.br\/gcet\/wp-content\/uploads\/sites\/79\/sites\/273\/2025\/04\/EFFECTS_OF_ARCHITECTURE_ON_THE_URBANIZAT.pdf\">EFFECTS OF ARCHITECTURE ON THE URBANIZATION AND TOURIST PRODUCTION OF A CITY<\/a><\/strong><\/li>\n\n\n\n<li><strong><a href=\"https:\/\/www.ufpb.br\/gcet\/wp-content\/uploads\/sites\/79\/sites\/273\/2025\/04\/EXPLORATORY_ANALYSIS_ON_THE_POTENTIAL_OF.pdf\" data-type=\"link\" data-id=\"https:\/\/www.ufpb.br\/gcet\/wp-content\/uploads\/sites\/79\/sites\/273\/2025\/04\/EXPLORATORY_ANALYSIS_ON_THE_POTENTIAL_OF.pdf\">EXPLORATORY ANALYSIS ON THE POTENTIAL OF ADVENTURE TOURISM IN THE STATE OF SANTA CATARINA BRAZIL<\/a><\/strong><\/li>\n\n\n\n<li><strong><a href=\"https:\/\/www.ufpb.br\/gcet\/wp-content\/uploads\/sites\/79\/sites\/273\/2025\/04\/LANGUAGE_IMAGE_TOURISM_AND_CARNIVAL_IN_S.pdf\" data-type=\"link\" data-id=\"https:\/\/www.ufpb.br\/gcet\/wp-content\/uploads\/sites\/79\/sites\/273\/2025\/04\/LANGUAGE_IMAGE_TOURISM_AND_CARNIVAL_IN_S.pdf\">LANGUAGE, IMAGE, TOURISM, AND CARNIVAL IN SALVADOR AN ANALYSIS OF THE SIGNS PRESENTED IN TOURISM ADVERTISEMENTS<\/a><\/strong><\/li>\n\n\n\n<li><strong><a href=\"https:\/\/www.ufpb.br\/gcet\/wp-content\/uploads\/sites\/79\/sites\/273\/2025\/04\/MULTIPROPERTY_THE_USE_AND_PURCHASE_OF_SH.pdf\" data-type=\"link\" data-id=\"https:\/\/www.ufpb.br\/gcet\/wp-content\/uploads\/sites\/79\/sites\/273\/2025\/04\/MULTIPROPERTY_THE_USE_AND_PURCHASE_OF_SH.pdf\">MULTIPROPERTY: THE USE AND PURCHASE OF SHARED PROPERTY<\/a><\/strong><\/li>\n\n\n\n<li><a href=\"https:\/\/www.ufpb.br\/gcet\/wp-content\/uploads\/sites\/79\/sites\/273\/2025\/04\/Proximity_tourism_An_observational_analy.pdf\"><strong>Proximity tourism: An observational analysis of the use of instagram to promote the northeast of Brazil<\/strong><\/a><\/li>\n\n\n\n<li><strong><a href=\"https:\/\/www.ufpb.br\/gcet\/wp-content\/uploads\/sites\/79\/sites\/273\/2025\/04\/What_color_is_the_Northeast_An_analysis.pdf\" data-type=\"link\" data-id=\"https:\/\/www.ufpb.br\/gcet\/wp-content\/uploads\/sites\/79\/sites\/273\/2025\/04\/What_color_is_the_Northeast_An_analysis.pdf\">What color is the Northeast? An analysis of the visual language (images and colors) of tourism advertisements.<\/a><\/strong><\/li>\n\n\n\n<li><strong><a href=\"https:\/\/www.ufpb.br\/gcet\/wp-content\/uploads\/sites\/79\/sites\/273\/2025\/04\/Paraiba_Starts_Here_Analysis_of_the_tour.pdf\" data-type=\"link\" data-id=\"https:\/\/www.ufpb.br\/gcet\/wp-content\/uploads\/sites\/79\/sites\/273\/2025\/04\/Paraiba_Starts_Here_Analysis_of_the_tour.pdf\">Paraiba Starts Here: Analysis of the tourism potential of the Atalaia de Forte Velho Watchtower-Para\u00edba<\/a><\/strong><\/li>\n\n\n\n<li><strong><a href=\"https:\/\/www.ufpb.br\/gcet\/wp-content\/uploads\/sites\/79\/sites\/273\/2025\/04\/Endomarketing_as_a_tool_for_excellence_A-1.pdf\" data-type=\"link\" data-id=\"https:\/\/www.ufpb.br\/gcet\/wp-content\/uploads\/sites\/79\/sites\/273\/2025\/04\/Endomarketing_as_a_tool_for_excellence_A-1.pdf\">Endomarketing as a tool for excellence: A case study of a hotel in Jo\u00e3o Pessoa \u2013 PB<\/a><\/strong><\/li>\n\n\n\n<li><a href=\"https:\/\/www.ufpb.br\/gcet\/wp-content\/uploads\/sites\/79\/sites\/273\/2025\/04\/THE_LINGUISTIC_DISCOURSE_IN_THE_IMAGES_O.pdf\"><strong>THE LINGUISTIC DISCOURSE IN THE IMAGES OF TOURISM ADVERTISEMENTS<\/strong><\/a><\/li>\n\n\n\n<li><a href=\"https:\/\/www.ufpb.br\/gcet\/wp-content\/uploads\/sites\/79\/sites\/273\/2025\/04\/THE_TOURISM_PRODUCT_A_CONCEPTUAL_LOOK.pdf\"><strong>THE TOURISM PRODUCT: A CONCEPTUAL LOOK<\/strong><\/a><\/li>\n\n\n\n<li><a href=\"https:\/\/www.ufpb.br\/gcet\/wp-content\/uploads\/sites\/79\/sites\/273\/2025\/04\/ALOJAMENTO_PARA_PESQUISADORES_O_CASO_DO.pdf\"><strong>ALOJAMENTO PARA PESQUISADORES: O CASO DO PARQUE ESTADUAL DA SERRA DE CALDAS NOVAS -GOI\u00c1S<\/strong><\/a><\/li>\n\n\n\n<li><a href=\"https:\/\/www.ufpb.br\/gcet\/wp-content\/uploads\/sites\/79\/sites\/273\/2025\/04\/MEASURES_FOR_THE_PRESERVATION_OF_JOBS_DU.pdf\"><strong>MEASURES FOR THE PRESERVATION OF JOBS DURING PANDEMICS AND REFLECTIONS AT TOURISM AGENCIES IN THE CITY OF JO\u00c3O PESSOA-PB<\/strong><\/a><\/li>\n\n\n\n<li><a href=\"https:\/\/www.ufpb.br\/gcet\/wp-content\/uploads\/sites\/79\/sites\/273\/2025\/04\/EVENT_TOURISM_IN_HOTELS_ITS_IMPORTANCE_F.pdf\"><strong>EVENT TOURISM IN HOTELS: ITS IMPORTANCE FOR THE SECTOR\u2019S RECOVERY IN THE POST-PANDEMIC<\/strong><\/a><\/li>\n\n\n\n<li><a href=\"https:\/\/www.ufpb.br\/gcet\/wp-content\/uploads\/sites\/79\/sites\/273\/2025\/04\/Desafios_enfrentados_por_hoteis_de_negoc.pdf\"><strong>Desafios enfrentados por hot\u00e9is de neg\u00f3cios com rela\u00e7\u00e3o ao seu p\u00fablico alvo: um estudo de caso no Hotel Mana\u00edra<\/strong><\/a><\/li>\n\n\n\n<li><strong><a href=\"https:\/\/www.ufpb.br\/gcet\/wp-content\/uploads\/sites\/79\/sites\/273\/2025\/04\/Turismo_e_hotelaria_novos_cenarios_profi.pdf\">Turismo e hotelaria: novos cen\u00e1rios profissionais<\/a><\/strong><\/li>\n\n\n\n<li><strong><a href=\"https:\/\/www.ufpb.br\/gcet\/wp-content\/uploads\/sites\/79\/sites\/273\/2025\/04\/Fidelizacao_de_Clientes_Atraves_dos_Prog.pdf\">Fideliza\u00e7\u00e3o de Clientes Atrav\u00e9s dos Programas de Milhagens das Companhias A\u00e9reas na Cidade de Jo\u00e3o Pessoa -PB<\/a><\/strong><\/li>\n\n\n\n<li><a href=\"https:\/\/www.ufpb.br\/gcet\/wp-content\/uploads\/sites\/79\/sites\/273\/2025\/04\/ARTIGO_ORIGINAL_IMAGEM_TURISTICA_UM_ESTU.pdf\"><strong>IMAGEM TUR\u00cdSTICA: UM ESTUDO APLICADO \u00c0 CIDADE DE AVEIRO -\u00ad-PORTUGAL<\/strong><\/a><\/li>\n\n\n\n<li><a href=\"https:\/\/www.ufpb.br\/gcet\/wp-content\/uploads\/sites\/79\/sites\/273\/2025\/04\/GESTAO_EMPRESARIAL_um_estudo_sobre_a_suc.pdf\"><strong>GEST\u00c3O EMPRESARIAL: um estudo sobre a sucess\u00e3o nas empresas familiares<\/strong><\/a><\/li>\n\n\n\n<li><a href=\"https:\/\/www.ufpb.br\/gcet\/wp-content\/uploads\/sites\/79\/sites\/273\/2025\/04\/DESAFIOS_ENFRENTADOS_POR_HOTEIS_DE_NEGOC-1.pdf\"><strong>DESAFIOS ENFRENTADOS POR HOT\u00c9IS DE NEG\u00d3CIOS COM RELA\u00c7\u00c3O AO SEU P\u00daBLICO ALVO: um estudo de caso no Hotel Mana\u00edra<\/strong><\/a><\/li>\n\n\n\n<li><a href=\"https:\/\/www.ufpb.br\/gcet\/wp-content\/uploads\/sites\/79\/sites\/273\/2025\/04\/A_UTILIZACAO_DE_MEIOS_DE_HOSPEDAGEM_PARA.pdf\"><strong>A UTILIZA\u00c7\u00c3O DE MEIOS DE HOSPEDAGEM PARA A REALIZA\u00c7\u00c3O DE EVENTOS MATRIMONIAIS<\/strong><\/a><\/li>\n\n\n\n<li><a href=\"https:\/\/www.ufpb.br\/gcet\/wp-content\/uploads\/sites\/79\/sites\/273\/2025\/04\/REF_Revista_Eletronica_da_FAESNE_ENDOMAR.pdf\"><strong>ENDOMARKETING: UM ESTUDO DE CASO APLICADO \u00c0 POUSADA FANTASIA<\/strong><\/a><\/li>\n\n\n\n<li><a href=\"https:\/\/www.ufpb.br\/gcet\/wp-content\/uploads\/sites\/79\/sites\/273\/2025\/04\/Endomarketing_e_os_passeios_nauticos_um.pdf\"><strong>Endomarketing e os passeios n\u00e1uticos: um estudo de caso na cidade de Jo\u00e3o Pessoa<\/strong><\/a><\/li>\n\n\n\n<li><a href=\"https:\/\/www.ufpb.br\/gcet\/wp-content\/uploads\/sites\/79\/sites\/273\/2025\/04\/Perfil_dos_gestores_das_agencias_de_viag.pdf\"><strong>Perfil dos gestores das ag\u00eancias de viagens em Jo\u00e3o Pessoa: relev\u00e2ncia da sua atua\u00e7\u00e3o nas ag\u00eancias<\/strong><\/a><\/li>\n\n\n\n<li><a href=\"https:\/\/www.ufpb.br\/gcet\/wp-content\/uploads\/sites\/79\/sites\/273\/2025\/04\/HOTELARIA_HOSPITALAR_analise_da_estrutur.pdf\"><strong>HOTELARIA HOSPITALAR: an\u00e1lise da estrutura f\u00edsica em uma Maternidade na cidade de Jo\u00e3o Pessoa-PB &#8211; Anais do VI FCGTurh &#8211; P\u00e1gina 43<\/strong><\/a><\/li>\n\n\n\n<li><a href=\"https:\/\/www.ufpb.br\/gcet\/wp-content\/uploads\/sites\/79\/sites\/273\/2025\/04\/A_evolucao_historica_da_hotelaria_na_cid.pdf\"><strong>A evolu\u00e7\u00e3o hist\u00f3rica da hotelaria na cidade de Jo\u00e3o Pessoa: uma revis\u00e3o bibliogr\u00e1fica<\/strong><\/a><\/li>\n\n\n\n<li><a href=\"https:\/\/1drv.ms\/b\/c\/88b016f15832e50a\/EZKoo7m0dDBPiJykm55haV0B53s-DtRk4fjRGgMR86VgEA?e=gMlxgi\"> Marketing strategies for building customer loyalty in hotels in  Jo\u00e3o Pessoa-PB<\/a><\/li>\n\n\n\n<li><a href=\"https:\/\/1drv.ms\/b\/c\/88b016f15832e50a\/EbZsloX2X85JoRZfjCwmHFEBWygmWjnmgjsA8nnwPgexfg?e=4A325W\">Marketing experiencial no turismo: lealdade e fideliza\u00e7\u00e3o dos clientes<\/a><\/li>\n<\/ol>\n\n\n\n<p><\/p>\n","protected":false},"excerpt":{"rendered":"","protected":false},"author":244,"featured_media":0,"parent":0,"menu_order":0,"comment_status":"closed","ping_status":"closed","template":"","meta":{"footnotes":""},"class_list":["post-368","page","type-page","status-publish","hentry"],"_links":{"self":[{"href":"https:\/\/www.ufpb.br\/gcet\/wp-json\/wp\/v2\/pages\/368","targetHints":{"allow":["GET"]}}],"collection":[{"href":"https:\/\/www.ufpb.br\/gcet\/wp-json\/wp\/v2\/pages"}],"about":[{"href":"https:\/\/www.ufpb.br\/gcet\/wp-json\/wp\/v2\/types\/page"}],"author":[{"embeddable":true,"href":"https:\/\/www.ufpb.br\/gcet\/wp-json\/wp\/v2\/users\/244"}],"replies":[{"embeddable":true,"href":"https:\/\/www.ufpb.br\/gcet\/wp-json\/wp\/v2\/comments?post=368"}],"version-history":[{"count":43,"href":"https:\/\/www.ufpb.br\/gcet\/wp-json\/wp\/v2\/pages\/368\/revisions"}],"predecessor-version":[{"id":1357,"href":"https:\/\/www.ufpb.br\/gcet\/wp-json\/wp\/v2\/pages\/368\/revisions\/1357"}],"wp:attachment":[{"href":"https:\/\/www.ufpb.br\/gcet\/wp-json\/wp\/v2\/media?parent=368"}],"curies":[{"name":"wp","href":"https:\/\/api.w.org\/{rel}","templated":true}]}}