{"id":48,"date":"2025-03-18T09:46:12","date_gmt":"2025-03-18T12:46:12","guid":{"rendered":"https:\/\/www.ufpb.br\/gcet\/?page_id=48"},"modified":"2025-11-14T14:54:15","modified_gmt":"2025-11-14T17:54:15","slug":"parcerias","status":"publish","type":"page","link":"https:\/\/www.ufpb.br\/gcet\/parcerias\/","title":{"rendered":"Parcerias"},"content":{"rendered":"\n<div class=\"wp-block-columns is-layout-flex wp-container-core-columns-is-layout-9d6595d7 wp-block-columns-is-layout-flex\">\n<div class=\"wp-block-column is-layout-flow wp-block-column-is-layout-flow\" style=\"flex-basis:100%\">\n<div class=\"wp-block-columns is-layout-flex wp-container-core-columns-is-layout-9d6595d7 wp-block-columns-is-layout-flex\">\n<div class=\"wp-block-column is-layout-flow wp-block-column-is-layout-flow\"><div class=\"wp-block-image\">\n<figure class=\"aligncenter size-full\"><img loading=\"lazy\" decoding=\"async\" width=\"616\" height=\"633\" src=\"http:\/\/www.ufpb.br\/gcet\/wp-content\/uploads\/sites\/79\/sites\/273\/2025\/11\/logo-footer-2.png\" alt=\"\" class=\"wp-image-1679\" srcset=\"https:\/\/www.ufpb.br\/gcet\/wp-content\/uploads\/sites\/79\/sites\/273\/2025\/11\/logo-footer-2.png 616w, https:\/\/www.ufpb.br\/gcet\/wp-content\/uploads\/sites\/79\/sites\/273\/2025\/11\/logo-footer-2-292x300.png 292w\" sizes=\"auto, (max-width: 616px) 100vw, 616px\" \/><figcaption class=\"wp-element-caption\"><strong><a href=\"https:\/\/www.urca.br\/\" data-type=\"link\" data-id=\"https:\/\/www.urca.br\/\">URCA<\/a><\/strong><\/figcaption><\/figure>\n<\/div><\/div>\n\n\n\n<div class=\"wp-block-column is-layout-flow wp-block-column-is-layout-flow\"><div class=\"wp-block-image\">\n<figure class=\"aligncenter size-full\"><img loading=\"lazy\" decoding=\"async\" width=\"500\" height=\"500\" src=\"http:\/\/www.ufpb.br\/gcet\/wp-content\/uploads\/sites\/79\/sites\/273\/2025\/11\/logo-2021-cropped-1.png\" alt=\"\" class=\"wp-image-1678\" srcset=\"https:\/\/www.ufpb.br\/gcet\/wp-content\/uploads\/sites\/79\/sites\/273\/2025\/11\/logo-2021-cropped-1.png 500w, https:\/\/www.ufpb.br\/gcet\/wp-content\/uploads\/sites\/79\/sites\/273\/2025\/11\/logo-2021-cropped-1-300x300.png 300w, https:\/\/www.ufpb.br\/gcet\/wp-content\/uploads\/sites\/79\/sites\/273\/2025\/11\/logo-2021-cropped-1-150x150.png 150w\" sizes=\"auto, (max-width: 500px) 100vw, 500px\" \/><figcaption class=\"wp-element-caption\"><a href=\"https:\/\/www.editoraoiticica.com.br\/\"><strong>EDITORA OITICICA<\/strong><\/a><\/figcaption><\/figure>\n<\/div><\/div>\n\n\n\n<div class=\"wp-block-column is-layout-flow wp-block-column-is-layout-flow\"><div class=\"wp-block-image\">\n<figure class=\"aligncenter size-full\"><img loading=\"lazy\" decoding=\"async\" width=\"500\" height=\"500\" src=\"https:\/\/www.ufpb.br\/gcet\/wp-content\/uploads\/sites\/79\/sites\/273\/2025\/11\/Logo-02-Observatorio-Rede-5.png\" alt=\"\" class=\"wp-image-1684\" srcset=\"https:\/\/www.ufpb.br\/gcet\/wp-content\/uploads\/sites\/79\/sites\/273\/2025\/11\/Logo-02-Observatorio-Rede-5.png 500w, https:\/\/www.ufpb.br\/gcet\/wp-content\/uploads\/sites\/79\/sites\/273\/2025\/11\/Logo-02-Observatorio-Rede-5-300x300.png 300w, https:\/\/www.ufpb.br\/gcet\/wp-content\/uploads\/sites\/79\/sites\/273\/2025\/11\/Logo-02-Observatorio-Rede-5-150x150.png 150w\" sizes=\"auto, (max-width: 500px) 100vw, 500px\" \/><figcaption class=\"wp-element-caption\"><strong><a href=\"https:\/\/www.urca.br\/observatorio-do-turismo\/\">OBSERVAT\u00d3RIO DE TURISMO DO CARIRI CEARENSE <\/a><\/strong><\/figcaption><\/figure>\n<\/div><\/div>\n<\/div>\n<\/div>\n<\/div>\n\n\n\n<div class=\"wp-block-columns is-layout-flex wp-container-core-columns-is-layout-9d6595d7 wp-block-columns-is-layout-flex\">\n<div class=\"wp-block-column is-layout-flow wp-block-column-is-layout-flow\"><div class=\"wp-block-image\">\n<figure class=\"aligncenter size-full is-resized\"><img loading=\"lazy\" decoding=\"async\" width=\"207\" height=\"115\" src=\"https:\/\/www.ufpb.br\/gcet\/wp-content\/uploads\/sites\/79\/sites\/273\/2025\/04\/uni.png\" alt=\"\" class=\"wp-image-244\" style=\"width:225px;height:auto\" \/><\/figure>\n<\/div>\n\n\n<p class=\"has-text-align-center\"><strong><a href=\"https:\/\/unifuturo.edu.br\/portal\/\" data-type=\"link\" data-id=\"https:\/\/unifuturo.edu.br\/portal\/\">UNIFUTURO<\/a><\/strong><\/p>\n<\/div>\n\n\n\n<div class=\"wp-block-column is-layout-flow wp-block-column-is-layout-flow\"><div class=\"wp-block-image\">\n<figure class=\"aligncenter size-full\"><img loading=\"lazy\" decoding=\"async\" width=\"192\" height=\"129\" src=\"https:\/\/www.ufpb.br\/gcet\/wp-content\/uploads\/sites\/79\/sites\/273\/2025\/04\/FLORIDA.png\" alt=\"\" class=\"wp-image-245\" \/><\/figure>\n<\/div>\n\n\n<p class=\"has-text-align-center\"><strong><a href=\"https:\/\/www.floridachristianuniversity.edu\/\" data-type=\"link\" data-id=\"https:\/\/www.floridachristianuniversity.edu\/\">FLORIDA CHRISTIAN UNIVERSITY<\/a><\/strong><\/p>\n<\/div>\n\n\n\n<div class=\"wp-block-column is-layout-flow wp-block-column-is-layout-flow\"><div class=\"wp-block-image\">\n<figure class=\"aligncenter size-full is-resized\"><img loading=\"lazy\" decoding=\"async\" width=\"113\" height=\"159\" src=\"https:\/\/www.ufpb.br\/gcet\/wp-content\/uploads\/sites\/79\/sites\/273\/2025\/04\/editora-CCTA.png\" alt=\"\" class=\"wp-image-496\" style=\"width:95px;height:auto\" \/><\/figure>\n<\/div>\n\n\n<p class=\"has-text-align-center\"><strong><a href=\"http:\/\/www.ccta.ufpb.br\/editoraccta\" data-type=\"link\" data-id=\"http:\/\/www.ccta.ufpb.br\/editoraccta\">EDITORA CCTA<\/a><\/strong><\/p>\n<\/div>\n<\/div>\n\n\n\n<div class=\"wp-block-columns is-layout-flex wp-container-core-columns-is-layout-9d6595d7 wp-block-columns-is-layout-flex\">\n<div class=\"wp-block-column is-layout-flow wp-block-column-is-layout-flow\"><div class=\"wp-block-image\">\n<figure class=\"aligncenter size-full is-resized\"><img loading=\"lazy\" decoding=\"async\" width=\"138\" height=\"123\" src=\"https:\/\/www.ufpb.br\/gcet\/wp-content\/uploads\/sites\/79\/sites\/273\/2025\/04\/UNIRO.png\" alt=\"\" class=\"wp-image-498\" style=\"width:169px;height:auto\" \/><\/figure>\n<\/div>\n\n\n<p class=\"has-text-align-center\"><strong><a href=\"https:\/\/www.unirio.br\/\" data-type=\"link\" data-id=\"https:\/\/www.unirio.br\/\">&nbsp;UNIRIO &#8211; Universidade Federal do Estado do Rio de Janeiro<\/a><\/strong><\/p>\n<\/div>\n\n\n\n<div class=\"wp-block-column is-layout-flow wp-block-column-is-layout-flow\"><div class=\"wp-block-image\">\n<figure class=\"aligncenter size-full is-resized\"><img loading=\"lazy\" decoding=\"async\" width=\"138\" height=\"109\" src=\"https:\/\/www.ufpb.br\/gcet\/wp-content\/uploads\/sites\/79\/sites\/273\/2025\/04\/UNIVALE-1.png\" alt=\"\" class=\"wp-image-500\" style=\"width:191px;height:auto\" \/><\/figure>\n<\/div>\n\n\n<p class=\"has-text-align-center\"><strong><a href=\"https:\/\/portal.univali.br\/Paginas\/default.aspx\" data-type=\"link\" data-id=\"https:\/\/portal.univali.br\/Paginas\/default.aspx\">UNIVALI &#8211; Universidade do Vale do Itaja\u00ed<\/a><\/strong><\/p>\n<\/div>\n\n\n\n<div class=\"wp-block-column is-layout-flow wp-block-column-is-layout-flow\"><div class=\"wp-block-image\">\n<figure class=\"aligncenter size-full\"><img loading=\"lazy\" decoding=\"async\" width=\"120\" height=\"147\" src=\"https:\/\/www.ufpb.br\/gcet\/wp-content\/uploads\/sites\/79\/sites\/273\/2025\/04\/IF.png\" alt=\"\" class=\"wp-image-501\" \/><\/figure>\n<\/div>\n\n\n<p class=\"has-text-align-center\"><strong><a href=\"https:\/\/montecastelo.ifma.edu.br\/\" data-type=\"link\" data-id=\"https:\/\/montecastelo.ifma.edu.br\/\">IFMA &#8211; Instituto Federal do Maranh\u00e3o &#8211;&nbsp;Campus S\u00e3o Lu\u00eds\/Monte Castelo<\/a><\/strong><\/p>\n<\/div>\n<\/div>\n\n\n\n<div class=\"wp-block-columns is-layout-flex wp-container-core-columns-is-layout-9d6595d7 wp-block-columns-is-layout-flex\">\n<div class=\"wp-block-column is-layout-flow wp-block-column-is-layout-flow\">\n<figure class=\"wp-block-image size-full\"><img loading=\"lazy\" decoding=\"async\" width=\"161\" height=\"126\" src=\"https:\/\/www.ufpb.br\/gcet\/wp-content\/uploads\/sites\/79\/sites\/273\/2025\/04\/AREGALA.png\" alt=\"\" class=\"wp-image-502\" \/><\/figure>\n\n\n\n<p class=\"has-text-align-center\"><strong><a href=\"http:\/\/aregalabrasil.com.br\/\" data-type=\"link\" data-id=\"http:\/\/aregalabrasil.com.br\/\">Aregala Internaciona<\/a><\/strong>l<\/p>\n<\/div>\n\n\n\n<div class=\"wp-block-column is-layout-flow wp-block-column-is-layout-flow\">\n<figure class=\"wp-block-image size-full\"><img loading=\"lazy\" decoding=\"async\" width=\"231\" height=\"97\" src=\"https:\/\/www.ufpb.br\/gcet\/wp-content\/uploads\/sites\/79\/sites\/273\/2025\/04\/ASSOSIACAO.png\" alt=\"\" class=\"wp-image-503\" \/><\/figure>\n\n\n\n<p class=\"has-text-align-center\"><strong><a href=\"https:\/\/www.abih-pb.com.br\/\" data-type=\"link\" data-id=\"https:\/\/www.abih-pb.com.br\/\">Associa\u00e7\u00e3o Brasileira da Ind\u00fastria de Hot\u00e9is da Para\u00edba (ABIH-PB)<\/a><\/strong><\/p>\n<\/div>\n\n\n\n<div class=\"wp-block-column is-layout-flow wp-block-column-is-layout-flow\">\n<figure class=\"wp-block-image size-full\"><img loading=\"lazy\" decoding=\"async\" width=\"170\" height=\"154\" src=\"https:\/\/www.ufpb.br\/gcet\/wp-content\/uploads\/sites\/79\/sites\/273\/2025\/04\/PGAU.png\" alt=\"\" class=\"wp-image-504\" \/><\/figure>\n\n\n\n<p class=\"has-text-align-center\"><strong><a href=\"https:\/\/ppgaud.ufc.br\/pt\/\" data-type=\"link\" data-id=\"https:\/\/ppgaud.ufc.br\/pt\/\">PPGAU+D<\/a><\/strong><\/p>\n<\/div>\n<\/div>\n\n\n\n<div class=\"wp-block-columns is-layout-flex wp-container-core-columns-is-layout-9d6595d7 wp-block-columns-is-layout-flex\">\n<div class=\"wp-block-column is-layout-flow wp-block-column-is-layout-flow\">\n<figure class=\"wp-block-image size-full\"><img loading=\"lazy\" decoding=\"async\" width=\"204\" height=\"110\" src=\"https:\/\/www.ufpb.br\/gcet\/wp-content\/uploads\/sites\/79\/sites\/273\/2025\/04\/JORNALISMO-1.png\" alt=\"\" class=\"wp-image-508\" \/><\/figure>\n\n\n\n<p class=\"has-text-align-center\"><strong><a href=\"https:\/\/www.abrajetpb.com.br\/\" data-type=\"link\" data-id=\"https:\/\/www.abrajetpb.com.br\/\">Abrajet Para\u00edba<\/a><\/strong><\/p>\n<\/div>\n\n\n\n<div class=\"wp-block-column is-layout-flow wp-block-column-is-layout-flow\"><\/div>\n\n\n\n<div class=\"wp-block-column is-layout-flow wp-block-column-is-layout-flow\"><\/div>\n<\/div>\n","protected":false},"excerpt":{"rendered":"<p>UNIFUTURO FLORIDA CHRISTIAN UNIVERSITY EDITORA CCTA &nbsp;UNIRIO &#8211; Universidade Federal do Estado do Rio de [&hellip;]<\/p>\n","protected":false},"author":47,"featured_media":0,"parent":0,"menu_order":0,"comment_status":"closed","ping_status":"closed","template":"","meta":{"footnotes":""},"class_list":["post-48","page","type-page","status-publish","hentry"],"_links":{"self":[{"href":"https:\/\/www.ufpb.br\/gcet\/wp-json\/wp\/v2\/pages\/48","targetHints":{"allow":["GET"]}}],"collection":[{"href":"https:\/\/www.ufpb.br\/gcet\/wp-json\/wp\/v2\/pages"}],"about":[{"href":"https:\/\/www.ufpb.br\/gcet\/wp-json\/wp\/v2\/types\/page"}],"author":[{"embeddable":true,"href":"https:\/\/www.ufpb.br\/gcet\/wp-json\/wp\/v2\/users\/47"}],"replies":[{"embeddable":true,"href":"https:\/\/www.ufpb.br\/gcet\/wp-json\/wp\/v2\/comments?post=48"}],"version-history":[{"count":7,"href":"https:\/\/www.ufpb.br\/gcet\/wp-json\/wp\/v2\/pages\/48\/revisions"}],"predecessor-version":[{"id":1687,"href":"https:\/\/www.ufpb.br\/gcet\/wp-json\/wp\/v2\/pages\/48\/revisions\/1687"}],"wp:attachment":[{"href":"https:\/\/www.ufpb.br\/gcet\/wp-json\/wp\/v2\/media?parent=48"}],"curies":[{"name":"wp","href":"https:\/\/api.w.org\/{rel}","templated":true}]}}