{"id":50,"date":"2025-03-18T09:47:32","date_gmt":"2025-03-18T12:47:32","guid":{"rendered":"https:\/\/www.ufpb.br\/gcet\/?page_id=50"},"modified":"2025-03-18T11:29:42","modified_gmt":"2025-03-18T14:29:42","slug":"projetos","status":"publish","type":"page","link":"https:\/\/www.ufpb.br\/gcet\/projetos\/","title":{"rendered":"Projetos"},"content":{"rendered":"\n<figure class=\"wp-block-table\"><table class=\"has-fixed-layout\"><tbody><tr><td><a href=\"http:\/\/plone.ufpb.br\/gcet\/contents\/documentos\/projetos-de-pesquisa\/terceira-idade-e-turismo-um-estudo-sobre-acessibilidade-nos-restaurantes-da-cidade-de-cabedelo-pb\">TERCEIRA IDADE E TURISMO UM ESTUDO SOBRE ACESSIBILIDADE NOS RESTAURANTES DA CIDADE DE CABEDELO-PB<\/a><\/td><td>EM ANDAMENTO<\/td><\/tr><tr><td><a href=\"http:\/\/plone.ufpb.br\/gcet\/contents\/documentos\/projetos-de-pesquisa\/terceira-idade-turismo-e-acessibilidade-um-estudo-na-cidade-de-cabedelo-pb.pdf\">TERCEIRA IDADE, TURISMO E ACESSIBILIDADE: UM ESTUDO NA CIDADE DE CABEDELO &#8211; PB<\/a><\/td><td>CONCLU\u00cdDO<\/td><\/tr><tr><td><a href=\"http:\/\/plone.ufpb.br\/gcet\/contents\/documentos\/projetos-de-pesquisa\/terceira-idade-e-acessibilidade-um-estudo-nos-hoteis-da-cidade-de-joao-pessoa-pb.pdf\">TERCEIRA IDADE E ACESSIBILIDADE: UM ESTUDO NOS HOT\u00c9IS DA CIDADE DE JO\u00c3O PESSOA-PB<\/a><\/td><td>CONCLU\u00cdDO<\/td><\/tr><tr><td><a href=\"http:\/\/plone.ufpb.br\/gcet\/contents\/documentos\/projetos-de-pesquisa\/turismo-e-acessibilidade-pesquisa-sobre-os-estudos-realizados-na-universidade-federal-da-paraiba.pdf\">TURISMO E ACESSIBILIDADE: PESQUISA SOBRE OS ESTUDOS REALIZADOS NA UNIVERSIDADE FEDERAL DA PARA\u00cdBA<\/a><\/td><td>CONCLU\u00cdDO<\/td><\/tr><tr><td><a href=\"http:\/\/plone.ufpb.br\/gcet\/contents\/documentos\/projetos-de-pesquisa\/sol-e-praia-terceira-idade-e-acessibilidade-um-estudo-no-litoral-da-cidade-de-joao-pessoa-pb.pdf\">SOL E PRAIA, TERCEIRA IDADE E ACESSIBILIDADE: UM ESTUDO NO LITORAL DA CIDADE DE JO\u00c3O PESSOA-PB<\/a><\/td><td>CONCLU\u00cdDO<\/td><\/tr><tr><td><a href=\"http:\/\/plone.ufpb.br\/gcet\/contents\/documentos\/projetos-de-pesquisa\/dialogos-na-area-de-turismo-um-estudo-na-universidade-federal-da-paraiba.pdf\">DI\u00c1LOGOS NA \u00c1REA DE TURISMO: UM ESTUDO&nbsp;NA UNIVERSIDADE FEDERAL DA PARA\u00cdBA<\/a><\/td><td>CONCLU\u00cdDO<\/td><\/tr><tr><td><a href=\"http:\/\/plone.ufpb.br\/gcet\/contents\/documentos\/projetos-de-pesquisa\/turismo-cultural-e-idosos-elaboracao-e-aplicacao-do-checklist-como-instrumento-de-verificacao-da-acessibilidade-no-centro-historico-de-joao-pessoa-pb.pdf\">TURISMO CULTURAL, TERCEIRA IDADE E ACESSIBILIDADE: UM ESTUDO NO CENTRO HIST\u00d3RICO DE JO\u00c3O PESSOA<\/a><\/td><td>CONCLU\u00cdDO<\/td><\/tr><tr><td><a href=\"http:\/\/plone.ufpb.br\/gcet\/contents\/documentos\/projetos-de-pesquisa\/a-producao-cientifica-na-area-de-turismo-um-estudo-na-universidade-federal-da-paraiba.pdf\">A PRODU\u00c7\u00c3O CIENT\u00cdFICA NA \u00c1REA DE TURISMO: UM ESTUDO NA UNIVERSIDADE FEDERAL DA PARA\u00cdBA<\/a><em><\/em><\/td><td>CONCLU\u00cdDO<\/td><\/tr><tr><td><a href=\"http:\/\/plone.ufpb.br\/gcet\/contents\/documentos\/projetos-de-pesquisa\/projeto-de-pesquisa.pdf\">ACESSIBILIDADE PARA IDOSOS: UM ESTUDO APLICADO NOS RESTAURANTES DA CIDADE DE JO\u00c3O PESSOA &#8211; PB<\/a><\/td><td>CONCLU\u00cdDO<\/td><\/tr><\/tbody><\/table><\/figure>\n","protected":false},"excerpt":{"rendered":"<p>TERCEIRA IDADE E TURISMO UM ESTUDO SOBRE ACESSIBILIDADE NOS RESTAURANTES DA CIDADE DE CABEDELO-PB EM [&hellip;]<\/p>\n","protected":false},"author":47,"featured_media":0,"parent":0,"menu_order":0,"comment_status":"closed","ping_status":"closed","template":"","meta":{"footnotes":""},"class_list":["post-50","page","type-page","status-publish","hentry"],"_links":{"self":[{"href":"https:\/\/www.ufpb.br\/gcet\/wp-json\/wp\/v2\/pages\/50","targetHints":{"allow":["GET"]}}],"collection":[{"href":"https:\/\/www.ufpb.br\/gcet\/wp-json\/wp\/v2\/pages"}],"about":[{"href":"https:\/\/www.ufpb.br\/gcet\/wp-json\/wp\/v2\/types\/page"}],"author":[{"embeddable":true,"href":"https:\/\/www.ufpb.br\/gcet\/wp-json\/wp\/v2\/users\/47"}],"replies":[{"embeddable":true,"href":"https:\/\/www.ufpb.br\/gcet\/wp-json\/wp\/v2\/comments?post=50"}],"version-history":[{"count":1,"href":"https:\/\/www.ufpb.br\/gcet\/wp-json\/wp\/v2\/pages\/50\/revisions"}],"predecessor-version":[{"id":51,"href":"https:\/\/www.ufpb.br\/gcet\/wp-json\/wp\/v2\/pages\/50\/revisions\/51"}],"wp:attachment":[{"href":"https:\/\/www.ufpb.br\/gcet\/wp-json\/wp\/v2\/media?parent=50"}],"curies":[{"name":"wp","href":"https:\/\/api.w.org\/{rel}","templated":true}]}}