{"id":8,"date":"2025-03-17T19:45:32","date_gmt":"2025-03-17T22:45:32","guid":{"rendered":"https:\/\/www.ufpb.br\/gcet\/?page_id=8"},"modified":"2025-04-28T15:45:24","modified_gmt":"2025-04-28T18:45:24","slug":"apresentacao","status":"publish","type":"page","link":"https:\/\/www.ufpb.br\/gcet\/apresentacao\/","title":{"rendered":"APRESENTA\u00c7\u00c3O"},"content":{"rendered":"\n<h2 class=\"wp-block-heading\"><div class=\"linha-header\"><strong>O GCET<\/strong><\/div><\/h2>\n\n\n\n<p>O Grupo de Pesquisa Cultura e Estudos em Turismo (GCET), registrado no Diret\u00f3rio do Grupo de Pesquisa &#8211; DGP\/CNPq, \u00e9 formado por pesquisadores, docentes, discentes de gradua\u00e7\u00e3o e de p\u00f3s-gradua\u00e7\u00e3o e profissionais da \u00e1rea. O GCET tem natureza acad\u00eamica e, como objetivo, proporcionar aos discentes a participa\u00e7\u00e3o na inicia\u00e7\u00e3o cient\u00edfica, estimular a pesquisa e a dissemina\u00e7\u00e3o do conhecimento em \u00e2mbito nacional e internacional, criar ferramentas que auxiliem a divulga\u00e7\u00e3o das pesquisas, impulsionar a integra\u00e7\u00e3o entre graduandos, p\u00f3s-graduandos, egressos e profissionais ligados \u00e0s \u00e1reas de turismo e hotelaria, projetar as pesquisas desenvolvidas, tanto nacional quanto internacionalmente, por meio de redes de colabora\u00e7\u00e3o com outras institui\u00e7\u00f5es e, assim, realizar a promo\u00e7\u00e3o, o desenvolvimento e a divulga\u00e7\u00e3o do conhecimento cient\u00edfico nas \u00e1reas de turismo e hotelaria.&nbsp;<\/p>\n\n\n\n<h2 class=\"wp-block-heading\"><div class=\"linha-header\">Os primeiros passos<\/div><\/h2>\n\n\n\n<p>O GCET (Grupo de Pesquisa Cultura e Estudos em Turismo) foi fundado, no ano de 2010, pela professora Dr\u00aa Adriana Brambilla, pelo Doutor El\u00eddio Vanzella e por um pequeno, mas destemido, grupo de estudantes dos cursos de turismo e hotelaria da UFPB. Um come\u00e7o dif\u00edcil onde os membros se reuniam, para planejar estudos, pesquisas e trabalhos, em salas improvisadas da biblioteca ou em salas de aulas.<\/p>\n\n\n\n<p>A determina\u00e7\u00e3o estava presente e logo os primeiros resultados come\u00e7aram a surgir, os primeiros artigos publicados em revistas, trabalhos apresentados e publicados em congresso motivaram ainda mais o grupo. Atualmente o GCET realiza estudos em sete linhas de pesquisas: Acessibilidade, Terceira Idade e Turismo; Turismo, Cultura e Patrim\u00f4nio; Marketing e gest\u00e3o do Turismo e da Hotelaria; Turismo Cinematogr\u00e1fico e Dark Tourism; Turismo e Gastronomia; Experi\u00eancia tur\u00edstica, Tecnologia e Turismo; Turismo, Pol\u00edticas P\u00fablicas e Sustentabilidade e Educa\u00e7\u00e3o.<\/p>\n\n\n\n<p>O GCET foi registrado no DGP (Diret\u00f3rio de Grupos de Pesquisa) do CNPq no ano de 2010 e, desde ent\u00e3o, o grupo tem crescido dando oportunidades para alunos que desejam trilhar o caminho da pesquisa e, por isso, a jornada percorrida, em todo esse tempo, \u00e9 recompensadora. A produtividade e a qualidade dos trabalhos tem sido marca do grupo que possui v\u00e1rios artigos publicados, participa\u00e7\u00f5es e publica\u00e7\u00f5es em congressos nacionais e internacionais, livros publicados pelos membros e tamb\u00e9m organizados em parcerias com importantes e renomadas institui\u00e7\u00f5es de ensino nacionais e internacionais. Al\u00e9m da organiza\u00e7\u00e3o de importantes eventos que se destacaram no meio acad\u00eamico pela import\u00e2ncia dos temas abordados e pela massiva participa\u00e7\u00e3o dos alunos dos cursos de turismo e hotelaria.&nbsp;<\/p>\n\n\n\n<p>No ano de 2020 o grupo foi descrito na enciclop\u00e9dia online&nbsp;<a href=\"https:\/\/pt.wikipedia.org\/wiki\/Grupo_de_Pesquisa_-_GCET\">Wikip\u00e9dia<\/a>&nbsp;e hoje o GCET tem seus esfor\u00e7os reconhecidos pelos acad\u00eamicos e por v\u00e1rias pessoas, de muitos segmentos, que acompanham as pesquisas realizadas pelo grupo nas suas redes sociais como o&nbsp;<a href=\"https:\/\/www.facebook.com\/GrupoGcet\">Facebook<\/a>,&nbsp;<a href=\"https:\/\/www.instagram.com\/GRUPOGCET\/\">Instagram<\/a>,&nbsp;<a href=\"https:\/\/independent.academia.edu\/GCETUFPB\">Academia.edu<\/a>,&nbsp;<a href=\"https:\/\/www.youtube.com\/channel\/UCpLzf8vCsDjXQ0eIrb_yPFA\">You Tube<\/a>.<\/p>\n\n\n\n<p class=\"has-medium-font-size\"><strong>Ess\u00eancia<\/strong><\/p>\n\n\n\n<p><strong>MISS\u00c3O<\/strong><\/p>\n\n\n\n<p><strong>Construir e disseminar o conhecimento cient\u00edfico nas \u00e1reas de turismo e hotelaria<\/strong><\/p>\n\n\n\n<p><strong>VIS\u00c3O<\/strong><\/p>\n\n\n\n<p><strong>Ser refer\u00eancia em grupo de pesquisa em n\u00edvel internacional nas \u00e1reas de turismo e hotelaria<\/strong><\/p>\n\n\n\n<p><strong>VALORES<\/strong><\/p>\n\n\n\n<ul class=\"wp-block-list\">\n<li>Atuar com foco na \u00e9tica atrav\u00e9s das pr\u00e1ticas adequadas de pesquisa;<\/li>\n\n\n\n<li>Contribuir para a forma\u00e7\u00e3o de pesquisadores \u00e9ticos e voltados \u00e0 responsabilidade social;<\/li>\n\n\n\n<li>Desenvolver pesquisas inovadoras nas \u00e1reas de turismo e de hotelaria contribuindo para o avan\u00e7o dos estudos da hospitalidade no contexto nacional e internacional;<\/li>\n\n\n\n<li>Ofertar \u00e0 comunidade os resultados das pesquisas desenvolvidos pelo GCET por meio do acesso livre;<\/li>\n\n\n\n<li>Incentivar e promover a inser\u00e7\u00e3o dos membro do GCET no cen\u00e1rio internacional;<\/li>\n\n\n\n<li>Contribuir para a valoriza\u00e7\u00e3o e capacita\u00e7\u00e3o dos profissionais nos setores tur\u00edsticos e hoteleiros;<\/li>\n\n\n\n<li>Estimular nos discentes o interesse pela pesquisa nos diferentes setores da hospitalidade;<\/li>\n\n\n\n<li>Contribuir para a gest\u00e3o do turismo e da hotelaria, atrav\u00e9s da disponibiliza\u00e7\u00e3o de resultados de pesquisas ao&nbsp;<em>trade&nbsp;<\/em>tur\u00edstico, setor p\u00fablico e \u00e0 sociedade em geral;<\/li>\n\n\n\n<li>Comprometimento com a responsabilidade social, ambiental e cultural para o desenvolvimento do turismo e da hotelaria.<\/li>\n<\/ul>\n\n\n\n<h2 class=\"wp-block-heading\"><div class=\"linha-header\">As logos do GCET<\/div><\/h2>\n\n\n\n<div class=\"wp-block-columns is-layout-flex wp-container-core-columns-is-layout-9d6595d7 wp-block-columns-is-layout-flex\">\n<div class=\"wp-block-column is-layout-flow wp-block-column-is-layout-flow\" style=\"flex-basis:100%\"><\/div>\n\n\n\n<div class=\"wp-block-column is-layout-flow wp-block-column-is-layout-flow\"><\/div>\n<\/div>\n\n\n\n<div class=\"wp-block-columns is-layout-flex wp-container-core-columns-is-layout-9d6595d7 wp-block-columns-is-layout-flex\">\n<div class=\"wp-block-column is-layout-flow wp-block-column-is-layout-flow\" style=\"flex-basis:33.33%\">\n<figure class=\"wp-block-image size-full is-resized\"><img loading=\"lazy\" decoding=\"async\" width=\"500\" height=\"500\" src=\"http:\/\/www.ufpb.br\/gcet\/wp-content\/uploads\/sites\/79\/sites\/273\/2025\/03\/gcet-carimbo.png\" alt=\"\" class=\"wp-image-21\" style=\"width:206px;height:auto\" srcset=\"https:\/\/www.ufpb.br\/gcet\/wp-content\/uploads\/sites\/79\/sites\/273\/2025\/03\/gcet-carimbo.png 500w, https:\/\/www.ufpb.br\/gcet\/wp-content\/uploads\/sites\/79\/sites\/273\/2025\/03\/gcet-carimbo-300x300.png 300w, https:\/\/www.ufpb.br\/gcet\/wp-content\/uploads\/sites\/79\/sites\/273\/2025\/03\/gcet-carimbo-150x150.png 150w\" sizes=\"auto, (max-width: 500px) 100vw, 500px\" \/><\/figure>\n<\/div>\n\n\n\n<div class=\"wp-block-column is-layout-flow wp-block-column-is-layout-flow\" style=\"flex-basis:66.66%\">\n<figure class=\"wp-block-image size-full is-resized\"><img loading=\"lazy\" decoding=\"async\" width=\"247\" height=\"146\" src=\"http:\/\/www.ufpb.br\/gcet\/wp-content\/uploads\/sites\/79\/sites\/273\/2025\/03\/gcet-1.png\" alt=\"\" class=\"wp-image-22\" style=\"width:360px;height:auto\" \/><\/figure>\n<\/div>\n<\/div>\n\n\n\n<p>O&nbsp;<strong>GCET (Grupo de Cultura e Estudos em Turismo)<\/strong>&nbsp;tem seu registro no CNPq e o certificado est\u00e1 dispon\u00edvel na p\u00e1gina do Diret\u00f3rio dos Grupos de Pesquisa no Brasil.<\/p>\n\n\n\n<p>Para acessar a p\u00e1gina use o link:<a href=\"http:\/\/dgp.cnpq.br\/dgp\/espelhogrupo\/39876\">&nbsp;http:\/\/dgp.cnpq.br\/dgp\/espelhogrupo\/39876<\/a><\/p>\n\n\n\n<figure class=\"wp-block-image size-large\"><img loading=\"lazy\" decoding=\"async\" width=\"1024\" height=\"438\" src=\"https:\/\/www.ufpb.br\/gcet\/wp-content\/uploads\/sites\/79\/sites\/273\/2025\/03\/cnpq-1024x438.jpg\" alt=\"\" class=\"wp-image-57\" srcset=\"https:\/\/www.ufpb.br\/gcet\/wp-content\/uploads\/sites\/79\/sites\/273\/2025\/03\/cnpq-1024x438.jpg 1024w, https:\/\/www.ufpb.br\/gcet\/wp-content\/uploads\/sites\/79\/sites\/273\/2025\/03\/cnpq-300x128.jpg 300w, https:\/\/www.ufpb.br\/gcet\/wp-content\/uploads\/sites\/79\/sites\/273\/2025\/03\/cnpq-768x329.jpg 768w, https:\/\/www.ufpb.br\/gcet\/wp-content\/uploads\/sites\/79\/sites\/273\/2025\/03\/cnpq.jpg 1301w\" sizes=\"auto, (max-width: 1024px) 100vw, 1024px\" \/><\/figure>\n\n\n\n<p><\/p>\n","protected":false},"excerpt":{"rendered":"<p>O Grupo tem o intuito de apresentar tem\u00e1ticas plurais, com foco nas quest\u00f5es de interesse acad\u00eamico e empresarial, contribuindo para uma melhor compreens\u00e3o do Turismo e da Hotelaria, no contexto do patrim\u00f4nio cultural, impactos socioculturais, econ\u00f4micos e ambientais, acessibilidade, terceira idade, marketing, rela\u00e7\u00f5es interculturais e comportamento do turista.<\/p>\n","protected":false},"author":47,"featured_media":14,"parent":0,"menu_order":0,"comment_status":"closed","ping_status":"closed","template":"","meta":{"footnotes":""},"class_list":["post-8","page","type-page","status-publish","has-post-thumbnail","hentry"],"_links":{"self":[{"href":"https:\/\/www.ufpb.br\/gcet\/wp-json\/wp\/v2\/pages\/8","targetHints":{"allow":["GET"]}}],"collection":[{"href":"https:\/\/www.ufpb.br\/gcet\/wp-json\/wp\/v2\/pages"}],"about":[{"href":"https:\/\/www.ufpb.br\/gcet\/wp-json\/wp\/v2\/types\/page"}],"author":[{"embeddable":true,"href":"https:\/\/www.ufpb.br\/gcet\/wp-json\/wp\/v2\/users\/47"}],"replies":[{"embeddable":true,"href":"https:\/\/www.ufpb.br\/gcet\/wp-json\/wp\/v2\/comments?post=8"}],"version-history":[{"count":10,"href":"https:\/\/www.ufpb.br\/gcet\/wp-json\/wp\/v2\/pages\/8\/revisions"}],"predecessor-version":[{"id":1009,"href":"https:\/\/www.ufpb.br\/gcet\/wp-json\/wp\/v2\/pages\/8\/revisions\/1009"}],"wp:featuredmedia":[{"embeddable":true,"href":"https:\/\/www.ufpb.br\/gcet\/wp-json\/wp\/v2\/media\/14"}],"wp:attachment":[{"href":"https:\/\/www.ufpb.br\/gcet\/wp-json\/wp\/v2\/media?parent=8"}],"curies":[{"name":"wp","href":"https:\/\/api.w.org\/{rel}","templated":true}]}}