{"id":112,"date":"2026-03-01T16:44:48","date_gmt":"2026-03-01T19:44:48","guid":{"rendered":"https:\/\/www.ufpb.br\/idep\/?page_id=112"},"modified":"2026-03-01T16:44:50","modified_gmt":"2026-03-01T19:44:50","slug":"relatorios","status":"publish","type":"page","link":"https:\/\/www.ufpb.br\/idep\/relatorios\/","title":{"rendered":"Relat\u00f3rios"},"content":{"rendered":"\n<p><a href=\"http:\/\/plone.ufpb.br\/idep\/contents\/menu\/relatorios-1\/relatorio-setorial-idep-ufpb-2025.docx\/view\">Relat\u00f3rio Setorial &#8211; 2025<\/a>\u00a0<br><a href=\"http:\/\/plone.ufpb.br\/idep\/contents\/menu\/relatorios-1\/relatrio_setorial_-_idep-ufpb_-_2024.pdf\/view\">Relat\u00f3rio Setorial &#8211; 2024<\/a>\u00a0<br><a href=\"http:\/\/plone.ufpb.br\/idep\/contents\/menu\/relatorios-1\/relatorio-setorial-2023.pdf\/view\">Relat\u00f3rio Setorial &#8211; 2023<\/a><br><a href=\"http:\/\/plone.ufpb.br\/idep\/contents\/menu\/relatorios-1\/relatorio-de-gestao-idep-ufpb-2022.pdf\/view\">Relat\u00f3rio de Gest\u00e3o &#8211; 2022<\/a>\u00a0<br><a href=\"http:\/\/plone.ufpb.br\/idep\/contents\/menu\/relatorios-1\/relatorio-de-gestao-idep-ufpb-2021.pdf\/view\">Relat\u00f3rio de Gest\u00e3o &#8211; 2021<\/a>\u00a0<br><a href=\"http:\/\/plone.ufpb.br\/idep\/contents\/menu\/relatorios-1\/relatorio-de-gestao-idep-ufpb-2019.pdf\/view\">Relat\u00f3rio de Gest\u00e3o &#8211; 2019<\/a>\u00a0<br><a href=\"http:\/\/plone.ufpb.br\/idep\/contents\/menu\/relatorios-1\/relatorio-gestao-2020.pdf\/view\">Relat\u00f3rio de Gest\u00e3o &#8211; 2020<\/a><br><a href=\"http:\/\/plone.ufpb.br\/idep\/contents\/menu\/relatorios-1\/relatorio-das-atividades_idep_ufpb_2014.pdf\/view\">Relat\u00f3rio Atividades &#8211; 2014<\/a><br><a href=\"http:\/\/plone.ufpb.br\/idep\/contents\/menu\/relatorios-1\/relatorio-anual-de-informacoes-2012.pdf\/view\">Relat\u00f3rio Anual de Atividades &#8211; 2012<\/a><\/p>\n\n\n\n<p><\/p>\n","protected":false},"excerpt":{"rendered":"<p>Relat\u00f3rio Setorial &#8211; 2025\u00a0Relat\u00f3rio Setorial &#8211; 2024\u00a0Relat\u00f3rio Setorial &#8211; 2023Relat\u00f3rio de Gest\u00e3o &#8211; 2022\u00a0Relat\u00f3rio de [&hellip;]<\/p>\n","protected":false},"author":47,"featured_media":0,"parent":0,"menu_order":0,"comment_status":"closed","ping_status":"closed","template":"","meta":{"footnotes":""},"class_list":["post-112","page","type-page","status-publish","hentry"],"_links":{"self":[{"href":"https:\/\/www.ufpb.br\/idep\/wp-json\/wp\/v2\/pages\/112","targetHints":{"allow":["GET"]}}],"collection":[{"href":"https:\/\/www.ufpb.br\/idep\/wp-json\/wp\/v2\/pages"}],"about":[{"href":"https:\/\/www.ufpb.br\/idep\/wp-json\/wp\/v2\/types\/page"}],"author":[{"embeddable":true,"href":"https:\/\/www.ufpb.br\/idep\/wp-json\/wp\/v2\/users\/47"}],"replies":[{"embeddable":true,"href":"https:\/\/www.ufpb.br\/idep\/wp-json\/wp\/v2\/comments?post=112"}],"version-history":[{"count":1,"href":"https:\/\/www.ufpb.br\/idep\/wp-json\/wp\/v2\/pages\/112\/revisions"}],"predecessor-version":[{"id":113,"href":"https:\/\/www.ufpb.br\/idep\/wp-json\/wp\/v2\/pages\/112\/revisions\/113"}],"wp:attachment":[{"href":"https:\/\/www.ufpb.br\/idep\/wp-json\/wp\/v2\/media?parent=112"}],"curies":[{"name":"wp","href":"https:\/\/api.w.org\/{rel}","templated":true}]}}