{"id":20,"date":"2026-02-28T16:39:28","date_gmt":"2026-02-28T19:39:28","guid":{"rendered":"https:\/\/www.ufpb.br\/idep\/?page_id=20"},"modified":"2026-02-28T16:39:33","modified_gmt":"2026-02-28T19:39:33","slug":"apresentacao","status":"publish","type":"page","link":"https:\/\/www.ufpb.br\/idep\/apresentacao\/","title":{"rendered":"Apresenta\u00e7\u00e3o"},"content":{"rendered":"\n<p>Nos seus aspectos essenciais, o Instituto UFPB de Desenvolvimento da Para\u00edba (IDEP\/UFPB) pretende dotar o Estado da Para\u00edba de uma competente base de gera\u00e7\u00e3o e difus\u00e3o de conhecimentos cient\u00edfico &#8211; tecnol\u00f3gicos a servi\u00e7o do seu desenvolvimento sustent\u00e1vel. A cria\u00e7\u00e3o do Instituto se fundamenta na convic\u00e7\u00e3o de que a UFPB tem uma alentada capacidade de produ\u00e7\u00e3o acad\u00eamico &#8211; cient\u00edfica e tecnol\u00f3gica de qualidade que pode ser, com grande proveito, mais orientada ao desenvolvimento da Para\u00edba.<\/p>\n\n\n\n<p>Para organizar e sistematizar o seu funcionamento, o IDEP\/UFPB orientar\u00e1 as suas atividades pelos seguintes&nbsp;<strong>Eixos Tem\u00e1ticos<\/strong>:<\/p>\n\n\n\n<blockquote class=\"wp-block-quote is-layout-flow wp-block-quote-is-layout-flow\">\n<ul class=\"wp-block-list\">\n<li>\u00a0\u00a0\u00a0 Moderniza\u00e7\u00e3o, reorganiza\u00e7\u00e3o e efici\u00eancia administrativa do Governo do Estado e dos Munic\u00edpios;<\/li>\n\n\n\n<li>\u00a0\u00a0\u00a0 Infraestrutura e servi\u00e7os b\u00e1sicos;<\/li>\n\n\n\n<li>\u00a0\u00a0\u00a0 Recursos naturais e meio ambiente;<\/li>\n\n\n\n<li>\u00a0\u00a0\u00a0 Educa\u00e7\u00e3o, ci\u00eancia e tecnologia;<\/li>\n\n\n\n<li>\u00a0\u00a0\u00a0 Inova\u00e7\u00f5es tecnol\u00f3gicas e organizacionais para o setor produtivo;<\/li>\n\n\n\n<li>\u00a0\u00a0\u00a0 Novas oportunidades econ\u00f4micas para a Para\u00edba;<\/li>\n\n\n\n<li>\u00a0\u00a0\u00a0 Pol\u00edticas p\u00fablicas e prote\u00e7\u00e3o social;<\/li>\n\n\n\n<li>\u00a0\u00a0\u00a0 Arte e cultura paraibana no contexto nacional e mundial.<\/li>\n<\/ul>\n<\/blockquote>\n\n\n\n<p><strong>Nossa Miss\u00e3o<\/strong><br>Coerentes com as motiva\u00e7\u00f5es e os compromissos impl\u00edcitos nos desafios delineados, imp\u00f5e-se um direcionamento abrangente, m\u00faltiplo e complexo \u00e0s atividades do IDEP\/UFPB. Esses prop\u00f3sitos sintetizam-se na sua seguinte Miss\u00e3o institucional:<\/p>\n\n\n\n<p>Produzir, disseminar e promover a aplica\u00e7\u00e3o de conhecimento cient\u00edfico &#8211; tecnol\u00f3gicos, art\u00edsticos e culturais integrados ao desenvolvimento socioecon\u00f4mico sustent\u00e1vel da Para\u00edba.<\/p>\n\n\n\n<div class=\"wp-block-file\"><a id=\"wp-block-file--media-b37dae8d-fb6c-4e6d-9779-6c8df1452f76\" href=\"http:\/\/www.ufpb.br\/idep\/wp-content\/uploads\/sites\/79\/sites\/452\/2026\/02\/resolucao-de-criacao.pdf\">Resolu\u00e7\u00e3o de cria\u00e7\u00e3o do IDEP\/UFPB 32\/2011<\/a><a href=\"http:\/\/www.ufpb.br\/idep\/wp-content\/uploads\/sites\/79\/sites\/452\/2026\/02\/resolucao-de-criacao.pdf\" class=\"wp-block-file__button wp-element-button\" download aria-describedby=\"wp-block-file--media-b37dae8d-fb6c-4e6d-9779-6c8df1452f76\">Baixar<\/a><\/div>\n\n\n\n<div class=\"wp-block-file\"><a id=\"wp-block-file--media-2ccce2d2-9b34-48ad-b2be-892b7c9ae99f\" href=\"http:\/\/www.ufpb.br\/idep\/wp-content\/uploads\/sites\/79\/sites\/452\/2026\/02\/regimentointernodoIDEP.pdf\">Regimento Interno<\/a><a href=\"http:\/\/www.ufpb.br\/idep\/wp-content\/uploads\/sites\/79\/sites\/452\/2026\/02\/regimentointernodoIDEP.pdf\" class=\"wp-block-file__button wp-element-button\" download aria-describedby=\"wp-block-file--media-2ccce2d2-9b34-48ad-b2be-892b7c9ae99f\">Baixar<\/a><\/div>\n\n\n\n<div class=\"wp-block-file\"><a id=\"wp-block-file--media-de61da02-3505-447b-8a29-6dccfbb4324d\" href=\"https:\/\/www.ufpb.br\/idep\/wp-content\/uploads\/sites\/79\/sites\/452\/2026\/02\/ata_regimento_idep.pdf\">Ata de aprova\u00e7\u00e3o do IDEP\/UFPB no CONSUNI<\/a><\/div>\n","protected":false},"excerpt":{"rendered":"<p>Nos seus aspectos essenciais, o Instituto UFPB de Desenvolvimento da Para\u00edba (IDEP\/UFPB) pretende dotar o [&hellip;]<\/p>\n","protected":false},"author":47,"featured_media":0,"parent":0,"menu_order":0,"comment_status":"closed","ping_status":"closed","template":"","meta":{"footnotes":""},"class_list":["post-20","page","type-page","status-publish","hentry"],"_links":{"self":[{"href":"https:\/\/www.ufpb.br\/idep\/wp-json\/wp\/v2\/pages\/20","targetHints":{"allow":["GET"]}}],"collection":[{"href":"https:\/\/www.ufpb.br\/idep\/wp-json\/wp\/v2\/pages"}],"about":[{"href":"https:\/\/www.ufpb.br\/idep\/wp-json\/wp\/v2\/types\/page"}],"author":[{"embeddable":true,"href":"https:\/\/www.ufpb.br\/idep\/wp-json\/wp\/v2\/users\/47"}],"replies":[{"embeddable":true,"href":"https:\/\/www.ufpb.br\/idep\/wp-json\/wp\/v2\/comments?post=20"}],"version-history":[{"count":2,"href":"https:\/\/www.ufpb.br\/idep\/wp-json\/wp\/v2\/pages\/20\/revisions"}],"predecessor-version":[{"id":28,"href":"https:\/\/www.ufpb.br\/idep\/wp-json\/wp\/v2\/pages\/20\/revisions\/28"}],"wp:attachment":[{"href":"https:\/\/www.ufpb.br\/idep\/wp-json\/wp\/v2\/media?parent=20"}],"curies":[{"name":"wp","href":"https:\/\/api.w.org\/{rel}","templated":true}]}}