{"id":46,"date":"2026-03-01T16:17:49","date_gmt":"2026-03-01T19:17:49","guid":{"rendered":"https:\/\/www.ufpb.br\/idep\/?page_id=46"},"modified":"2026-03-01T16:17:54","modified_gmt":"2026-03-01T19:17:54","slug":"portarias","status":"publish","type":"page","link":"https:\/\/www.ufpb.br\/idep\/portarias\/","title":{"rendered":"Portarias"},"content":{"rendered":"\n<h2 class=\"wp-block-heading\"><div class=\"linha-header\">Portarias &#8211; 2024 &#8211; 2028<\/div><\/h2>\n\n\n\n<p><a href=\"http:\/\/plone.ufpb.br\/idep\/contents\/menu\/portarias\/portarias-2024-2028\/walmir_rufinoportaria-scrf_progep-no-770-de-18-de-novembro-de-2024-portaria-scrf_progep-no-770-de-18-de-novembro-de-2024-dou-imprensa-nacional.pdf\/view\">Portaria &#8211; Nomea\u00e7\u00e3o &#8211; Walmir Rufino da Silva<\/a><br><a href=\"http:\/\/plone.ufpb.br\/idep\/contents\/menu\/portarias\/portarias-2024-2028\/portaria_janilde.pdf\/view\">Designa\u00e7\u00e3o_secret\u00e1ria_DCTIS_Janilde_Guedes_de_Lima<\/a>\u00a0<br><a href=\"http:\/\/plone.ufpb.br\/idep\/contents\/menu\/portarias\/portarias-2024-2028\/dispensa_coordenador_de_integracao_com_a_sociedade_thiago_jardelino.pdf\/view\">Dispensa_Coordenador_de_integra\u00e7\u00e3o_com_a_Sociedade_Thiago_jardelino<\/a><br><a href=\"http:\/\/plone.ufpb.br\/idep\/contents\/menu\/portarias\/portarias-2024-2028\/osiran_dispensa.pdf\/view\">Portaria_dispensa_diretor_DAF_Osiran_felicio<\/a><br><a href=\"http:\/\/plone.ufpb.br\/idep\/contents\/menu\/portarias\/portarias-2024-2028\/manoel-bandeira-designacao.pdf\/view\">Portaria_nomea\u00e7\u00e3o_diretor_DAF_Manoel_Bandeira<\/a><\/p>\n\n\n\n<h2 class=\"wp-block-heading\"><div class=\"linha-header\">Portarias 2020 &#8211; 2024<\/div><\/h2>\n\n\n\n<p><a href=\"http:\/\/plone.ufpb.br\/idep\/contents\/menu\/portarias\/portarias-2020-2024\/portarias\/osiran.pdf\/view\">Coordenador da CAF\/IDEP\/UFPB<\/a>\u00a0<br><a href=\"http:\/\/plone.ufpb.br\/idep\/contents\/menu\/portarias\/portarias-2020-2024\/portarias\/tiago_pereira.pdf\/view\">Coordenador CCT\/DCTIS\/IDEP\/UFPB<\/a><br><a href=\"http:\/\/plone.ufpb.br\/idep\/contents\/menu\/portarias\/portarias-2020-2024\/portarias\/sandro_marden.pdf\/view\">Coordenador TECNOMAT\/IDEP\/UFPB<\/a>\u00a0<br><a href=\"http:\/\/plone.ufpb.br\/idep\/contents\/menu\/portarias\/portarias-2020-2024\/portarias\/marcal_rosas.pdf\/view\">Vice Coordenador TECNOMAT\/IDEP\/UFPB<\/a>\u00a0<br><a href=\"http:\/\/plone.ufpb.br\/idep\/contents\/menu\/portarias\/portarias-2020-2024\/portarias\/nataly_albuquerque.pdf\/view\">Coordenadora LTPB\/IDEP\/UFPB<\/a><br><a href=\"http:\/\/plone.ufpb.br\/idep\/contents\/menu\/portarias\/portarias-2020-2024\/portarias\/angela_tribuzy.pdf\/view\">Vice Coordenadora LTPB\/IDEP\/UFPB<\/a><br><a href=\"http:\/\/plone.ufpb.br\/idep\/contents\/menu\/portarias\/portarias-2020-2024\/portarias\/adailson_pereira.pdf\/view\">Coordenador LTSPOVA\/IDEP\/UFPB<\/a><br><a href=\"http:\/\/plone.ufpb.br\/idep\/contents\/menu\/portarias\/portarias-2020-2024\/portarias\/loisearaujo.pdf\/view\">Vice coordenadora LTSPOVA\/IDEP\/UFPB<\/a><br><a href=\"http:\/\/plone.ufpb.br\/idep\/contents\/menu\/portarias\/portarias-2020-2024\/portarias\/leonardo_pascoal.pdf\/view\">Coordenador LPA\/IDEP\/UFPB<\/a><br><a href=\"http:\/\/plone.ufpb.br\/idep\/contents\/menu\/portarias\/portarias-2020-2024\/portarias\/loisearaujo-1.pdf\/view\">Vice coordenadora LPA\/IDEP\/UFPB<\/a><br><a href=\"http:\/\/plone.ufpb.br\/idep\/contents\/menu\/portarias\/portarias-2020-2024\/portarias\/yuri_percy.pdf\/view\">Coordenador LEEN\/IDEP\/UFPB<\/a><br><a href=\"http:\/\/plone.ufpb.br\/idep\/contents\/menu\/portarias\/portarias-2020-2024\/portarias\/isac_almeida.pdf\/view\">Coordenador LFAPBIO\/IDEP\/UFPB<\/a><br><a href=\"http:\/\/plone.ufpb.br\/idep\/contents\/menu\/portarias\/portarias-2020-2024\/portarias\/robson_veras.pdf\/view\">Vice Coordenador LFAPBIO\/IDEP\/UFPB<\/a><br><a href=\"http:\/\/plone.ufpb.br\/idep\/contents\/menu\/portarias\/portarias-2020-2024\/portarias\/associacao_laser.pdf\/view\">Associa\u00e7\u00e3o do Laborat\u00f3rio LASER<\/a><br><a href=\"http:\/\/plone.ufpb.br\/idep\/contents\/menu\/portarias\/portarias-2020-2024\/portarias\/diretrizes_associacao_laboratorios.pdf\/view\">Diretrizes sobre associa\u00e7\u00e3o de laborat\u00f3rios ao IDEP<\/a><br><a href=\"http:\/\/plone.ufpb.br\/idep\/contents\/menu\/portarias\/portarias-2020-2024\/portarias\/ana_wyse.pdf\/view\">Coordenadora_LACAAD<\/a><br><a href=\"http:\/\/plone.ufpb.br\/idep\/contents\/menu\/portarias\/portarias-2020-2024\/portarias\/antonio_boness.pdf\/view\">Vice-coordenador_LACAAD<\/a><br><a href=\"http:\/\/plone.ufpb.br\/idep\/contents\/menu\/portarias\/portarias-2020-2024\/portarias\/loboratorioassociado_lacaad.pdf\/view\">Associa\u00e7\u00e3o_LACAAD-IDEP<\/a><br><a href=\"http:\/\/plone.ufpb.br\/idep\/contents\/menu\/portarias\/portarias-2020-2024\/portarias\/portaria_gorete_aplmandiocultura.pdf\/view\">Portaria_Maria_Gorete_Figueiredo<\/a><br><a href=\"http:\/\/plone.ufpb.br\/idep\/contents\/menu\/portarias\/portarias-2020-2024\/portarias\/portaria_diretor_substituto_osiran.pdf\/view\">Portaria_substitui\u00e7\u00e3o_DAF-Osiran<\/a><br><a href=\"http:\/\/plone.ufpb.br\/idep\/contents\/menu\/portarias\/portarias-2020-2024\/portarias\/portaria_substituicao_fabiola_diretoria_presidentebs_44-2022.pdf\/view\">Portaria_diretora_presidente_substituta_Fabiola<\/a><br><a href=\"http:\/\/plone.ufpb.br\/idep\/contents\/menu\/portarias\/portarias-2020-2024\/portarias\/dispensa_adailson.pdf\/view\">Dispensa Adailson Pereira &#8211; LTSPOVA<\/a><br><a href=\"http:\/\/plone.ufpb.br\/idep\/contents\/menu\/portarias\/portarias-2020-2024\/portarias\/dispensa_loise.pdf\/view\">Dispensa Loise Araujo &#8211; LTSPOVA<\/a><br><a href=\"http:\/\/plone.ufpb.br\/idep\/contents\/menu\/portarias\/portarias-2020-2024\/portarias\/associacao_labamp-16-2023.pdf\/view\">Portaria Associa\u00e7\u00e3o LABAMP<\/a><br><a href=\"http:\/\/plone.ufpb.br\/idep\/contents\/menu\/portarias\/portarias-2020-2024\/portarias\/associacao-labgovbs_21-2023.pdf\/view\">Associa\u00e7\u00e3o do LABGOV<\/a><br><a href=\"http:\/\/plone.ufpb.br\/idep\/contents\/menu\/portarias\/portarias-2020-2024\/portarias\/osiran_portaria-de-dispensa-de-diretor-substituto.pdf\/view\">Osiran_dispensa_diretor_substituto<\/a><br><a href=\"http:\/\/plone.ufpb.br\/idep\/contents\/menu\/portarias\/portarias-2020-2024\/portarias\/osiran_portaria_dispensa_coordenacao.pdf\/view\">Portaria_dispensa_CAF_Osiran<\/a><br><a href=\"http:\/\/plone.ufpb.br\/idep\/contents\/menu\/portarias\/portarias-2020-2024\/portarias\/osiran_portaria_diretor.pdf\/view\">Portaria_designacao_diretor_DAF_Osiran<\/a><br><a href=\"http:\/\/plone.ufpb.br\/idep\/contents\/menu\/portarias\/portarias-2020-2024\/portarias\/portaria_associacao_lab-hialotecnia.pdf\/view\">Portaria de associa\u00e7\u00e3o do Laborat\u00f3rio de Hialotecnica<\/a><br><a href=\"http:\/\/plone.ufpb.br\/idep\/contents\/menu\/portarias\/portarias-2020-2024\/portarias\/portaria_associao_lab-hialotecnia.pdf\/view\">Portaria de associa\u00e7\u00e3o LH<\/a>\u00a0<\/p>\n\n\n\n<p><\/p>\n","protected":false},"excerpt":{"rendered":"<p>Portarias &#8211; 2024 &#8211; 2028 Portaria &#8211; Nomea\u00e7\u00e3o &#8211; Walmir Rufino da SilvaDesigna\u00e7\u00e3o_secret\u00e1ria_DCTIS_Janilde_Guedes_de_Lima\u00a0Dispensa_Coordenador_de_integra\u00e7\u00e3o_com_a_Sociedade_Thiago_jardelinoPortaria_dispensa_diretor_DAF_Osiran_felicioPortaria_nomea\u00e7\u00e3o_diretor_DAF_Manoel_Bandeira Portarias 2020 [&hellip;]<\/p>\n","protected":false},"author":47,"featured_media":0,"parent":0,"menu_order":0,"comment_status":"closed","ping_status":"closed","template":"","meta":{"footnotes":""},"class_list":["post-46","page","type-page","status-publish","hentry"],"_links":{"self":[{"href":"https:\/\/www.ufpb.br\/idep\/wp-json\/wp\/v2\/pages\/46","targetHints":{"allow":["GET"]}}],"collection":[{"href":"https:\/\/www.ufpb.br\/idep\/wp-json\/wp\/v2\/pages"}],"about":[{"href":"https:\/\/www.ufpb.br\/idep\/wp-json\/wp\/v2\/types\/page"}],"author":[{"embeddable":true,"href":"https:\/\/www.ufpb.br\/idep\/wp-json\/wp\/v2\/users\/47"}],"replies":[{"embeddable":true,"href":"https:\/\/www.ufpb.br\/idep\/wp-json\/wp\/v2\/comments?post=46"}],"version-history":[{"count":1,"href":"https:\/\/www.ufpb.br\/idep\/wp-json\/wp\/v2\/pages\/46\/revisions"}],"predecessor-version":[{"id":47,"href":"https:\/\/www.ufpb.br\/idep\/wp-json\/wp\/v2\/pages\/46\/revisions\/47"}],"wp:attachment":[{"href":"https:\/\/www.ufpb.br\/idep\/wp-json\/wp\/v2\/media?parent=46"}],"curies":[{"name":"wp","href":"https:\/\/api.w.org\/{rel}","templated":true}]}}