{"id":80,"date":"2026-03-01T16:30:04","date_gmt":"2026-03-01T19:30:04","guid":{"rendered":"https:\/\/www.ufpb.br\/idep\/?page_id=80"},"modified":"2026-03-01T16:30:06","modified_gmt":"2026-03-01T19:30:06","slug":"laboratorio-de-computacao-cientifica-e-de-alto-desempenho-laccad","status":"publish","type":"page","link":"https:\/\/www.ufpb.br\/idep\/laboratorio-de-computacao-cientifica-e-de-alto-desempenho-laccad\/","title":{"rendered":"Laborat\u00f3rio de Computa\u00e7\u00e3o Cient\u00edfica e de Alto Desempenho (LACCAD)\u00a0"},"content":{"rendered":"","protected":false},"excerpt":{"rendered":"","protected":false},"author":47,"featured_media":0,"parent":0,"menu_order":0,"comment_status":"closed","ping_status":"closed","template":"","meta":{"footnotes":""},"class_list":["post-80","page","type-page","status-publish","hentry"],"_links":{"self":[{"href":"https:\/\/www.ufpb.br\/idep\/wp-json\/wp\/v2\/pages\/80","targetHints":{"allow":["GET"]}}],"collection":[{"href":"https:\/\/www.ufpb.br\/idep\/wp-json\/wp\/v2\/pages"}],"about":[{"href":"https:\/\/www.ufpb.br\/idep\/wp-json\/wp\/v2\/types\/page"}],"author":[{"embeddable":true,"href":"https:\/\/www.ufpb.br\/idep\/wp-json\/wp\/v2\/users\/47"}],"replies":[{"embeddable":true,"href":"https:\/\/www.ufpb.br\/idep\/wp-json\/wp\/v2\/comments?post=80"}],"version-history":[{"count":1,"href":"https:\/\/www.ufpb.br\/idep\/wp-json\/wp\/v2\/pages\/80\/revisions"}],"predecessor-version":[{"id":81,"href":"https:\/\/www.ufpb.br\/idep\/wp-json\/wp\/v2\/pages\/80\/revisions\/81"}],"wp:attachment":[{"href":"https:\/\/www.ufpb.br\/idep\/wp-json\/wp\/v2\/media?parent=80"}],"curies":[{"name":"wp","href":"https:\/\/api.w.org\/{rel}","templated":true}]}}