{"id":10,"date":"2025-04-09T08:34:27","date_gmt":"2025-04-09T11:34:27","guid":{"rendered":"https:\/\/www.ufpb.br\/inova\/?page_id=10"},"modified":"2025-06-30T08:43:45","modified_gmt":"2025-06-30T11:43:45","slug":"apresentacao","status":"publish","type":"page","link":"https:\/\/www.ufpb.br\/inova\/apresentacao\/","title":{"rendered":"Apresenta\u00e7\u00e3o"},"content":{"rendered":"\n<p>A Ag\u00eancia UFPB de Inova\u00e7\u00e3o Tecnol\u00f3gica (INOVA-UFPB) \u00e9 o N\u00facleo de Inova\u00e7\u00e3o Tecnol\u00f3gica (NIT) da Universidade Federal da Para\u00edba (UFPB)&nbsp;conforme a Lei N\u00ba 10.973\/2004 e a Lei N\u00ba 13.243\/2016. Ela foi constitu\u00edda pela Resolu\u00e7\u00e3o N\u00ba 41\/2013 do CONSUNI (UFPB) e regulamentada pela Resolu\u00e7\u00e3o N\u00ba 08\/2014 do CONSUNI (UFPB), sendo um \u00f3rg\u00e3o suplementar da UFPB e tendo como miss\u00e3o planejar, coordenar e controlar todas as atividades de inova\u00e7\u00e3o tecnol\u00f3gica, a exemplo de incuba\u00e7\u00f5es de empresas de base tecnol\u00f3gica, propriedade intelectual, transfer\u00eancia e licenciamento de tecnologias mantidas pela UFPB. Abaixo \u00e9 poss\u00edvel ver o organograma prim\u00e1rio da INOVA-UFPB.<\/p>\n\n\n\n<figure class=\"wp-block-image size-full is-resized\"><img loading=\"lazy\" decoding=\"async\" width=\"1024\" height=\"768\" src=\"https:\/\/www.ufpb.br\/inova\/wp-content\/uploads\/sites\/79\/sites\/285\/2025\/05\/Estrutura-INOVA-2025.jpg\" alt=\"\" class=\"wp-image-500\" style=\"width:740px;height:auto\" srcset=\"https:\/\/www.ufpb.br\/inova\/wp-content\/uploads\/sites\/79\/sites\/285\/2025\/05\/Estrutura-INOVA-2025.jpg 1024w, https:\/\/www.ufpb.br\/inova\/wp-content\/uploads\/sites\/79\/sites\/285\/2025\/05\/Estrutura-INOVA-2025-300x225.jpg 300w, https:\/\/www.ufpb.br\/inova\/wp-content\/uploads\/sites\/79\/sites\/285\/2025\/05\/Estrutura-INOVA-2025-768x576.jpg 768w\" sizes=\"auto, (max-width: 1024px) 100vw, 1024px\" \/><\/figure>\n\n\n\n<p><\/p>\n\n\n\n<p><\/p>\n\n\n\n<p class=\"has-medium-font-size\"><strong>Hist\u00f3ria<\/strong><\/p>\n\n\n\n<p>Conhe\u00e7a um pouco mais sobre a hist\u00f3ria do N\u00facleo de Inova\u00e7\u00e3o Tecnol\u00f3gica da UFPB at\u00e9 a cria\u00e7\u00e3o da INOVA-UFPB no Cap\u00edtulo 4 sobre &#8220;<a href=\"https:\/\/www.ufpb.br\/inova\/wp-content\/uploads\/sites\/79\/sites\/285\/2025\/06\/capitulo-4-inova-ufpb.pdf\" data-type=\"attachment\" data-id=\"602\">A Gest\u00e3o da Inova\u00e7\u00e3o na Universidade Federal da Para\u00edba<\/a>&#8221; do livro Boas Pr\u00e1ticas de Gest\u00e3o em N\u00facleos de Inova\u00e7\u00e3o Tecnol\u00f3gica: experi\u00eancias inovadoras*.&nbsp;<\/p>\n\n\n\n<p><\/p>\n\n\n\n<p><\/p>\n\n\n\n<p class=\"has-medium-font-size\"><strong>Identidade visual<\/strong><\/p>\n\n\n\n<p>Conhe\u00e7a a marca da INOVA-UFPB. Para seu uso adequado, faz-se necess\u00e1ria a leitura cuidadosa do nosso <a href=\"https:\/\/www.ufpb.br\/inova\/wp-content\/uploads\/sites\/79\/sites\/285\/2025\/06\/manual-de-identidade-inova.pdf\" data-type=\"attachment\" data-id=\"606\">Manual de Identidade Visual<\/a>, vide aplica\u00e7\u00f5es abaixo:<\/p>\n\n\n<div class=\"wp-block-image\">\n<figure class=\"aligncenter size-full\"><img loading=\"lazy\" decoding=\"async\" width=\"505\" height=\"245\" src=\"https:\/\/www.ufpb.br\/inova\/wp-content\/uploads\/sites\/79\/sites\/285\/2025\/04\/Aplicacao01.png\" alt=\"\" class=\"wp-image-20\" srcset=\"https:\/\/www.ufpb.br\/inova\/wp-content\/uploads\/sites\/79\/sites\/285\/2025\/04\/Aplicacao01.png 505w, https:\/\/www.ufpb.br\/inova\/wp-content\/uploads\/sites\/79\/sites\/285\/2025\/04\/Aplicacao01-300x146.png 300w\" sizes=\"auto, (max-width: 505px) 100vw, 505px\" \/><\/figure>\n<\/div>\n\n<div class=\"wp-block-image\">\n<figure class=\"aligncenter size-full is-resized\"><img loading=\"lazy\" decoding=\"async\" width=\"465\" height=\"338\" src=\"https:\/\/www.ufpb.br\/inova\/wp-content\/uploads\/sites\/79\/sites\/285\/2025\/04\/Aplicacao02.png\" alt=\"\" class=\"wp-image-21\" style=\"width:607px;height:auto\" srcset=\"https:\/\/www.ufpb.br\/inova\/wp-content\/uploads\/sites\/79\/sites\/285\/2025\/04\/Aplicacao02.png 465w, https:\/\/www.ufpb.br\/inova\/wp-content\/uploads\/sites\/79\/sites\/285\/2025\/04\/Aplicacao02-300x218.png 300w\" sizes=\"auto, (max-width: 465px) 100vw, 465px\" \/><\/figure>\n<\/div>\n\n\n<p><\/p>\n\n\n\n<p class=\"has-small-font-size\">* Fonte:&nbsp;FERNANDES, C. R.; ATHAYDE-FILHO, P. F.; CORN\u00c9LIO, M. L. A gest\u00e3o da inova\u00e7\u00e3o na Universidade Federal da Para\u00edba. In: ANDRADE, H. S.; TORKOMIAN, A. L. V.; CHAGAS-JUNIOR, M. F. <a href=\"https:\/\/www.ufpb.br\/inova\/wp-content\/uploads\/sites\/79\/sites\/285\/2025\/06\/Livro-NIT-v.1.pdf\" data-type=\"attachment\" data-id=\"601\">Boas pr\u00e1ticas de gest\u00e3o em N\u00facleos de Inova\u00e7\u00e3o Tecnol\u00f3gica: experi\u00eancias inovadoras.<\/a> 1. ed. Jundia\u00ed: Edi\u00e7\u00f5es Brasil, 2018. p. 55-74. ISBN: 978-85-65364-67-6.<\/p>\n\n\n\n<p><\/p>\n","protected":false},"excerpt":{"rendered":"<p>A Ag\u00eancia UFPB de Inova\u00e7\u00e3o Tecnol\u00f3gica (INOVA-UFPB) \u00e9 o N\u00facleo de Inova\u00e7\u00e3o Tecnol\u00f3gica (NIT) da Universidade Federal da Para\u00edba (UFPB) conforme a Lei N\u00ba 10.973\/2004. Ela foi criada pela Resolu\u00e7\u00e3o N\u00ba 41\/2013 do CONSUNI (UFPB), sendo um \u00f3rg\u00e3o suplementar da UFPB e tendo como miss\u00e3o planejar, coordenar e controlar todas as atividades de inova\u00e7\u00e3o tecnol\u00f3gica, a exemplo de incuba\u00e7\u00f5es de empresas de base tecnol\u00f3gica, propriedade intelectual, transfer\u00eancia e licenciamento de tecnologias mantidas pela UFPB<\/p>\n","protected":false},"author":47,"featured_media":16,"parent":0,"menu_order":0,"comment_status":"closed","ping_status":"closed","template":"","meta":{"footnotes":""},"class_list":["post-10","page","type-page","status-publish","has-post-thumbnail","hentry"],"_links":{"self":[{"href":"https:\/\/www.ufpb.br\/inova\/wp-json\/wp\/v2\/pages\/10","targetHints":{"allow":["GET"]}}],"collection":[{"href":"https:\/\/www.ufpb.br\/inova\/wp-json\/wp\/v2\/pages"}],"about":[{"href":"https:\/\/www.ufpb.br\/inova\/wp-json\/wp\/v2\/types\/page"}],"author":[{"embeddable":true,"href":"https:\/\/www.ufpb.br\/inova\/wp-json\/wp\/v2\/users\/47"}],"replies":[{"embeddable":true,"href":"https:\/\/www.ufpb.br\/inova\/wp-json\/wp\/v2\/comments?post=10"}],"version-history":[{"count":10,"href":"https:\/\/www.ufpb.br\/inova\/wp-json\/wp\/v2\/pages\/10\/revisions"}],"predecessor-version":[{"id":607,"href":"https:\/\/www.ufpb.br\/inova\/wp-json\/wp\/v2\/pages\/10\/revisions\/607"}],"wp:featuredmedia":[{"embeddable":true,"href":"https:\/\/www.ufpb.br\/inova\/wp-json\/wp\/v2\/media\/16"}],"wp:attachment":[{"href":"https:\/\/www.ufpb.br\/inova\/wp-json\/wp\/v2\/media?parent=10"}],"curies":[{"name":"wp","href":"https:\/\/api.w.org\/{rel}","templated":true}]}}