{"id":1397,"date":"2026-02-26T15:00:52","date_gmt":"2026-02-26T18:00:52","guid":{"rendered":"https:\/\/www.ufpb.br\/inova\/?page_id=1397"},"modified":"2026-03-04T15:46:41","modified_gmt":"2026-03-04T18:46:41","slug":"carta-de-servicos","status":"publish","type":"page","link":"https:\/\/www.ufpb.br\/inova\/carta-de-servicos\/","title":{"rendered":"Carta de Servi\u00e7os"},"content":{"rendered":"\n<p><\/p>\n\n\n\n<figure class=\"wp-block-table is-style-stripes\"><table class=\"has-fixed-layout\"><thead><tr><th><sub>SERVI\u00c7O<\/sub><\/th><th><sub>P\u00daBLICO-ALVO<\/sub><\/th><th><sub>PROCEDIMENTOS DOCUMENTOS<\/sub><\/th><th><sub>PRAZO<\/sub><\/th><th><sub>UNIDADE RESPONS\u00c1VEL<\/sub><\/th><\/tr><\/thead><tbody><tr><td>Instru\u00e7\u00f5es de como proceder o credenciamento de Incuba\u00e7\u00e3o de Empresas de Base Tecnol\u00f3gica<\/td><td>Discentes, docentes e t\u00e9cnicos administrativos da UFPB<\/td><td>Atendimento Presencial \/ online. Ministra\u00e7\u00e3o de palestras ou aulas nos cursos de gradua\u00e7\u00e3o e nos programas de p\u00f3s-gradua\u00e7\u00e3o da UFPB<\/td><td>Indefinido<\/td><td>Diretoria de Incuba\u00e7\u00e3o Empresarial de Base Tecnol\u00f3gica (DIEBT)\/INOVA-UFPB<\/td><\/tr><tr><td>Incuba\u00e7\u00e3o de Empresas de Base Tecnol\u00f3gica<\/td><td>Discentes, docentes e t\u00e9cnicos administrativos da UFPB<\/td><td>Clique aqui: <a href=\"https:\/\/www.ufpb.br\/inova\/edital-de-incubacao\/conheca-o-passo-a-passo-para-incubacao\/\" data-type=\"link\" data-id=\"https:\/\/www.ufpb.br\/inova\/edital-de-incubacao\/conheca-o-passo-a-passo-para-incubacao\/\">Passo a passo para incuba\u00e7\u00e3o<\/a><\/td><td>Trilhas de Incuba\u00e7\u00e3o t\u00eam prazo de 24 meses, podendo ser prorrogadas por igual per\u00edodo.<\/td><td>DIEBT\/INOVA-UFPB<\/td><\/tr><tr><td>Licenciamento de Propriedade Intelectual da UFPB sem exclusividade<\/td><td>Empresas, institui\u00e7\u00f5es p\u00fablicas, associa\u00e7\u00f5es, cooperativas, funda\u00e7\u00f5es.<\/td><td>Negocia\u00e7\u00e3o direta junto a INOVA UFPB<\/td><td>Indefinido<\/td><td>Diretoria de Transfer\u00eancia e Licenciamento Tecnol\u00f3gico (DTLT \/INOVA-UFPB<\/td><\/tr><tr><td>Licenciamento de Propriedade Intelectual da UFPB com exclusividade<\/td><td>Empresas, institui\u00e7\u00f5es p\u00fablicas, associa\u00e7\u00f5es, cooperativas, funda\u00e7\u00f5es.<\/td><td>Oferta tecnol\u00f3gica no site da INOVA UFPB<\/td><td>Prazos definidos no Edital de Oferta<\/td><td>DTLT\/INOVA- UFPB<\/td><\/tr><tr><td>Licenciamento de Propriedade Intelectual da UFPB com exclusividade para organiza\u00e7\u00e3o cotitular<\/td><td>Empresas, institui\u00e7\u00f5es p\u00fablicas, associa\u00e7\u00f5es, cooperativas, funda\u00e7\u00f5es.<\/td><td>Negocia\u00e7\u00e3o direta junto a INOVA UFPB<\/td><td>Indefinido<\/td><td>DTLT\/INOVA- UFPB<\/td><\/tr><tr><td>Acordo de confidencialidade<\/td><td>Empresas, institui\u00e7\u00f5es p\u00fablicas, associa\u00e7\u00f5es, cooperativas, funda\u00e7\u00f5es.<\/td><td>Negocia\u00e7\u00e3o direta junto a INOVA UFPB<\/td><td>30 dias<\/td><td>DTLT\/INOVA- UFPB<\/td><\/tr><tr><td>Parecer t\u00e9cnico pr\u00e9vio em Acordo de Confidencialidade<\/td><td>Servidores e setores da UFPB<\/td><td>An\u00e1lise e parecer<\/td><td>10 dias<\/td><td>DTLT\/INOVA- UFPB<\/td><\/tr><tr><td>Divulga\u00e7\u00e3o tecnol\u00f3gica (de Propriedade Intelectual, e complementarmente de editais para ICTs e compet\u00eancias da UFPB).<\/td><td>Pessoas jur\u00eddicas e sociedade em geral<\/td><td>Levantamento e separa\u00e7\u00e3o de informa\u00e7\u00f5es, elabora\u00e7\u00e3o de texto\/m\u00eddia, publica\u00e7\u00e3o e compartilhamento (instagram, site, whatsapp, e-mail etc), em certos casos, encaminhamento para ASCOM<\/td><td>Cont\u00ednuo<\/td><td>DTLT\/INOVA- UFPB<\/td><\/tr><tr><td>Prospec\u00e7\u00e3o tecnol\u00f3gica (de parceiros para viabilizar acordos\/conv\u00eanios envolvendo ou com potencial de gerar Propriedade Intelectual da UFPB).<\/td><td>Pessoas jur\u00eddicas e sociedade em geral<\/td><td>Participa\u00e7\u00e3o em eventos, f\u00f3runs, feiras, visitas t\u00e9cnicas, atendimento individualizado, envio de comunica\u00e7\u00e3o direcionada (e-mail e whatsapp) etc.<\/td><td>Cont\u00ednuo<\/td><td>DTLT\/INOVA- UFPB<\/td><\/tr><tr><td>Negocia\u00e7\u00e3o tecnol\u00f3gica de projetos<\/td><td>Empresas, institui\u00e7\u00f5es p\u00fablicas, associa\u00e7\u00f5es, cooperativas, funda\u00e7\u00f5es.<\/td><td>Suporte a negocia\u00e7\u00e3o de projetos envolvendo PI<\/td><td>Indefinido<\/td><td>DTLT\/INOVA- UFPB<\/td><\/tr><tr><td>Dep\u00f3sito de Pedidos de Patente de titularidade da UFPB<\/td><td>Discentes, docentes e t\u00e9cnicos administrativos da UFPB<\/td><td>Clique aqui: <a href=\"https:\/\/www.ufpb.br\/inova\/passo-a-passo-de-p-i\/como-proteger-uma-patente-e-ou-um-desenho-industrial\/\" data-type=\"link\" data-id=\"https:\/\/www.ufpb.br\/inova\/passo-a-passo-de-p-i\/como-proteger-uma-patente-e-ou-um-desenho-industrial\/\">Passo a passo para dep\u00f3sito patente<\/a><\/td><td>Indefinido<\/td><td>Diretoria de Propriedade Intelectual (DPI)\/ INOVA-UFPB<\/td><\/tr><tr><td>Dep\u00f3sito de Desenhos Industriais de titularidade da UFPB<\/td><td>Discentes, docentes e t\u00e9cnicos administrativos da UFPB<\/td><td>Clique aqui: <a href=\"https:\/\/www.ufpb.br\/inova\/passo-a-passo-de-p-i\/como-proteger-uma-patente-e-ou-um-desenho-industrial\/\" data-type=\"link\" data-id=\"https:\/\/www.ufpb.br\/inova\/passo-a-passo-de-p-i\/como-proteger-uma-patente-e-ou-um-desenho-industrial\/\">Passo a passo para dep\u00f3sito Desenho Industrial<\/a><\/td><td>Indefinido<\/td><td>DPI\/INOVA-UFPB<\/td><\/tr><tr><td>Registro de Programas de Computador de titularidade da UFPB<\/td><td>Discentes, docentes e t\u00e9cnicos administrativos da UFPB<\/td><td>Clique aqui: <a href=\"https:\/\/www.ufpb.br\/inova\/passo-a-passo-de-p-i\/como-proteger-um-programa-de-computador-ou-aplicativo\/\" data-type=\"link\" data-id=\"https:\/\/www.ufpb.br\/inova\/passo-a-passo-de-p-i\/como-proteger-um-programa-de-computador-ou-aplicativo\/\">Passo a passo para registro de software<\/a><\/td><td>Indefinido<\/td><td>DPI\/INOVA-UFPB<\/td><\/tr><tr><td>Registro de Marcas de titularidade da UFPB<\/td><td>Discentes, docentes e t\u00e9cnicos administrativos da UFPB<\/td><td>Atendimento Presencial \/ online<\/td><td>Indefinido<\/td><td>DPI\/INOVA-UFPB<\/td><\/tr><tr><td>Atendimento aos pesquisadores da UFPB relativos a diversos temas ligados ao ramo da propriedade intelectual<\/td><td>Discentes, docentes e t\u00e9cnicos administrativos da UFPB<\/td><td>Atendimento Presencial \/ online<\/td><td>Indefinido<\/td><td>DPI\/INOVA-UFPB<\/td><\/tr><tr><td>Atendimento ao pesquisador independente<\/td><td>P\u00fablico externo \u00e0 UFPB<\/td><td>Atendimento Presencial \/ online<\/td><td>Indefinido<\/td><td>DPI\/INOVA-UFPB<\/td><\/tr><tr><td>Parecer T\u00e9cnico em Acordos de Parceria e outras modalidades de conv\u00eanio<\/td><td>Servidores e setores da UFPB<\/td><td>An\u00e1lise e parecer<\/td><td>30 dias<\/td><td>DPI\/INOVA-UFPB<\/td><\/tr><tr><td>Implementar a pol\u00edtica de propriedade intelectual da UFPB<\/td><td>Discentes, docentes e t\u00e9cnicos administrativos da UFPB<\/td><td>Clique aqui: <a href=\"https:\/\/www.ufpb.br\/inova\/comunicacao-de-criacao-inovacao\/\" data-type=\"link\" data-id=\"https:\/\/www.ufpb.br\/inova\/comunicacao-de-criacao-inovacao\/\">Comunica\u00e7\u00e3o de Cria\u00e7\u00e3o<\/a><\/td><td>Indefinido<\/td><td>DPI\/INOVA-UFPB<\/td><\/tr><tr><td><\/td><td><\/td><td><\/td><td><\/td><td><\/td><\/tr><tr><td><\/td><td><\/td><td><\/td><td><\/td><td><\/td><\/tr><\/tbody><\/table><\/figure>\n\n\n\n<p>Elaborado: Out.2025<\/p>\n\n\n\n<p><\/p>\n","protected":false},"excerpt":{"rendered":"<p>SERVI\u00c7O P\u00daBLICO-ALVO PROCEDIMENTOS DOCUMENTOS PRAZO UNIDADE RESPONS\u00c1VEL Instru\u00e7\u00f5es de como proceder o credenciamento de Incuba\u00e7\u00e3o [&hellip;]<\/p>\n","protected":false},"author":270,"featured_media":0,"parent":0,"menu_order":0,"comment_status":"closed","ping_status":"closed","template":"","meta":{"footnotes":""},"class_list":["post-1397","page","type-page","status-publish","hentry"],"_links":{"self":[{"href":"https:\/\/www.ufpb.br\/inova\/wp-json\/wp\/v2\/pages\/1397","targetHints":{"allow":["GET"]}}],"collection":[{"href":"https:\/\/www.ufpb.br\/inova\/wp-json\/wp\/v2\/pages"}],"about":[{"href":"https:\/\/www.ufpb.br\/inova\/wp-json\/wp\/v2\/types\/page"}],"author":[{"embeddable":true,"href":"https:\/\/www.ufpb.br\/inova\/wp-json\/wp\/v2\/users\/270"}],"replies":[{"embeddable":true,"href":"https:\/\/www.ufpb.br\/inova\/wp-json\/wp\/v2\/comments?post=1397"}],"version-history":[{"count":7,"href":"https:\/\/www.ufpb.br\/inova\/wp-json\/wp\/v2\/pages\/1397\/revisions"}],"predecessor-version":[{"id":1404,"href":"https:\/\/www.ufpb.br\/inova\/wp-json\/wp\/v2\/pages\/1397\/revisions\/1404"}],"wp:attachment":[{"href":"https:\/\/www.ufpb.br\/inova\/wp-json\/wp\/v2\/media?parent=1397"}],"curies":[{"name":"wp","href":"https:\/\/api.w.org\/{rel}","templated":true}]}}