{"id":241,"date":"2025-04-25T11:52:00","date_gmt":"2025-04-25T14:52:00","guid":{"rendered":"https:\/\/www.ufpb.br\/inova\/?page_id=241"},"modified":"2025-06-30T08:39:44","modified_gmt":"2025-06-30T11:39:44","slug":"somos-a-agencia-inova-ufpb","status":"publish","type":"page","link":"https:\/\/www.ufpb.br\/inova\/somos-a-agencia-inova-ufpb\/","title":{"rendered":"Conhe\u00e7a a Ag\u00eancia INOVA UFPB"},"content":{"rendered":"\n<p><\/p>\n\n\n\n<p><strong>Um novo significado \u00e0 Inova\u00e7\u00e3o na Universidade Federal da Para\u00edba &#8211; UFPB.<br><\/strong>A Ag\u00eancia UFPB de Inova\u00e7\u00e3o tecnol\u00f3gica \u2013 Inova UFPB come\u00e7ou h\u00e1 alguns anos como um setor suplementar da Reitoria, sendo constru\u00edda a partir de uma hist\u00f3ria ainda mais longa de pesquisa, inova\u00e7\u00e3o e crescimento. Em 2018, fomos eleitos no Brasil como a Institui\u00e7\u00e3o que mais obteve dep\u00f3sito de patentes junto ao INPI (Instituto Nacional da Propriedade Industrial). Somos uma ponte que conecta a universidade ao setor privado e a sociedade,<br>independentemente da dist\u00e2ncia; um fio condutor que oferta diversas tecnologias essenciais, necess\u00e1rias para criar produtos, servi\u00e7os e processos que em breve tornam a vida melhor para v\u00e1rias pessoas.<br><\/p>\n\n\n\n<p><strong>Na Inova UFPB, as rela\u00e7\u00f5es importam.<br><\/strong>Para n\u00f3s, est\u00e1 claro: ningu\u00e9m inova sozinho. Por isso, di\u00e1logo, empatia e integra\u00e7\u00e3o s\u00e3o fundamentais. Nossas rela\u00e7\u00f5es s\u00e3o constru\u00eddas com base na confian\u00e7a, refor\u00e7adas pela inova\u00e7\u00e3o, pela discri\u00e7\u00e3o e sustentadas pelo desempenho. Somos uma ag\u00eancia apaixonada pela inova\u00e7\u00e3o baseada nas tecnologias desenvolvidas pelos por nossos professores, alunos de p\u00f3s-gradua\u00e7\u00e3o e gradua\u00e7\u00e3o e t\u00e9cnico-administrativos.<\/p>\n\n\n\n<p><br><strong>Temos algumas respostas para os desafios que a sociedade enfrenta.<br><\/strong>N\u00f3s somos impulsionados pelo prop\u00f3sito de divulgar as tecnologias desenvolvidas na Universidade e protegidas pela Inova UFPB. Queremos utilizar sistematicamente nossas tecnologias para construir novas parcerias, acordos e contratos com empresas e institui\u00e7\u00f5es de diversas \u00e1reas, a fim de trazer melhorias para a sociedade. A inova\u00e7\u00e3o \u00e9 o caminho mais promissor para alavancar o desenvolvimento econ\u00f4mico e social, trazendo crescimento sustent\u00e1vel para nossas ind\u00fastrias, empresas e institui\u00e7\u00f5es.<\/p>\n\n\n\n<p class=\"has-text-align-right\"><em>Venha conosco! Juntos, ruma \u00e0 inova\u00e7\u00e3o, com inclus\u00e3o.<\/em><\/p>\n\n\n\n<p><\/p>\n\n\n<div class=\"wp-block-image\">\n<figure class=\"aligncenter size-full\"><img loading=\"lazy\" decoding=\"async\" width=\"307\" height=\"152\" src=\"https:\/\/www.ufpb.br\/inova\/wp-content\/uploads\/sites\/79\/sites\/285\/2025\/04\/Inova_logo_2.png\" alt=\"\" class=\"wp-image-242\" srcset=\"https:\/\/www.ufpb.br\/inova\/wp-content\/uploads\/sites\/79\/sites\/285\/2025\/04\/Inova_logo_2.png 307w, https:\/\/www.ufpb.br\/inova\/wp-content\/uploads\/sites\/79\/sites\/285\/2025\/04\/Inova_logo_2-300x149.png 300w\" sizes=\"auto, (max-width: 307px) 100vw, 307px\" \/><\/figure>\n<\/div>\n\n\n<p><\/p>\n\n\n\n<p><strong>N\u00facleo de Inova\u00e7\u00e3o Tecnol\u00f3gica da UFPB<\/strong><\/p>\n\n\n\n<p>A Ag\u00eancia UFPB de Inova\u00e7\u00e3o Tecnol\u00f3gica (INOVA-UFPB) \u00e9 o N\u00facleo de Inova\u00e7\u00e3o Tecnol\u00f3gica (NIT) da Universidade Federal da Para\u00edba (UFPB) conforme a Lei N\u00ba 10.973\/2004 e a Lei N\u00ba 13.243\/2016. Ela foi constitu\u00edda pela Resolu\u00e7\u00e3o N\u00ba 41\/2013 do CONSUNI (UFPB) e regulamentada pela Resolu\u00e7\u00e3o N\u00ba 08\/2014 do CONSUNI (UFPB), sendo um \u00f3rg\u00e3o suplementar da UFPB e tendo como miss\u00e3o planejar, coordenar e controlar todas as atividades de inova\u00e7\u00e3o tecnol\u00f3gica, a exemplo de incuba\u00e7\u00f5es de empresas de base tecnol\u00f3gica, propriedade intelectual, transfer\u00eancia e licenciamento de tecnologias mantidas pela UFPB. <\/p>\n\n\n\n<p>Conhe\u00e7a um pouco mais sobre a hist\u00f3ria do N\u00facleo de Inova\u00e7\u00e3o Tecnol\u00f3gica da UFPB at\u00e9 a cria\u00e7\u00e3o da INOVA-UFPB no Cap\u00edtulo 4 sobre &#8220;<a href=\"https:\/\/www.ufpb.br\/inova\/wp-content\/uploads\/sites\/79\/sites\/285\/2025\/06\/capitulo-4-inova-ufpb.pdf\" data-type=\"attachment\" data-id=\"602\">A Gest\u00e3o da Inova\u00e7\u00e3o na Universidade Federal da Para\u00edba<\/a>&#8221; do livro Boas Pr\u00e1ticas de Gest\u00e3o em N\u00facleos de Inova\u00e7\u00e3o Tecnol\u00f3gica: experi\u00eancias inovadoras*.<\/p>\n\n\n\n<p><\/p>\n\n\n\n<p class=\"has-small-font-size\"><sub>* Fonte: FERNANDES, C. R.; ATHAYDE-FILHO, P. F.; CORN\u00c9LIO, M. L. A gest\u00e3o da inova\u00e7\u00e3o na Universidade Federal da Para\u00edba. In: ANDRADE, H. S.; TORKOMIAN, A. L. V.; CHAGAS-JUNIOR, M. F. <a href=\"https:\/\/www.ufpb.br\/inova\/wp-content\/uploads\/sites\/79\/sites\/285\/2025\/06\/Livro-NIT-v.1.pdf\" data-type=\"attachment\" data-id=\"601\">Boas pr\u00e1ticas de gest\u00e3o em N\u00facleos de Inova\u00e7\u00e3o Tecnol\u00f3gica: experi\u00eancias inovadoras<\/a>. 1. ed. Jundia\u00ed: Edi\u00e7\u00f5es Brasil, 2018. p. 55-74. ISBN: 978-85-65364-67-6.<\/sub><\/p>\n\n\n\n<p><\/p>\n","protected":false},"excerpt":{"rendered":"<p>Um novo significado \u00e0 Inova\u00e7\u00e3o na Universidade Federal da Para\u00edba &#8211; UFPB.A Ag\u00eancia UFPB de [&hellip;]<\/p>\n","protected":false},"author":270,"featured_media":0,"parent":0,"menu_order":0,"comment_status":"closed","ping_status":"closed","template":"","meta":{"footnotes":""},"class_list":["post-241","page","type-page","status-publish","hentry"],"_links":{"self":[{"href":"https:\/\/www.ufpb.br\/inova\/wp-json\/wp\/v2\/pages\/241","targetHints":{"allow":["GET"]}}],"collection":[{"href":"https:\/\/www.ufpb.br\/inova\/wp-json\/wp\/v2\/pages"}],"about":[{"href":"https:\/\/www.ufpb.br\/inova\/wp-json\/wp\/v2\/types\/page"}],"author":[{"embeddable":true,"href":"https:\/\/www.ufpb.br\/inova\/wp-json\/wp\/v2\/users\/270"}],"replies":[{"embeddable":true,"href":"https:\/\/www.ufpb.br\/inova\/wp-json\/wp\/v2\/comments?post=241"}],"version-history":[{"count":6,"href":"https:\/\/www.ufpb.br\/inova\/wp-json\/wp\/v2\/pages\/241\/revisions"}],"predecessor-version":[{"id":603,"href":"https:\/\/www.ufpb.br\/inova\/wp-json\/wp\/v2\/pages\/241\/revisions\/603"}],"wp:attachment":[{"href":"https:\/\/www.ufpb.br\/inova\/wp-json\/wp\/v2\/media?parent=241"}],"curies":[{"name":"wp","href":"https:\/\/api.w.org\/{rel}","templated":true}]}}