{"id":259,"date":"2025-04-29T10:49:18","date_gmt":"2025-04-29T13:49:18","guid":{"rendered":"https:\/\/www.ufpb.br\/inova\/?page_id=259"},"modified":"2025-04-29T10:53:05","modified_gmt":"2025-04-29T13:53:05","slug":"sobre-sigilo-e-embargo-de-publicacao","status":"publish","type":"page","link":"https:\/\/www.ufpb.br\/inova\/sobre-sigilo-e-embargo-de-publicacao\/","title":{"rendered":"Sobre sigilo e embargo de publica\u00e7\u00e3o."},"content":{"rendered":"\n<p>A manuten\u00e7\u00e3o da confidencialidade, inclusive por meio de embargo de publica\u00e7\u00e3o, \u00e9 primordial na maior parte dos casos. Importante a assinatura de um &#8220;Termo de Sigilo ou Confidencialidade&#8221; ap\u00f3s parecer da Diretoria de Propriedade Intelectual.<\/p>\n\n\n\n<p>Uma das formas de prote\u00e7\u00e3o \u00e9 manter o segredo industrial, ou seja, simplesmente n\u00e3o divulgar absolutamente nada! Um exemplo emblem\u00e1tico \u00e9 a receita original do sabor Cola da empresa The Coca-Cola Company.<\/p>\n\n\n\n<p>No entanto, nem sempre isso \u00e9 poss\u00edvel por v\u00e1rias raz\u00f5es. Por exemplo, a tecnologia, quando entrar no mercado, poder\u00e1 ser facilmente replicada etc. Dessa forma, uma alternativa pr\u00e9-prote\u00e7\u00e3o poder\u00e1 ser a solicita\u00e7\u00e3o da assinatura de um &#8220;Termo de Sigilo ou Confidencialidade&#8221; para os que tiverem acesso as informa\u00e7\u00f5es tecnol\u00f3gicas.<\/p>\n\n\n\n<p><\/p>\n\n\n\n<p>Caso necessite defender sua Tese, ou apresentar sua Disserta\u00e7\u00e3o ou Trabalho de Conclus\u00e3o de Curso (TCC), antes de ter seu pedido de patente depositado no INPI, voc\u00ea poder\u00e1 optar por esses termos de sigilo e confidencialidade.<\/p>\n\n\n\n<ol class=\"wp-block-list\">\n<li>O ideal \u00e9 que, antes de qualquer apresenta\u00e7\u00e3o &#8220;p\u00fablica&#8221; (ou com restri\u00e7\u00e3o de acesso) da sua cria\u00e7\u00e3o, voc\u00ea abra um processo solicitando a prote\u00e7\u00e3o da sua cria\u00e7\u00e3o pela INOVA-UFPB e aguarde o parecer final dela;<\/li>\n\n\n\n<li>Caso a INOVA-UFPB n\u00e3o d\u00ea parecer em tempo, voc\u00ea poder\u00e1 fazer uso dos termos de sigilo e confidencialidade (de todo o modo, comunique sua a\u00e7\u00e3o para a INOVA-UFPB que poder\u00e1 sugerir a melhor estrat\u00e9gia);<\/li>\n\n\n\n<li>Ap\u00f3s a apresenta\u00e7\u00e3o restrita do TCC, Disserta\u00e7\u00e3o ou Tese \u00e9 poss\u00edvel requerer o embargo da publica\u00e7\u00e3o da obra final acad\u00eamica. Para tanto \u00e9 necess\u00e1rio seguir os ritos da Biblioteca Central da UFPB, conforme o <a href=\"https:\/\/www.ufpb.br\/inova\/wp-content\/uploads\/sites\/79\/sites\/285\/2025\/04\/validacao-embargos_-ri-ufpb-comite-gestor-oficio-circular-n-134-2020-bc-1-1.pdf\" data-type=\"attachment\" data-id=\"263\">Of\u00edcio Circular N\u00ba 134\/2020<\/a>.<\/li>\n\n\n\n<li>Mesmo ap\u00f3s o dep\u00f3sito do pedido de patente os termos tamb\u00e9m poder\u00e3o ser adotados at\u00e9 18 meses contados da data do referido dep\u00f3sito;<\/li>\n\n\n\n<li>Sugerimos dois modelos espec\u00edficos para apresenta\u00e7\u00f5es em bancas, por\u00e9m poder\u00e3o ser adaptados para melhor adequa\u00e7\u00e3o: <a href=\"https:\/\/www.ufpb.br\/inova\/wp-content\/uploads\/sites\/79\/sites\/285\/2025\/04\/banca-examinadora_modelo.doc\" data-type=\"attachment\" data-id=\"264\">Modelo de Termo de Sigilo para os Membros da Banca<\/a> e <a href=\"https:\/\/www.ufpb.br\/inova\/wp-content\/uploads\/sites\/79\/sites\/285\/2025\/04\/termo-geral-de-confidencialidade_modelo.doc\" data-type=\"attachment\" data-id=\"265\">Modelo de Termo de Confidencialidade para os demais Participantes<\/a> (pode-se fazer tipo uma lista sequencial);<\/li>\n\n\n\n<li>Aconselha-se utilizar uma via original dos termos, que dever\u00e1 ser entregue e digitalizada para ser arquivada pela INOVA-UFPB junto ao processo de prote\u00e7\u00e3o por patente (a via original n\u00e3o precisar\u00e1 ficar na INOVA-UFPB);<\/li>\n\n\n\n<li>No termo da Banca Examinadora a 2\u00aa testemunha ser\u00e1 assinada pela INOVA-UFPB, ou seja, deve-se deixar em branco a via original (e antes da digitaliza\u00e7\u00e3o). Enquanto que na lista dos nomes e CPF dos demais participantes a INOVA-UFPB assinar\u00e1 ao final da via original (e antes da digitaliza\u00e7\u00e3o).<\/li>\n<\/ol>\n\n\n\n<p><\/p>\n\n\n\n<p>Persistido d\u00favidas, contate-nos por e-mail: inova@reitoria.ufpb.br<\/p>\n\n\n\n<p><\/p>\n","protected":false},"excerpt":{"rendered":"<p>A manuten\u00e7\u00e3o da confidencialidade, inclusive por meio de embargo de publica\u00e7\u00e3o, \u00e9 primordial na maior [&hellip;]<\/p>\n","protected":false},"author":270,"featured_media":0,"parent":0,"menu_order":0,"comment_status":"closed","ping_status":"closed","template":"","meta":{"footnotes":""},"class_list":["post-259","page","type-page","status-publish","hentry"],"_links":{"self":[{"href":"https:\/\/www.ufpb.br\/inova\/wp-json\/wp\/v2\/pages\/259","targetHints":{"allow":["GET"]}}],"collection":[{"href":"https:\/\/www.ufpb.br\/inova\/wp-json\/wp\/v2\/pages"}],"about":[{"href":"https:\/\/www.ufpb.br\/inova\/wp-json\/wp\/v2\/types\/page"}],"author":[{"embeddable":true,"href":"https:\/\/www.ufpb.br\/inova\/wp-json\/wp\/v2\/users\/270"}],"replies":[{"embeddable":true,"href":"https:\/\/www.ufpb.br\/inova\/wp-json\/wp\/v2\/comments?post=259"}],"version-history":[{"count":2,"href":"https:\/\/www.ufpb.br\/inova\/wp-json\/wp\/v2\/pages\/259\/revisions"}],"predecessor-version":[{"id":266,"href":"https:\/\/www.ufpb.br\/inova\/wp-json\/wp\/v2\/pages\/259\/revisions\/266"}],"wp:attachment":[{"href":"https:\/\/www.ufpb.br\/inova\/wp-json\/wp\/v2\/media?parent=259"}],"curies":[{"name":"wp","href":"https:\/\/api.w.org\/{rel}","templated":true}]}}